{"id":9089,"date":"2024-04-02T10:22:56","date_gmt":"2024-04-02T17:22:56","guid":{"rendered":"https:\/\/awmac.com\/?page_id=9089"},"modified":"2025-09-15T08:34:14","modified_gmt":"2025-09-15T15:34:14","slug":"industry-partners","status":"publish","type":"page","link":"https:\/\/awmac.com\/fr\/partner\/industry-partners\/","title":{"rendered":"Partenaires de l&#039;industrie"},"content":{"rendered":"<h1>Partenaire industriel<\/h1>\n<hr \/>\n<a href=\"https:\/\/hardwoods-inc.com\/\"><img decoding=\"async\" class=\"alignnone wp-image-9343 size-medium\" src=\"https:\/\/awmac.com\/wp-content\/uploads\/2024\/08\/Hardwoods_Logo_2022_PMS_300_C_Large-300x67.png\" alt=\"\" width=\"300\" height=\"67\" srcset=\"https:\/\/awmac.com\/wp-content\/uploads\/2024\/08\/Hardwoods_Logo_2022_PMS_300_C_Large-300x67.png 300w, https:\/\/awmac.com\/wp-content\/uploads\/2024\/08\/Hardwoods_Logo_2022_PMS_300_C_Large-1024x228.png 1024w, https:\/\/awmac.com\/wp-content\/uploads\/2024\/08\/Hardwoods_Logo_2022_PMS_300_C_Large-768x171.png 768w, https:\/\/awmac.com\/wp-content\/uploads\/2024\/08\/Hardwoods_Logo_2022_PMS_300_C_Large-1536x342.png 1536w, https:\/\/awmac.com\/wp-content\/uploads\/2024\/08\/Hardwoods_Logo_2022_PMS_300_C_Large-2048x455.png 2048w, https:\/\/awmac.com\/wp-content\/uploads\/2024\/08\/Hardwoods_Logo_2022_PMS_300_C_Large-1095x244.png 1095w\" sizes=\"(max-width: 300px) 100vw, 300px\" \/><\/a>\n<p>&nbsp;<\/p>\n<h3>Produits sp\u00e9cialis\u00e9s en bois durs<\/h3>\n<p>HDI est le plus important distributeur nord-am\u00e9ricain de mat\u00e9riaux de construction architecturaux pour les march\u00e9s de la construction r\u00e9sidentielle et commerciale. L&#039;entreprise op\u00e8re sous trois marques de distribution de premier plan\u00a0: Hardwoods Specialty Products, Frank Paxton Lumber Company et Rugby Architectural Building Products. HDI exploite un r\u00e9seau nord-am\u00e9ricain de 8 centres de distribution au Canada et de 55 aux \u00c9tats-Unis, ce qui en fait un partenaire id\u00e9al pour les projets transfrontaliers. De plus, HDI poss\u00e8de un parc de consolidation de bois d&#039;\u0153uvre sur la c\u00f4te est et une scierie avec s\u00e9choir \u00e0 bois, HMI (Hardwoods of Michigan). Pour en savoir plus sur cette entreprise fi\u00e8rement canadienne, consultez le site www.HDIdist.com<\/p>\n<p><em>Gord Clough, directeur marketing<\/em><br \/>\n<a href=\"mailto:gordclough@hdidist.com\">gordclough@hdidist.com<\/a><br \/>\n<a href=\"tel:905-792-6600\">905-792-6600<\/a><\/p>\n<p><i class=\"fal fa-globe\"><\/i><br \/>\n<a href=\"https:\/\/www.hardwoods-inc.com\/sites\/default\/files\/documents\/Brochures\/Hardwoods\/2019\/hw_alberta_and_saskatchewan_2019_web.pdf\" target=\"_blank\" rel=\"noopener noreferrer\">Brochure sur les produits de feuillus de l&#039;Alberta et de la Saskatchewan<\/a><br \/>\n<a href=\"https:\/\/www.hardwoods-inc.com\/sites\/default\/files\/documents\/Brochures\/Hardwoods\/2019\/hw_bc_2019_web.pdf\" target=\"_blank\" rel=\"noopener noreferrer\">Brochure sur les produits de feuillus de la Colombie-Britannique<\/a><br \/>\n<a href=\"https:\/\/www.hardwoods-inc.com\/sites\/default\/files\/documents\/Brochures\/Hardwoods\/2019\/hw_manitoba_2019_web.pdf\" target=\"_blank\" rel=\"noopener noreferrer\">Brochure sur les produits de bois dur du Manitoba<\/a><br \/>\n<a href=\"https:\/\/www.hardwoods-inc.com\/sites\/default\/files\/documents\/Brochures\/Hardwoods\/2019\/hw_ontario_2019_web.pdf\" target=\"_blank\" rel=\"noopener noreferrer\">Brochure sur les produits de feuillus de l&#039;Ontario<\/a><br \/>\n<a href=\"https:\/\/hdidist.com\/hdi\/brochures\/HDI-Brochure-Web.pdf\" target=\"_blank\" rel=\"noopener noreferrer\">Brochure de Hardwoods Distribution Inc.<\/a><\/p>\n<p>&nbsp;<\/p>\n<hr \/>\n<p>&nbsp;<\/p>\n<a href=\"https:\/\/web.hettich.com\/en-ca\/home.jsp\" target=\"_blank\" rel=\"noopener noreferrer\"><img decoding=\"async\" class=\"alignnone\" src=\"\/wp-content\/uploads\/2020\/02\/hettich-logo-rgb-40.jpg\" alt=\"\" width=\"294\" height=\"184\" \/><\/a>\n<h3>Hettich<\/h3>\n<p>Hettich est l&#039;un des plus grands fabricants mondiaux de ferrures de meubles. Chaque jour, 6\u00a0600 collaborateurs rel\u00e8vent le d\u00e9fi de d\u00e9velopper des technologies de meubles intelligentes, notamment <a href=\"https:\/\/web.hettich.com\/en-ca\/products-shop\/drawer-systems.jsp\">syst\u00e8mes de tiroirs<\/a>\u00a0et\u00a0<a href=\"https:\/\/web.hettich.com\/en-ca\/products-shop\/drawer-runners.jsp\">syst\u00e8mes de coureurs<\/a>\u00a0au-dessus de\u00a0<a href=\"https:\/\/web.hettich.com\/en-ca\/products-shop\/hinges.jsp\">Charni\u00e8res<\/a>\u00a0ainsi que\u00a0<a href=\"https:\/\/web.hettich.com\/en-ca\/products-shop\/sliding-and-folding-door-systems.jsp\">Syst\u00e8mes de portes coulissantes et pliantes<\/a>. Entreprise familiale, Hettich est situ\u00e9e \u00e0 Kirchlengern, en Allemagne. C&#039;est ici que naissent les id\u00e9es d&#039;am\u00e9nagement de meubles qui fa\u00e7onnent aujourd&#039;hui et demain. Au Canada, Hettich a son si\u00e8ge social \u00e0 Montr\u00e9al et poss\u00e8de plusieurs entrep\u00f4ts et bureaux \u00e0 travers le pays. De plus, Hettich Canada emploie une \u00e9quipe compl\u00e8te de repr\u00e9sentants commerciaux et de gestionnaires de comptes qui se consacrent \u00e0 mieux servir ses clients.<\/p>\n<p>Contact Hettich Canada :<\/p>\n<p>Christophe Huston<br \/>\nVentes et support technique<br \/>\nT\u00e9l\u00e9phone : 519-575-1667<br \/>\nE-mail:\u00a0<a href=\"mailto:chris.huston@hettich.com\" target=\"_blank\" rel=\"noopener noreferrer\" data-auth=\"NotApplicable\"><u>chris.huston@hettich.com<\/u><\/a><\/p>\n<a href=\"https:\/\/www.facebook.com\/HettichCanada\/?modal=admin_todo_tour\" target=\"_blank\" rel=\"noopener noreferrer\"><img decoding=\"async\" class=\"alignleft wp-image-3431\" src=\"https:\/\/awmac.com\/wp-content\/uploads\/2020\/06\/facebook-icon-150x150.png\" alt=\"\" width=\"44\" height=\"44\" srcset=\"https:\/\/awmac.com\/wp-content\/uploads\/2020\/06\/facebook-icon-150x150.png 150w, https:\/\/awmac.com\/wp-content\/uploads\/2020\/06\/facebook-icon-300x300.png 300w, https:\/\/awmac.com\/wp-content\/uploads\/2020\/06\/facebook-icon-400x400.png 400w, https:\/\/awmac.com\/wp-content\/uploads\/2020\/06\/facebook-icon.png 512w\" sizes=\"(max-width: 44px) 100vw, 44px\" \/><\/a>\n<a href=\"https:\/\/www.instagram.com\/hettich_canada\/\" target=\"_blank\" rel=\"noopener noreferrer\"><img decoding=\"async\" class=\"alignleft wp-image-3435\" src=\"https:\/\/awmac.com\/wp-content\/uploads\/2020\/06\/Instagram-Icon.jpg\" alt=\"\" width=\"50\" height=\"50\" srcset=\"https:\/\/awmac.com\/wp-content\/uploads\/2020\/06\/Instagram-Icon.jpg 225w, https:\/\/awmac.com\/wp-content\/uploads\/2020\/06\/Instagram-Icon-150x150.jpg 150w\" sizes=\"(max-width: 50px) 100vw, 50px\" \/><\/a>\n<a href=\"https:\/\/www.linkedin.com\/company\/hettichcanada\" target=\"_blank\" rel=\"noopener noreferrer\"><img decoding=\"async\" class=\"alignleft wp-image-3433\" src=\"https:\/\/awmac.com\/wp-content\/uploads\/2020\/06\/Linkedin-Icon.png\" alt=\"\" width=\"40\" height=\"40\" srcset=\"https:\/\/awmac.com\/wp-content\/uploads\/2020\/06\/Linkedin-Icon.png 225w, https:\/\/awmac.com\/wp-content\/uploads\/2020\/06\/Linkedin-Icon-150x150.png 150w\" sizes=\"(max-width: 40px) 100vw, 40px\" \/><\/a>\n<a href=\"https:\/\/www.youtube.com\/user\/HettichEnglish\" target=\"_blank\" rel=\"noopener noreferrer\"><img decoding=\"async\" class=\"alignleft wp-image-3434\" src=\"https:\/\/awmac.com\/wp-content\/uploads\/2020\/06\/YouTube_logo_2005-300x119.png\" alt=\"\" width=\"96\" height=\"38\" srcset=\"https:\/\/awmac.com\/wp-content\/uploads\/2020\/06\/YouTube_logo_2005-300x119.png 300w, https:\/\/awmac.com\/wp-content\/uploads\/2020\/06\/YouTube_logo_2005.png 340w\" sizes=\"(max-width: 96px) 100vw, 96px\" \/><\/a>\n<p>&nbsp;<\/p>\n<p>&nbsp;<\/p>\n<p>&nbsp;<\/p>\n<hr \/>\n<h3><\/h3>\n<h3><a href=\"https:\/\/www.richelieu.com\/ca\/en\/\"><img decoding=\"async\" class=\"alignnone wp-image-3922 size-full\" src=\"https:\/\/awmac.com\/wp-content\/uploads\/2021\/01\/richelieu_logo_555x370.298x0.jpg\" alt=\"\" width=\"298\" height=\"199\" \/><\/a><\/h3>\n<h3>Richelieu<\/h3>\n<p>Richelieu est un important importateur et distributeur de quincaillerie sp\u00e9cialis\u00e9e et de produits compl\u00e9mentaires destin\u00e9s aux fabricants d&#039;armoires de cuisine et de salle de bain, ainsi qu&#039;aux \u00e9b\u00e9nistes r\u00e9sidentiels et commerciaux. Avec cr\u00e9ativit\u00e9 et dynamisme, nous contribuons \u00e0 l&#039;\u00e9volution du march\u00e9 de la quincaillerie sp\u00e9cialis\u00e9e en proposant plus de 110\u00a0000 produits dans une grande vari\u00e9t\u00e9 de cat\u00e9gories, notamment\u00a0: quincaillerie d\u00e9corative et fonctionnelle, panneaux d\u00e9coratifs et fonctionnels, quincaillerie pour le verre et le b\u00e2timent, syst\u00e8mes d&#039;\u00e9clairage, produits de finition, postes de travail ergonomiques et syst\u00e8mes de portes coulissantes.<\/p>\n<p><em>Marcel Mathieu<\/em><br \/>\n<a href=\"mailto:mmathieu@richelieu.com\">mmathieu@richelieu.com<\/a><br \/>\n<a href=\"tel:450-687-5716\">450-687-5716<\/a><\/p>\n<p><i class=\"fal fa-globe\"><\/i><br \/>\n<a href=\"https:\/\/youtu.be\/bMdeZ7U4Wqs\" target=\"_blank\" rel=\"noopener noreferrer\">Vid\u00e9o d&#039;entreprise du 50e anniversaire<\/a><br \/>\n<a href=\"https:\/\/youtu.be\/Z6Aiem2iK6s\" target=\"_blank\" rel=\"noopener noreferrer\">Vie intelligente \u2013 Accessoires de cuisine<\/a><\/p>\n<h1><\/h1>\n<h1 style=\"margin-top: 70px;\">Partenaire de soutien<\/h1>\n<hr \/>\n<p>&nbsp;<\/p>\n<a href=\"https:\/\/www.grass.at\/1404.html?L=1\"><img decoding=\"async\" class=\"alignnone wp-image-4757 size-medium\" src=\"https:\/\/awmac.com\/wp-content\/uploads\/2021\/10\/Grass2021-logo-300x112.jpg\" alt=\"\" width=\"300\" height=\"112\" srcset=\"https:\/\/awmac.com\/wp-content\/uploads\/2021\/10\/Grass2021-logo-300x112.jpg 300w, https:\/\/awmac.com\/wp-content\/uploads\/2021\/10\/Grass2021-logo-1024x383.jpg 1024w, https:\/\/awmac.com\/wp-content\/uploads\/2021\/10\/Grass2021-logo-768x287.jpg 768w, https:\/\/awmac.com\/wp-content\/uploads\/2021\/10\/Grass2021-logo-1069x400.jpg 1069w, https:\/\/awmac.com\/wp-content\/uploads\/2021\/10\/Grass2021-logo.jpg 1358w\" sizes=\"(max-width: 300px) 100vw, 300px\" \/><\/a>\n<h3>Grass Canada Inc.<\/h3>\n<p>Depuis plus de 70 ans, GRASS est le pionnier de la quincaillerie d&#039;ameublement innovante, comme les coulisses, les tiroirs, les leviers et les charni\u00e8res. GRASS s&#039;efforce d&#039;offrir le meilleur en mati\u00e8re de syst\u00e8mes fonctionnels, innovants et design pour les cuisines et les salles de bains. Ses usines sont situ\u00e9es en Autriche et en Allemagne. Les produits GRASS sont soumis \u00e0 des tests rigoureux pour en garantir l&#039;int\u00e9grit\u00e9 et la long\u00e9vit\u00e9. GRASS Canada est situ\u00e9e \u00e0 Toronto et dessert tous les distributeurs et fabricants canadiens depuis 30 ans.<\/p>\n<p><em>Nadja Mann<\/em><br \/>\n<a href=\"mailto:nmann@grasscanada.com\">nmann@grasscanada.com<\/a><br \/>\n<a href=\"tel:416-335-7132\">416-335-7132<\/a><\/p>\n<p>&nbsp;<\/p>\n<hr \/>\n<h3><\/h3>\n<p>&nbsp;<\/p>\n<img decoding=\"async\" class=\"alignnone wp-image-10452 size-medium\" src=\"https:\/\/awmac.com\/wp-content\/uploads\/2025\/09\/UCFP-logo-300x99.png\" alt=\"\" width=\"300\" height=\"99\" srcset=\"https:\/\/awmac.com\/wp-content\/uploads\/2025\/09\/UCFP-logo-300x99.png 300w, https:\/\/awmac.com\/wp-content\/uploads\/2025\/09\/UCFP-logo-1024x339.png 1024w, https:\/\/awmac.com\/wp-content\/uploads\/2025\/09\/UCFP-logo-768x254.png 768w, https:\/\/awmac.com\/wp-content\/uploads\/2025\/09\/UCFP-logo-1536x508.png 1536w, https:\/\/awmac.com\/wp-content\/uploads\/2025\/09\/UCFP-logo-1095x362.png 1095w, https:\/\/awmac.com\/wp-content\/uploads\/2025\/09\/UCFP-logo.png 1724w\" sizes=\"(max-width: 300px) 100vw, 300px\" \/>\n<h3><\/h3>\n<p><strong>Produits forestiers du Haut-Canada<\/strong><\/p>\n<p>Upper Canada Forest Products est le principal distributeur canadien de produits de bois sp\u00e9cialis\u00e9s et de surfaces d\u00e9coratives, au service d&#039;une client\u00e8le exigeante dans le secteur de la menuiserie architecturale. Nous offrons une vaste s\u00e9lection de bois durs et de bois tendres, ainsi qu&#039;une gamme compl\u00e8te de panneaux, incluant le MDF, les panneaux de particules, le m\u00e9lamin\u00e9, le placage et le contreplaqu\u00e9 de bois dur. Nous sommes fiers de figurer parmi les soci\u00e9t\u00e9s les mieux g\u00e9r\u00e9es du Canada, et nous le devons \u00e0 notre personnel exceptionnel. Nous privil\u00e9gions des relations privil\u00e9gi\u00e9es avec nos fournisseurs et des technologies ax\u00e9es sur le client, et nos entrep\u00f4ts ultramodernes offrent un niveau de service in\u00e9gal\u00e9 dans l&#039;industrie. Notre personnel s&#039;engage \u00e0 apporter une valeur ajout\u00e9e \u00e0 votre entreprise. Upper Canada Forest Products \u201c\u00a0Fait la diff\u00e9rence\u00a0\u201d pour ses clients et ses fournisseurs, jour apr\u00e8s jour.<\/p>","protected":false},"excerpt":{"rendered":"<p>Partenaire industriel Hardwoods Specialty Products (HDI) est le plus grand distributeur nord-am\u00e9ricain de produits de construction de qualit\u00e9 architecturale pour le secteur r\u00e9sidentiel\u2026<\/p>","protected":false},"author":208,"featured_media":0,"parent":219,"menu_order":0,"comment_status":"closed","ping_status":"closed","template":"partner-inner.php","meta":{"_acf_changed":false,"inline_featured_image":false,"_price":"","_stock":"","_tribe_ticket_header":"","_tribe_default_ticket_provider":"TEC\\Tickets\\Commerce\\Module","_tribe_ticket_capacity":"0","_ticket_start_date":"","_ticket_end_date":"","_tribe_ticket_show_description":"","_tribe_ticket_show_not_going":false,"_tribe_ticket_use_global_stock":"","_tribe_ticket_global_stock_level":"","_global_stock_mode":"","_global_stock_cap":"","_tribe_rsvp_for_event":"","_tribe_ticket_going_count":"","_tribe_ticket_not_going_count":"","_tribe_tickets_list":"[]","_tribe_ticket_has_attendee_info_fields":false,"footnotes":"","_tec_slr_enabled":"","_tec_slr_layout":""},"class_list":["post-9089","page","type-page","status-publish","hentry"],"acf":[],"ticketed":false,"_links":{"self":[{"href":"https:\/\/awmac.com\/fr\/wp-json\/wp\/v2\/pages\/9089","targetHints":{"allow":["GET"]}}],"collection":[{"href":"https:\/\/awmac.com\/fr\/wp-json\/wp\/v2\/pages"}],"about":[{"href":"https:\/\/awmac.com\/fr\/wp-json\/wp\/v2\/types\/page"}],"author":[{"embeddable":true,"href":"https:\/\/awmac.com\/fr\/wp-json\/wp\/v2\/users\/208"}],"replies":[{"embeddable":true,"href":"https:\/\/awmac.com\/fr\/wp-json\/wp\/v2\/comments?post=9089"}],"version-history":[{"count":7,"href":"https:\/\/awmac.com\/fr\/wp-json\/wp\/v2\/pages\/9089\/revisions"}],"predecessor-version":[{"id":10454,"href":"https:\/\/awmac.com\/fr\/wp-json\/wp\/v2\/pages\/9089\/revisions\/10454"}],"up":[{"embeddable":true,"href":"https:\/\/awmac.com\/fr\/wp-json\/wp\/v2\/pages\/219"}],"wp:attachment":[{"href":"https:\/\/awmac.com\/fr\/wp-json\/wp\/v2\/media?parent=9089"}],"curies":[{"name":"wp","href":"https:\/\/api.w.org\/{rel}","templated":true}]}}