{"id":895,"date":"2020-02-09T19:00:09","date_gmt":"2020-02-09T19:00:09","guid":{"rendered":"https:\/\/awmac.com\/?page_id=895"},"modified":"2020-02-24T17:19:59","modified_gmt":"2020-02-24T17:19:59","slug":"consultations","status":"publish","type":"page","link":"https:\/\/awmac.com\/fr\/gis\/consultations\/","title":{"rendered":"Consultations"},"content":{"rendered":"<h1>Consultations<\/h1>\n<h2><strong>\u00c9valuation de la qualit\u00e9 des menuiseries architecturales sur un projet.<\/strong><\/h2>\n<p>La partie suivante faisait-elle partie de votre derni\u00e8re sp\u00e9cification\u00a0?<\/p>\n<p>\u201c Fournir et\/ou installer des boiseries architecturales conform\u00e9ment aux normes de menuiserie architecturale de l&#039;AWMAC, \u00e9dition actuelle. \u201d<\/p>\n<p>Et maintenant vous percevez que la menuiserie architecturale du projet n&#039;est pas correcte ?<\/p>\n<p>Peut-\u00eatre celui de l&#039;AWMAC\u00a0<strong><a href=\"https:\/\/awmac.com\/fr\/gis\/\">Service de garantie et d&#039;inspection (SGI)<\/a><\/strong> a \u00e9t\u00e9 sp\u00e9cifi\u00e9 \u00e0 l&#039;origine mais a \u00e9t\u00e9 supprim\u00e9 ult\u00e9rieurement pour des raisons d&#039;\u00e9conomies.<\/p>\n<p>Vous pouvez toujours v\u00e9rifier si les boiseries du projet sont conformes <a href=\"https:\/\/awmac.com\/fr\/naaws-manual\/\"><strong>NORMES DE L&#039;AWMAC <\/strong><strong>(Normes nord-am\u00e9ricaines de menuiserie architecturale)<\/a><\/strong>.<\/p>\n<p>Contactez votre section r\u00e9gionale de l&#039;AWMAC et renseignez-vous sur notre\u00a0<em>Service de consultation<\/em>.<\/p>\n<p>Nous enverrons l&#039;un de nos inspecteurs qualifi\u00e9s pour effectuer une inspection du site et vous fournir un rapport d&#039;inspection \u00e9crit.<\/p>","protected":false},"excerpt":{"rendered":"<p>Consultations\u00a0: \u00c9valuation de la qualit\u00e9 des \u00e9l\u00e9ments architecturaux en menuiserie sur un projet. L\u2019\u00e9l\u00e9ment suivant faisait-il partie de votre dernier cahier des charges\u00a0? \u201c\u00a0Fourniture et\/ou pose d\u2019\u00e9l\u00e9ments architecturaux\u2026\u00a0\u00bb<\/p>","protected":false},"author":1,"featured_media":0,"parent":101,"menu_order":0,"comment_status":"closed","ping_status":"closed","template":"additional-services.php","meta":{"_acf_changed":false,"inline_featured_image":false,"_price":"","_stock":"","_tribe_ticket_header":"","_tribe_default_ticket_provider":"","_tribe_ticket_capacity":"0","_ticket_start_date":"","_ticket_end_date":"","_tribe_ticket_show_description":"","_tribe_ticket_show_not_going":false,"_tribe_ticket_use_global_stock":"","_tribe_ticket_global_stock_level":"","_global_stock_mode":"","_global_stock_cap":"","_tribe_rsvp_for_event":"","_tribe_ticket_going_count":"","_tribe_ticket_not_going_count":"","_tribe_tickets_list":"[]","_tribe_ticket_has_attendee_info_fields":false,"footnotes":"","_tec_slr_enabled":"","_tec_slr_layout":""},"class_list":["post-895","page","type-page","status-publish","hentry"],"acf":[],"ticketed":false,"_links":{"self":[{"href":"https:\/\/awmac.com\/fr\/wp-json\/wp\/v2\/pages\/895","targetHints":{"allow":["GET"]}}],"collection":[{"href":"https:\/\/awmac.com\/fr\/wp-json\/wp\/v2\/pages"}],"about":[{"href":"https:\/\/awmac.com\/fr\/wp-json\/wp\/v2\/types\/page"}],"author":[{"embeddable":true,"href":"https:\/\/awmac.com\/fr\/wp-json\/wp\/v2\/users\/1"}],"replies":[{"embeddable":true,"href":"https:\/\/awmac.com\/fr\/wp-json\/wp\/v2\/comments?post=895"}],"version-history":[{"count":7,"href":"https:\/\/awmac.com\/fr\/wp-json\/wp\/v2\/pages\/895\/revisions"}],"predecessor-version":[{"id":2407,"href":"https:\/\/awmac.com\/fr\/wp-json\/wp\/v2\/pages\/895\/revisions\/2407"}],"up":[{"embeddable":true,"href":"https:\/\/awmac.com\/fr\/wp-json\/wp\/v2\/pages\/101"}],"wp:attachment":[{"href":"https:\/\/awmac.com\/fr\/wp-json\/wp\/v2\/media?parent=895"}],"curies":[{"name":"wp","href":"https:\/\/api.w.org\/{rel}","templated":true}]}}