{"id":861,"date":"2020-02-09T16:52:31","date_gmt":"2020-02-09T16:52:31","guid":{"rendered":"https:\/\/awmac.com\/?page_id=861"},"modified":"2022-03-12T06:57:53","modified_gmt":"2022-03-12T13:57:53","slug":"destination-information","status":"publish","type":"page","link":"https:\/\/awmac.com\/fr\/convention2025\/destination-information\/","title":{"rendered":"Informations sur la destination"},"content":{"rendered":"<div class=\"page\" title=\"Page 6\">\n<div class=\"layoutArea\">\n<div class=\"column\">\n<h1>Rejoignez-nous \u00e0 Calgary, en Alberta !<\/h1>\n<\/div>\n<\/div>\n<\/div>\n<div class=\"page\" title=\"Page 7\">\n<div class=\"layoutArea\">\n<div class=\"column\">\n<p>Calgary est une ville riche en paysages magnifiques, en panoramas pittoresques et en dynamisme urbain. C&#039;est un lieu \u00e0 part, familier mais encore largement m\u00e9connu. De son centre-ville anim\u00e9 \u00e0 ses quartiers pittoresques, Calgary regorge de secrets, de surprises et d&#039;histoires \u2013 et les Calgariens sont impatients de partager ces exp\u00e9riences avec le monde entier.<\/p>\n<\/div>\n<\/div>\n<\/div>","protected":false},"excerpt":{"rendered":"<p>Join us in Calgary, Alberta! Calgary is a city rich with beautiful landscape, picturesque skylines and urban vibrancy. It\u2019s a&#8230;<\/p>","protected":false},"author":1,"featured_media":0,"parent":80,"menu_order":0,"comment_status":"closed","ping_status":"closed","template":"convention-inner.php","meta":{"_acf_changed":false,"inline_featured_image":false,"_price":"","_stock":"","_tribe_ticket_header":"","_tribe_default_ticket_provider":"","_tribe_ticket_capacity":"0","_ticket_start_date":"","_ticket_end_date":"","_tribe_ticket_show_description":"","_tribe_ticket_show_not_going":false,"_tribe_ticket_use_global_stock":"","_tribe_ticket_global_stock_level":"","_global_stock_mode":"","_global_stock_cap":"","_tribe_rsvp_for_event":"","_tribe_ticket_going_count":"","_tribe_ticket_not_going_count":"","_tribe_tickets_list":"[]","_tribe_ticket_has_attendee_info_fields":false,"footnotes":"","_tec_slr_enabled":"","_tec_slr_layout":""},"class_list":["post-861","page","type-page","status-publish","hentry"],"acf":[],"ticketed":false,"_links":{"self":[{"href":"https:\/\/awmac.com\/fr\/wp-json\/wp\/v2\/pages\/861","targetHints":{"allow":["GET"]}}],"collection":[{"href":"https:\/\/awmac.com\/fr\/wp-json\/wp\/v2\/pages"}],"about":[{"href":"https:\/\/awmac.com\/fr\/wp-json\/wp\/v2\/types\/page"}],"author":[{"embeddable":true,"href":"https:\/\/awmac.com\/fr\/wp-json\/wp\/v2\/users\/1"}],"replies":[{"embeddable":true,"href":"https:\/\/awmac.com\/fr\/wp-json\/wp\/v2\/comments?post=861"}],"version-history":[{"count":12,"href":"https:\/\/awmac.com\/fr\/wp-json\/wp\/v2\/pages\/861\/revisions"}],"predecessor-version":[{"id":5192,"href":"https:\/\/awmac.com\/fr\/wp-json\/wp\/v2\/pages\/861\/revisions\/5192"}],"up":[{"embeddable":true,"href":"https:\/\/awmac.com\/fr\/wp-json\/wp\/v2\/pages\/80"}],"wp:attachment":[{"href":"https:\/\/awmac.com\/fr\/wp-json\/wp\/v2\/media?parent=861"}],"curies":[{"name":"wp","href":"https:\/\/api.w.org\/{rel}","templated":true}]}}