{"id":848,"date":"2020-02-08T21:39:29","date_gmt":"2020-02-08T21:39:29","guid":{"rendered":"https:\/\/awmac.com\/?page_id=848"},"modified":"2024-11-15T07:06:42","modified_gmt":"2024-11-15T14:06:42","slug":"membership-categories","status":"publish","type":"page","link":"https:\/\/awmac.com\/fr\/membership\/membership-categories\/","title":{"rendered":"Cat\u00e9gories de membres"},"content":{"rendered":"<h1><strong>Cat\u00e9gories de membres<\/strong><\/h1>\n<p>L&#039;AWMAC propose diff\u00e9rentes cat\u00e9gories d&#039;adh\u00e9sion au Canada. Contactez votre section r\u00e9gionale pour conna\u00eetre les cat\u00e9gories d&#039;adh\u00e9sion sp\u00e9cifiques \u00e0 sa section. Les cat\u00e9gories suivantes sont disponibles dans toutes les sections\u00a0:<\/p>\n<ul>\n<li><strong>Adh\u00e9sion du fabricant<\/strong><\/li>\n<li><strong>Adh\u00e9sion des fournisseurs<\/strong><\/li>\n<li><strong>Adh\u00e9sion \u00e0 vie<\/strong><\/li>\n<\/ul>\n<h2>Membres fabricants<\/h2>\n<p><strong>Am\u00e9liorer l&#039;efficacit\u00e9. Garantir le respect des normes. G\u00e9n\u00e9rer des profits.<\/strong><\/p>\n<p>Ce ne sont l\u00e0 que quelques-uns des facteurs de motivation qui motivent les membres fabricants de l&#039;AWMAC. Tous nos membres fabricants sont form\u00e9s au secteur et ont r\u00e9pondu avec succ\u00e8s au questionnaire sur les normes des fabricants de l&#039;AWMAC. Cela leur donne l&#039;avantage n\u00e9cessaire pour r\u00e9ussir.<\/p>\n<p>Un membre fabricant est une personne, une soci\u00e9t\u00e9 de personnes ou une soci\u00e9t\u00e9 qui exploite une installation qui fabrique des boiseries architecturales telles que d\u00e9finies par les NORMES de l&#039;AWMAC (le manuel des normes nord-am\u00e9ricaines de menuiserie architecturale).<\/p>\n<p>Nos membres fabricants sont reconnus comme des leaders du secteur, ce qui leur permet de soumissionner pour de meilleurs contrats et de g\u00e9n\u00e9rer des profits.<\/p>\n<h2>Membres fournisseurs<\/h2>\n<p><strong>Restez \u00e0 la pointe de la technologie. Soyez innovant. Construisez votre r\u00e9putation.<\/strong><\/p>\n<p>Demandez \u00e0 nos membres fournisseurs et ils vous expliqueront les avantages de leur adh\u00e9sion \u00e0 l&#039;AWMAC. Non seulement ils gardent une longueur d&#039;avance, mais ils ont \u00e9galement acc\u00e8s aux fabricants et \u00e0 leurs clients.<\/p>\n<p>Un membre fournisseur est une personne physique, une soci\u00e9t\u00e9 de personnes ou une entreprise qui fournit des mat\u00e9riaux et\/ou des services pour la fabrication de menuiseries architecturales. Les membres fournisseurs adh\u00e8rent aux programmes d&#039;assurance qualit\u00e9 de l&#039;AWMAC et promeuvent le respect de ses normes.<\/p>\n<p>Nos membres fournisseurs sont reconnus comme leaders du secteur aupr\u00e8s des meilleurs clients. Ils peuvent \u00e9galement devenir partenaires de l&#039;AWMAC.<\/p>","protected":false},"excerpt":{"rendered":"<p>Membership Categories AWMAC has differing membership categories across Canada. Contact your regional Chapter for membership categories specific to their Chapter&#8230;.<\/p>","protected":false},"author":1,"featured_media":0,"parent":473,"menu_order":0,"comment_status":"closed","ping_status":"closed","template":"membership.php","meta":{"_acf_changed":false,"inline_featured_image":false,"_price":"","_stock":"","_tribe_ticket_header":"","_tribe_default_ticket_provider":"TEC\\Tickets\\Commerce\\Module","_tribe_ticket_capacity":"0","_ticket_start_date":"","_ticket_end_date":"","_tribe_ticket_show_description":"","_tribe_ticket_show_not_going":false,"_tribe_ticket_use_global_stock":"","_tribe_ticket_global_stock_level":"","_global_stock_mode":"","_global_stock_cap":"","_tribe_rsvp_for_event":"","_tribe_ticket_going_count":"","_tribe_ticket_not_going_count":"","_tribe_tickets_list":"[]","_tribe_ticket_has_attendee_info_fields":false,"footnotes":"","_tec_slr_enabled":"","_tec_slr_layout":""},"class_list":["post-848","page","type-page","status-publish","hentry"],"acf":[],"ticketed":false,"_links":{"self":[{"href":"https:\/\/awmac.com\/fr\/wp-json\/wp\/v2\/pages\/848","targetHints":{"allow":["GET"]}}],"collection":[{"href":"https:\/\/awmac.com\/fr\/wp-json\/wp\/v2\/pages"}],"about":[{"href":"https:\/\/awmac.com\/fr\/wp-json\/wp\/v2\/types\/page"}],"author":[{"embeddable":true,"href":"https:\/\/awmac.com\/fr\/wp-json\/wp\/v2\/users\/1"}],"replies":[{"embeddable":true,"href":"https:\/\/awmac.com\/fr\/wp-json\/wp\/v2\/comments?post=848"}],"version-history":[{"count":11,"href":"https:\/\/awmac.com\/fr\/wp-json\/wp\/v2\/pages\/848\/revisions"}],"predecessor-version":[{"id":9538,"href":"https:\/\/awmac.com\/fr\/wp-json\/wp\/v2\/pages\/848\/revisions\/9538"}],"up":[{"embeddable":true,"href":"https:\/\/awmac.com\/fr\/wp-json\/wp\/v2\/pages\/473"}],"wp:attachment":[{"href":"https:\/\/awmac.com\/fr\/wp-json\/wp\/v2\/media?parent=848"}],"curies":[{"name":"wp","href":"https:\/\/api.w.org\/{rel}","templated":true}]}}