{"id":8285,"date":"2023-06-19T13:56:03","date_gmt":"2023-06-19T20:56:03","guid":{"rendered":"https:\/\/awmac.com\/?page_id=8285"},"modified":"2023-06-28T08:49:54","modified_gmt":"2023-06-28T15:49:54","slug":"gis-calculator","status":"publish","type":"page","link":"https:\/\/awmac.com\/fr\/gis\/gis-calculator\/","title":{"rendered":"Estimateur de frais SIG"},"content":{"rendered":"<h1><span data-preserver-spaces=\"true\">Estimateur de frais SIG<\/span><\/h1>\n<p><em>ATTENTION\u00a0: LE MONTANT TOTAL DES FRAIS N&#039;EST QU&#039;UNE ESTIMATION. CONTACTEZ VOTRE SECTION LOCALE POUR CONNA\u00ceTRE LES FRAIS DE D\u00c9PLACEMENT SUPPL\u00c9MENTAIRES APPLICABLES.<\/em><\/p>\n<h2><span data-preserver-spaces=\"true\">Comment \u00e7a marche :<\/span><\/h2>\n<p><strong><span data-preserver-spaces=\"true\">\u00c9TAPE 1 :<\/span><\/strong><span data-preserver-spaces=\"true\">\u00a0S\u00e9lectionnez le chapitre AWMAC du projet en fonction de l&#039;emplacement du projet.<\/span><\/p>\n<p><strong><span data-preserver-spaces=\"true\">\u00c9TAPE 2<\/span><\/strong><span data-preserver-spaces=\"true\">:<b> <\/b><\/span><span data-preserver-spaces=\"true\">Saisissez la valeur des menuiseries architecturales du projet <strong>valeur du contrat<\/strong>.<\/span><\/p>\n<p><strong><span data-preserver-spaces=\"true\">\u00c9TAPE 3 : <\/span><\/strong><span data-preserver-spaces=\"true\">S\u00e9lectionner &quot;\u201c<\/span><strong><span data-preserver-spaces=\"true\">Calculer<\/span><\/strong><span data-preserver-spaces=\"true\">\u201d&quot; pour consulter les frais SIG estim\u00e9s du projet.<\/span><\/p>","protected":false},"excerpt":{"rendered":"<p>Outil d&#039;estimation des frais SIG REMARQUE IMPORTANTE\u00a0: LES FRAIS TOTAUX NE SONT QU&#039;UNE ESTIMATION. CONTACTEZ VOTRE BUREAU LOCAL POUR TOUT INFORMATION SUPPL\u00c9MENTAIRE\u2026<\/p>","protected":false},"author":1,"featured_media":0,"parent":101,"menu_order":0,"comment_status":"closed","ping_status":"closed","template":"","meta":{"_acf_changed":false,"inline_featured_image":false,"_price":"","_stock":"","_tribe_ticket_header":"","_tribe_default_ticket_provider":"","_tribe_ticket_capacity":"0","_ticket_start_date":"","_ticket_end_date":"","_tribe_ticket_show_description":"","_tribe_ticket_show_not_going":false,"_tribe_ticket_use_global_stock":"","_tribe_ticket_global_stock_level":"","_global_stock_mode":"","_global_stock_cap":"","_tribe_rsvp_for_event":"","_tribe_ticket_going_count":"","_tribe_ticket_not_going_count":"","_tribe_tickets_list":"[]","_tribe_ticket_has_attendee_info_fields":false,"footnotes":"","_tec_slr_enabled":"","_tec_slr_layout":""},"class_list":["post-8285","page","type-page","status-publish","hentry"],"acf":[],"ticketed":false,"_links":{"self":[{"href":"https:\/\/awmac.com\/fr\/wp-json\/wp\/v2\/pages\/8285","targetHints":{"allow":["GET"]}}],"collection":[{"href":"https:\/\/awmac.com\/fr\/wp-json\/wp\/v2\/pages"}],"about":[{"href":"https:\/\/awmac.com\/fr\/wp-json\/wp\/v2\/types\/page"}],"author":[{"embeddable":true,"href":"https:\/\/awmac.com\/fr\/wp-json\/wp\/v2\/users\/1"}],"replies":[{"embeddable":true,"href":"https:\/\/awmac.com\/fr\/wp-json\/wp\/v2\/comments?post=8285"}],"version-history":[{"count":3,"href":"https:\/\/awmac.com\/fr\/wp-json\/wp\/v2\/pages\/8285\/revisions"}],"predecessor-version":[{"id":8303,"href":"https:\/\/awmac.com\/fr\/wp-json\/wp\/v2\/pages\/8285\/revisions\/8303"}],"up":[{"embeddable":true,"href":"https:\/\/awmac.com\/fr\/wp-json\/wp\/v2\/pages\/101"}],"wp:attachment":[{"href":"https:\/\/awmac.com\/fr\/wp-json\/wp\/v2\/media?parent=8285"}],"curies":[{"name":"wp","href":"https:\/\/api.w.org\/{rel}","templated":true}]}}