{"id":8146,"date":"2023-05-19T13:23:29","date_gmt":"2023-05-19T20:23:29","guid":{"rendered":"https:\/\/awmac.com\/?page_id=8146"},"modified":"2025-02-14T13:59:38","modified_gmt":"2025-02-14T20:59:38","slug":"agm2024-2","status":"publish","type":"page","link":"https:\/\/awmac.com\/fr\/about\/agm2024-2\/","title":{"rendered":"Assembl\u00e9e g\u00e9n\u00e9rale annuelle"},"content":{"rendered":"<h1><strong>Assembl\u00e9e g\u00e9n\u00e9rale annuelle<\/strong><\/h1>\n<p>Assembl\u00e9e g\u00e9n\u00e9rale annuelle de l&#039;AWMAC (\u201c<strong>Assembl\u00e9e g\u00e9n\u00e9rale annuelle<\/strong>\u201dL&#039;assembl\u00e9e g\u00e9n\u00e9rale annuelle (AGA) d\u00e9butera le samedi 10 juin 2023 \u00e0 8 h HAE, au Hilton Toronto, \u00e0 Toronto (Ontario). L&#039;inscription et le petit-d\u00e9jeuner ouvriront \u00e0 7 h 30.<\/p>\n<h5><strong>Veuillez vous inscrire pour participer ou soumettre vos procurations avant le vendredi 2 juin 2023.<\/strong><\/h5>\n<p><strong><a class=\"buttonRed small mt-3\" href=\"https:\/\/www.surveymonkey.com\/r\/2023AGMreg\" target=\"_blank\" rel=\"noopener noreferrer\">Inscrivez-vous pour participer<\/a>\u00a0 \u00a0 \u00a0 \u00a0 <a class=\"buttonRed small mt-3\" href=\"https:\/\/www.surveymonkey.com\/r\/2023AGMproxy\" target=\"_blank\" rel=\"noopener noreferrer\">Nommer un mandataire<\/a> <a href=\"https:\/\/awmac.com\/wp-content\/uploads\/2023\/05\/6.-AGM-Proxy-June-10-2023-1.pdf\">T\u00e9l\u00e9chargez un proxy PDF ici<\/a><\/strong><\/p>\n<h2>Saviez-vous?<\/h2>\n<ul>\n<li>Tous les membres de l\u2019AWMAC \u00e0 travers le Canada sont invit\u00e9s \u00e0 assister gratuitement \u00e0 l\u2019AGA et au petit-d\u00e9jeuner.<\/li>\n<li>Tous les membres fabricants, membres installateurs, membres fournisseurs et membres \u00e0 vie de l&#039;AWMAC ont le droit de voter en personne ou d&#039;envoyer un mandataire pour voter en leur nom.<\/li>\n<li>Toute personne pr\u00e9sente \u00e0 l&#039;AGA, y compris les non-membres, peut \u00eatre d\u00e9sign\u00e9e comme mandataire. En cas de doute, le directeur national de votre section est une option.<\/li>\n<li>En vous inscrivant \u00e0 l\u2019avance, vous gagnerez du temps \u00e0 l\u2019entr\u00e9e et vous assurerez, \u00e0 vous ou \u00e0 votre entreprise, un droit de vote \u2013 et un petit-d\u00e9jeuner !<\/li>\n<\/ul>\n<p><strong><a class=\"buttonRed small mt-3\" href=\"https:\/\/www.surveymonkey.com\/r\/23AGMQ\" target=\"_blank\" rel=\"noopener noreferrer\">Soumettez vos questions et commentaires<\/a>\u00a0\u00a0<\/strong><\/p>\n<h2>Documentation justificative<\/h2>\n<p><a href=\"https:\/\/awmac.com\/wp-content\/uploads\/2023\/05\/1.-Notice-of-Annual-General-Meeting-June-10-2023-1.pdf\">Avis de convocation \u00e0 l&#039;assembl\u00e9e g\u00e9n\u00e9rale annuelle<\/a><\/p>\n<p><a href=\"https:\/\/awmac.com\/wp-content\/uploads\/2023\/05\/2.-Annual-General-Meeting-Agenda-June-10-2023.pdf\">Ordre du jour de l&#039;assembl\u00e9e g\u00e9n\u00e9rale annuelle<\/a><\/p>\n<p><strong><a class=\"buttonRed small mt-3\" href=\"https:\/\/awmac.com\/fr\/about\/agm\/\" target=\"_blank\" rel=\"noopener noreferrer\">Acc\u00e9der aux informations r\u00e9serv\u00e9es aux membres<\/a><\/strong><\/p>\n<p>&nbsp;<\/p>\n<p><strong>Des questions ?<\/strong> Contactez-nous au <a href=\"mailto:info@awmac.com\" target=\"_blank\" rel=\"noopener\">info@awmac.com<\/a>.<\/p>","protected":false},"excerpt":{"rendered":"<p>Assembl\u00e9e g\u00e9n\u00e9rale annuelle L\u2019assembl\u00e9e g\u00e9n\u00e9rale annuelle de l\u2019AWMAC (\u201c AGA \u201d) se tiendra le samedi 10 juin 2023 \u00e0 8 h 00\u2026<\/p>","protected":false},"author":4,"featured_media":0,"parent":368,"menu_order":6,"comment_status":"closed","ping_status":"closed","template":"about.php","meta":{"_acf_changed":false,"inline_featured_image":false,"_price":"","_stock":"","_tribe_ticket_header":"","_tribe_default_ticket_provider":"","_tribe_ticket_capacity":"0","_ticket_start_date":"","_ticket_end_date":"","_tribe_ticket_show_description":"","_tribe_ticket_show_not_going":false,"_tribe_ticket_use_global_stock":"","_tribe_ticket_global_stock_level":"","_global_stock_mode":"","_global_stock_cap":"","_tribe_rsvp_for_event":"","_tribe_ticket_going_count":"","_tribe_ticket_not_going_count":"","_tribe_tickets_list":"[]","_tribe_ticket_has_attendee_info_fields":false,"footnotes":"","_tec_slr_enabled":"","_tec_slr_layout":""},"class_list":["post-8146","page","type-page","status-publish","hentry"],"acf":[],"ticketed":false,"_links":{"self":[{"href":"https:\/\/awmac.com\/fr\/wp-json\/wp\/v2\/pages\/8146","targetHints":{"allow":["GET"]}}],"collection":[{"href":"https:\/\/awmac.com\/fr\/wp-json\/wp\/v2\/pages"}],"about":[{"href":"https:\/\/awmac.com\/fr\/wp-json\/wp\/v2\/types\/page"}],"author":[{"embeddable":true,"href":"https:\/\/awmac.com\/fr\/wp-json\/wp\/v2\/users\/4"}],"replies":[{"embeddable":true,"href":"https:\/\/awmac.com\/fr\/wp-json\/wp\/v2\/comments?post=8146"}],"version-history":[{"count":10,"href":"https:\/\/awmac.com\/fr\/wp-json\/wp\/v2\/pages\/8146\/revisions"}],"predecessor-version":[{"id":8253,"href":"https:\/\/awmac.com\/fr\/wp-json\/wp\/v2\/pages\/8146\/revisions\/8253"}],"up":[{"embeddable":true,"href":"https:\/\/awmac.com\/fr\/wp-json\/wp\/v2\/pages\/368"}],"wp:attachment":[{"href":"https:\/\/awmac.com\/fr\/wp-json\/wp\/v2\/media?parent=8146"}],"curies":[{"name":"wp","href":"https:\/\/api.w.org\/{rel}","templated":true}]}}