{"id":75,"date":"2019-12-17T10:34:13","date_gmt":"2019-12-17T10:34:13","guid":{"rendered":"https:\/\/awmac.com\/?page_id=75"},"modified":"2024-02-14T09:08:56","modified_gmt":"2024-02-14T16:08:56","slug":"chapters","status":"publish","type":"page","link":"https:\/\/awmac.com\/fr\/chapters\/","title":{"rendered":"Chapitres"},"content":{"rendered":"<h1>PLUSIEURS CHAPITRES. UNE SEULE VOIX.<\/h1>\n<p>L&#039;AWMAC compte plus de 400 entreprises et professionnels de l&#039;industrie membres, r\u00e9partis dans huit sections r\u00e9gionales au Canada et un bureau national. Ensemble, nous partageons une vision forte\u00a0: concevoir, concevoir, fabriquer et installer continuellement des menuiseries architecturales de la plus haute qualit\u00e9.<\/p>\n<p>Depuis plus de 50 ans, l\u2019AWMAC s\u2019est av\u00e9r\u00e9e \u00eatre la voix nationale unique de l\u2019industrie de la menuiserie architecturale au Canada.<\/p>\n<p>Pour obtenir des informations sur l\u2019AWMAC dans votre r\u00e9gion, s\u00e9lectionnez un chapitre dans le menu.<\/p>","protected":false},"excerpt":{"rendered":"<p>DE NOMBREUX SECTIONS. UNE SEULE VOIX. L&#039;AWMAC regroupe plus de 400 entreprises et professionnels du secteur r\u00e9partis dans huit sections r\u00e9gionales\u2026<\/p>","protected":false},"author":1,"featured_media":0,"parent":0,"menu_order":0,"comment_status":"closed","ping_status":"closed","template":"chapters.php","meta":{"_acf_changed":false,"inline_featured_image":false,"_price":"","_stock":"","_tribe_ticket_header":"","_tribe_default_ticket_provider":"","_tribe_ticket_capacity":"0","_ticket_start_date":"","_ticket_end_date":"","_tribe_ticket_show_description":"","_tribe_ticket_show_not_going":false,"_tribe_ticket_use_global_stock":"","_tribe_ticket_global_stock_level":"","_global_stock_mode":"","_global_stock_cap":"","_tribe_rsvp_for_event":"","_tribe_ticket_going_count":"","_tribe_ticket_not_going_count":"","_tribe_tickets_list":"[]","_tribe_ticket_has_attendee_info_fields":false,"footnotes":"","_tec_slr_enabled":"","_tec_slr_layout":""},"class_list":["post-75","page","type-page","status-publish","hentry"],"acf":[],"ticketed":false,"_links":{"self":[{"href":"https:\/\/awmac.com\/fr\/wp-json\/wp\/v2\/pages\/75","targetHints":{"allow":["GET"]}}],"collection":[{"href":"https:\/\/awmac.com\/fr\/wp-json\/wp\/v2\/pages"}],"about":[{"href":"https:\/\/awmac.com\/fr\/wp-json\/wp\/v2\/types\/page"}],"author":[{"embeddable":true,"href":"https:\/\/awmac.com\/fr\/wp-json\/wp\/v2\/users\/1"}],"replies":[{"embeddable":true,"href":"https:\/\/awmac.com\/fr\/wp-json\/wp\/v2\/comments?post=75"}],"version-history":[{"count":11,"href":"https:\/\/awmac.com\/fr\/wp-json\/wp\/v2\/pages\/75\/revisions"}],"predecessor-version":[{"id":9046,"href":"https:\/\/awmac.com\/fr\/wp-json\/wp\/v2\/pages\/75\/revisions\/9046"}],"wp:attachment":[{"href":"https:\/\/awmac.com\/fr\/wp-json\/wp\/v2\/media?parent=75"}],"curies":[{"name":"wp","href":"https:\/\/api.w.org\/{rel}","templated":true}]}}