{"id":7013,"date":"2022-07-11T10:37:18","date_gmt":"2022-07-11T17:37:18","guid":{"rendered":"https:\/\/awmac.com\/?page_id=7013"},"modified":"2026-02-10T11:09:55","modified_gmt":"2026-02-10T18:09:55","slug":"expo2026","status":"publish","type":"page","link":"https:\/\/awmac.com\/fr\/expo2026\/","title":{"rendered":"Exhibit"},"content":{"rendered":"<h2 data-start=\"728\" data-end=\"752\">Exposez \u00e0 l&#039;AWMAC 2026<\/h2>\n<p data-start=\"754\" data-end=\"1046\">Le congr\u00e8s national de l&#039;AWMAC 2026 r\u00e9unit la communaut\u00e9 canadienne de la menuiserie architecturale pendant trois jours d&#039;apprentissage, de leadership et de rencontres. Pour les fournisseurs et les partenaires de l&#039;industrie, exposer \u00e0 l&#039;AWMAC, c&#039;est bien plus que r\u00e9server un emplacement\u00a0: c&#039;est vivre pleinement l&#039;exp\u00e9rience du congr\u00e8s.<\/p>\n<p data-start=\"1048\" data-end=\"1448\">Gr\u00e2ce \u00e0 une s\u00e9lection rigoureuse des stands d&#039;exposants et \u00e0 un programme ax\u00e9 sur le r\u00e9seautage, l&#039;apprentissage et les \u00e9changes constructifs, les exposants sont pr\u00e9sents aux moments o\u00f9 les d\u00e9l\u00e9gu\u00e9s se rassemblent, se connectent et interagissent naturellement tout au long de l&#039;\u00e9v\u00e9nement, permettant ainsi une interaction organique sans perturber le programme du congr\u00e8s.<\/p>\n<p data-start=\"1450\" data-end=\"1621\">Les exposants b\u00e9n\u00e9ficient d&#039;un acc\u00e8s direct aux fabricants, aux propri\u00e9taires d&#039;entreprises, aux responsables techniques et aux d\u00e9cideurs qui fa\u00e7onnent les normes, les projets et les d\u00e9cisions d&#039;achat partout au Canada.<\/p>\n<p data-start=\"1623\" data-end=\"1898\">Pour 2026, les exposants sont \u00e9galement invit\u00e9s \u00e0 participer au programme du congr\u00e8s du vendredi, ce qui leur offre des opportunit\u00e9s suppl\u00e9mentaires d&#039;\u00e9changer avec les d\u00e9l\u00e9gu\u00e9s dans un cadre plus \u00e9clair\u00e9 et collaboratif, tout en maintenant une distinction claire entre la participation des exposants et celle des d\u00e9l\u00e9gu\u00e9s.<\/p>\n<p data-start=\"1900\" data-end=\"2028\"><a href=\"https:\/\/awmac.com\/wp-content\/uploads\/2026\/02\/Exhibit.-Participate.-Connect.-2026-AWMAC-Exhibitor-Brochure-.pdf\">Brochure de l&#039;exposant<\/a> Ce document fournit des informations compl\u00e8tes sur les prestations incluses dans le stand, les modalit\u00e9s d&#039;inscription et l&#039;exp\u00e9rience globale du congr\u00e8s.<\/p>\n<p data-start=\"1900\" data-end=\"2028\">Horaires des exposants\u00a0:<\/p>\n<p data-start=\"1900\" data-end=\"2028\">Jeudi:<br \/>\nInstallation \u2013 16h00 \u2013 18h00<br \/>\nR\u00e9ception de bienvenue et exposition \u2013 18h30 \u2013 22h30*<\/p>\n<p data-start=\"1900\" data-end=\"2028\">Vendredi : 8h00 \u2013 16h30<\/p>\n<p data-start=\"1900\" data-end=\"2028\"><em>Apr\u00e8s la r\u00e9ception de bienvenue et l&#039;exposition, une soir\u00e9e informelle se poursuit dans le m\u00eame espace jusqu&#039;\u00e0 environ 23h30. La pr\u00e9sence des exposants \u00e0 leur stand n&#039;est pas obligatoire pendant cette p\u00e9riode\u00a0; cependant, beaucoup choisissent de rester et de poursuivre les \u00e9changes, les conversations se prolongeant naturellement apr\u00e8s la r\u00e9ception. La participation \u00e0 cette soir\u00e9e est enti\u00e8rement facultative et \u00e0 la discr\u00e9tion de chaque exposant.<\/em><\/p>","protected":false},"excerpt":{"rendered":"<p>Exhibit at AWMAC 2026 The AWMAC 2026 National Convention brings together Canada\u2019s architectural woodwork community for three days of learning,&#8230;<\/p>","protected":false},"author":208,"featured_media":0,"parent":0,"menu_order":0,"comment_status":"closed","ping_status":"closed","template":"convention-inner.php","meta":{"_acf_changed":false,"inline_featured_image":false,"_price":"","_stock":"","_tribe_ticket_header":"","_tribe_default_ticket_provider":"TEC\\Tickets\\Commerce\\Module","_tribe_ticket_capacity":"0","_ticket_start_date":"","_ticket_end_date":"","_tribe_ticket_show_description":"","_tribe_ticket_show_not_going":false,"_tribe_ticket_use_global_stock":"","_tribe_ticket_global_stock_level":"","_global_stock_mode":"","_global_stock_cap":"","_tribe_rsvp_for_event":"","_tribe_ticket_going_count":"","_tribe_ticket_not_going_count":"","_tribe_tickets_list":"[]","_tribe_ticket_has_attendee_info_fields":false,"footnotes":"","_tec_slr_enabled":"","_tec_slr_layout":""},"class_list":["post-7013","page","type-page","status-publish","hentry"],"acf":[],"ticketed":false,"_links":{"self":[{"href":"https:\/\/awmac.com\/fr\/wp-json\/wp\/v2\/pages\/7013","targetHints":{"allow":["GET"]}}],"collection":[{"href":"https:\/\/awmac.com\/fr\/wp-json\/wp\/v2\/pages"}],"about":[{"href":"https:\/\/awmac.com\/fr\/wp-json\/wp\/v2\/types\/page"}],"author":[{"embeddable":true,"href":"https:\/\/awmac.com\/fr\/wp-json\/wp\/v2\/users\/208"}],"replies":[{"embeddable":true,"href":"https:\/\/awmac.com\/fr\/wp-json\/wp\/v2\/comments?post=7013"}],"version-history":[{"count":11,"href":"https:\/\/awmac.com\/fr\/wp-json\/wp\/v2\/pages\/7013\/revisions"}],"predecessor-version":[{"id":10711,"href":"https:\/\/awmac.com\/fr\/wp-json\/wp\/v2\/pages\/7013\/revisions\/10711"}],"wp:attachment":[{"href":"https:\/\/awmac.com\/fr\/wp-json\/wp\/v2\/media?parent=7013"}],"curies":[{"name":"wp","href":"https:\/\/api.w.org\/{rel}","templated":true}]}}