{"id":7001,"date":"2022-07-11T10:27:14","date_gmt":"2022-07-11T17:27:14","guid":{"rendered":"https:\/\/awmac.com\/?page_id=7001"},"modified":"2026-03-10T04:57:18","modified_gmt":"2026-03-10T11:57:18","slug":"sponsorship-opportunities","status":"publish","type":"page","link":"https:\/\/awmac.com\/fr\/sponsorship-opportunities\/","title":{"rendered":"Opportunit\u00e9s de parrainage 2025"},"content":{"rendered":"<h2 data-start=\"192\" data-end=\"241\">Devenez partenaire de la Convention nationale de l&#039;AWMAC<\/h2>\n<p data-start=\"243\" data-end=\"472\">Le <strong data-start=\"247\" data-end=\"276\">Convention nationale de l&#039;AWMAC<\/strong> est le principal rassemblement canadien de l&#039;industrie de la menuiserie architecturale, r\u00e9unissant fabricants, fournisseurs, installateurs, architectes, designers et partenaires de l&#039;industrie de partout au pays.<\/p>\n<p data-start=\"474\" data-end=\"623\">En vous associant au Congr\u00e8s, vous placez votre organisation au c\u0153ur des discussions qui fa\u00e7onnent l&#039;avenir de la menuiserie architecturale au Canada.<\/p>\n<p data-start=\"625\" data-end=\"910\">Construit autour du th\u00e8me <strong data-start=\"648\" data-end=\"711\">Construit pour diriger : fa\u00e7onner l&#039;avenir de la menuiserie architecturale<\/strong>, Le congr\u00e8s offre aux commanditaires des occasions significatives d\u2019interagir avec les d\u00e9cideurs, de d\u00e9montrer leur leadership dans l\u2019industrie et d\u2019associer leur marque \u00e0 l\u2019innovation, \u00e0 la qualit\u00e9 et \u00e0 l\u2019excellence professionnelle.<\/p>\n<h3 data-start=\"912\" data-end=\"940\">La valeur du parrainage<\/h3>\n<p>Le parrainage du congr\u00e8s offre\u00a0:<\/p>\n<ul>\n<li data-start=\"948\" data-end=\"1026\">\n<p data-start=\"950\" data-end=\"1026\"><strong data-start=\"950\" data-end=\"1024\">Acc\u00e8s aux principaux d\u00e9cideurs du secteur de la menuiserie architecturale<\/strong><\/p>\n<\/li>\n<li data-start=\"1027\" data-end=\"1101\">\n<p data-start=\"1029\" data-end=\"1101\"><strong data-start=\"1029\" data-end=\"1099\">Alignement avec la direction nationale et l&#039;autorit\u00e9 de normalisation de l&#039;AWMAC<\/strong><\/p>\n<\/li>\n<li data-start=\"1102\" data-end=\"1171\">\n<p data-start=\"1104\" data-end=\"1171\"><strong data-start=\"1104\" data-end=\"1169\">Engagement \u00e0 forte valeur ajout\u00e9e au-del\u00e0 de la visibilit\u00e9 traditionnelle du parrainage<\/strong><\/p>\n<\/li>\n<li data-start=\"1172\" data-end=\"1251\">\n<p data-start=\"1174\" data-end=\"1251\"><strong data-start=\"1174\" data-end=\"1249\">Visibilit\u00e9 de la marque multicanal avant, pendant et apr\u00e8s le congr\u00e8s<\/strong><\/p>\n<\/li>\n<li data-start=\"1252\" data-end=\"1312\">\n<p data-start=\"1254\" data-end=\"1312\"><strong data-start=\"1254\" data-end=\"1312\">Lien avec les enjeux qui fa\u00e7onnent l&#039;avenir du secteur<\/strong><\/p>\n<\/li>\n<\/ul>\n<p data-start=\"1607\" data-end=\"1757\">Le congr\u00e8s de l&#039;AWMAC est plus qu&#039;un simple \u00e9v\u00e9nement : c&#039;est une plateforme de leadership, de collaboration et de progr\u00e8s au sein de la communaut\u00e9 des menuiseries architecturales.<\/p>\n<p data-start=\"1759\" data-end=\"1862\">Pour d\u00e9couvrir les opportunit\u00e9s disponibles, consultez le <a href=\"https:\/\/awmac.com\/wp-content\/uploads\/2026\/03\/2026-AWMAC-Convention-Sponsorship-Final-2.pdf\" target=\"_blank\" rel=\"noopener\"><strong data-start=\"1804\" data-end=\"1861\">Prospectus de commandite de la Convention nationale de l&#039;AWMAC 2026<\/strong><\/a>.<\/p>\n<h2 class=\"cvGsUA direction-ltr align-start para-style-body\"><span class=\"OYPEnA font-feature-liga-off font-feature-clig-off font-feature-calt-off text-decoration-none text-strikethrough-none\">DES QUESTIONS?<\/span><\/h2>\n<p class=\"cvGsUA direction-ltr align-start para-style-body\"><span class=\"OYPEnA font-feature-liga-off font-feature-clig-off font-feature-calt-off text-decoration-none text-strikethrough-none\">Contactez Carolynne Yeomans<br \/>\n<\/span><span class=\"OYPEnA font-feature-liga-off font-feature-clig-off font-feature-calt-off text-decoration-none text-strikethrough-none\">Directeur ex\u00e9cutif national de l&#039;AWMAC<\/span><\/p>\n<p class=\"cvGsUA direction-ltr align-start para-style-body\"><a href=\"mailto:carolynne.yeomans@awmac.com\"><span class=\"OYPEnA font-feature-liga-off font-feature-clig-off font-feature-calt-off text-decoration-none text-strikethrough-none\">carolynne.yeomans@awmac.com<\/span><\/a><\/p>\n<div class=\"page\" title=\"Page 5\">\n<div class=\"layoutArea\">\n<div class=\"column\">\n<h1><\/h1>\n<p>&nbsp;<\/p>\n<h3><\/h3>\n<\/div>\n<\/div>\n<\/div>","protected":false},"excerpt":{"rendered":"<p>Partner with the AWMAC National Convention The AWMAC National Convention is Canada\u2019s premier gathering of the architectural woodwork industry, bringing&#8230;<\/p>","protected":false},"author":208,"featured_media":0,"parent":0,"menu_order":0,"comment_status":"closed","ping_status":"closed","template":"convention-inner.php","meta":{"_acf_changed":false,"inline_featured_image":false,"_price":"","_stock":"","_tribe_ticket_header":"","_tribe_default_ticket_provider":"TEC\\Tickets\\Commerce\\Module","_tribe_ticket_capacity":"0","_ticket_start_date":"","_ticket_end_date":"","_tribe_ticket_show_description":"","_tribe_ticket_show_not_going":false,"_tribe_ticket_use_global_stock":"","_tribe_ticket_global_stock_level":"","_global_stock_mode":"","_global_stock_cap":"","_tribe_rsvp_for_event":"","_tribe_ticket_going_count":"","_tribe_ticket_not_going_count":"","_tribe_tickets_list":"[]","_tribe_ticket_has_attendee_info_fields":false,"footnotes":"","_tec_slr_enabled":"","_tec_slr_layout":""},"class_list":["post-7001","page","type-page","status-publish","hentry"],"acf":[],"ticketed":false,"_links":{"self":[{"href":"https:\/\/awmac.com\/fr\/wp-json\/wp\/v2\/pages\/7001","targetHints":{"allow":["GET"]}}],"collection":[{"href":"https:\/\/awmac.com\/fr\/wp-json\/wp\/v2\/pages"}],"about":[{"href":"https:\/\/awmac.com\/fr\/wp-json\/wp\/v2\/types\/page"}],"author":[{"embeddable":true,"href":"https:\/\/awmac.com\/fr\/wp-json\/wp\/v2\/users\/208"}],"replies":[{"embeddable":true,"href":"https:\/\/awmac.com\/fr\/wp-json\/wp\/v2\/comments?post=7001"}],"version-history":[{"count":11,"href":"https:\/\/awmac.com\/fr\/wp-json\/wp\/v2\/pages\/7001\/revisions"}],"predecessor-version":[{"id":10790,"href":"https:\/\/awmac.com\/fr\/wp-json\/wp\/v2\/pages\/7001\/revisions\/10790"}],"wp:attachment":[{"href":"https:\/\/awmac.com\/fr\/wp-json\/wp\/v2\/media?parent=7001"}],"curies":[{"name":"wp","href":"https:\/\/api.w.org\/{rel}","templated":true}]}}