{"id":6995,"date":"2022-07-11T10:22:31","date_gmt":"2022-07-11T17:22:31","guid":{"rendered":"https:\/\/awmac.com\/?page_id=6995"},"modified":"2026-02-08T13:40:14","modified_gmt":"2026-02-08T20:40:14","slug":"agm","status":"publish","type":"page","link":"https:\/\/awmac.com\/fr\/agm\/","title":{"rendered":"Assembl\u00e9e g\u00e9n\u00e9rale annuelle"},"content":{"rendered":"<h3 data-start=\"613\" data-end=\"653\"><strong data-start=\"613\" data-end=\"653\">Leadership. Transparence. Orientation.<\/strong><\/h3>\n<p data-start=\"655\" data-end=\"1004\">L\u2019assembl\u00e9e g\u00e9n\u00e9rale annuelle de l\u2019AWMAC est le lieu de convergence des discussions et des id\u00e9es abord\u00e9es tout au long du congr\u00e8s. Apr\u00e8s deux jours d\u2019apprentissage, d\u2019\u00e9changes et de rencontres, l\u2019AGA offre aux membres l\u2019occasion de faire le point sur les progr\u00e8s accomplis, de cerner les priorit\u00e9s et de participer activement \u00e0 l\u2019\u00e9laboration de l\u2019orientation future de l\u2019Association.<\/p>\n<p data-start=\"1006\" data-end=\"1164\">Il ne s&#039;agit pas simplement d&#039;une r\u00e9union de proc\u00e9dure\u00a0; c&#039;est un lieu o\u00f9 les membres interagissent avec la direction, posent des questions et contribuent aux d\u00e9cisions qui orientent l&#039;avenir de l&#039;AWMAC.<\/p>\n<h3 data-start=\"553\" data-end=\"570\">Pourquoi participer?<\/h3>\n<ul data-start=\"571\" data-end=\"1274\">\n<li data-start=\"571\" data-end=\"723\">\n<p data-start=\"573\" data-end=\"723\"><strong data-start=\"573\" data-end=\"595\">Votre voix compte<\/strong>Posez vos questions, partagez vos id\u00e9es et exprimez vos pr\u00e9occupations. L&#039;AGA est votre plateforme pour contribuer \u00e0 l&#039;avenir de l&#039;AWMAC et de notre secteur.<\/p>\n<\/li>\n<li data-start=\"724\" data-end=\"883\">\n<p data-start=\"726\" data-end=\"883\"><strong data-start=\"726\" data-end=\"743\">Restez inform\u00e9<\/strong>:Obtenez une vue transparente du travail d&#039;AWMAC \u2014 de la sant\u00e9 financi\u00e8re aux nouvelles initiatives \u2014 et voyez comment les d\u00e9cisions ont un impact sur vous et votre entreprise.<\/p>\n<\/li>\n<li data-start=\"884\" data-end=\"1055\">\n<p data-start=\"886\" data-end=\"1055\"><strong data-start=\"886\" data-end=\"914\">Opportunit\u00e9s de r\u00e9seautage<\/strong>: Cr\u00e9ez des liens avec vos pairs, vos dirigeants et vos collaborateurs potentiels. Une simple conversation autour d&#039;une pause-caf\u00e9 pourrait d\u00e9clencher votre prochain grand projet.<\/p>\n<\/li>\n<li data-start=\"1056\" data-end=\"1163\">\n<p data-start=\"1058\" data-end=\"1163\"><strong data-start=\"1058\" data-end=\"1084\">C\u00e9l\u00e9brer les r\u00e9alisations<\/strong>:Soyons fiers du chemin parcouru, tout en anticipant de nouvelles opportunit\u00e9s.<\/p>\n<\/li>\n<li data-start=\"1164\" data-end=\"1274\">\n<p data-start=\"1166\" data-end=\"1274\"><strong data-start=\"1166\" data-end=\"1187\">Rencontrez vos dirigeants<\/strong>:Entrez en contact avec ceux qui repr\u00e9sentent vos int\u00e9r\u00eats et guident l\u2019association vers l\u2019avant.<\/p>\n<\/li>\n<\/ul>\n<h3 data-start=\"2017\" data-end=\"2036\"><strong data-start=\"2021\" data-end=\"2036\">D\u00e9tails de l&#039;AGA<\/strong><\/h3>\n<p data-start=\"2038\" data-end=\"2116\"><strong data-start=\"2038\" data-end=\"2065\">Samedi 13 juin 2026<\/strong><br data-start=\"2065\" data-end=\"2068\" \/><strong data-start=\"2068\" data-end=\"2091\">10h00 \u2013 11h30<\/strong><br data-start=\"2091\" data-end=\"2094\" \/><strong data-start=\"2094\" data-end=\"2116\">Palais, Hilton Qu\u00e9bec City<\/strong><\/p>\n<p data-start=\"2118\" data-end=\"2268\">Se d\u00e9roulant le dernier jour du congr\u00e8s national de l&#039;AWMAC, l&#039;assembl\u00e9e g\u00e9n\u00e9rale annuelle assure une transition naturelle entre les discussions sectorielles et l&#039;exp\u00e9rience pratique.<\/p>\n<p data-start=\"2270\" data-end=\"2400\">Que vous participiez en personne ou que vous votiez par procuration, votre participation garantit que la voix des membres continue d&#039;influencer l&#039;orientation de l&#039;AWMAC.<\/p>\n<p>L\u2019assembl\u00e9e g\u00e9n\u00e9rale annuelle est le lieu o\u00f9 le leadership, la responsabilit\u00e9 et l\u2019engagement des membres se conjuguent \u2013 un \u00e9l\u00e9ment essentiel de l\u2019exp\u00e9rience du congr\u00e8s et une \u00e9tape importante pour fa\u00e7onner l\u2019avenir de l\u2019AWMAC.<\/p>\n<p>Les membres qui ne peuvent pas assister \u00e0 l&#039;assembl\u00e9e g\u00e9n\u00e9rale annuelle en personne peuvent voter par procuration. <a href=\"https:\/\/awmac.com\/wp-content\/uploads\/2026\/02\/AWMAC-AGM-Proxy-June-13-2026.pdf\">Le formulaire de procuration est disponible ici.<\/a>.<\/p>","protected":false},"excerpt":{"rendered":"<p>Leadership. Transparence. Orientation. L\u2019assembl\u00e9e g\u00e9n\u00e9rale annuelle de l\u2019AWMAC est le lieu de convergence des discussions et des id\u00e9es explor\u00e9es tout au long du congr\u00e8s\u2026.<\/p>","protected":false},"author":208,"featured_media":0,"parent":0,"menu_order":0,"comment_status":"closed","ping_status":"closed","template":"convention.php","meta":{"_acf_changed":false,"inline_featured_image":false,"_price":"","_stock":"","_tribe_ticket_header":"","_tribe_default_ticket_provider":"TEC\\Tickets\\Commerce\\Module","_tribe_ticket_capacity":"0","_ticket_start_date":"","_ticket_end_date":"","_tribe_ticket_show_description":"","_tribe_ticket_show_not_going":false,"_tribe_ticket_use_global_stock":"","_tribe_ticket_global_stock_level":"","_global_stock_mode":"","_global_stock_cap":"","_tribe_rsvp_for_event":"","_tribe_ticket_going_count":"","_tribe_ticket_not_going_count":"","_tribe_tickets_list":"[]","_tribe_ticket_has_attendee_info_fields":false,"footnotes":"","_tec_slr_enabled":"","_tec_slr_layout":""},"class_list":["post-6995","page","type-page","status-publish","hentry"],"acf":[],"ticketed":false,"_links":{"self":[{"href":"https:\/\/awmac.com\/fr\/wp-json\/wp\/v2\/pages\/6995","targetHints":{"allow":["GET"]}}],"collection":[{"href":"https:\/\/awmac.com\/fr\/wp-json\/wp\/v2\/pages"}],"about":[{"href":"https:\/\/awmac.com\/fr\/wp-json\/wp\/v2\/types\/page"}],"author":[{"embeddable":true,"href":"https:\/\/awmac.com\/fr\/wp-json\/wp\/v2\/users\/208"}],"replies":[{"embeddable":true,"href":"https:\/\/awmac.com\/fr\/wp-json\/wp\/v2\/comments?post=6995"}],"version-history":[{"count":11,"href":"https:\/\/awmac.com\/fr\/wp-json\/wp\/v2\/pages\/6995\/revisions"}],"predecessor-version":[{"id":10698,"href":"https:\/\/awmac.com\/fr\/wp-json\/wp\/v2\/pages\/6995\/revisions\/10698"}],"wp:attachment":[{"href":"https:\/\/awmac.com\/fr\/wp-json\/wp\/v2\/media?parent=6995"}],"curies":[{"name":"wp","href":"https:\/\/api.w.org\/{rel}","templated":true}]}}