{"id":670,"date":"2020-02-06T20:34:50","date_gmt":"2020-02-06T20:34:50","guid":{"rendered":"https:\/\/awmac.com\/?page_id=670"},"modified":"2020-02-26T16:39:09","modified_gmt":"2020-02-26T16:39:09","slug":"awards","status":"publish","type":"page","link":"https:\/\/awmac.com\/fr\/about\/awards\/","title":{"rendered":"Prix et reconnaissance"},"content":{"rendered":"<h1>Prix et reconnaissance<\/h1>\n<style id=\"ea_dynamic_css2592\">#sp-ea-2592 .spcollapsing{height: 0; overflow: hidden; transition-property: height; transition-duration: 278ms;}#sp-ea-2592.sp-easy-accordion>.sp-ea-single.eap_inactive>.ea-header a {background-color: #bb0000 !important; color: #fff !important;}#sp-ea-2592.sp-easy-accordion>.sp-ea-single{ margin-bottom: 10px; border: 1px none #e2e2e2; border-radius: 3px;}#sp-ea-2592.sp-easy-accordion>.sp-ea-single.ea-expand{ border-color: #e2e2e2;}#sp-ea-2592.sp-easy-accordion>.sp-ea-single:hover{ border-color: #e2e2e2;}#sp-ea-2592.sp-easy-accordion>.sp-ea-single>.ea-header a {background: ;}#sp-ea-2592.sp-easy-accordion>.sp-ea-single.ea-expand>.ea-header a {background: #eee;}#sp-ea-2592.sp-easy-accordion>.sp-ea-single>.ea-header:hover a {background: ;}#sp-ea-2592.sp-easy-accordion>.sp-ea-single>.ea-header a .eap-title-icon { color: #444;font-size: 20px;} #sp-ea-2592.sp-easy-accordion>.sp-ea-single>.ea-header a .eap-title-custom-icon {max-width: 20px;}#sp-ea-2592.sp-easy-accordion>.sp-ea-single>.ea-header:hover a .eap-title-icon {color: #444;}#sp-ea-2592.sp-easy-accordion>.sp-ea-single.ea-expand>.ea-header a .eap-title-icon {color: #444;}#sp-ea-2592.sp-easy-accordion>.sp-ea-single>.ea-header a {padding: 15px 15px 15px 15px; color: #444; font-size: 20px; line-height: 30px; text-align: left; letter-spacing: 0px; text-transform: none;}#sp-ea-2592.sp-easy-accordion>.sp-ea-single>.ea-header:hover a {color: #444;}#sp-ea-2592.sp-easy-accordion>.sp-ea-single.ea-expand>.ea-header a {color: #444;}#sp-ea-2592.sp-easy-accordion>.sp-ea-single>.sp-collapse>.ea-body p,#sp-ea-2592.sp-easy-accordion>.sp-ea-single>.sp-collapse>.ea-body{background: #fff; padding: 15px 15px 15px 15px; border-radius: 0 0 3px 3px; color: #444; font-size: 16px; text-align: left; letter-spacing: 0px; line-height: 26px; animation-delay: 200ms; text-transform: none;}#sp-ea-2592.sp-easy-accordion>.sp-ea-single>.ea-header a .ea-expand-icon.fa:before {color: ; font-size: 12px; font-style: normal;}#sp-ea-2592.sp-easy-accordion>.sp-ea-single>.ea-header:hover a .ea-expand-icon.fa:before {color: ;}#sp-ea-2592.sp-easy-accordion>.sp-ea-single.ea-expand>.ea-header a .ea-expand-icon.fa:before {color: ;}#sp-ea-2592.sp-easy-accordion>.sp-ea-single{border-radius: 3px; border: 1px none #e2e2e2;}#sp-ea-2592.sp-easy-accordion>.sp-ea-single>.sp-collapse>.ea-body{border-radius: 0 0 3px 3px; border: none;}#sp-ea-2592.sp-easy-accordion>.sp-ea-single>.ea-header a .ea-expand-icon.fa {float: right; margin-right: 10px;}#sp-ea-2592.sp-easy-accordion>.sp-ea-single>.ea-header a .ea-expand-icon.fa {margin-right: 0; margin-left: 10px;}#sp-ea-2592 #eap_faq_search_bar_container {display:none; opacity:0;}#sp-ea-2592 #eap_faq_search_bar_container span::before{content:\"\";}#sp-ea-2592.sp-easy-accordion>.sp-ea-single>.sp-collapse>.ea-body p{ padding:0px}#sp-eap-accordion-section-2592.sp-eap-container .sp-eap-infinite-scroll-loader,#sp-eap-accordion-section-2592.sp-eap-container div:is(.sp-eap-load-more,.sp-eap-ajax-number-pagination){text-align:center;}#sp-ea-2592>.sp-ea-single>.sp-collapse>.ea-body .eap-product-price {color: #444;}#sp-ea-2592.sp-easy-accordion>.sp-ea-single>.sp-collapse>.ea-body .eap-product-price del{color: rgba(68,68,68,0.71);}#sp-ea-2592.sp-easy-accordion>.sp-ea-single>.sp-collapse>.ea-body .eap-product-cart-button .woocommerce a { border: 1px solid #DAD6DA;border-radius: 2px;background-color: transparent;color: #444;}#sp-ea-2592.sp-easy-accordion>.sp-ea-single>.sp-collapse>.ea-body .eap-product-cart-button .woocommerce a:hover { border-color: #444;background-color: #444;color: #fff;}#sp-ea-2592.sp-easy-accordion>.sp-ea-single>>.sp-collapse>.ea-body .eap-product-cart-button .eap-product-quantity .eap_input_text {border: 1px solid #DAD6DA;}#sp-ea-2592.sp-easy-accordion>.sp-ea-single>.sp-collapse>.ea-body .eap-product-cart-button a.add_to_cart_button{position: relative;}<\/style><div id=\"sp-eap-accordion-section-2592\" class=\"sp-eap-container\"><div id=\"sp-ea-2592\" class=\"sp-ea-one sp-easy-accordion\" data-ex-icon=\"ea-font-icon-minus_regular\" data-col-icon=\"ea-font-icon-plus_regular\" data-ea-active=\"ea-click\" data-ea-mode=\"vertical\" data-ea-multi-column=\"\" data-ea-coll=\"\" data-keep-accordion=\"\" data-autoclose=\"\" data-preloader=\"\" data-scroll-active-item=\"\" data-offset-to-scroll=\"0\" data-autoplaytime=\"3000\" data-expand=\"\" data-post-id=\"2592\" data-accordion_mode=\"ea-all-close\">\t<div class=\"ea-card  sp-ea-single\"  data-accordion-id= \"0\">\n\n\t\t<h3 class=\"ea-header\">\n\t\t\t<a class=\"collapsed\" data-sptoggle=\"spcollapse\" rel=\"nofollow\" data-sptarget=\"#collapse25920\" href=\"#\" data-title=\"efaq-presidents-award\" aria-expanded=\"false\">\n\t\t\t\t<i class=\"ea-expand-icon fa ea-font-icon-plus_regular\"><\/i>  Prix du Pr\u00e9sident\t\t\t<\/a>\n\t\t<\/h3>\n\n\t\t<div class=\"sp-collapse spcollapse spcollapse\" id=\"collapse25920\" data-parent=\"#sp-ea-2592\">\n\t\t<div class=\"ea-body\"> \n<div class=\"ea-content-wrapper animated fadeIn\"> \n\t<p>Le prix du pr\u00e9sident de l&#039;AWMAC r\u00e9compense les membres actifs, le personnel\/les sous-traitants ou les affili\u00e9s reconnus de l&#039;AWMAC.<\/p>\n<h4><strong>Anciens b\u00e9n\u00e9ficiaires<\/strong><\/h4>\n<p><strong>R\u00c9CIPIENDAIRE 2023 \u2013 Carlo DeFrancesco<\/strong><\/p>\n<p><strong>LAUR\u00c9AT 2019 \u2013 Frank VanDonzel<\/strong><\/p>\n<p><img decoding=\"async\" class=\"alignleft\" src=\"\/wp-content\/uploads\/2020\/03\/frank-vandonzel-awmac.jpg\" data-wp-editing=\"1\" \/><\/p>\n<p>L&#039;Association des fabricants de boiseries architecturales du Canada (AWMAC) a eu le plaisir d&#039;honorer Frank VanDonzel en lui d\u00e9cernant le Prix du pr\u00e9sident lors du congr\u00e8s national 2019 de l&#039;AWMAC, qui a eu lieu \u00e0 Victoria, en Colombie-Britannique, en mai 2019.<\/p>\n<p>L&#039;ancien pr\u00e9sident de l&#039;AWMAC, Larry White, \u00e9tait pr\u00e9sent pour remettre le prix \u00e0 Frank, qui en est \u00e0 sa deuxi\u00e8me ann\u00e9e en 2019.<\/p>\n<p>\u201c Frank a toujours port\u00e9 haut et fort les valeurs fondamentales de l&#039;AWMAC et le fait encore aujourd&#039;hui. Ce prix lui a \u00e9t\u00e9 d\u00e9cern\u00e9 pour son engagement ind\u00e9fectible envers l&#039;AWMAC et sa marque \u201d, a d\u00e9clar\u00e9 White.<\/p>\n<p>Frank, qui s&#039;est joint \u00e0 la section sud de l&#039;Alberta de l&#039;AWMAC au d\u00e9but des ann\u00e9es 1980 et travaillait dans le secteur de la menuiserie architecturale \u00e0 Calgary, a occup\u00e9 les fonctions de secr\u00e9taire de l&#039;AWMAC, puis de directeur national de l&#039;association. Il \u00e9tait reconnu pour son amour du secteur et pour la promotion des valeurs fondamentales de l&#039;AWMAC. Bien qu&#039;il soit maintenant \u00e0 la retraite, il continue d&#039;assister \u00e0 de nombreuses activit\u00e9s de l&#039;AWMAC pour apporter son soutien.<\/p>\n<p>\u201c Frank VanDonzel a \u00e9t\u00e9 le pionnier de la cr\u00e9ation d&#039;une structure et d&#039;un encadrement qui ont permis \u00e0 l&#039;AWMAC de devenir la voix de la menuiserie architecturale au Canada \u201d, a d\u00e9clar\u00e9 White. \u201c Frank est devenu connu comme \u201c Monsieur AWMAC \u201d, toujours soucieux de l&#039;int\u00e9grit\u00e9 et de la tranquillit\u00e9 d&#039;esprit offertes lors de la sp\u00e9cification des projets AWMAC \u201d, a ajout\u00e9 White.<\/p>\n<p>&nbsp;<\/p>\n<p><strong>LAUR\u00c9AT 2018 - Jim Taylor<\/strong><\/p>\n<p><img decoding=\"async\" class=\"alignleft\" src=\"\/wp-content\/uploads\/2020\/03\/jim-taylor-awmac.jpg\" width=\"250\" height=\"220\" \/><\/p>\n<p>Le premier laur\u00e9at du nouveau Prix du Pr\u00e9sident de l&#039;AWMAC a \u00e9t\u00e9 annonc\u00e9 lors du Congr\u00e8s national de 2018 par le pr\u00e9sident Larry White. Larry a confi\u00e9 \u00e0 l&#039;assembl\u00e9e qu&#039;il avait rencontr\u00e9 le laur\u00e9at lors de ses premi\u00e8res exp\u00e9riences au sein du conseil d&#039;administration et qu&#039;il avait acquis un grand respect pour cet homme et son approche philosophique. Il a ensuite expliqu\u00e9 que le laur\u00e9at du Prix du Pr\u00e9sident avait form\u00e9 le Comit\u00e9 SIG de l&#039;AWMAC en 2001 et qu&#039;il l&#039;avait pr\u00e9sid\u00e9 de 2001 \u00e0 2003, puis de 2014 \u00e0 2018, pour un total de sept ans. Larry a ensuite annonc\u00e9 le nom du laur\u00e9at\u00a0: M. Jim Taylor.<\/p>\n<p>Le d\u00e9vouement de Jim envers l\u2019AWMAC au fil des ann\u00e9es est louable (pour le moins).<\/p>\n<p>Jim a jou\u00e9 un r\u00f4le cl\u00e9 dans le premier manuel de politiques et de proc\u00e9dures SIG en 2002, ainsi que dans la r\u00e9vision majeure de 2017. Il a \u00e9t\u00e9 la force motrice de l&#039;\u00e9l\u00e9vation du niveau et de la normalisation du programme SIG \u00e0 travers le Canada; gr\u00e2ce \u00e0 Jim, le programme a connu une croissance fulgurante et est devenu la principale source de revenus pour de nombreux chapitres et sections nationales de l&#039;AWMAC.<\/p>\n<p>Jim a \u00e9galement \u00e9t\u00e9 \u00e0 l&#039;origine du d\u00e9veloppement de l&#039;ICQ, du MSQ et de sa mise \u00e0 jour. Jim a grandement contribu\u00e9 (et continue de contribuer) \u00e0 la cr\u00e9ation des manuels AWS et NAAWS, ainsi qu&#039;\u00e0 de nombreuses conclusions et d\u00e9cisions qui y figurent.<\/p>\n<p>Le th\u00e8me du congr\u00e8s de cette ann\u00e9e \u00e9tait \u00ab\u00a0Possibilit\u00e9s infinies\u00a0\u00bb. Jim Taylor nous le d\u00e9montre\u00a0: gr\u00e2ce au partage d&#039;id\u00e9es, au b\u00e9n\u00e9volat et \u00e0 la diffusion des meilleures pratiques, l&#039;AWMAC dispose d&#039;un potentiel infini pour concr\u00e9tiser sa vision\u00a0: devenir la r\u00e9f\u00e9rence en mati\u00e8re de menuiserie architecturale au Canada.<\/p>\n<\/div>\n<\/div>\n\t\t\t<\/div>\n\t<\/div>\n\t\t<div class=\"ea-card  sp-ea-single\"  data-accordion-id= \"1\">\n\n\t\t<h3 class=\"ea-header\">\n\t\t\t<a class=\"collapsed\" data-sptoggle=\"spcollapse\" rel=\"nofollow\" data-sptarget=\"#collapse25921\" href=\"#\" data-title=\"efaq-gis-awards\" aria-expanded=\"false\">\n\t\t\t\t<i class=\"ea-expand-icon fa ea-font-icon-plus_regular\"><\/i>  Prix SIG\t\t\t<\/a>\n\t\t<\/h3>\n\n\t\t<div class=\"sp-collapse spcollapse spcollapse\" id=\"collapse25921\" data-parent=\"#sp-ea-2592\">\n\t\t<div class=\"ea-body\"> \n<div class=\"ea-content-wrapper animated fadeIn\"> \n\t<h3><span data-olk-copy-source=\"MessageBody\">Prix d&#039;excellence du projet SIG<\/span><\/h3>\n<p>Ce prix r\u00e9compense l&#039;excellence du programme de garantie et d&#039;inspection (SGI) de l&#039;AWMAC. Il est d\u00e9cern\u00e9 \u00e0 un finaliste d&#039;un chapitre ayant d\u00e9montr\u00e9 des performances exceptionnelles dans ses projets SGI. Ce prix prestigieux souligne l&#039;excellence globale du projet, \u00e9valu\u00e9e selon un processus de notation complet prenant en compte de nombreux facteurs cl\u00e9s, notamment la performance du projet tout au long du processus SGI, le nombre de d\u00e9fauts, la complexit\u00e9 globale du projet et le niveau d&#039;innovation. \u00c0 l&#039;issue de concours internes \u00e0 chaque chapitre, les projets laur\u00e9ats sont soumis \u00e0 une \u00e9valuation nationale. Ce processus d&#039;\u00e9valuation \u00e0 plusieurs niveaux garantit que seuls les projets les plus remarquables, repr\u00e9sentatifs de la cr\u00e9ativit\u00e9, de la qualit\u00e9 et du respect des normes de l&#039;AWMAC, sont r\u00e9compens\u00e9s.<\/p>\n<p>Le Prix national d&#039;excellence des projets SIG r\u00e9compense non seulement les projets individuels qui ont excell\u00e9 en r\u00e9pondant aux crit\u00e8res \u00e9lev\u00e9s du programme SIG, mais souligne \u00e9galement l&#039;engagement collectif des membres de l&#039;AWMAC partout au Canada \u00e0 maintenir la qualit\u00e9 et l&#039;innovation en menuiserie architecturale. Le laur\u00e9at de ce prix incarne l&#039;esprit de collaboration, d&#039;excellence et de d\u00e9vouement qui est \u00e0 la base du succ\u00e8s de l&#039;initiative SIG, \u00e9tablissant ainsi une r\u00e9f\u00e9rence pour les projets futurs de l&#039;industrie.<\/p>\n<p>&nbsp;<\/p>\n<p><strong>LAUR\u00c9AT 2024 \u2013 Menuiserie ex\u00e9cutive | Section du Sud de l&#039;Alberta<\/strong><\/p>\n<p>Projet\u00a0: Agrandissement du Centre BMO | Calgary, Alberta<\/p>\n<p>Professionnel de la conception : Stantec<\/p>\n<p>Entrepreneur g\u00e9n\u00e9ral : PCL Construction<\/p>\n<p><img decoding=\"async\" class=\"size-medium wp-image-10333 alignleft\" src=\"https:\/\/awmac.com\/wp-content\/uploads\/2020\/02\/BMOx-Champions-Ballroom-CMLC-300x210.jpg\" alt=\"\" width=\"300\" height=\"210\" srcset=\"https:\/\/awmac.com\/wp-content\/uploads\/2020\/02\/BMOx-Champions-Ballroom-CMLC-300x210.jpg 300w, https:\/\/awmac.com\/wp-content\/uploads\/2020\/02\/BMOx-Champions-Ballroom-CMLC-1024x716.jpg 1024w, https:\/\/awmac.com\/wp-content\/uploads\/2020\/02\/BMOx-Champions-Ballroom-CMLC-768x537.jpg 768w, https:\/\/awmac.com\/wp-content\/uploads\/2020\/02\/BMOx-Champions-Ballroom-CMLC-1536x1074.jpg 1536w, https:\/\/awmac.com\/wp-content\/uploads\/2020\/02\/BMOx-Champions-Ballroom-CMLC-572x400.jpg 572w, https:\/\/awmac.com\/wp-content\/uploads\/2020\/02\/BMOx-Champions-Ballroom-CMLC.jpg 1920w\" sizes=\"(max-width: 300px) 100vw, 300px\" \/><\/p>\n<p>&nbsp;<\/p>\n<p>&nbsp;<\/p>\n<p>&nbsp;<\/p>\n<p>&nbsp;<\/p>\n<p>&nbsp;<\/p>\n<p>&nbsp;<\/p>\n<p><strong>LAUR\u00c9AT 2019 \u2013 <\/strong><strong>Menuiserie ex\u00e9cutive | Section du sud de l&#039;Alberta<\/strong><\/p>\n<p>Projet\u00a0: Biblioth\u00e8que centrale | Calgary, Alberta<\/p>\n<p>Professionnel du design : DIALOG<\/p>\n<p>Entrepreneur g\u00e9n\u00e9ral : Stuart Olson<\/p>\n<p><img decoding=\"async\" class=\"size-medium wp-image-10237 alignleft\" src=\"https:\/\/awmac.com\/wp-content\/uploads\/2020\/02\/Calgary-Central-Library-300x200.jpg\" alt=\"\" width=\"300\" height=\"200\" srcset=\"https:\/\/awmac.com\/wp-content\/uploads\/2020\/02\/Calgary-Central-Library-300x200.jpg 300w, https:\/\/awmac.com\/wp-content\/uploads\/2020\/02\/Calgary-Central-Library-1024x683.jpg 1024w, https:\/\/awmac.com\/wp-content\/uploads\/2020\/02\/Calgary-Central-Library-768x512.jpg 768w, https:\/\/awmac.com\/wp-content\/uploads\/2020\/02\/Calgary-Central-Library-1536x1024.jpg 1536w, https:\/\/awmac.com\/wp-content\/uploads\/2020\/02\/Calgary-Central-Library-600x400.jpg 600w, https:\/\/awmac.com\/wp-content\/uploads\/2020\/02\/Calgary-Central-Library.jpg 1920w\" sizes=\"(max-width: 300px) 100vw, 300px\" \/><\/p>\n<p>&nbsp;<\/p>\n<p>&nbsp;<\/p>\n<p>&nbsp;<\/p>\n<p>&nbsp;<\/p>\n<p>&nbsp;<\/p>\n<p>&nbsp;<\/p>\n<h3><span data-olk-copy-source=\"MessageBody\">Prix d&#039;excellence en ex\u00e9cution SIG<\/span><\/h3>\n<p>Le prix d&#039;excellence en ex\u00e9cution SIG de l&#039;AWMAC est une distinction prestigieuse d\u00e9cern\u00e9e \u00e0 un fabricant membre de l&#039;AWMAC ayant atteint une excellence exemplaire en r\u00e9alisant le plus grand nombre de projets sans d\u00e9fauts au cours d&#039;une ann\u00e9e civile. Ce prix r\u00e9compense l&#039;engagement envers un savoir-faire de qualit\u00e9 et le respect des normes les plus strictes de l&#039;industrie, reconnaissant ainsi les efforts consid\u00e9rables n\u00e9cessaires pour atteindre un tel succ\u00e8s dans un environnement concurrentiel.<\/p>\n<p>Le laur\u00e9at du Prix d&#039;Excellence en Ex\u00e9cution t\u00e9moigne d&#039;une qu\u00eate incessante de pr\u00e9cision dans la fabrication de menuiseries architecturales. Par leur pr\u00e9cision, leur fiert\u00e9 et leur d\u00e9termination, ces fabricants incarnent l&#039;esprit d&#039;excellence que l&#039;AWMAC et le programme SIG s&#039;efforcent de pr\u00e9server. Leur travail t\u00e9moigne de ce qu&#039;il est possible de r\u00e9aliser lorsque savoir-faire rime avec engagement, pla\u00e7ant la barre plus haut pour l&#039;ensemble du secteur, un projet impeccable apr\u00e8s l&#039;autre.<\/p>\n<p><strong>LAUR\u00c9AT 2024 \u2013 Allwood Carpentry Manufacturing | Section de l&#039;Ontario<\/strong><\/p>\n<p>&nbsp;<\/p>\n<h3><span data-olk-copy-source=\"MessageBody\">Prix Esther Hill SIG<\/span><\/h3>\n<p>Le prix Esther Hill GIS est d\u00e9cern\u00e9 au professionnel de la conception ayant fait preuve d&#039;un engagement exceptionnel envers le programme de garantie et d&#039;inspection (GIS) de l&#039;AWMAC au sein de son chapitre. Cette prestigieuse distinction honore l&#039;entreprise qui a non seulement sp\u00e9cifi\u00e9 le plus grand nombre de projets SIG, mais a \u00e9galement d\u00e9montr\u00e9 une compr\u00e9hension et un soutien profonds des principes qui sous-tendent le programme.<\/p>\n<p>Esther Hill a l&#039;honneur d&#039;\u00eatre la premi\u00e8re femme au Canada \u00e0 obtenir un dipl\u00f4me universitaire en architecture. Pionni\u00e8re dans le domaine de la menuiserie architecturale, Esther Hill \u00e9tait reconnue pour sa qu\u00eate incessante de la qualit\u00e9 et son d\u00e9vouement ind\u00e9fectible \u00e0 l&#039;am\u00e9lioration des normes de l&#039;industrie. Ses contributions ont laiss\u00e9 une marque ind\u00e9l\u00e9bile sur la profession, car elle a d\u00e9fendu l&#039;int\u00e9gration des meilleures pratiques \u00e0 la conception et \u00e0 l&#039;ex\u00e9cution des projets.<\/p>\n<p>Le laur\u00e9at de ce prix incarnera une passion pour l&#039;excellence en design et un engagement \u00e0 garantir le respect et le maintien de normes \u00e9lev\u00e9es au sein de l&#039;industrie. Par ses efforts, il aura jou\u00e9 un r\u00f4le crucial dans la r\u00e9alisation de la mission du programme SIG, favorisant la collaboration et l&#039;assurance qualit\u00e9 dans le domaine de la menuiserie architecturale. Ce prix t\u00e9moigne de son leadership, de sa cr\u00e9ativit\u00e9 et de son soutien ind\u00e9fectible au succ\u00e8s et \u00e0 l&#039;int\u00e9grit\u00e9 de notre m\u00e9tier.<\/p>\n<p><strong>LAUR\u00c9AT 2024 \u2013 Stantec | Section du Sud de l&#039;Alberta<\/strong><\/p>\n<p>&nbsp;<\/p>\n<\/div>\n<\/div>\n\t\t\t<\/div>\n\t<\/div>\n\t\t<div class=\"ea-card  sp-ea-single\"  data-accordion-id= \"2\">\n\n\t\t<h3 class=\"ea-header\">\n\t\t\t<a class=\"collapsed\" data-sptoggle=\"spcollapse\" rel=\"nofollow\" data-sptarget=\"#collapse25922\" href=\"#\" data-title=\"efaq-outstanding-service-award\" aria-expanded=\"false\">\n\t\t\t\t<i class=\"ea-expand-icon fa ea-font-icon-plus_regular\"><\/i>  Prix pour service exceptionnel\t\t\t<\/a>\n\t\t<\/h3>\n\n\t\t<div class=\"sp-collapse spcollapse spcollapse\" id=\"collapse25922\" data-parent=\"#sp-ea-2592\">\n\t\t<div class=\"ea-body\"> \n<div class=\"ea-content-wrapper animated fadeIn\"> \n\t<p>AWMAC pr\u00e9sente fi\u00e8rement le\u00a0<strong>Prix pour service exceptionnel<\/strong> pour ses efforts exemplaires dans la promotion passionn\u00e9e des objectifs et des visions de l\u2019AWMAC.<\/p>\n<h4>Anciens b\u00e9n\u00e9ficiaires<\/h4>\n<ul>\n<li>1985 - Harry Hummelsh\u00f6j<\/li>\n<li>1985 - Bob Newman<\/li>\n<li>1985 - Gerry Schmidtke<\/li>\n<li>1988 - Allan Fox<\/li>\n<li>1989 - Syd Thomson<\/li>\n<li>1991 - Jack Russell<\/li>\n<li>2006 - Gary Nikolai<\/li>\n<li>2007 - Jim Taylor<\/li>\n<li>2008 - Frank et Joanne VanDonzel<\/li>\n<li>2009 - Don Afansiff<\/li>\n<li>2010 - Ernst Salzgeber<\/li>\n<li>2011 - Harm Hazeu<\/li>\n<li>2012 - Vince Parolin<\/li>\n<li>2013 - Myron Jonzon<\/li>\n<li>2014 - Martin Boutet<\/li>\n<li>2015 - Rob Gustafson - Institut de menuiserie<\/li>\n<li>2016 - Scott McVittie<\/li>\n<li>2018 - Jim Taylor<\/li>\n<li>2022 - Moira Rowan<\/li>\n<\/ul>\n<\/div>\n<\/div>\n\t\t\t<\/div>\n\t<\/div>\n\t\t<div class=\"ea-card  sp-ea-single\"  data-accordion-id= \"3\">\n\n\t\t<h3 class=\"ea-header\">\n\t\t\t<a class=\"collapsed\" data-sptoggle=\"spcollapse\" rel=\"nofollow\" data-sptarget=\"#collapse25923\" href=\"#\" data-title=\"efaq-awmac-national-contest-for-students-and-apprentices-in-cabinetmaking\" aria-expanded=\"false\">\n\t\t\t\t<i class=\"ea-expand-icon fa ea-font-icon-plus_regular\"><\/i>  Concours national AWMAC pour \u00e9tudiants et apprentis en \u00e9b\u00e9nisterie\t\t\t<\/a>\n\t\t<\/h3>\n\n\t\t<div class=\"sp-collapse spcollapse spcollapse\" id=\"collapse25923\" data-parent=\"#sp-ea-2592\">\n\t\t<div class=\"ea-body\"> \n<div class=\"ea-content-wrapper animated fadeIn\"> \n\t<p>Le concours national est compos\u00e9 d&#039;\u00e9tudiants, d&#039;apprentis et de r\u00e9cents dipl\u00f4m\u00e9s inscrits ou r\u00e9cemment dipl\u00f4m\u00e9s d&#039;un programme d&#039;\u00e9b\u00e9nisterie d&#039;un \u00e9tablissement postsecondaire reconnu.<\/p>\n<p>Le coffret gagnant de chaque chapitre participant est soumis au comit\u00e9 de s\u00e9lection pour la s\u00e9lection d&#039;un laur\u00e9at national. Les laur\u00e9ats des premi\u00e8re, deuxi\u00e8me et troisi\u00e8me places re\u00e7oivent une r\u00e9compense en esp\u00e8ces, un cr\u00e9dit d&#039;outil et un prix remis par leur chapitre.<\/p>\n<p>Merci \u00e0 tous les chapitres, juges et b\u00e9n\u00e9voles qui ont contribu\u00e9 au succ\u00e8s du concours de cette ann\u00e9e. Merci \u00e9galement aux fournisseurs qui ont fait don de mat\u00e9riel.<\/p>\n<h3><span style=\"color: #aa8d6e;\">GAGNANTS DU CONCOURS 2025<\/span><\/h3>\n<p><strong>1<sup>St<\/sup> LIEU | Shiori Ito | Chapitre de la Colombie-Britannique<\/strong><\/p>\n<p><strong>2<sup>nd<\/sup> LIEU | Tyler Michaud-Edmonds | Section du Manitoba<\/strong><\/p>\n<p><strong>3<sup>rd<\/sup> LIEU | Nathan Burns | Chapitre du sud de l&#039;Alberta<\/strong><\/p>\n<h3><span style=\"color: #aa8d6e;\">GAGNANTS DU CONCOURS 2023<\/span><\/h3>\n<p><strong>1<sup>St<\/sup> LIEU | Derrick Penner | Section du Manitoba<\/strong><\/p>\n<p><strong>2<sup>nd<\/sup> LIEU | Aidan Speight | Section du sud de l&#039;Alberta<\/strong><\/p>\n<p><strong>3<sup>rd<\/sup> LIEU | Matt Marusyn | Section du Nord de l&#039;Alberta<\/strong><\/p>\n<h3><span style=\"color: #aa8d6e;\">CONCURRENTS DES CHAPITRES R\u00c9GIONAUX<\/span><\/h3>\n<p><img decoding=\"async\" class=\"alignnone wp-image-8561\" src=\"https:\/\/awmac.com\/wp-content\/uploads\/2020\/02\/MB-2023.jpg\" alt=\"\" width=\"450\" height=\"250\" srcset=\"https:\/\/awmac.com\/wp-content\/uploads\/2020\/02\/MB-2023.jpg 1020w, https:\/\/awmac.com\/wp-content\/uploads\/2020\/02\/MB-2023-300x167.jpg 300w, https:\/\/awmac.com\/wp-content\/uploads\/2020\/02\/MB-2023-768x427.jpg 768w, https:\/\/awmac.com\/wp-content\/uploads\/2020\/02\/MB-2023-720x400.jpg 720w\" sizes=\"(max-width: 450px) 100vw, 450px\" \/> <img decoding=\"async\" class=\"alignnone wp-image-8564\" src=\"https:\/\/awmac.com\/wp-content\/uploads\/2020\/02\/SAB-2023.jpg\" alt=\"\" width=\"450\" height=\"250\" srcset=\"https:\/\/awmac.com\/wp-content\/uploads\/2020\/02\/SAB-2023.jpg 1020w, https:\/\/awmac.com\/wp-content\/uploads\/2020\/02\/SAB-2023-300x167.jpg 300w, https:\/\/awmac.com\/wp-content\/uploads\/2020\/02\/SAB-2023-768x427.jpg 768w, https:\/\/awmac.com\/wp-content\/uploads\/2020\/02\/SAB-2023-720x400.jpg 720w\" sizes=\"(max-width: 450px) 100vw, 450px\" \/><img decoding=\"async\" class=\"alignnone wp-image-8562\" src=\"https:\/\/awmac.com\/wp-content\/uploads\/2020\/02\/NAB-2023.jpg\" alt=\"\" width=\"450\" height=\"250\" srcset=\"https:\/\/awmac.com\/wp-content\/uploads\/2020\/02\/NAB-2023.jpg 1020w, https:\/\/awmac.com\/wp-content\/uploads\/2020\/02\/NAB-2023-300x167.jpg 300w, https:\/\/awmac.com\/wp-content\/uploads\/2020\/02\/NAB-2023-768x427.jpg 768w, https:\/\/awmac.com\/wp-content\/uploads\/2020\/02\/NAB-2023-720x400.jpg 720w\" sizes=\"(max-width: 450px) 100vw, 450px\" \/> <img decoding=\"async\" class=\"alignnone wp-image-8563\" src=\"https:\/\/awmac.com\/wp-content\/uploads\/2020\/02\/ON-2023.jpg\" alt=\"\" width=\"450\" height=\"250\" srcset=\"https:\/\/awmac.com\/wp-content\/uploads\/2020\/02\/ON-2023.jpg 1020w, https:\/\/awmac.com\/wp-content\/uploads\/2020\/02\/ON-2023-300x167.jpg 300w, https:\/\/awmac.com\/wp-content\/uploads\/2020\/02\/ON-2023-768x427.jpg 768w, https:\/\/awmac.com\/wp-content\/uploads\/2020\/02\/ON-2023-720x400.jpg 720w\" sizes=\"(max-width: 450px) 100vw, 450px\" \/><\/p>\n<\/div>\n<\/div>\n\t\t\t<\/div>\n\t<\/div>\n\t<\/div><\/div>","protected":false},"excerpt":{"rendered":"<p>Prix et reconnaissance<\/p>","protected":false},"author":1,"featured_media":0,"parent":368,"menu_order":0,"comment_status":"closed","ping_status":"closed","template":"about.php","meta":{"_acf_changed":false,"inline_featured_image":false,"_price":"","_stock":"","_tribe_ticket_header":"","_tribe_default_ticket_provider":"","_tribe_ticket_capacity":"0","_ticket_start_date":"","_ticket_end_date":"","_tribe_ticket_show_description":"","_tribe_ticket_show_not_going":false,"_tribe_ticket_use_global_stock":"","_tribe_ticket_global_stock_level":"","_global_stock_mode":"","_global_stock_cap":"","_tribe_rsvp_for_event":"","_tribe_ticket_going_count":"","_tribe_ticket_not_going_count":"","_tribe_tickets_list":"[]","_tribe_ticket_has_attendee_info_fields":false,"footnotes":"","_tec_slr_enabled":"","_tec_slr_layout":""},"class_list":["post-670","page","type-page","status-publish","hentry"],"acf":[],"ticketed":false,"_links":{"self":[{"href":"https:\/\/awmac.com\/fr\/wp-json\/wp\/v2\/pages\/670","targetHints":{"allow":["GET"]}}],"collection":[{"href":"https:\/\/awmac.com\/fr\/wp-json\/wp\/v2\/pages"}],"about":[{"href":"https:\/\/awmac.com\/fr\/wp-json\/wp\/v2\/types\/page"}],"author":[{"embeddable":true,"href":"https:\/\/awmac.com\/fr\/wp-json\/wp\/v2\/users\/1"}],"replies":[{"embeddable":true,"href":"https:\/\/awmac.com\/fr\/wp-json\/wp\/v2\/comments?post=670"}],"version-history":[{"count":10,"href":"https:\/\/awmac.com\/fr\/wp-json\/wp\/v2\/pages\/670\/revisions"}],"predecessor-version":[{"id":8541,"href":"https:\/\/awmac.com\/fr\/wp-json\/wp\/v2\/pages\/670\/revisions\/8541"}],"up":[{"embeddable":true,"href":"https:\/\/awmac.com\/fr\/wp-json\/wp\/v2\/pages\/368"}],"wp:attachment":[{"href":"https:\/\/awmac.com\/fr\/wp-json\/wp\/v2\/media?parent=670"}],"curies":[{"name":"wp","href":"https:\/\/api.w.org\/{rel}","templated":true}]}}