{"id":63,"date":"2019-12-17T07:40:29","date_gmt":"2019-12-17T07:40:29","guid":{"rendered":"https:\/\/awmac.com\/?page_id=63"},"modified":"2022-11-04T15:37:08","modified_gmt":"2022-11-04T22:37:08","slug":"british-columbia","status":"publish","type":"page","link":"https:\/\/awmac.com\/fr\/chapters\/british-columbia\/","title":{"rendered":"Colombie-Britannique"},"content":{"rendered":"<div class=\"Atlantic_Styles\">\n<p>La r\u00e9putation et la cr\u00e9dibilit\u00e9 sont essentielles \u00e0 la r\u00e9ussite d&#039;une entreprise. AWMAC BC s&#039;efforce continuellement de renforcer les normes de l&#039;industrie et d&#039;am\u00e9liorer la qualit\u00e9 du travail. En partenariat avec des membres de toute la Colombie-Britannique et du Canada, nous sommes reconnus \u00e0 l&#039;\u00e9chelle internationale comme chefs de file de l&#039;industrie.<\/p>\n<p>L&#039;AWMAC BC soutient un nombre croissant de membres tout en \u00e9tablissant la barre pour notre industrie gr\u00e2ce \u00e0 son engagement envers l&#039;\u00e9nonc\u00e9 de mission et les objectifs suivants.<\/p>\n<p><a class=\"buttonRed small mt-3\" href=\"\/fr\/membership\/\" rel=\"noopener noreferrer\">Rejoignez l&#039;AWMAC<\/a><\/p>\n<\/div>\n<p><strong>Notre mission<\/strong><\/p>\n<p>AWMAC BC, un leader reconnu dans l&#039;industrie de la menuiserie architecturale, maintient les normes les plus \u00e9lev\u00e9es en mati\u00e8re d&#039;\u00e9ducation, de savoir-faire et de pratiques commerciales.<\/p>\n<p><strong>Nos objectifs<\/strong><\/p>\n<ul>\n<li>Promouvoir une qualit\u00e9 de fabrication sup\u00e9rieure \u00e0 travers nos normes de menuiserie architecturale<\/li>\n<li>Offrir aux membres des opportunit\u00e9s d&#039;accro\u00eetre leur expertise et leurs connaissances gr\u00e2ce \u00e0 des s\u00e9minaires, des ateliers et des programmes d&#039;apprentissage<\/li>\n<li>Promouvoir des normes \u00e9thiques \u00e9lev\u00e9es gr\u00e2ce \u00e0 un code d&#039;\u00e9thique et de pratiques commerciales<\/li>\n<li>Maintenir un programme de garantie qui assure la haute qualit\u00e9 des m\u00e9thodes, des mat\u00e9riaux et du travail de tous les membres<\/li>\n<li>Cr\u00e9er un forum d&#039;\u00e9change d&#039;id\u00e9es<\/li>\n<\/ul>\n<h2>Histoire<\/h2>\n<p>Afin de cr\u00e9er un climat plus favorable pour leur industrie, les exploitants de menuiserie de la r\u00e9gion de Vancouver ont fond\u00e9 la Mainland Millwork Association dans les ann\u00e9es 1920. Au d\u00e9but des ann\u00e9es 1960, la Millwork Contractors Association (MCA) a succ\u00e9d\u00e9 \u00e0 ce groupe. \u00c0 la fin des ann\u00e9es 1960, cette organisation a pris de l&#039;expansion \u00e0 l&#039;\u00e9chelle nationale pour devenir l&#039;Architectural Woodwork Manufacturers Association of Canada (AWMAC), avec des sections dans plusieurs provinces.<\/p>\n<p>En 1994, la section de la Colombie-Britannique a chang\u00e9 de nom, passant de MCA \u00e0 Millwork Manufacturers Association of BC (MMABC). En 1997, elle est devenue l&#039;Architectural Manufacturers Association (AWMA). Son dernier changement de nom, l&#039;Architectural Woodwork Manufacturers Association of Canada British Columbia Chapter (AWMAC BC), a eu lieu en 2007.<\/p>\n<p>Aujourd&#039;hui, l&#039;objectif de la section Colombie-Britannique de l&#039;Architectural Woodwork Manufacturers Association of Canada est de b\u00e2tir une industrie du bois cr\u00e9dible et prosp\u00e8re au Canada en :<\/p>\n<ul>\n<li>Promouvoir des relations et des partenariats solides entre les membres de l\u2019industrie, les fournisseurs, les entrepreneurs g\u00e9n\u00e9raux et commerciaux, les architectes, les concepteurs architecturaux et les propri\u00e9taires ;<\/li>\n<li>Normalisation des m\u00e9thodes de fabrication et d\u2019installation; et,<\/li>\n<li>Soutenir l\u2019\u00e9ducation et la mise \u00e0 niveau des comp\u00e9tences au sein de l\u2019industrie.<\/li>\n<\/ul>\n<p><a name=\"contact\"><\/a><\/p>\n<h2>Contact<\/h2>\n<p><strong>Bureau du chapitre AWMAC de la Colombie-Britannique<\/strong><br \/>\n101 \u2013 4238, avenue Lozells.<br \/>\nBurnaby (Colombie-Britannique) V5A 0C4<br \/>\n604-298-3555<br \/>\n<a href=\"mailto:info.bc@awmac.com\">info.bc@awmac.com<\/a><\/p>\n<p>Heures<br \/>\nDu lundi au vendredi de 8h \u00e0 16h.<\/p>","protected":false},"excerpt":{"rendered":"<p>La r\u00e9putation et la cr\u00e9dibilit\u00e9 sont essentielles \u00e0 la r\u00e9ussite des entreprises. AWMAC BC s&#039;efforce constamment de renforcer les normes de l&#039;industrie et d&#039;am\u00e9liorer la qualit\u00e9\u2026<\/p>","protected":false},"author":1,"featured_media":0,"parent":75,"menu_order":0,"comment_status":"closed","ping_status":"closed","template":"chapters-sub.php","meta":{"_acf_changed":false,"inline_featured_image":false,"_price":"","_stock":"","_tribe_ticket_header":"","_tribe_default_ticket_provider":"","_tribe_ticket_capacity":"0","_ticket_start_date":"","_ticket_end_date":"","_tribe_ticket_show_description":"","_tribe_ticket_show_not_going":false,"_tribe_ticket_use_global_stock":"","_tribe_ticket_global_stock_level":"","_global_stock_mode":"","_global_stock_cap":"","_tribe_rsvp_for_event":"","_tribe_ticket_going_count":"","_tribe_ticket_not_going_count":"","_tribe_tickets_list":"[]","_tribe_ticket_has_attendee_info_fields":false,"footnotes":"","_tec_slr_enabled":"","_tec_slr_layout":""},"class_list":["post-63","page","type-page","status-publish","hentry"],"acf":[],"ticketed":false,"_links":{"self":[{"href":"https:\/\/awmac.com\/fr\/wp-json\/wp\/v2\/pages\/63","targetHints":{"allow":["GET"]}}],"collection":[{"href":"https:\/\/awmac.com\/fr\/wp-json\/wp\/v2\/pages"}],"about":[{"href":"https:\/\/awmac.com\/fr\/wp-json\/wp\/v2\/types\/page"}],"author":[{"embeddable":true,"href":"https:\/\/awmac.com\/fr\/wp-json\/wp\/v2\/users\/1"}],"replies":[{"embeddable":true,"href":"https:\/\/awmac.com\/fr\/wp-json\/wp\/v2\/comments?post=63"}],"version-history":[{"count":11,"href":"https:\/\/awmac.com\/fr\/wp-json\/wp\/v2\/pages\/63\/revisions"}],"predecessor-version":[{"id":7428,"href":"https:\/\/awmac.com\/fr\/wp-json\/wp\/v2\/pages\/63\/revisions\/7428"}],"up":[{"embeddable":true,"href":"https:\/\/awmac.com\/fr\/wp-json\/wp\/v2\/pages\/75"}],"wp:attachment":[{"href":"https:\/\/awmac.com\/fr\/wp-json\/wp\/v2\/media?parent=63"}],"curies":[{"name":"wp","href":"https:\/\/api.w.org\/{rel}","templated":true}]}}