{"id":60,"date":"2019-12-17T07:40:15","date_gmt":"2019-12-17T07:40:15","guid":{"rendered":"https:\/\/awmac.com\/?page_id=60"},"modified":"2026-04-17T12:07:39","modified_gmt":"2026-04-17T19:07:39","slug":"northern-alberta","status":"publish","type":"page","link":"https:\/\/awmac.com\/fr\/chapters\/northern-alberta\/","title":{"rendered":"Nord de l&#039;Alberta"},"content":{"rendered":"<p>La section du nord de l&#039;Alberta de l&#039;AWMAC est une association de fabricants, de fournisseurs, de concepteurs et d&#039;\u00e9ducateurs de menuiserie du nord de l&#039;Alberta.<\/p>\n<p><a class=\"buttonRed small mt-3\" href=\"\/fr\/membership\/\" rel=\"noopener noreferrer\">Rejoignez l&#039;AWMAC<\/a><\/p>\n<h2>Objectifs<\/h2>\n<ul>\n<li>Promouvoir les int\u00e9r\u00eats des entit\u00e9s ou des personnes engag\u00e9es dans l&#039;industrie et l&#039;activit\u00e9 de fourniture, de fabrication et d&#039;installation de produits de menuiserie architecturale et de produits similaires \u00e0 l&#039;int\u00e9rieur et\/ou \u00e0 l&#039;exportation depuis la fronti\u00e8re r\u00e9gionale ;<\/li>\n<li>Fournir des informations et une assistance \u00e0 ses membres et aux entit\u00e9s ou personnes traitant avec l&#039;industrie, y compris les professionnels de la conception, les entrepreneurs et les fabricants ;<\/li>\n<li>\u00c9tablir, promouvoir et maintenir des normes de qualit\u00e9 en mati\u00e8re de menuiserie;<\/li>\n<li>\u00c9tablir des normes commerciales \u00e9thiques et des pratiques commerciales uniformes au sein de l\u2019industrie\u00a0;<\/li>\n<li>Contribuer de toutes les mani\u00e8res possibles \u00e0 l\u2019am\u00e9lioration des relations publiques de l\u2019industrie;<\/li>\n<li>Promouvoir une liaison \u00e9troite entre les membres, les fournisseurs, les autres m\u00e9tiers, les entrepreneurs g\u00e9n\u00e9raux, les architectes, les ing\u00e9nieurs, les fournisseurs et le grand public;<\/li>\n<li>Aider les membres \u00e0 d\u00e9velopper et \u00e0 \u00e9largir de meilleures relations entre employ\u00e9s et employeurs afin de garantir que l&#039;industrie maintienne un niveau \u00e9lev\u00e9 de travailleurs comp\u00e9tents et satisfaits pour atteindre une efficacit\u00e9 maximale ;<\/li>\n<li>Formuler et encourager des programmes d\u2019\u00e9ducation pour la formation des menuisiers architecturaux afin que l\u2019industrie puisse b\u00e9n\u00e9ficier de m\u00e9thodes am\u00e9lior\u00e9es et de comp\u00e9tences accrues ;<\/li>\n<li>Cr\u00e9er des programmes et d\u00e9fendre des normes de fabrication qui encouragent et favorisent la s\u00e9curit\u00e9 et les meilleures pratiques dans le secteur de la menuiserie architecturale\u00a0;<\/li>\n<li>Promouvoir l\u2019\u00e9ducation du public et des membres de la Soci\u00e9t\u00e9 en ce qui concerne le secteur de la menuiserie architecturale et les meilleures pratiques qui s\u2019y rapportent ;<\/li>\n<li>Financer des normes et des recherches sp\u00e9cifiques \u00e0 la fabrication ou au travail du bois concernant le secteur de la menuiserie architecturale et les meilleures pratiques ;<\/li>\n<li>Promouvoir, encourager et d\u00e9fendre la l\u00e9gislation et la r\u00e9glementation de l\u2019industrie du bois pour le bien g\u00e9n\u00e9ral de tous ;<\/li>\n<li>Organiser des conf\u00e9rences, des r\u00e9unions et des expositions pour discuter du travail du bois et des probl\u00e8mes qui l\u2019affectent ;<\/li>\n<li>Engager, engager ou autrement garantir les services d&#039;entit\u00e9s ou de personnes pour promouvoir et r\u00e9aliser les objets de la Soci\u00e9t\u00e9\u00a0;<\/li>\n<li>Collecter des fonds par tous moyens autoris\u00e9s par la Loi afin d&#039;atteindre les objectifs de la Soci\u00e9t\u00e9. Cela comprend l&#039;acceptation de dons, de subventions, de legs et d&#039;h\u00e9ritages\u00a0;<\/li>\n<li>Emprunter des fonds et louer, hypoth\u00e9quer, vendre et ali\u00e9ner les biens de la Soci\u00e9t\u00e9 et \u00e9tablir une ligne de cr\u00e9dit pour atteindre les objectifs de la Soci\u00e9t\u00e9 ;<\/li>\n<li>Soutenir les membres de la Soci\u00e9t\u00e9; et<\/li>\n<li>Fournir de temps \u00e0 autre des services suppl\u00e9mentaires jug\u00e9s opportuns pour la protection et la promotion des meilleurs int\u00e9r\u00eats des Membres.<\/li>\n<\/ul>\n<p><a name=\"contact\"><\/a><\/p>\n<h2>Contact<\/h2>\n<p>Bureau de la section nord de l&#039;Alberta de l&#039;AWMAC<br \/>\n<a href=\"mailto:northernalberta@awmac.com\">northernalberta@awmac.com<\/a><\/p>\n<p>Bo\u00eete postale 5445<br \/>\nDEVON STN MAIN, AB<br \/>\nT9G 1Y2<br \/>\n780-937-1187<\/p>\n<p>Repr\u00e9sentant SIG :<br \/>\nAmanda Hill<br \/>\n780-937-1187<br \/>\n<a href=\"mailto:gis.northernalberta@awmac.com\">gis.northernalberta@awmac.com<\/a><\/p>","protected":false},"excerpt":{"rendered":"<p>La section nord de l&#039;Alberta de l&#039;AWMAC est une association de fabricants, fournisseurs, concepteurs et formateurs en menuiserie du nord de l&#039;Alberta. Rejoignez l&#039;AWMAC\u00a0! Objectifs\u2026<\/p>","protected":false},"author":1,"featured_media":0,"parent":75,"menu_order":0,"comment_status":"closed","ping_status":"closed","template":"chapters-sub.php","meta":{"_acf_changed":false,"inline_featured_image":false,"_price":"","_stock":"","_tribe_ticket_header":"","_tribe_default_ticket_provider":"TEC\\Tickets\\Commerce\\Module","_tribe_ticket_capacity":"0","_ticket_start_date":"","_ticket_end_date":"","_tribe_ticket_show_description":"","_tribe_ticket_show_not_going":false,"_tribe_ticket_use_global_stock":"","_tribe_ticket_global_stock_level":"","_global_stock_mode":"","_global_stock_cap":"","_tribe_rsvp_for_event":"","_tribe_ticket_going_count":"","_tribe_ticket_not_going_count":"","_tribe_tickets_list":"[]","_tribe_ticket_has_attendee_info_fields":false,"footnotes":"","_tec_slr_enabled":"","_tec_slr_layout":""},"class_list":["post-60","page","type-page","status-publish","hentry"],"acf":[],"ticketed":false,"_links":{"self":[{"href":"https:\/\/awmac.com\/fr\/wp-json\/wp\/v2\/pages\/60","targetHints":{"allow":["GET"]}}],"collection":[{"href":"https:\/\/awmac.com\/fr\/wp-json\/wp\/v2\/pages"}],"about":[{"href":"https:\/\/awmac.com\/fr\/wp-json\/wp\/v2\/types\/page"}],"author":[{"embeddable":true,"href":"https:\/\/awmac.com\/fr\/wp-json\/wp\/v2\/users\/1"}],"replies":[{"embeddable":true,"href":"https:\/\/awmac.com\/fr\/wp-json\/wp\/v2\/comments?post=60"}],"version-history":[{"count":11,"href":"https:\/\/awmac.com\/fr\/wp-json\/wp\/v2\/pages\/60\/revisions"}],"predecessor-version":[{"id":10889,"href":"https:\/\/awmac.com\/fr\/wp-json\/wp\/v2\/pages\/60\/revisions\/10889"}],"up":[{"embeddable":true,"href":"https:\/\/awmac.com\/fr\/wp-json\/wp\/v2\/pages\/75"}],"wp:attachment":[{"href":"https:\/\/awmac.com\/fr\/wp-json\/wp\/v2\/media?parent=60"}],"curies":[{"name":"wp","href":"https:\/\/api.w.org\/{rel}","templated":true}]}}