{"id":57,"date":"2019-12-17T07:40:03","date_gmt":"2019-12-17T07:40:03","guid":{"rendered":"https:\/\/awmac.com\/?page_id=57"},"modified":"2024-03-08T10:33:29","modified_gmt":"2024-03-08T17:33:29","slug":"southern-alberta","status":"publish","type":"page","link":"https:\/\/awmac.com\/fr\/chapters\/southern-alberta\/","title":{"rendered":"Sud de l&#039;Alberta"},"content":{"rendered":"<div class=\"Atlantic_Styles\">\n<p>La section du Sud de l&#039;Alberta de l&#039;AWMAC est une association de fabricants, de fournisseurs, de concepteurs et d&#039;enseignants en menuiserie du sud de l&#039;Alberta. Nous nous engageons \u00e0 promouvoir les personnes, les entreprises et les soci\u00e9t\u00e9s qui fabriquent, fournissent et installent des produits architecturaux en bois au Canada.<br \/>\n<a class=\"buttonRed small mt-3\" href=\"\/fr\/membership\/\" rel=\"noopener noreferrer\">Rejoignez l&#039;AWMAC<\/a><\/p>\n<\/div>\n<div class=\"Atlantic_Styles\">\n<p><a name=\"contact\"><\/a><\/p>\n<h2>Contact<\/h2>\n<p>Bureau de l&#039;AWMAC du sud de l&#039;Alberta<br \/>\nBo\u00eete postale 64275<br \/>\nBureau de repr\u00e9sentation de Calgary, Thorncliffe (Alberta), T2K 6J1<br \/>\n403-264-5979<br \/>\n<a href=\"mailto:southernalberta@awmac.com\">southernalberta@awmac.com<\/a><\/p>\n<p>Heures<br \/>\nSur rendez-vous, veuillez appeler le 403-264-5979<\/p>\n<p>SIG<br \/>\n403-264-5979<br \/>\n<a href=\"mailto:gis-southernalberta@awmac.com\">gis-southernalberta@awmac.com<\/a><\/p>\n<\/div>","protected":false},"excerpt":{"rendered":"<p>La section sud de l&#039;Alberta de l&#039;AWMAC est une association de fabricants, de fournisseurs, de concepteurs et de formateurs en menuiserie du sud de l&#039;Alberta. Nous nous engageons\u2026<\/p>","protected":false},"author":1,"featured_media":0,"parent":75,"menu_order":0,"comment_status":"closed","ping_status":"closed","template":"chapters-sub.php","meta":{"_acf_changed":false,"inline_featured_image":false,"_price":"","_stock":"","_tribe_ticket_header":"","_tribe_default_ticket_provider":"","_tribe_ticket_capacity":"0","_ticket_start_date":"","_ticket_end_date":"","_tribe_ticket_show_description":"","_tribe_ticket_show_not_going":false,"_tribe_ticket_use_global_stock":"","_tribe_ticket_global_stock_level":"","_global_stock_mode":"","_global_stock_cap":"","_tribe_rsvp_for_event":"","_tribe_ticket_going_count":"","_tribe_ticket_not_going_count":"","_tribe_tickets_list":"[]","_tribe_ticket_has_attendee_info_fields":false,"footnotes":"","_tec_slr_enabled":"","_tec_slr_layout":""},"class_list":["post-57","page","type-page","status-publish","hentry"],"acf":[],"ticketed":false,"_links":{"self":[{"href":"https:\/\/awmac.com\/fr\/wp-json\/wp\/v2\/pages\/57","targetHints":{"allow":["GET"]}}],"collection":[{"href":"https:\/\/awmac.com\/fr\/wp-json\/wp\/v2\/pages"}],"about":[{"href":"https:\/\/awmac.com\/fr\/wp-json\/wp\/v2\/types\/page"}],"author":[{"embeddable":true,"href":"https:\/\/awmac.com\/fr\/wp-json\/wp\/v2\/users\/1"}],"replies":[{"embeddable":true,"href":"https:\/\/awmac.com\/fr\/wp-json\/wp\/v2\/comments?post=57"}],"version-history":[{"count":11,"href":"https:\/\/awmac.com\/fr\/wp-json\/wp\/v2\/pages\/57\/revisions"}],"predecessor-version":[{"id":9068,"href":"https:\/\/awmac.com\/fr\/wp-json\/wp\/v2\/pages\/57\/revisions\/9068"}],"up":[{"embeddable":true,"href":"https:\/\/awmac.com\/fr\/wp-json\/wp\/v2\/pages\/75"}],"wp:attachment":[{"href":"https:\/\/awmac.com\/fr\/wp-json\/wp\/v2\/media?parent=57"}],"curies":[{"name":"wp","href":"https:\/\/api.w.org\/{rel}","templated":true}]}}