{"id":54,"date":"2019-12-17T07:39:38","date_gmt":"2019-12-17T07:39:38","guid":{"rendered":"https:\/\/awmac.com\/?page_id=54"},"modified":"2025-02-06T06:49:03","modified_gmt":"2025-02-06T13:49:03","slug":"saskatchewan","status":"publish","type":"page","link":"https:\/\/awmac.com\/fr\/chapters\/saskatchewan\/","title":{"rendered":"Saskatchewan"},"content":{"rendered":"<div class=\"Atlantic_Styles\">\n<p><strong>Rejoignez le chapitre AWMAC Saskatchewan : \u00e9levez votre art !<\/strong><\/p>\n<p>Depuis sa cr\u00e9ation en janvier 2001, la section Saskatchewan de l&#039;AWMAC est fi\u00e8rement issue de la Saskatchewan Millwork Association, fond\u00e9e en 1973. Notre mission ind\u00e9fectible\u00a0? D\u00e9fendre les int\u00e9r\u00eats de tous ceux qui participent \u00e0 la fabrication, \u00e0 la fourniture et \u00e0 l&#039;installation de produits architecturaux en bois.<\/p>\n<p>Ce qui a d\u00e9but\u00e9 avec seulement six membres est devenu un puissant r\u00e9seau national de plus de 400 professionnels de l&#039;industrie d&#039;un oc\u00e9an \u00e0 l&#039;autre. Nous sommes la ressource incontournable pour les architectes, les entrepreneurs, les r\u00e9dacteurs de devis, les fournisseurs et les fabricants qui souhaitent prosp\u00e9rer dans le secteur du bois architectural.<\/p>\n<p><strong>Pourquoi nous rejoindre?<\/strong><\/p>\n<p><strong>\u00b7 Connectez-vous et collaborez :<\/strong> Participez \u00e0 nos r\u00e9unions biannuelles pour r\u00e9seauter avec des d\u00e9cideurs et des leaders du secteur. Participez \u00e0 des discussions enrichissantes sur les tendances actuelles et les d\u00e9fis communs.<\/p>\n<p><strong>\u00b7 Gardez une longueur d\u2019avance :<\/strong> B\u00e9n\u00e9ficiez d\u2019un acc\u00e8s exclusif aux mises \u00e0 jour de pointe et aux meilleures pratiques qui maintiennent votre entreprise comp\u00e9titive.<\/p>\n<p><strong>\u00b7 S&#039;engager envers l&#039;excellence :<\/strong> Nos membres adh\u00e8rent aux normes nord-am\u00e9ricaines de menuiserie architecturale (NAAWS) et garantissent un savoir-faire et une int\u00e9grit\u00e9 de premier ordre gr\u00e2ce au service de garantie et d&#039;inspection (GIS) de l&#039;AWMAC.<\/p>\n<p>Rejoignez une communaut\u00e9 distingu\u00e9e qui valorise le travail de qualit\u00e9 et l&#039;innovation\u00a0! Rejoignez la section Saskatchewan de l&#039;AWMAC d\u00e8s aujourd&#039;hui et aidez-nous \u00e0 fa\u00e7onner l&#039;avenir de la menuiserie architecturale au Canada. Votre chemin vers l&#039;excellence commence ici\u00a0!<\/p>\n<p><a class=\"buttonRed small mt-3\" href=\"\/fr\/membership\/\" rel=\"noopener noreferrer\">Rejoignez l&#039;AWMAC<\/a><\/p>\n<p><a name=\"contact\"><\/a><\/p>\n<h2>Contact<\/h2>\n<p>Bureau de l&#039;AWMAC en Saskatchewan<br \/>\n<a href=\"https:\/\/awmac.com\/fr\/chapters\/saskatchewan\/board-staff\/\">Kasia Robinson<\/a><br \/>\nBo\u00eete postale 26032, Lawson Height PO<br \/>\nSaskatoon (Saskatchewan) S7K 8C1<br \/>\n306.227.5778<br \/>\n<a href=\"mailto:saskatchewan@awmac.com\">saskatchewan@awmac.com<\/a><\/p>\n<p>Contact SIG<br \/>\nJustin Elliott<br \/>\n<a href=\"mailto:justin@northforty.ca\">justin@northforty.ca<\/a><\/p>\n<\/div>","protected":false},"excerpt":{"rendered":"<p>Rejoignez la section AWMAC de la Saskatchewan\u00a0: perfectionnez votre art\u00a0! Depuis sa cr\u00e9ation en janvier\u00a02001, la section AWMAC de la Saskatchewan est fi\u00e8re de\u2026<\/p>","protected":false},"author":1,"featured_media":0,"parent":75,"menu_order":0,"comment_status":"closed","ping_status":"closed","template":"chapters-sub.php","meta":{"_acf_changed":false,"inline_featured_image":false,"_price":"","_stock":"","_tribe_ticket_header":"","_tribe_default_ticket_provider":"TEC\\Tickets\\Commerce\\Module","_tribe_ticket_capacity":"0","_ticket_start_date":"","_ticket_end_date":"","_tribe_ticket_show_description":"","_tribe_ticket_show_not_going":false,"_tribe_ticket_use_global_stock":"","_tribe_ticket_global_stock_level":"","_global_stock_mode":"","_global_stock_cap":"","_tribe_rsvp_for_event":"","_tribe_ticket_going_count":"","_tribe_ticket_not_going_count":"","_tribe_tickets_list":"[]","_tribe_ticket_has_attendee_info_fields":false,"footnotes":"","_tec_slr_enabled":"","_tec_slr_layout":""},"class_list":["post-54","page","type-page","status-publish","hentry"],"acf":[],"ticketed":false,"_links":{"self":[{"href":"https:\/\/awmac.com\/fr\/wp-json\/wp\/v2\/pages\/54","targetHints":{"allow":["GET"]}}],"collection":[{"href":"https:\/\/awmac.com\/fr\/wp-json\/wp\/v2\/pages"}],"about":[{"href":"https:\/\/awmac.com\/fr\/wp-json\/wp\/v2\/types\/page"}],"author":[{"embeddable":true,"href":"https:\/\/awmac.com\/fr\/wp-json\/wp\/v2\/users\/1"}],"replies":[{"embeddable":true,"href":"https:\/\/awmac.com\/fr\/wp-json\/wp\/v2\/comments?post=54"}],"version-history":[{"count":11,"href":"https:\/\/awmac.com\/fr\/wp-json\/wp\/v2\/pages\/54\/revisions"}],"predecessor-version":[{"id":9872,"href":"https:\/\/awmac.com\/fr\/wp-json\/wp\/v2\/pages\/54\/revisions\/9872"}],"up":[{"embeddable":true,"href":"https:\/\/awmac.com\/fr\/wp-json\/wp\/v2\/pages\/75"}],"wp:attachment":[{"href":"https:\/\/awmac.com\/fr\/wp-json\/wp\/v2\/media?parent=54"}],"curies":[{"name":"wp","href":"https:\/\/api.w.org\/{rel}","templated":true}]}}