{"id":51,"date":"2019-12-17T07:39:16","date_gmt":"2019-12-17T07:39:16","guid":{"rendered":"https:\/\/awmac.com\/?page_id=51"},"modified":"2024-06-19T09:02:25","modified_gmt":"2024-06-19T16:02:25","slug":"manitoba","status":"publish","type":"page","link":"https:\/\/awmac.com\/fr\/chapters\/manitoba\/","title":{"rendered":"Manitoba"},"content":{"rendered":"<div class=\"Atlantic_Styles\">\n<p>La section manitobaine de l&#039;AWMAC est une association de fabricants, de fournisseurs, de concepteurs et d&#039;enseignants en menuiserie de la province du Manitoba. Nous nous engageons \u00e0 promouvoir les personnes, les entreprises et les soci\u00e9t\u00e9s qui fabriquent, fournissent et installent des produits architecturaux en bois au Canada.<\/p>\n<p><a class=\"buttonRed small mt-3\" href=\"\/fr\/membership\/\" rel=\"noopener noreferrer\">Rejoignez l&#039;AWMAC<\/a><\/p>\n<p><a name=\"contact\"><\/a><\/p>\n<h2>Contact<\/h2>\n<p>Bureau de l&#039;AWMAC au Manitoba<br \/>\n1447, rue Waverly<br \/>\nWinnipeg (Manitoba) R3T 0P7<br \/>\n204-471-7799<br \/>\n<a href=\"mailto:manitoba@awmac.com\">manitoba@awmac.com<\/a><\/p>\n<p>SIG<\/p>\n<p>Stephen Lamoureux<br \/>\n<a href=\"mailto:gis.mb@awmac.com\">gis.mb@awmac.com<\/a><\/p>\n<\/div>","protected":false},"excerpt":{"rendered":"<p>La section manitobaine de l&#039;AWMAC est une association regroupant des fabricants, des fournisseurs, des concepteurs et des formateurs en travail du bois de la province du Manitoba. Nous sommes\u2026<\/p>","protected":false},"author":1,"featured_media":0,"parent":75,"menu_order":0,"comment_status":"closed","ping_status":"closed","template":"chapters-sub.php","meta":{"_acf_changed":false,"inline_featured_image":false,"_price":"","_stock":"","_tribe_ticket_header":"","_tribe_default_ticket_provider":"","_tribe_ticket_capacity":"0","_ticket_start_date":"","_ticket_end_date":"","_tribe_ticket_show_description":"","_tribe_ticket_show_not_going":false,"_tribe_ticket_use_global_stock":"","_tribe_ticket_global_stock_level":"","_global_stock_mode":"","_global_stock_cap":"","_tribe_rsvp_for_event":"","_tribe_ticket_going_count":"","_tribe_ticket_not_going_count":"","_tribe_tickets_list":"[]","_tribe_ticket_has_attendee_info_fields":false,"footnotes":"","_tec_slr_enabled":"","_tec_slr_layout":""},"class_list":["post-51","page","type-page","status-publish","hentry"],"acf":[],"ticketed":false,"_links":{"self":[{"href":"https:\/\/awmac.com\/fr\/wp-json\/wp\/v2\/pages\/51","targetHints":{"allow":["GET"]}}],"collection":[{"href":"https:\/\/awmac.com\/fr\/wp-json\/wp\/v2\/pages"}],"about":[{"href":"https:\/\/awmac.com\/fr\/wp-json\/wp\/v2\/types\/page"}],"author":[{"embeddable":true,"href":"https:\/\/awmac.com\/fr\/wp-json\/wp\/v2\/users\/1"}],"replies":[{"embeddable":true,"href":"https:\/\/awmac.com\/fr\/wp-json\/wp\/v2\/comments?post=51"}],"version-history":[{"count":10,"href":"https:\/\/awmac.com\/fr\/wp-json\/wp\/v2\/pages\/51\/revisions"}],"predecessor-version":[{"id":9242,"href":"https:\/\/awmac.com\/fr\/wp-json\/wp\/v2\/pages\/51\/revisions\/9242"}],"up":[{"embeddable":true,"href":"https:\/\/awmac.com\/fr\/wp-json\/wp\/v2\/pages\/75"}],"wp:attachment":[{"href":"https:\/\/awmac.com\/fr\/wp-json\/wp\/v2\/media?parent=51"}],"curies":[{"name":"wp","href":"https:\/\/api.w.org\/{rel}","templated":true}]}}