{"id":4967,"date":"2022-01-17T12:22:24","date_gmt":"2022-01-17T19:22:24","guid":{"rendered":"https:\/\/awmac.com\/?page_id=4967"},"modified":"2022-01-17T12:22:24","modified_gmt":"2022-01-17T19:22:24","slug":"advantages-program","status":"publish","type":"page","link":"https:\/\/awmac.com\/fr\/chapters\/southern-alberta\/advantages-program\/","title":{"rendered":"Programme Avantages"},"content":{"rendered":"<h1>PROGRAMME AVANTAGES<\/h1>\n<p>L&#039;AWMAC du Sud de l&#039;Alberta est fi\u00e8re d&#039;annoncer son partenariat avec les entreprises suivantes pour offrir des rabais et avantages exclusifs \u00e0 ses membres et \u00e0 leurs employ\u00e9s. Consultez ci-dessous la liste des \u00e9conomies dont vous pouvez b\u00e9n\u00e9ficier en tant que membre de l&#039;AWMAC du Sud de l&#039;Alberta\u00a0!<\/p>\n<p>Pour plus d&#039;informations sur la fa\u00e7on d&#039;acc\u00e9der \u00e0 ces \u00e9conomies, veuillez contacter le bureau du SAB par e-mail\u00a0<a href=\"mailto:southernalberta@awmac.com\" target=\"_blank\" rel=\"noopener noreferrer\" data-auth=\"NotApplicable\" data-linkindex=\"2\">southernalberta@awmac.com<\/a><\/p>","protected":false},"excerpt":{"rendered":"<p>ADVANTAGES PROGRAM AWMAC Southern Alberta is proud to announce that it has partnered with the following companies to offer exclusive&#8230;<\/p>","protected":false},"author":208,"featured_media":0,"parent":57,"menu_order":0,"comment_status":"closed","ping_status":"closed","template":"chapters-sub.php","meta":{"_acf_changed":false,"inline_featured_image":false,"_price":"","_stock":"","_tribe_ticket_header":"","_tribe_default_ticket_provider":"","_tribe_ticket_capacity":"0","_ticket_start_date":"","_ticket_end_date":"","_tribe_ticket_show_description":"","_tribe_ticket_show_not_going":false,"_tribe_ticket_use_global_stock":"","_tribe_ticket_global_stock_level":"","_global_stock_mode":"","_global_stock_cap":"","_tribe_rsvp_for_event":"","_tribe_ticket_going_count":"","_tribe_ticket_not_going_count":"","_tribe_tickets_list":"[]","_tribe_ticket_has_attendee_info_fields":false,"footnotes":"","_tec_slr_enabled":"","_tec_slr_layout":""},"class_list":["post-4967","page","type-page","status-publish","hentry"],"acf":[],"ticketed":false,"_links":{"self":[{"href":"https:\/\/awmac.com\/fr\/wp-json\/wp\/v2\/pages\/4967","targetHints":{"allow":["GET"]}}],"collection":[{"href":"https:\/\/awmac.com\/fr\/wp-json\/wp\/v2\/pages"}],"about":[{"href":"https:\/\/awmac.com\/fr\/wp-json\/wp\/v2\/types\/page"}],"author":[{"embeddable":true,"href":"https:\/\/awmac.com\/fr\/wp-json\/wp\/v2\/users\/208"}],"replies":[{"embeddable":true,"href":"https:\/\/awmac.com\/fr\/wp-json\/wp\/v2\/comments?post=4967"}],"version-history":[{"count":2,"href":"https:\/\/awmac.com\/fr\/wp-json\/wp\/v2\/pages\/4967\/revisions"}],"predecessor-version":[{"id":4969,"href":"https:\/\/awmac.com\/fr\/wp-json\/wp\/v2\/pages\/4967\/revisions\/4969"}],"up":[{"embeddable":true,"href":"https:\/\/awmac.com\/fr\/wp-json\/wp\/v2\/pages\/57"}],"wp:attachment":[{"href":"https:\/\/awmac.com\/fr\/wp-json\/wp\/v2\/media?parent=4967"}],"curies":[{"name":"wp","href":"https:\/\/api.w.org\/{rel}","templated":true}]}}