{"id":4879,"date":"2021-11-26T15:56:11","date_gmt":"2021-11-26T22:56:11","guid":{"rendered":"https:\/\/awmac.com\/?page_id=4879"},"modified":"2021-11-26T15:56:53","modified_gmt":"2021-11-26T22:56:53","slug":"awards-recognition-2020","status":"publish","type":"page","link":"https:\/\/awmac.com\/fr\/chapters\/saskatchewan\/awards-recognition-2020\/","title":{"rendered":"Prix et distinctions 2020"},"content":{"rendered":"<h3>Prix AWMAC SK 2020<\/h3>\n<p>Pr\u00e9sent\u00e9 par la section de la Saskatchewan de l&#039;AWMAC.<\/p>\n<img decoding=\"async\" class=\"alignleft wp-image-3752\" src=\"https:\/\/awmac.com\/wp-content\/uploads\/2020\/11\/2020_GIS_Sponsor_Formations-300x200.jpg\" alt=\"\" width=\"87\" height=\"58\" srcset=\"https:\/\/awmac.com\/wp-content\/uploads\/2020\/11\/2020_GIS_Sponsor_Formations-300x200.jpg 300w, https:\/\/awmac.com\/wp-content\/uploads\/2020\/11\/2020_GIS_Sponsor_Formations-1024x683.jpg 1024w, https:\/\/awmac.com\/wp-content\/uploads\/2020\/11\/2020_GIS_Sponsor_Formations-768x512.jpg 768w, https:\/\/awmac.com\/wp-content\/uploads\/2020\/11\/2020_GIS_Sponsor_Formations-1536x1024.jpg 1536w, https:\/\/awmac.com\/wp-content\/uploads\/2020\/11\/2020_GIS_Sponsor_Formations-600x400.jpg 600w, https:\/\/awmac.com\/wp-content\/uploads\/2020\/11\/2020_GIS_Sponsor_Formations.jpg 1800w\" sizes=\"(max-width: 87px) 100vw, 87px\" \/>\n<h3><\/h3>\n<h3><\/h3>\n<h3>Projet de service d&#039;inspection de garantie (SIG)<\/h3>\n<p>Ce prix est d\u00e9cern\u00e9 \u00e0 un projet commercial r\u00e9alis\u00e9 par un membre de l&#039;AWMAC lorsque le service d&#039;inspection de garantie (GIS) a \u00e9t\u00e9 sp\u00e9cifi\u00e9 par l&#039;autorit\u00e9 de conception. <a href=\"https:\/\/awmac.com\/fr\/gis\/\">Pour en savoir plus sur les SIG, cliquez ici.\u00a0<\/a><\/p>\n<figure id=\"attachment_3751\" aria-describedby=\"caption-attachment-3751\" style=\"width: 300px\" class=\"wp-caption alignleft\"><img decoding=\"async\" class=\"wp-image-3751 size-medium\" src=\"https:\/\/awmac.com\/wp-content\/uploads\/2020\/11\/2020-GIS2-1-300x200.jpg\" alt=\"\" width=\"300\" height=\"200\" srcset=\"https:\/\/awmac.com\/wp-content\/uploads\/2020\/11\/2020-GIS2-1-300x200.jpg 300w, https:\/\/awmac.com\/wp-content\/uploads\/2020\/11\/2020-GIS2-1-1024x683.jpg 1024w, https:\/\/awmac.com\/wp-content\/uploads\/2020\/11\/2020-GIS2-1-768x512.jpg 768w, https:\/\/awmac.com\/wp-content\/uploads\/2020\/11\/2020-GIS2-1-1536x1024.jpg 1536w, https:\/\/awmac.com\/wp-content\/uploads\/2020\/11\/2020-GIS2-1-600x400.jpg 600w, https:\/\/awmac.com\/wp-content\/uploads\/2020\/11\/2020-GIS2-1.jpg 1800w\" sizes=\"(max-width: 300px) 100vw, 300px\" \/><figcaption id=\"caption-attachment-3751\" class=\"wp-caption-text\">MLT Aikins \u2013 <strong>Projet gagnant\u00a0<\/strong><\/figcaption><\/figure>\n<figure id=\"attachment_3750\" aria-describedby=\"caption-attachment-3750\" style=\"width: 300px\" class=\"wp-caption alignleft\"><img decoding=\"async\" class=\"wp-image-3750 size-medium\" src=\"https:\/\/awmac.com\/wp-content\/uploads\/2020\/11\/2020-GIS1-1-300x200.jpg\" alt=\"\" width=\"300\" height=\"200\" srcset=\"https:\/\/awmac.com\/wp-content\/uploads\/2020\/11\/2020-GIS1-1-300x200.jpg 300w, https:\/\/awmac.com\/wp-content\/uploads\/2020\/11\/2020-GIS1-1-1024x683.jpg 1024w, https:\/\/awmac.com\/wp-content\/uploads\/2020\/11\/2020-GIS1-1-768x512.jpg 768w, https:\/\/awmac.com\/wp-content\/uploads\/2020\/11\/2020-GIS1-1-1536x1024.jpg 1536w, https:\/\/awmac.com\/wp-content\/uploads\/2020\/11\/2020-GIS1-1-600x400.jpg 600w, https:\/\/awmac.com\/wp-content\/uploads\/2020\/11\/2020-GIS1-1.jpg 1800w\" sizes=\"(max-width: 300px) 100vw, 300px\" \/><figcaption id=\"caption-attachment-3750\" class=\"wp-caption-text\">\u00c9cole Rosthern<\/figcaption><\/figure>\n<p><span class=\"TextRun SCXW11371763 BCX0\" lang=\"EN-CA\" xml:lang=\"EN-CA\" data-contrast=\"auto\"><span class=\"NormalTextRun SCXW11371763 BCX0\">\u00a0 \u00a0 \u00a0 <\/span><\/span><span class=\"EOP SCXW11371763 BCX0\" data-ccp-props=\"{&quot;201341983&quot;:0,&quot;335551550&quot;:2,&quot;335551620&quot;:2,&quot;335559740&quot;:259}\">\u00a0 \u00a0 \u00a0 \u00a0 \u00a0 \u00a0 \u00a0 \u00a0 \u00a0 \u00a0 \u00a0 \u00a0 \u00a0 \u00a0 \u00a0 \u00a0\u00a0<\/span><\/p>\n<h3><\/h3>\n<h3><\/h3>\n<h3><\/h3>\n<h3><\/h3>\n<h3><\/h3>\n<h3>Grand projet commercial<\/h3>\n<p>Ce prix est d\u00e9cern\u00e9 \u00e0 un projet commercial r\u00e9alis\u00e9 par un membre de l&#039;AWMAC d&#039;une valeur sup\u00e9rieure \u00e0 $200 000.<\/p>\n<figure id=\"attachment_3755\" aria-describedby=\"caption-attachment-3755\" style=\"width: 300px\" class=\"wp-caption alignleft\"><img decoding=\"async\" class=\"size-medium wp-image-3755\" src=\"https:\/\/awmac.com\/wp-content\/uploads\/2020\/11\/2020_LC2-1-300x200.jpg\" alt=\"\" width=\"300\" height=\"200\" srcset=\"https:\/\/awmac.com\/wp-content\/uploads\/2020\/11\/2020_LC2-1-300x200.jpg 300w, https:\/\/awmac.com\/wp-content\/uploads\/2020\/11\/2020_LC2-1-1024x683.jpg 1024w, https:\/\/awmac.com\/wp-content\/uploads\/2020\/11\/2020_LC2-1-768x512.jpg 768w, https:\/\/awmac.com\/wp-content\/uploads\/2020\/11\/2020_LC2-1-1536x1024.jpg 1536w, https:\/\/awmac.com\/wp-content\/uploads\/2020\/11\/2020_LC2-1-600x400.jpg 600w, https:\/\/awmac.com\/wp-content\/uploads\/2020\/11\/2020_LC2-1.jpg 1800w\" sizes=\"(max-width: 300px) 100vw, 300px\" \/><figcaption id=\"caption-attachment-3755\" class=\"wp-caption-text\">Soins oculaires \u00e0 Brighton \u2013 <strong>laur\u00e9at du projet\u00a0<\/strong><\/figcaption><\/figure>\n<figure id=\"attachment_3757\" aria-describedby=\"caption-attachment-3757\" style=\"width: 300px\" class=\"wp-caption alignleft\"><img decoding=\"async\" class=\"size-medium wp-image-3757\" src=\"https:\/\/awmac.com\/wp-content\/uploads\/2020\/11\/2020_LC4-1-300x200.jpg\" alt=\"\" width=\"300\" height=\"200\" srcset=\"https:\/\/awmac.com\/wp-content\/uploads\/2020\/11\/2020_LC4-1-300x200.jpg 300w, https:\/\/awmac.com\/wp-content\/uploads\/2020\/11\/2020_LC4-1-1024x683.jpg 1024w, https:\/\/awmac.com\/wp-content\/uploads\/2020\/11\/2020_LC4-1-768x512.jpg 768w, https:\/\/awmac.com\/wp-content\/uploads\/2020\/11\/2020_LC4-1-1536x1024.jpg 1536w, https:\/\/awmac.com\/wp-content\/uploads\/2020\/11\/2020_LC4-1-600x400.jpg 600w, https:\/\/awmac.com\/wp-content\/uploads\/2020\/11\/2020_LC4-1.jpg 1800w\" sizes=\"(max-width: 300px) 100vw, 300px\" \/><figcaption id=\"caption-attachment-3757\" class=\"wp-caption-text\">Si\u00e8ge social de Conexus<\/figcaption><\/figure>\n<figure id=\"attachment_3754\" aria-describedby=\"caption-attachment-3754\" style=\"width: 300px\" class=\"wp-caption alignleft\"><img decoding=\"async\" class=\"size-medium wp-image-3754\" src=\"https:\/\/awmac.com\/wp-content\/uploads\/2020\/11\/2020_LC1-1-300x200.jpg\" alt=\"\" width=\"300\" height=\"200\" srcset=\"https:\/\/awmac.com\/wp-content\/uploads\/2020\/11\/2020_LC1-1-300x200.jpg 300w, https:\/\/awmac.com\/wp-content\/uploads\/2020\/11\/2020_LC1-1-1024x683.jpg 1024w, https:\/\/awmac.com\/wp-content\/uploads\/2020\/11\/2020_LC1-1-768x512.jpg 768w, https:\/\/awmac.com\/wp-content\/uploads\/2020\/11\/2020_LC1-1-1536x1024.jpg 1536w, https:\/\/awmac.com\/wp-content\/uploads\/2020\/11\/2020_LC1-1-600x400.jpg 600w, https:\/\/awmac.com\/wp-content\/uploads\/2020\/11\/2020_LC1-1.jpg 1800w\" sizes=\"(max-width: 300px) 100vw, 300px\" \/><figcaption id=\"caption-attachment-3754\" class=\"wp-caption-text\">EY Saskatoon<\/figcaption><\/figure>\n<h3><\/h3>\n<h3><\/h3>\n<figure id=\"attachment_3756\" aria-describedby=\"caption-attachment-3756\" style=\"width: 300px\" class=\"wp-caption alignleft\"><img decoding=\"async\" class=\"size-medium wp-image-3756\" src=\"https:\/\/awmac.com\/wp-content\/uploads\/2020\/11\/2020_LC3-1-300x200.jpg\" alt=\"\" width=\"300\" height=\"200\" srcset=\"https:\/\/awmac.com\/wp-content\/uploads\/2020\/11\/2020_LC3-1-300x200.jpg 300w, https:\/\/awmac.com\/wp-content\/uploads\/2020\/11\/2020_LC3-1-1024x683.jpg 1024w, https:\/\/awmac.com\/wp-content\/uploads\/2020\/11\/2020_LC3-1-768x512.jpg 768w, https:\/\/awmac.com\/wp-content\/uploads\/2020\/11\/2020_LC3-1-1536x1024.jpg 1536w, https:\/\/awmac.com\/wp-content\/uploads\/2020\/11\/2020_LC3-1-600x400.jpg 600w, https:\/\/awmac.com\/wp-content\/uploads\/2020\/11\/2020_LC3-1.jpg 1800w\" sizes=\"(max-width: 300px) 100vw, 300px\" \/><figcaption id=\"caption-attachment-3756\" class=\"wp-caption-text\">Biblioth\u00e8que de la F\u00e9d\u00e9ration des enseignants de la Saskatchewan<\/figcaption><\/figure>\n<h3><\/h3>\n<h3><\/h3>\n<h3><\/h3>\n<h3><\/h3>\n<h3><\/h3>\n<h3><\/h3>\n<h3><\/h3>\n<h3><\/h3>\n<h3><\/h3>\n<h3>Petit projet commercial<\/h3>\n<p>Ce prix est attribu\u00e9 \u00e0 un projet commercial r\u00e9alis\u00e9 par un membre de l&#039;AWMAC dans le cadre du projet $200,000.<\/p>\n<figure id=\"attachment_3759\" aria-describedby=\"caption-attachment-3759\" style=\"width: 300px\" class=\"wp-caption alignleft\"><img decoding=\"async\" class=\"size-medium wp-image-3759\" src=\"https:\/\/awmac.com\/wp-content\/uploads\/2020\/11\/2020_SMC4-1-300x200.jpg\" alt=\"\" width=\"300\" height=\"200\" srcset=\"https:\/\/awmac.com\/wp-content\/uploads\/2020\/11\/2020_SMC4-1-300x200.jpg 300w, https:\/\/awmac.com\/wp-content\/uploads\/2020\/11\/2020_SMC4-1-1024x683.jpg 1024w, https:\/\/awmac.com\/wp-content\/uploads\/2020\/11\/2020_SMC4-1-768x512.jpg 768w, https:\/\/awmac.com\/wp-content\/uploads\/2020\/11\/2020_SMC4-1-1536x1024.jpg 1536w, https:\/\/awmac.com\/wp-content\/uploads\/2020\/11\/2020_SMC4-1-600x400.jpg 600w, https:\/\/awmac.com\/wp-content\/uploads\/2020\/11\/2020_SMC4-1.jpg 1800w\" sizes=\"(max-width: 300px) 100vw, 300px\" \/><figcaption id=\"caption-attachment-3759\" class=\"wp-caption-text\">Felesky Flynn \u2013 <strong>laur\u00e9at du projet\u00a0<\/strong><\/figcaption><\/figure>\n<figure id=\"attachment_3760\" aria-describedby=\"caption-attachment-3760\" style=\"width: 300px\" class=\"wp-caption alignleft\"><img decoding=\"async\" class=\"size-medium wp-image-3760\" src=\"https:\/\/awmac.com\/wp-content\/uploads\/2020\/11\/2020_SMC1-1-300x200.jpg\" alt=\"\" width=\"300\" height=\"200\" srcset=\"https:\/\/awmac.com\/wp-content\/uploads\/2020\/11\/2020_SMC1-1-300x200.jpg 300w, https:\/\/awmac.com\/wp-content\/uploads\/2020\/11\/2020_SMC1-1-1024x683.jpg 1024w, https:\/\/awmac.com\/wp-content\/uploads\/2020\/11\/2020_SMC1-1-768x512.jpg 768w, https:\/\/awmac.com\/wp-content\/uploads\/2020\/11\/2020_SMC1-1-1536x1024.jpg 1536w, https:\/\/awmac.com\/wp-content\/uploads\/2020\/11\/2020_SMC1-1-600x400.jpg 600w, https:\/\/awmac.com\/wp-content\/uploads\/2020\/11\/2020_SMC1-1.jpg 1800w\" sizes=\"(max-width: 300px) 100vw, 300px\" \/><figcaption id=\"caption-attachment-3760\" class=\"wp-caption-text\">Clinique ophtalmologique Kennedy<\/figcaption><\/figure>\n<figure id=\"attachment_3761\" aria-describedby=\"caption-attachment-3761\" style=\"width: 300px\" class=\"wp-caption alignleft\"><img decoding=\"async\" class=\"size-medium wp-image-3761\" src=\"https:\/\/awmac.com\/wp-content\/uploads\/2020\/11\/2020_SMC3-1-300x200.jpg\" alt=\"\" width=\"300\" height=\"200\" srcset=\"https:\/\/awmac.com\/wp-content\/uploads\/2020\/11\/2020_SMC3-1-300x200.jpg 300w, https:\/\/awmac.com\/wp-content\/uploads\/2020\/11\/2020_SMC3-1-1024x683.jpg 1024w, https:\/\/awmac.com\/wp-content\/uploads\/2020\/11\/2020_SMC3-1-768x512.jpg 768w, https:\/\/awmac.com\/wp-content\/uploads\/2020\/11\/2020_SMC3-1-1536x1024.jpg 1536w, https:\/\/awmac.com\/wp-content\/uploads\/2020\/11\/2020_SMC3-1-600x400.jpg 600w, https:\/\/awmac.com\/wp-content\/uploads\/2020\/11\/2020_SMC3-1.jpg 1800w\" sizes=\"(max-width: 300px) 100vw, 300px\" \/><figcaption id=\"caption-attachment-3761\" class=\"wp-caption-text\">Bureau des majors de la victoire TI<\/figcaption><\/figure>\n<h3><\/h3>\n<h3><\/h3>\n<h3><\/h3>\n<h3><\/h3>\n<h3><\/h3>\n<figure id=\"attachment_3762\" aria-describedby=\"caption-attachment-3762\" style=\"width: 300px\" class=\"wp-caption alignleft\"><img decoding=\"async\" class=\"size-medium wp-image-3762\" src=\"https:\/\/awmac.com\/wp-content\/uploads\/2020\/11\/2020_SMC2-1-300x200.jpg\" alt=\"\" width=\"300\" height=\"200\" srcset=\"https:\/\/awmac.com\/wp-content\/uploads\/2020\/11\/2020_SMC2-1-300x200.jpg 300w, https:\/\/awmac.com\/wp-content\/uploads\/2020\/11\/2020_SMC2-1-1024x683.jpg 1024w, https:\/\/awmac.com\/wp-content\/uploads\/2020\/11\/2020_SMC2-1-768x512.jpg 768w, https:\/\/awmac.com\/wp-content\/uploads\/2020\/11\/2020_SMC2-1-1536x1024.jpg 1536w, https:\/\/awmac.com\/wp-content\/uploads\/2020\/11\/2020_SMC2-1-600x400.jpg 600w, https:\/\/awmac.com\/wp-content\/uploads\/2020\/11\/2020_SMC2-1.jpg 1800w\" sizes=\"(max-width: 300px) 100vw, 300px\" \/><figcaption id=\"caption-attachment-3762\" class=\"wp-caption-text\">Zone Sports Physio \u2013 Lakeside<\/figcaption><\/figure>\n<h3><\/h3>\n<h3><\/h3>\n<h3><\/h3>\n<h3><\/h3>\n<h3><\/h3>\n<h3><\/h3>\n<h3>Projet r\u00e9sidentiel<\/h3>\n<p>Ce prix r\u00e9compense un projet r\u00e9sidentiel r\u00e9alis\u00e9 par un membre de l&#039;AWMAC.<\/p>\n<p><strong>R\u00e9sidence Well \u2013 Projet laur\u00e9at.\u00a0<\/strong><\/p>\n<img decoding=\"async\" class=\"alignleft size-medium wp-image-4267\" src=\"https:\/\/awmac.com\/wp-content\/uploads\/2021\/06\/2020_R2-2-300x200.jpg\" alt=\"\" width=\"300\" height=\"200\" srcset=\"https:\/\/awmac.com\/wp-content\/uploads\/2021\/06\/2020_R2-2-300x200.jpg 300w, https:\/\/awmac.com\/wp-content\/uploads\/2021\/06\/2020_R2-2-1024x683.jpg 1024w, https:\/\/awmac.com\/wp-content\/uploads\/2021\/06\/2020_R2-2-768x512.jpg 768w, https:\/\/awmac.com\/wp-content\/uploads\/2021\/06\/2020_R2-2-1536x1024.jpg 1536w, https:\/\/awmac.com\/wp-content\/uploads\/2021\/06\/2020_R2-2-600x400.jpg 600w, https:\/\/awmac.com\/wp-content\/uploads\/2021\/06\/2020_R2-2.jpg 1800w\" sizes=\"(max-width: 300px) 100vw, 300px\" \/>\n<img decoding=\"async\" class=\"alignleft size-medium wp-image-4271\" src=\"https:\/\/awmac.com\/wp-content\/uploads\/2021\/06\/2020_R2-5-300x200.jpg\" alt=\"\" width=\"300\" height=\"200\" srcset=\"https:\/\/awmac.com\/wp-content\/uploads\/2021\/06\/2020_R2-5-300x200.jpg 300w, https:\/\/awmac.com\/wp-content\/uploads\/2021\/06\/2020_R2-5-1024x683.jpg 1024w, https:\/\/awmac.com\/wp-content\/uploads\/2021\/06\/2020_R2-5-768x512.jpg 768w, https:\/\/awmac.com\/wp-content\/uploads\/2021\/06\/2020_R2-5-1536x1024.jpg 1536w, https:\/\/awmac.com\/wp-content\/uploads\/2021\/06\/2020_R2-5-600x400.jpg 600w, https:\/\/awmac.com\/wp-content\/uploads\/2021\/06\/2020_R2-5.jpg 1800w\" sizes=\"(max-width: 300px) 100vw, 300px\" \/> <img decoding=\"async\" class=\"alignleft size-medium wp-image-4272\" src=\"https:\/\/awmac.com\/wp-content\/uploads\/2021\/06\/2020_R2-1-300x200.jpg\" alt=\"\" width=\"300\" height=\"200\" srcset=\"https:\/\/awmac.com\/wp-content\/uploads\/2021\/06\/2020_R2-1-300x200.jpg 300w, https:\/\/awmac.com\/wp-content\/uploads\/2021\/06\/2020_R2-1-1024x683.jpg 1024w, https:\/\/awmac.com\/wp-content\/uploads\/2021\/06\/2020_R2-1-768x512.jpg 768w, https:\/\/awmac.com\/wp-content\/uploads\/2021\/06\/2020_R2-1-1536x1024.jpg 1536w, https:\/\/awmac.com\/wp-content\/uploads\/2021\/06\/2020_R2-1-600x400.jpg 600w, https:\/\/awmac.com\/wp-content\/uploads\/2021\/06\/2020_R2-1.jpg 1800w\" sizes=\"(max-width: 300px) 100vw, 300px\" \/>\n<p>&nbsp;<\/p>\n<p>&nbsp;<\/p>\n<p>&nbsp;<\/p>\n<h3><\/h3>\n<h3><\/h3>\n<p>&nbsp;<\/p>\n<h3>Projet sp\u00e9cial<\/h3>\n<p>Ce prix r\u00e9compense un \u00e9l\u00e9ment unique au sein d&#039;un projet r\u00e9alis\u00e9 par un membre de l&#039;AWMAC.<\/p>\n<p><strong>MLT Aikins \u2013 Laur\u00e9at du projet\u00a0<\/strong><\/p>\n<img decoding=\"async\" class=\"alignleft size-medium wp-image-4270\" src=\"https:\/\/awmac.com\/wp-content\/uploads\/2021\/06\/2020_SF1-1-300x200.jpg\" alt=\"\" width=\"300\" height=\"200\" srcset=\"https:\/\/awmac.com\/wp-content\/uploads\/2021\/06\/2020_SF1-1-300x200.jpg 300w, https:\/\/awmac.com\/wp-content\/uploads\/2021\/06\/2020_SF1-1-1024x683.jpg 1024w, https:\/\/awmac.com\/wp-content\/uploads\/2021\/06\/2020_SF1-1-768x512.jpg 768w, https:\/\/awmac.com\/wp-content\/uploads\/2021\/06\/2020_SF1-1-1536x1024.jpg 1536w, https:\/\/awmac.com\/wp-content\/uploads\/2021\/06\/2020_SF1-1-600x400.jpg 600w, https:\/\/awmac.com\/wp-content\/uploads\/2021\/06\/2020_SF1-1.jpg 1800w\" sizes=\"(max-width: 300px) 100vw, 300px\" \/>\n<h3><\/h3>\n<h3><\/h3>\n<h3><\/h3>\n<h3><\/h3>\n<p>&nbsp;<\/p>\n<h3><\/h3>\n<h3>Prix du public<\/h3>\n<p>Tous les participants aux prix AWMAC votent pour s\u00e9lectionner, dans les cat\u00e9gories ci-dessus, le projet qui, selon eux, se d\u00e9marque.<\/p>\n<img decoding=\"async\" class=\"alignleft size-medium wp-image-4273\" src=\"https:\/\/awmac.com\/wp-content\/uploads\/2021\/06\/2020_LC4-1-300x200.jpg\" alt=\"\" width=\"300\" height=\"200\" srcset=\"https:\/\/awmac.com\/wp-content\/uploads\/2021\/06\/2020_LC4-1-300x200.jpg 300w, https:\/\/awmac.com\/wp-content\/uploads\/2021\/06\/2020_LC4-1-1024x683.jpg 1024w, https:\/\/awmac.com\/wp-content\/uploads\/2021\/06\/2020_LC4-1-768x512.jpg 768w, https:\/\/awmac.com\/wp-content\/uploads\/2021\/06\/2020_LC4-1-1536x1024.jpg 1536w, https:\/\/awmac.com\/wp-content\/uploads\/2021\/06\/2020_LC4-1-600x400.jpg 600w, https:\/\/awmac.com\/wp-content\/uploads\/2021\/06\/2020_LC4-1.jpg 1800w\" sizes=\"(max-width: 300px) 100vw, 300px\" \/> <img decoding=\"async\" class=\"alignleft size-medium wp-image-4274\" src=\"https:\/\/awmac.com\/wp-content\/uploads\/2021\/06\/2020_LC4-3-300x200.jpg\" alt=\"\" width=\"300\" height=\"200\" srcset=\"https:\/\/awmac.com\/wp-content\/uploads\/2021\/06\/2020_LC4-3-300x200.jpg 300w, https:\/\/awmac.com\/wp-content\/uploads\/2021\/06\/2020_LC4-3-1024x683.jpg 1024w, https:\/\/awmac.com\/wp-content\/uploads\/2021\/06\/2020_LC4-3-768x512.jpg 768w, https:\/\/awmac.com\/wp-content\/uploads\/2021\/06\/2020_LC4-3-1536x1024.jpg 1536w, https:\/\/awmac.com\/wp-content\/uploads\/2021\/06\/2020_LC4-3-600x400.jpg 600w, https:\/\/awmac.com\/wp-content\/uploads\/2021\/06\/2020_LC4-3.jpg 1800w\" sizes=\"(max-width: 300px) 100vw, 300px\" \/> <img decoding=\"async\" class=\"alignleft size-medium wp-image-4275\" src=\"https:\/\/awmac.com\/wp-content\/uploads\/2021\/06\/2020_LC4-4-300x200.jpg\" alt=\"\" width=\"300\" height=\"200\" srcset=\"https:\/\/awmac.com\/wp-content\/uploads\/2021\/06\/2020_LC4-4-300x200.jpg 300w, https:\/\/awmac.com\/wp-content\/uploads\/2021\/06\/2020_LC4-4-1024x683.jpg 1024w, https:\/\/awmac.com\/wp-content\/uploads\/2021\/06\/2020_LC4-4-768x512.jpg 768w, https:\/\/awmac.com\/wp-content\/uploads\/2021\/06\/2020_LC4-4-1536x1024.jpg 1536w, https:\/\/awmac.com\/wp-content\/uploads\/2021\/06\/2020_LC4-4-600x400.jpg 600w, https:\/\/awmac.com\/wp-content\/uploads\/2021\/06\/2020_LC4-4.jpg 1800w\" sizes=\"(max-width: 300px) 100vw, 300px\" \/>\n<p>&nbsp;<\/p>\n<p>&nbsp;<\/p>\n<p>&nbsp;<\/p>\n<p>&nbsp;<\/p>\n<p>&nbsp;<\/p>\n<p>&nbsp;<\/p>\n<p>&nbsp;<\/p>\n<p>&nbsp;<\/p>\n<p>&nbsp;<\/p>\n<p>&nbsp;<\/p>\n<p>&nbsp;<\/p>\n<p><strong>Si\u00e8ge social de Conexus \u2013 Projet laur\u00e9at\u00a0<\/strong><\/p>\n<h3>Prix comm\u00e9moratif Kerry DePape<\/h3>\n<p>Kerry DePape a longtemps soutenu l&#039;AWMAC et a jou\u00e9 un r\u00f4le d\u00e9terminant dans la r\u00e9daction du manuel des normes nord-am\u00e9ricaines en mati\u00e8re de menuiserie architecturale (NAAWS).<\/p>\n<p>Ce prix r\u00e9compense un projet qui fait preuve d&#039;une qualit\u00e9 et d&#039;une int\u00e9grit\u00e9 exemplaires, valeurs auxquelles Kerry DePape \u00e9tait profond\u00e9ment attach\u00e9. Ce projet se distingue par son excellence en mati\u00e8re de menuiserie sur mesure haut de gamme.<\/p>\n<p><strong>MLT Aikins - Laur\u00e9at du projet\u00a0<\/strong><\/p>\n<img decoding=\"async\" class=\"alignleft size-medium wp-image-4276\" src=\"https:\/\/awmac.com\/wp-content\/uploads\/2021\/06\/2020-GIS2-1-300x200.jpg\" alt=\"\" width=\"300\" height=\"200\" srcset=\"https:\/\/awmac.com\/wp-content\/uploads\/2021\/06\/2020-GIS2-1-300x200.jpg 300w, https:\/\/awmac.com\/wp-content\/uploads\/2021\/06\/2020-GIS2-1-1024x683.jpg 1024w, https:\/\/awmac.com\/wp-content\/uploads\/2021\/06\/2020-GIS2-1-768x512.jpg 768w, https:\/\/awmac.com\/wp-content\/uploads\/2021\/06\/2020-GIS2-1-1536x1024.jpg 1536w, https:\/\/awmac.com\/wp-content\/uploads\/2021\/06\/2020-GIS2-1-600x400.jpg 600w, https:\/\/awmac.com\/wp-content\/uploads\/2021\/06\/2020-GIS2-1.jpg 1800w\" sizes=\"(max-width: 300px) 100vw, 300px\" \/> <img decoding=\"async\" class=\"alignleft size-medium wp-image-4277\" src=\"https:\/\/awmac.com\/wp-content\/uploads\/2021\/06\/2020-GIS2-3-300x200.jpg\" alt=\"\" width=\"300\" height=\"200\" srcset=\"https:\/\/awmac.com\/wp-content\/uploads\/2021\/06\/2020-GIS2-3-300x200.jpg 300w, https:\/\/awmac.com\/wp-content\/uploads\/2021\/06\/2020-GIS2-3-1024x683.jpg 1024w, https:\/\/awmac.com\/wp-content\/uploads\/2021\/06\/2020-GIS2-3-768x512.jpg 768w, https:\/\/awmac.com\/wp-content\/uploads\/2021\/06\/2020-GIS2-3-1536x1024.jpg 1536w, https:\/\/awmac.com\/wp-content\/uploads\/2021\/06\/2020-GIS2-3-600x400.jpg 600w, https:\/\/awmac.com\/wp-content\/uploads\/2021\/06\/2020-GIS2-3.jpg 1800w\" sizes=\"(max-width: 300px) 100vw, 300px\" \/> <img decoding=\"async\" class=\"alignleft size-medium wp-image-4278\" src=\"https:\/\/awmac.com\/wp-content\/uploads\/2021\/06\/2020-GIS2-5-300x200.jpg\" alt=\"\" width=\"300\" height=\"200\" srcset=\"https:\/\/awmac.com\/wp-content\/uploads\/2021\/06\/2020-GIS2-5-300x200.jpg 300w, https:\/\/awmac.com\/wp-content\/uploads\/2021\/06\/2020-GIS2-5-1024x683.jpg 1024w, https:\/\/awmac.com\/wp-content\/uploads\/2021\/06\/2020-GIS2-5-768x512.jpg 768w, https:\/\/awmac.com\/wp-content\/uploads\/2021\/06\/2020-GIS2-5-1536x1024.jpg 1536w, https:\/\/awmac.com\/wp-content\/uploads\/2021\/06\/2020-GIS2-5-600x400.jpg 600w, https:\/\/awmac.com\/wp-content\/uploads\/2021\/06\/2020-GIS2-5.jpg 1800w\" sizes=\"(max-width: 300px) 100vw, 300px\" \/>\n<h3><\/h3>\n<h3><\/h3>\n<h3><\/h3>\n<h3><\/h3>\n<h3><\/h3>\n<p>&nbsp;<\/p>\n<h3>Prix du service client de l&#039;ann\u00e9e<\/h3>\n<p>Ce prix est d\u00e9cern\u00e9 \u00e0 un repr\u00e9sentant du service \u00e0 la client\u00e8le qui s&#039;est surpass\u00e9 pour soutenir ses coll\u00e8gues membres de l&#039;AWMAC tout au long de l&#039;ann\u00e9e.<\/p>\n<p><strong>Hal Halverson, Lancashire \u2013 Laur\u00e9at du projet\u00a0<\/strong><\/p>\n<img decoding=\"async\" class=\"alignleft size-medium wp-image-4279\" src=\"https:\/\/awmac.com\/wp-content\/uploads\/2021\/06\/2020_COY_Hal_Halverson-300x200.jpg\" alt=\"\" width=\"300\" height=\"200\" srcset=\"https:\/\/awmac.com\/wp-content\/uploads\/2021\/06\/2020_COY_Hal_Halverson-300x200.jpg 300w, https:\/\/awmac.com\/wp-content\/uploads\/2021\/06\/2020_COY_Hal_Halverson-1024x683.jpg 1024w, https:\/\/awmac.com\/wp-content\/uploads\/2021\/06\/2020_COY_Hal_Halverson-768x512.jpg 768w, https:\/\/awmac.com\/wp-content\/uploads\/2021\/06\/2020_COY_Hal_Halverson-1536x1024.jpg 1536w, https:\/\/awmac.com\/wp-content\/uploads\/2021\/06\/2020_COY_Hal_Halverson-600x400.jpg 600w, https:\/\/awmac.com\/wp-content\/uploads\/2021\/06\/2020_COY_Hal_Halverson.jpg 1800w\" sizes=\"(max-width: 300px) 100vw, 300px\" \/>\n<p>&nbsp;<\/p>\n<p>&nbsp;<\/p>\n<p>&nbsp;<\/p>\n<p>&nbsp;<\/p>\n<p>&nbsp;<\/p>\n<p>&nbsp;<\/p>\n<h3>Prix du fournisseur de l&#039;ann\u00e9e<\/h3>\n<p>Ce prix est d\u00e9cern\u00e9 \u00e0 une entreprise membre fournisseur de l&#039;AWMAC qui continue de s&#039;efforcer de fournir un service exceptionnel \u00e0 l&#039;industrie de la menuiserie architecturale.<\/p>\n<p><strong>Richelieu<\/strong><\/p>\n<img decoding=\"async\" class=\"alignleft size-medium wp-image-4280\" src=\"https:\/\/awmac.com\/wp-content\/uploads\/2021\/06\/2020_SOY_Richelieu-300x200.jpg\" alt=\"\" width=\"300\" height=\"200\" srcset=\"https:\/\/awmac.com\/wp-content\/uploads\/2021\/06\/2020_SOY_Richelieu-300x200.jpg 300w, https:\/\/awmac.com\/wp-content\/uploads\/2021\/06\/2020_SOY_Richelieu-1024x683.jpg 1024w, https:\/\/awmac.com\/wp-content\/uploads\/2021\/06\/2020_SOY_Richelieu-768x512.jpg 768w, https:\/\/awmac.com\/wp-content\/uploads\/2021\/06\/2020_SOY_Richelieu-1536x1024.jpg 1536w, https:\/\/awmac.com\/wp-content\/uploads\/2021\/06\/2020_SOY_Richelieu-600x400.jpg 600w, https:\/\/awmac.com\/wp-content\/uploads\/2021\/06\/2020_SOY_Richelieu.jpg 1800w\" sizes=\"(max-width: 300px) 100vw, 300px\" \/>","protected":false},"excerpt":{"rendered":"<p>2020 AWMAC SK AWARDS Presented by the AWMAC Saskatchewan Chapter. Guarantee Inspection Service (GIS) Project This is awarded to a&#8230;<\/p>","protected":false},"author":1,"featured_media":0,"parent":54,"menu_order":0,"comment_status":"closed","ping_status":"closed","template":"chapters-sub.php","meta":{"_acf_changed":false,"inline_featured_image":false,"_price":"","_stock":"","_tribe_ticket_header":"","_tribe_default_ticket_provider":"","_tribe_ticket_capacity":"0","_ticket_start_date":"","_ticket_end_date":"","_tribe_ticket_show_description":"","_tribe_ticket_show_not_going":false,"_tribe_ticket_use_global_stock":"","_tribe_ticket_global_stock_level":"","_global_stock_mode":"","_global_stock_cap":"","_tribe_rsvp_for_event":"","_tribe_ticket_going_count":"","_tribe_ticket_not_going_count":"","_tribe_tickets_list":"[]","_tribe_ticket_has_attendee_info_fields":false,"footnotes":"","_tec_slr_enabled":"","_tec_slr_layout":""},"class_list":["post-4879","page","type-page","status-publish","hentry"],"acf":[],"ticketed":false,"_links":{"self":[{"href":"https:\/\/awmac.com\/fr\/wp-json\/wp\/v2\/pages\/4879","targetHints":{"allow":["GET"]}}],"collection":[{"href":"https:\/\/awmac.com\/fr\/wp-json\/wp\/v2\/pages"}],"about":[{"href":"https:\/\/awmac.com\/fr\/wp-json\/wp\/v2\/types\/page"}],"author":[{"embeddable":true,"href":"https:\/\/awmac.com\/fr\/wp-json\/wp\/v2\/users\/1"}],"replies":[{"embeddable":true,"href":"https:\/\/awmac.com\/fr\/wp-json\/wp\/v2\/comments?post=4879"}],"version-history":[{"count":2,"href":"https:\/\/awmac.com\/fr\/wp-json\/wp\/v2\/pages\/4879\/revisions"}],"predecessor-version":[{"id":4881,"href":"https:\/\/awmac.com\/fr\/wp-json\/wp\/v2\/pages\/4879\/revisions\/4881"}],"up":[{"embeddable":true,"href":"https:\/\/awmac.com\/fr\/wp-json\/wp\/v2\/pages\/54"}],"wp:attachment":[{"href":"https:\/\/awmac.com\/fr\/wp-json\/wp\/v2\/media?parent=4879"}],"curies":[{"name":"wp","href":"https:\/\/api.w.org\/{rel}","templated":true}]}}