{"id":48,"date":"2019-12-17T07:39:06","date_gmt":"2019-12-17T07:39:06","guid":{"rendered":"https:\/\/awmac.com\/?page_id=48"},"modified":"2026-03-30T06:55:35","modified_gmt":"2026-03-30T13:55:35","slug":"ontario","status":"publish","type":"page","link":"https:\/\/awmac.com\/fr\/chapters\/ontario\/","title":{"rendered":"Ontario"},"content":{"rendered":"<div class=\"Atlantic_Styles\">\n<p><a class=\"buttonRed small mt-3\" href=\"\/fr\/membership\/\" rel=\"noopener noreferrer\">Rejoignez l&#039;AWMAC<\/a><\/p>\n<h2>Un message de notre pr\u00e9sident<\/h2>\n<p><span data-olk-copy-source=\"MessageBody\">Je suis profond\u00e9ment honor\u00e9e d&#039;avoir \u00e9t\u00e9 choisie comme pr\u00e9sidente de l&#039;AWMAC Ontario. Je vous remercie de la confiance que vous m&#039;accordez. Je me r\u00e9jouis \u00e0 l&#039;id\u00e9e de travailler en \u00e9troite collaboration avec le conseil d&#039;administration et nos membres afin de continuer \u00e0 renforcer notre association et de contribuer au succ\u00e8s de notre industrie.<\/span><\/p>\n<p>Bill Kocjancic, <em>Chapitre de l&#039;AWMAC en Ontario<\/em> <em>Pr\u00e9sident<\/em><\/p>\n<h2>Riche en histoire<\/h2>\n<p>La section de l&#039;Ontario de l&#039;AWMAC est une association sans but lucratif de fabricants et d&#039;entreprises associ\u00e9es qui fait la promotion de la fabrication de boiseries architecturales depuis 1956, ann\u00e9e o\u00f9 plusieurs chefs de file de l&#039;industrie se sont regroup\u00e9s pour cr\u00e9er l&#039;Architectural Millworkers of Ontario. En 1970, l&#039;association des menuisiers de la Colombie-Britannique a invit\u00e9 l&#039;AMO \u00e0 participer \u00e0 une r\u00e9union nationale. Lors de cette r\u00e9union, il a \u00e9t\u00e9 d\u00e9cid\u00e9 qu&#039;un manuel sur les m\u00e9thodes de fabrication et d&#039;installation appropri\u00e9es pour les boiseries architecturales serait utile \u00e0 tous les acteurs de l&#039;industrie. D\u00e8s lors, l&#039;AMO a ardemment soutenu le Manuel des normes de qualit\u00e9 et a continu\u00e9 de participer \u00e0 divers titres \u00e0 l&#039;Association canadienne des fabricants de boiseries architecturales (AWMAC). La section de l&#039;Ontario a adh\u00e9r\u00e9 \u00e0 l&#039;AWMAC en 1999 et continue de promouvoir des m\u00e9thodes de fabrication et d&#039;installation de qualit\u00e9 pour les boiseries architecturales, en collaboration avec ses partenaires des sections de l&#039;AWMAC partout au Canada.<\/p>\n<h2>Membres fiers<\/h2>\n<p>L&#039;AWMAC Ontario est principalement compos\u00e9e de membres fabricants de premier plan qui fabriquent et installent des boiseries architecturales telles que des menuiseries, des escaliers et des rampes, des panneaux muraux et de plafond, des portes, des armoires et des meubles, des comptoirs et des travaux de restauration historique, et des membres associ\u00e9s qui soutiennent les fabricants en fournissant des biens et des services de qualit\u00e9 tels que du bois d&#039;\u0153uvre, des produits en feuille, de la quincaillerie, des adh\u00e9sifs et des machines de fabrication.<\/p>\n<h2>Histoire<\/h2>\n<p>En 1956, on a constat\u00e9 qu&#039;un groupe de menuisiers s&#039;\u00e9tait r\u00e9uni pour former une association de menuiserie. La premi\u00e8re association ontarienne s&#039;appelait l&#039;Architectural Millworkers of Ontario (AMO) et \u00e9tait active \u00e0 la fin des ann\u00e9es 1950 et au d\u00e9but des ann\u00e9es 1960.<\/p>\n<p>Les entreprises membres comprenaient Syd Thompson avec Jones Wood, Welsh Custom Woodwork, Laidlaw Lumber, Rathburn Millwork et Ken Watson avec Gardener of Galt.<\/p>\n<p>Le 7 novembre<sup>\u00e8me<\/sup>, 1966, l&#039;AMO a enregistr\u00e9 le premier enregistrement aupr\u00e8s du registraire de l&#039;Ontario de l&#039;association \u00e0 but non lucratif des menuisiers, des menuisiers et des industries connexes, connue sous le nom de \u201c ARCHITECTURAL MILLWORKERS OF ONTARIO \u201d.<\/p>\n<p>L&#039;Association des fabricants de boiseries architecturales du Canada (AWMAC), l&#039;association des menuisiers de la Colombie-Britannique, a invit\u00e9 divers repr\u00e9sentants de partout au Canada \u00e0 sa r\u00e9union du 25 septembre 1970 \u00e0 Vancouver, en Colombie-Britannique. L&#039;AMO \u00e9tait repr\u00e9sent\u00e9e \u00e0 cette r\u00e9union par Doug Wignal, de St. Catharines.<\/p>\n<p>En 1972, le premier Manuel des normes de qualit\u00e9 de l&#039;AWMAC a \u00e9t\u00e9 publi\u00e9. L&#039;Architectural Millworkers of Ontario a collabor\u00e9 avec l&#039;association nationale de l&#039;AWMAC, mais a poursuivi ses activit\u00e9s en tant qu&#039;association ind\u00e9pendante. L&#039;AMO a particip\u00e9 activement \u00e0 la promotion du manuel des normes en Ontario.<\/p>\n<p>Les bureaux de l&#039;AMO \u00e9taient situ\u00e9s au 223, rue Church, \u00e0 Toronto, jusqu&#039;en 1989, date \u00e0 laquelle la Toronto Construction Association a \u00e9t\u00e9 charg\u00e9e de fournir des services administratifs.<\/p>\n<p>En 1990, Werner O. Schmidt (Blier Construction) de l\u2019Ontario est devenu pr\u00e9sident de l\u2019AWMAC et a occup\u00e9 ce poste jusqu\u2019en 1991.<\/p>\n<p>En 1994, le Programme de service d&#039;inspection garanti (SIG) a \u00e9t\u00e9 con\u00e7u comme un outil de suivi des projets de menuiserie architecturale, depuis les dessins d&#039;atelier jusqu&#039;\u00e0 l&#039;installation.<\/p>\n<p>Sous la direction de Ken Jackson (Mirmil Products), pr\u00e9sident de l\u2019AMO en 1999, l\u2019Architectural Millworkers of Ontario a chang\u00e9 le nom de son association pour devenir l\u2019Architectural Woodwork Manufacturers Association of Canada \u2013 Section de l\u2019Ontario.<\/p>\n<p>Sous la direction du pr\u00e9sident national de l&#039;\u00e9poque, Vince Parolin (Art Magic Carpentry), la premi\u00e8re r\u00e9union du conseil d&#039;administration national a eu lieu \u00e0 Halifax, en Nouvelle-\u00c9cosse, en 2002, et le chapitre de l&#039;Atlantique a \u00e9t\u00e9 cr\u00e9\u00e9 l&#039;ann\u00e9e suivante.<\/p>\n<p>En (2015), le pr\u00e9sident du chapitre de l&#039;Ontario de l&#039;AWMAC, Peter Gallagher, de Convoy Custom Interiors, a embauch\u00e9 Laurie Suikki comme directrice de l&#039;association et les bureaux du chapitre ont \u00e9t\u00e9 transf\u00e9r\u00e9s dans les bureaux de Convoy Custom Interior \u00e0 Vaughan, en Ontario.<\/p>\n<p>La section ontarienne de l&#039;AWMAC n&#039;a cess\u00e9 de cro\u00eetre au fil des ans. En 1999, lors de sa cr\u00e9ation, l&#039;AWMAC Ontario comptait 48 membres, contre plus de 140 au moment de cet enregistrement.<\/p>\n<p><a name=\"contact\"><\/a><\/p>\n<h2>Adh\u00e9sion<\/h2>\n<p>La section ontarienne de l&#039;AWMAC propose 6 cat\u00e9gories d&#039;adh\u00e9sion :<\/p>\n<ul>\n<li>Membre fabricant<\/li>\n<li>Membre fournisseur<\/li>\n<li>Membre \u00e0 vie<\/li>\n<li>Membre de l&#039;autorit\u00e9 de conception<\/li>\n<li>Membre alli\u00e9<\/li>\n<li>Membre installateur<\/li>\n<\/ul>\n<p>Pour en savoir plus ou pour t\u00e9l\u00e9charger les demandes d&#039;adh\u00e9sion, s\u00e9lectionnez dans la liste ci-dessous :<\/p>\n<p><a href=\"https:\/\/awmac.com\/wp-content\/uploads\/2026\/03\/Manufacturing-Member-Application-Fillable.pdf\" target=\"_blank\" rel=\"noopener\">Adh\u00e9sion du fabricant<\/a><\/p>\n<p><a href=\"https:\/\/awmac.com\/wp-content\/uploads\/2020\/02\/Supplier-Member-Application.pdf\" target=\"_blank\" rel=\"noopener\">Adh\u00e9sion des fournisseurs<\/a><\/p>\n<p><a href=\"https:\/\/awmac.com\/wp-content\/uploads\/2020\/02\/Design-Authority-Member-Application-1.pdf\" target=\"_blank\" rel=\"noopener\">Adh\u00e9sion \u00e0 l&#039;autorit\u00e9 de conception<\/a><\/p>\n<p><a href=\"https:\/\/www.dropbox.com\/s\/40kg2uvlkxnoy4i\/Allied%20Member%20Application.pdf?dl=0\" target=\"_blank\" rel=\"noopener\">Adh\u00e9sion aux alli\u00e9s<\/a><\/p>\n<p><a href=\"https:\/\/awmac.com\/wp-content\/uploads\/2020\/02\/Installer-Member-Application-Fillable.pdf\" target=\"_blank\" rel=\"noopener\">Adh\u00e9sion installateur<\/a><\/p>\n<h2>Contact<\/h2>\n<p>Bureau : Adresse : 146, promenade Adesso, bureau #1, Vaughan (Ontario) L4K 3C3<br \/>\nT\u00e9l\u00e9phone; 844 ON AWMAC (844-662-9622)<br \/>\n<a href=\"mailto:info.on@awmac.com\">info.on@awmac.com<\/a><\/p>\n<p>Contact SIG<br \/>\nLaurie Suikki<br \/>\nT\u00e9l\u00e9phone : 844 ON AWMAC (844-662-9622)<br \/>\n<a href=\"mailto:gis.on@awmac.com\">gis.on@awmac.com<\/a><\/p>\n<p>&nbsp;<\/p>\n<\/div>","protected":false},"excerpt":{"rendered":"<p>Join AWMAC A Message from our President I am truly honoured to have been selected as President of AWMAC Ontario&#8230;.<\/p>","protected":false},"author":1,"featured_media":0,"parent":75,"menu_order":0,"comment_status":"closed","ping_status":"closed","template":"chapters-sub.php","meta":{"_acf_changed":false,"inline_featured_image":false,"_price":"","_stock":"","_tribe_ticket_header":"","_tribe_default_ticket_provider":"TEC\\Tickets\\Commerce\\Module","_tribe_ticket_capacity":"0","_ticket_start_date":"","_ticket_end_date":"","_tribe_ticket_show_description":"","_tribe_ticket_show_not_going":false,"_tribe_ticket_use_global_stock":"","_tribe_ticket_global_stock_level":"","_global_stock_mode":"","_global_stock_cap":"","_tribe_rsvp_for_event":"","_tribe_ticket_going_count":"","_tribe_ticket_not_going_count":"","_tribe_tickets_list":"[]","_tribe_ticket_has_attendee_info_fields":false,"footnotes":"","_tec_slr_enabled":"","_tec_slr_layout":""},"class_list":["post-48","page","type-page","status-publish","hentry"],"acf":[],"ticketed":false,"_links":{"self":[{"href":"https:\/\/awmac.com\/fr\/wp-json\/wp\/v2\/pages\/48","targetHints":{"allow":["GET"]}}],"collection":[{"href":"https:\/\/awmac.com\/fr\/wp-json\/wp\/v2\/pages"}],"about":[{"href":"https:\/\/awmac.com\/fr\/wp-json\/wp\/v2\/types\/page"}],"author":[{"embeddable":true,"href":"https:\/\/awmac.com\/fr\/wp-json\/wp\/v2\/users\/1"}],"replies":[{"embeddable":true,"href":"https:\/\/awmac.com\/fr\/wp-json\/wp\/v2\/comments?post=48"}],"version-history":[{"count":13,"href":"https:\/\/awmac.com\/fr\/wp-json\/wp\/v2\/pages\/48\/revisions"}],"predecessor-version":[{"id":10833,"href":"https:\/\/awmac.com\/fr\/wp-json\/wp\/v2\/pages\/48\/revisions\/10833"}],"up":[{"embeddable":true,"href":"https:\/\/awmac.com\/fr\/wp-json\/wp\/v2\/pages\/75"}],"wp:attachment":[{"href":"https:\/\/awmac.com\/fr\/wp-json\/wp\/v2\/media?parent=48"}],"curies":[{"name":"wp","href":"https:\/\/api.w.org\/{rel}","templated":true}]}}