{"id":473,"date":"2020-01-24T14:07:19","date_gmt":"2020-01-24T14:07:19","guid":{"rendered":"https:\/\/awmac.com\/?page_id=473"},"modified":"2023-01-20T08:53:39","modified_gmt":"2023-01-20T15:53:39","slug":"membership","status":"publish","type":"page","link":"https:\/\/awmac.com\/fr\/membership\/","title":{"rendered":"Adh\u00e9sion"},"content":{"rendered":"<h1>REJOIGNEZ L&#039;AWMAC<\/h1>\n<p>En affaires, la confiance est primordiale. Chez AWMAC, nous sommes convaincus que cette confiance se construit en appliquant une norme pour toutes les activit\u00e9s de fabrication. Devenir membre de l&#039;AWMAC vous offre tout cela et bien plus encore.<\/p>\n<p>Certains des avantages dont b\u00e9n\u00e9ficient les membres de l&#039;AWMAC sont\u00a0:<\/p>\n<ul>\n<li>Adh\u00e9sion \u00e0 un groupe actif <strong>COMMUNAUT\u00c9<\/strong> qui apprennent et font des affaires les uns avec les autres.<\/li>\n<li>Industrie <strong>RECONNAISSANCE<\/strong> de votre entreprise et de sa qualit\u00e9.<\/li>\n<li><strong>PARTAGE DES CONNAISSANCES<\/strong> des meilleures pratiques pour augmenter votre efficacit\u00e9 et <strong>SUCC\u00c8S<\/strong>.<\/li>\n<li><strong>RELATIONS<\/strong> avec des experts et de nouvelles r\u00e9flexions partout en Am\u00e9rique du Nord.<\/li>\n<li>Le <strong>OPPORTUNIT\u00c9<\/strong> pour comparer votre travail aux meilleurs du secteur et remporter des prix convoit\u00e9s\u00a0!<\/li>\n<\/ul>\n<p>L&#039;AWMAC propose diff\u00e9rentes cat\u00e9gories d&#039;adh\u00e9sion, chacune offrant une gamme unique d&#039;avantages adapt\u00e9s \u00e0 vos besoins. <strong>Adh\u00e9sion du fabricant<\/strong>,<strong> Fournisseur<\/strong><strong>\u00a0Adh\u00e9sion <\/strong>et <strong>Adh\u00e9sion \u00e0 vie<\/strong> sont offerts dans tous les chapitres du Canada. Contactez votre chapitre r\u00e9gional pour conna\u00eetre les cat\u00e9gories d&#039;adh\u00e9sion suppl\u00e9mentaires propres \u00e0 son chapitre.<\/p>\n<p>&nbsp;<\/p>\n<style id=\"ea_dynamic_css2355\">#sp-ea-2355 .spcollapsing{height: 0; overflow: hidden; transition-property: height; transition-duration: 250ms;}#sp-ea-2355.sp-easy-accordion>.sp-ea-single.eap_inactive>.ea-header a {background-color: #bb0000 !important; color: #fff !important;}#sp-ea-2355.sp-easy-accordion>.sp-ea-single{ margin-bottom: 10px; border: 1px none #aa8d6e; border-radius: 3px;}#sp-ea-2355.sp-easy-accordion>.sp-ea-single.ea-expand{ border-color: #aa8d6e;}#sp-ea-2355.sp-easy-accordion>.sp-ea-single:hover{ border-color: #aa8d6e;}#sp-ea-2355.sp-easy-accordion>.sp-ea-single>.ea-header a {background: #ffffff;}#sp-ea-2355.sp-easy-accordion>.sp-ea-single.ea-expand>.ea-header a {background: #ffffff;}#sp-ea-2355.sp-easy-accordion>.sp-ea-single>.ea-header:hover a {background: #676b72;}#sp-ea-2355.sp-easy-accordion>.sp-ea-single>.ea-header a .eap-title-icon { color: #444;font-size: 20px;} #sp-ea-2355.sp-easy-accordion>.sp-ea-single>.ea-header a .eap-title-custom-icon {max-width: 20px;}#sp-ea-2355.sp-easy-accordion>.sp-ea-single>.ea-header:hover a .eap-title-icon {color: #444;}#sp-ea-2355.sp-easy-accordion>.sp-ea-single.ea-expand>.ea-header a .eap-title-icon {color: #444;}#sp-ea-2355.sp-easy-accordion>.sp-ea-single>.ea-header a {padding: 15px 15px 15px 15px; color: #aa8d6e; font-size: 20px; line-height: 30px; text-align: left; letter-spacing: 0px; text-transform: none;}#sp-ea-2355.sp-easy-accordion>.sp-ea-single>.ea-header:hover a {color: #444;}#sp-ea-2355.sp-easy-accordion>.sp-ea-single.ea-expand>.ea-header a {color: #444;}#sp-ea-2355.sp-easy-accordion>.sp-ea-single>.sp-collapse>.ea-body p,#sp-ea-2355.sp-easy-accordion>.sp-ea-single>.sp-collapse>.ea-body{background: #ffffff; padding: 15px 15px 15px 15px; border-radius: 0 0 3px 3px; color: #444444; font-size: 16px; text-align: left; letter-spacing: 0px; line-height: 26px; animation-delay: 200ms; text-transform: none;}#sp-ea-2355.sp-easy-accordion>.sp-ea-single>.ea-header a .ea-expand-icon.fa:before {color: #33383a; font-size: 12px; font-style: normal;}#sp-ea-2355.sp-easy-accordion>.sp-ea-single>.ea-header:hover a .ea-expand-icon.fa:before {color: #aa8d6e;}#sp-ea-2355.sp-easy-accordion>.sp-ea-single.ea-expand>.ea-header a .ea-expand-icon.fa:before {color: #b60a38;}#sp-ea-2355.sp-easy-accordion>.sp-ea-single{background: transparent; margin-bottom: 10px; border-radius: 0; border: none;}#sp-ea-2355.sp-easy-accordion>.sp-ea-single>.sp-collapse>.ea-body{border: 0;}#sp-ea-2355.sp-easy-accordion>.sp-ea-single>.ea-header{border-left: 1px none #aa8d6e;}#sp-ea-2355.sp-easy-accordion>.sp-ea-single>.ea-header a .ea-expand-icon.fa {float: left; margin-right:10px !important;}#sp-ea-2355 #eap_faq_search_bar_container {display:none; opacity:0;}#sp-ea-2355 #eap_faq_search_bar_container span::before{content:\"\";}#sp-eap-accordion-section-2355 .eap_faq_collapse_button {text-align: right}#sp-eap-accordion-section-2355 .eap_faq_collapse_button a {color: #fff; background-color: #b60a38}#sp-eap-accordion-section-2355 .eap_faq_collapse_button a:hover {filter: brightness(90%)}#sp-ea-2355.sp-easy-accordion>.sp-ea-single>.sp-collapse>.ea-body p{ padding:0px}#sp-eap-accordion-section-2355 .sp-eap-pagination-number a.sp-eap-page-numbers {color: #5e5e5e;border-color: #bbbbbb;background: #aa8d6e;}#sp-eap-accordion-section-2355 .sp-eap-pagination-number a.sp-eap-page-numbers.active {color: #aa8d6e;border-color: #b60a38;background: #b60a38;}#sp-eap-accordion-section-2355 .sp-eap-pagination-number a.sp-eap-page-numbers:hover {color: #aa8d6e;border-color: #b60a38;background: #b60a38;}#sp-eap-accordion-section-2355 .sp-eap-load-more button {color: #5e5e5e;border-color: #bbbbbb;background: #aa8d6e;}#sp-eap-accordion-section-2355 .sp-eap-load-more button:hover {color: #aa8d6e;border-color: #b60a38;background: #b60a38;}#sp-eap-accordion-section-2355.sp-eap-container .sp-eap-infinite-scroll-loader,#sp-eap-accordion-section-2355.sp-eap-container div:is(.sp-eap-load-more,.sp-eap-ajax-number-pagination){text-align:center;}#sp-ea-2355>.sp-ea-single>.sp-collapse>.ea-body .eap-product-price {color: #444;}#sp-ea-2355.sp-easy-accordion>.sp-ea-single>.sp-collapse>.ea-body .eap-product-price del{color: rgba(68,68,68,0.71);}#sp-ea-2355.sp-easy-accordion>.sp-ea-single>.sp-collapse>.ea-body .eap-product-cart-button .woocommerce a { border: 1px solid #DAD6DA;border-radius: 2px;background-color: transparent;color: #444;}#sp-ea-2355.sp-easy-accordion>.sp-ea-single>.sp-collapse>.ea-body .eap-product-cart-button .woocommerce a:hover { border-color: #444;background-color: #444;color: #fff;}#sp-ea-2355.sp-easy-accordion>.sp-ea-single>>.sp-collapse>.ea-body .eap-product-cart-button .eap-product-quantity .eap_input_text {border: 1px solid #DAD6DA;}#sp-ea-2355.sp-easy-accordion>.sp-ea-single>.sp-collapse>.ea-body .eap-product-cart-button a.add_to_cart_button{position: relative;}<\/style><div id=\"sp-eap-accordion-section-2355\" class=\"sp-eap-container\">\t<div id=\"eap-faq-collapse-button-2355\" class=\"eap_faq_collapse_button\" data-expand-text=\"Expand All\" data-collapse-text=\"Collapse All\">\n\t\t<a href=\"#\">R\u00e9duire tout\t\t\t<span><i class=\"fa fa-angle-down\"><\/i><\/span> \n\t\t\t<span><i class=\"fa fa-angle-up\"><\/i><\/i><\/span>\n\t\t<\/a>\n\t<\/div>\n\t<div id=\"sp-ea-2355\" class=\"sp-ea-seven sp-easy-accordion\" data-ex-icon=\"ea-font-icon-minus_regular\" data-col-icon=\"ea-font-icon-plus_regular\" data-ea-active=\"ea-click\" data-ea-mode=\"vertical\" data-ea-multi-column=\"\" data-ea-coll=\"\" data-keep-accordion=\"\" data-autoclose=\"\" data-preloader=\"\" data-scroll-active-item=\"\" data-offset-to-scroll=\"0\" data-autoplaytime=\"3000\" data-expand=\"1\" data-post-id=\"2355\" >\t<div class=\"ea-card  sp-ea-single\"  data-accordion-id= \"0\">\n\n\t\t<h3 class=\"ea-header\">\n\t\t\t<a class=\"collapsed\" data-sptoggle=\"spcollapse\" rel=\"nofollow\" data-sptarget=\"#collapse23550\" href=\"#\" data-title=\"efaq-atlantic\" aria-expanded=\"false\">\n\t\t\t\t<i class=\"ea-expand-icon fa ea-font-icon-plus_regular\"><\/i>  ATLANTIQUE\t\t\t<\/a>\n\t\t<\/h3>\n\n\t\t<div class=\"sp-collapse spcollapse spcollapse\" id=\"collapse23550\" data-parent=\"#sp-ea-2355\">\n\t\t<div class=\"ea-body\"> \n<div class=\"ea-content-wrapper\"> \n\t<p>Le chapitre Atlantique de l&#039;AWMAC propose 6 cat\u00e9gories d&#039;adh\u00e9sion :<\/p>\n<ul>\n<li>Membre fabricant<\/li>\n<li>Membre fournisseur<\/li>\n<li>Membre installateur<\/li>\n<li>Membre du comit\u00e9 de conception (architectes et designers)<\/li>\n<li>Membre alli\u00e9<\/li>\n<li>Membre \u00e0 vie<\/li>\n<\/ul>\n<p>Les nouveaux membres qui adh\u00e8rent en cours d&#039;ann\u00e9e seront factur\u00e9s au prorata, ce qui sera d\u00e9termin\u00e9 par le chapitre au cas par cas.<\/p>\n<p>Si un membre fabricant ou fournisseur participe \u00e0 deux des quatre r\u00e9unions de la section, son entreprise b\u00e9n\u00e9ficie d&#039;une entr\u00e9e gratuite \u00e0 l&#039;assembl\u00e9e g\u00e9n\u00e9rale annuelle de l&#039;Atlantique. Aucun remboursement ne sera accord\u00e9 en cas de non-utilisation de cette offre (valeur approximative\u00a0: $300,00).<\/p>\n<p><a href=\"https:\/\/awmac.com\/wp-content\/uploads\/2020\/02\/AWMAC-Atlantic-2025-Membership-application-form-11-Dec-24.pdf\" target=\"_blank\" rel=\"noopener\">T\u00e9l\u00e9chargez la demande d&#039;adh\u00e9sion<\/a><\/p>\n<p>Pour postuler au chapitre atlantique de l&#039;AWMAC, envoyez un courriel \u00e0 <a href=\"mailto:atlantic@awmac.com\"><strong>atlantic@awmac.com<\/strong><\/a> avec votre candidature et toutes questions que vous pourriez avoir.<\/p>\n<\/div>\n<\/div>\n\t\t\t<\/div>\n\t<\/div>\n\t\t<div class=\"ea-card  sp-ea-single\"  data-accordion-id= \"1\">\n\n\t\t<h3 class=\"ea-header\">\n\t\t\t<a class=\"collapsed\" data-sptoggle=\"spcollapse\" rel=\"nofollow\" data-sptarget=\"#collapse23551\" href=\"#\" data-title=\"efaq-british-columbia\" aria-expanded=\"false\">\n\t\t\t\t<i class=\"ea-expand-icon fa ea-font-icon-plus_regular\"><\/i>  COLOMBIE-BRITANNIQUE\t\t\t<\/a>\n\t\t<\/h3>\n\n\t\t<div class=\"sp-collapse spcollapse spcollapse\" id=\"collapse23551\" data-parent=\"#sp-ea-2355\">\n\t\t<div class=\"ea-body\"> \n<div class=\"ea-content-wrapper\"> \n\t<p>Le chapitre de la Colombie-Britannique de l&#039;AWMAC propose 4 cat\u00e9gories d&#039;adh\u00e9sion<\/p>\n<ul>\n<li>Membre fabricant<\/li>\n<li>Membre fournisseur<\/li>\n<li>Membre alli\u00e9<\/li>\n<li>Membre \u00e0 vie<\/li>\n<\/ul>\n<p>Pour en savoir plus sur l&#039;adh\u00e9sion au chapitre de la Colombie-Britannique de l&#039;AWMAC, veuillez envoyer un courriel \u00e0 <a href=\"mailto:info.bc@awmac.com\">info.bc@awmac.com<\/a>.<\/p>\n<\/div>\n<\/div>\n\t\t\t<\/div>\n\t<\/div>\n\t\t<div class=\"ea-card  sp-ea-single\"  data-accordion-id= \"2\">\n\n\t\t<h3 class=\"ea-header\">\n\t\t\t<a class=\"collapsed\" data-sptoggle=\"spcollapse\" rel=\"nofollow\" data-sptarget=\"#collapse23552\" href=\"#\" data-title=\"efaq-manitoba\" aria-expanded=\"false\">\n\t\t\t\t<i class=\"ea-expand-icon fa ea-font-icon-plus_regular\"><\/i>  MANITOBA\t\t\t<\/a>\n\t\t<\/h3>\n\n\t\t<div class=\"sp-collapse spcollapse spcollapse\" id=\"collapse23552\" data-parent=\"#sp-ea-2355\">\n\t\t<div class=\"ea-body\"> \n<div class=\"ea-content-wrapper\"> \n\t<p>La section manitobaine de l&#039;AWMAC propose 5 cat\u00e9gories d&#039;adh\u00e9sion\u00a0:<\/p>\n<ul>\n<li>Membre fabricant<\/li>\n<li>Membre fournisseur<\/li>\n<li>Membre de la conception<\/li>\n<li>Membre \u00e0 vie<\/li>\n<li>Membre honoraire<\/li>\n<\/ul>\n<p>Pour en savoir plus ou pour t\u00e9l\u00e9charger les demandes d&#039;adh\u00e9sion, s\u00e9lectionnez dans la liste ci-dessous :<\/p>\n<p><a href=\"https:\/\/awmac.com\/wp-content\/uploads\/2020\/02\/AWMAC-Manitoba-Manufacturer-Application-2025-1.pdf\" target=\"_blank\" rel=\"noopener\">Demande d&#039;adh\u00e9sion - Fabricant<\/a><\/p>\n<p><a href=\"https:\/\/awmac.com\/wp-content\/uploads\/2020\/02\/AWMAC-Manitoba-Associate-Application-2025-1.pdf\" target=\"_blank\" rel=\"noopener\">Demande d&#039;adh\u00e9sion - Associ\u00e9<\/a><\/p>\n<p>Pour en savoir plus sur l&#039;adh\u00e9sion au chapitre manitobain de l&#039;AWMAC, consultez le <a href=\"https:\/\/www.dropbox.com\/s\/mj5uc62oppu9exo\/AWMAC%20Membership%20Criteria%202016.pdf?dl=0\" target=\"_blank\" rel=\"noopener\">Crit\u00e8res d&#039;adh\u00e9sion<\/a> ou par e-mail <a href=\"mailto:manitoba@awmac.com\">manitoba@awmac.com<\/a><\/p>\n<\/div>\n<\/div>\n\t\t\t<\/div>\n\t<\/div>\n\t\t<div class=\"ea-card  sp-ea-single\"  data-accordion-id= \"3\">\n\n\t\t<h3 class=\"ea-header\">\n\t\t\t<a class=\"collapsed\" data-sptoggle=\"spcollapse\" rel=\"nofollow\" data-sptarget=\"#collapse23553\" href=\"#\" data-title=\"efaq-northern-alberta\" aria-expanded=\"false\">\n\t\t\t\t<i class=\"ea-expand-icon fa ea-font-icon-plus_regular\"><\/i>  NORD DE L&#039;ALBERTA\t\t\t<\/a>\n\t\t<\/h3>\n\n\t\t<div class=\"sp-collapse spcollapse spcollapse\" id=\"collapse23553\" data-parent=\"#sp-ea-2355\">\n\t\t<div class=\"ea-body\"> \n<div class=\"ea-content-wrapper\"> \n\t<p>La section du nord de l&#039;Alberta de l&#039;AWMAC propose 6 cat\u00e9gories d&#039;adh\u00e9sion :<\/p>\n<ul>\n<li>Membre fabricant<\/li>\n<li>Membre fournisseur<\/li>\n<li>Membre installateur<\/li>\n<li>Membre de la conception<\/li>\n<li>Membre alli\u00e9<\/li>\n<li>Membre \u00e0 vie<\/li>\n<\/ul>\n<p>Pour en savoir plus sur l&#039;adh\u00e9sion au chapitre du nord de l&#039;Alberta de l&#039;AWMAC, consultez le <a href=\"https:\/\/awmac.com\/wp-content\/uploads\/2020\/02\/New-Manufacturer-Member-Application-Procedure.pdf\" target=\"_blank\" rel=\"noopener\">Proc\u00e9dure de demande d&#039;adh\u00e9sion en tant que fabricant<\/a>\u00a0ou par e-mail\u00a0<a title=\"mailto:northernalberta@awmac.com\" href=\"mailto:northernalberta@awmac.com\" data-linkindex=\"0\">northernalberta@awmac.com<\/a>.<\/p>\n<\/div>\n<\/div>\n\t\t\t<\/div>\n\t<\/div>\n\t\t<div class=\"ea-card  sp-ea-single\"  data-accordion-id= \"4\">\n\n\t\t<h3 class=\"ea-header\">\n\t\t\t<a class=\"collapsed\" data-sptoggle=\"spcollapse\" rel=\"nofollow\" data-sptarget=\"#collapse23554\" href=\"#\" data-title=\"efaq-ontario\" aria-expanded=\"false\">\n\t\t\t\t<i class=\"ea-expand-icon fa ea-font-icon-plus_regular\"><\/i>  ONTARIO\t\t\t<\/a>\n\t\t<\/h3>\n\n\t\t<div class=\"sp-collapse spcollapse spcollapse\" id=\"collapse23554\" data-parent=\"#sp-ea-2355\">\n\t\t<div class=\"ea-body\"> \n<div class=\"ea-content-wrapper\"> \n\t<p>La section ontarienne de l&#039;AWMAC propose 6 cat\u00e9gories d&#039;adh\u00e9sion :<\/p>\n<ul>\n<li>Membre fabricant<\/li>\n<li>Membre fournisseur<\/li>\n<li>Membre \u00e0 vie<\/li>\n<li>Membre de l&#039;autorit\u00e9 de conception<\/li>\n<li>Membre alli\u00e9<\/li>\n<li>Membre installateur<\/li>\n<\/ul>\n<p>Pour en savoir plus ou pour t\u00e9l\u00e9charger les demandes d&#039;adh\u00e9sion, s\u00e9lectionnez dans la liste ci-dessous :<\/p>\n<p><a href=\"https:\/\/awmac.com\/wp-content\/uploads\/2020\/02\/Manufacturing-Member-Application-Fillable.pdf\" target=\"_blank\" rel=\"noopener\">Adh\u00e9sion du fabricant<\/a><\/p>\n<p><a href=\"https:\/\/awmac.com\/wp-content\/uploads\/2020\/02\/Supplier-Member-Application.pdf\" target=\"_blank\" rel=\"noopener\">Adh\u00e9sion des fournisseurs<\/a><\/p>\n<p><a href=\"https:\/\/awmac.com\/wp-content\/uploads\/2020\/02\/Design-Authority-Member-Application-1.pdf\" target=\"_blank\" rel=\"noopener\">Adh\u00e9sion \u00e0 l&#039;autorit\u00e9 de conception<\/a><\/p>\n<p><a href=\"https:\/\/www.dropbox.com\/s\/40kg2uvlkxnoy4i\/Allied%20Member%20Application.pdf?dl=0\" target=\"_blank\" rel=\"noopener\">Adh\u00e9sion aux alli\u00e9s<\/a><\/p>\n<p><a href=\"https:\/\/awmac.com\/wp-content\/uploads\/2020\/02\/Installer-Member-Application.pdf\" target=\"_blank\" rel=\"noopener\">Adh\u00e9sion installateur<\/a><\/p>\n<p>Pour postuler au chapitre ontarien de l&#039;AWMAC, envoyez un courriel \u00e0 <a href=\"mailto:gis.on@awmac.com\">gis.on@awmac.com<\/a> avec votre candidature et toutes questions que vous pourriez avoir.<\/p>\n<\/div>\n<\/div>\n\t\t\t<\/div>\n\t<\/div>\n\t\t<div class=\"ea-card  sp-ea-single\"  data-accordion-id= \"5\">\n\n\t\t<h3 class=\"ea-header\">\n\t\t\t<a class=\"collapsed\" data-sptoggle=\"spcollapse\" rel=\"nofollow\" data-sptarget=\"#collapse23555\" href=\"#\" data-title=\"efaq-quebec\" aria-expanded=\"false\">\n\t\t\t\t<i class=\"ea-expand-icon fa ea-font-icon-plus_regular\"><\/i>  QU\u00c9BEC\t\t\t<\/a>\n\t\t<\/h3>\n\n\t\t<div class=\"sp-collapse spcollapse spcollapse\" id=\"collapse23555\" data-parent=\"#sp-ea-2355\">\n\t\t<div class=\"ea-body\"> \n<div class=\"ea-content-wrapper\"> \n\t<p><u>Fran\u00e7ais<\/u><\/p>\n<p>L&#039;AWMAC Qu\u00e9bec offre 5 cat\u00e9gories de membres :<\/p>\n<ul>\n<li>Membre Manufacturier<\/li>\n<li>Membre Associ\u00e9<\/li>\n<li>Membre \u00e0 vie<\/li>\n<li>Architecte\/Designer<\/li>\n<li>\u00c9tablissement d&#039;enseignement<\/li>\n<\/ul>\n<p>Demandes d&#039;adh\u00e9sion:<\/p>\n<p>Fabricant et fournisseurs : <a href=\"https:\/\/form.jotform.com\/241343665659263\" target=\"_blank\" rel=\"noopener\">Cliquez ici<\/a><br \/>\nArchitectes : <a href=\"https:\/\/form.jotform.com\/220253630719249\" target=\"_blank\" rel=\"noopener\">Cliquez ici<\/a><\/p>\n<p><a href=\"https:\/\/awmac.com\/wp-content\/uploads\/2020\/02\/24-10-24-Conditions-Manufacturier.pdf\">Conditions Fabricant<\/a><br \/>\n<a href=\"https:\/\/awmac.com\/wp-content\/uploads\/2020\/02\/24-10-24-Conditions-Installateurs.pdf\">Conditions Installateurs<\/a><\/p>\n<p><u>Anglais<\/u><\/p>\n<p>La section du Qu\u00e9bec de l&#039;AWMAC propose 5 cat\u00e9gories d&#039;adh\u00e9sion :<\/p>\n<ul>\n<li>Membre fabricant<\/li>\n<li>Membre fournisseur<\/li>\n<li>Membre \u00e0 vie<\/li>\n<li>Membre de la conception<\/li>\n<li>Membre alli\u00e9<\/li>\n<\/ul>\n<p>Demandes d&#039;adh\u00e9sion :<\/p>\n<p>Fabricant et fournisseurs : <a href=\"https:\/\/form.jotform.com\/241573439571260\">Cliquez ici<\/a><br \/>\nArchitectes: <a href=\"https:\/\/form.jotform.com\/231034868020246\">Cliquez ici<\/a><\/p>\n<\/div>\n<\/div>\n\t\t\t<\/div>\n\t<\/div>\n\t\t<div class=\"ea-card  sp-ea-single\"  data-accordion-id= \"6\">\n\n\t\t<h3 class=\"ea-header\">\n\t\t\t<a class=\"collapsed\" data-sptoggle=\"spcollapse\" rel=\"nofollow\" data-sptarget=\"#collapse23556\" href=\"#\" data-title=\"efaq-saskatchewan\" aria-expanded=\"false\">\n\t\t\t\t<i class=\"ea-expand-icon fa ea-font-icon-plus_regular\"><\/i>  SASKATCHEWAN\t\t\t<\/a>\n\t\t<\/h3>\n\n\t\t<div class=\"sp-collapse spcollapse spcollapse\" id=\"collapse23556\" data-parent=\"#sp-ea-2355\">\n\t\t<div class=\"ea-body\"> \n<div class=\"ea-content-wrapper\"> \n\t<p>La section de la Saskatchewan de l&#039;AWMAC propose 6 cat\u00e9gories d&#039;adh\u00e9sion : Pour t\u00e9l\u00e9charger une demande d&#039;adh\u00e9sion, s\u00e9lectionnez dans la liste ci-dessous :<\/p>\n<ul>\n<li style=\"text-align: left\"><a href=\"https:\/\/awmac.com\/wp-content\/uploads\/2020\/02\/Manufacturer-Membership-Application-Form.pdf\" target=\"_blank\" rel=\"noopener\">Adh\u00e9sion du fabricant<\/a><\/li>\n<li style=\"text-align: left\"><a href=\"https:\/\/awmac.com\/wp-content\/uploads\/2020\/02\/Supplier-Membership-Application-Form.pdf\" target=\"_blank\" rel=\"noopener\">Adh\u00e9sion des fournisseurs<\/a><\/li>\n<li style=\"text-align: left\"><a href=\"https:\/\/awmac.com\/wp-content\/uploads\/2020\/02\/Installer-Membership-Application-Form.pdf\" target=\"_blank\" rel=\"noopener\">Membre installateur<\/a><\/li>\n<li style=\"text-align: left\"><a href=\"https:\/\/awmac.com\/wp-content\/uploads\/2020\/02\/Design-Authority-Membership-Application-Form.pdf\" target=\"_blank\" rel=\"noopener\">Membre de la conception<\/a><\/li>\n<li style=\"text-align: left\">Membre alli\u00e9<\/li>\n<li style=\"text-align: left\">Membre \u00e0 vie<\/li>\n<\/ul>\n<p>Pour en savoir plus sur l&#039;adh\u00e9sion au chapitre de la Saskatchewan de l&#039;AWMAC, consultez le <a href=\"https:\/\/awmac.com\/wp-content\/uploads\/2020\/02\/Manufacturer-Member-Application-Policy.pdf\" target=\"_blank\" rel=\"noopener\">Politique d&#039;int\u00e9gration des nouveaux membres <\/a>ou par e-mail <a href=\"mailto:saskatchewan@awmac.com.\">saskatchewan@awmac.com.<\/a><\/p>\n<\/div>\n<\/div>\n\t\t\t<\/div>\n\t<\/div>\n\t\t<div class=\"ea-card  sp-ea-single\"  data-accordion-id= \"7\">\n\n\t\t<h3 class=\"ea-header\">\n\t\t\t<a class=\"collapsed\" data-sptoggle=\"spcollapse\" rel=\"nofollow\" data-sptarget=\"#collapse23557\" href=\"#\" data-title=\"efaq-southern-alberta\" aria-expanded=\"false\">\n\t\t\t\t<i class=\"ea-expand-icon fa ea-font-icon-plus_regular\"><\/i>  SUD DE L&#039;ALBERTA\t\t\t<\/a>\n\t\t<\/h3>\n\n\t\t<div class=\"sp-collapse spcollapse spcollapse\" id=\"collapse23557\" data-parent=\"#sp-ea-2355\">\n\t\t<div class=\"ea-body\"> \n<div class=\"ea-content-wrapper\"> \n\t<p>Le chapitre du sud de l&#039;Alberta de l&#039;AWMAC propose 5 cat\u00e9gories d&#039;adh\u00e9sion<\/p>\n<ul>\n<li>Membre fabricant<\/li>\n<li>Membre fournisseur<\/li>\n<li>Membre \u00e0 vie<\/li>\n<li>Membre alli\u00e9<\/li>\n<li>Membres de conception<\/li>\n<\/ul>\n<p>Pour en savoir plus sur l&#039;adh\u00e9sion au chapitre du sud de l&#039;Alberta de l&#039;AWMAC, envoyez un courriel \u00e0\u00a0<a href=\"mailto:southernalberta@telus.net\">southernalberta@telus.net<\/a><\/p>\n<\/div>\n<\/div>\n\t\t\t<\/div>\n\t<\/div>\n\t<\/div><\/div>","protected":false},"excerpt":{"rendered":"<p>REJOIGNEZ AWMAC Dans le monde des affaires, la confiance est primordiale. Chez AWMAC, nous sommes convaincus que cette confiance se construit en d\u00e9finissant des normes \u00e9lev\u00e9es\u2026<\/p>","protected":false},"author":1,"featured_media":0,"parent":0,"menu_order":0,"comment_status":"closed","ping_status":"closed","template":"membership.php","meta":{"_acf_changed":false,"inline_featured_image":false,"_price":"","_stock":"","_tribe_ticket_header":"","_tribe_default_ticket_provider":"","_tribe_ticket_capacity":"0","_ticket_start_date":"","_ticket_end_date":"","_tribe_ticket_show_description":"","_tribe_ticket_show_not_going":false,"_tribe_ticket_use_global_stock":"","_tribe_ticket_global_stock_level":"","_global_stock_mode":"","_global_stock_cap":"","_tribe_rsvp_for_event":"","_tribe_ticket_going_count":"","_tribe_ticket_not_going_count":"","_tribe_tickets_list":"[]","_tribe_ticket_has_attendee_info_fields":false,"footnotes":"","_tec_slr_enabled":"","_tec_slr_layout":""},"class_list":["post-473","page","type-page","status-publish","hentry"],"acf":[],"ticketed":false,"_links":{"self":[{"href":"https:\/\/awmac.com\/fr\/wp-json\/wp\/v2\/pages\/473","targetHints":{"allow":["GET"]}}],"collection":[{"href":"https:\/\/awmac.com\/fr\/wp-json\/wp\/v2\/pages"}],"about":[{"href":"https:\/\/awmac.com\/fr\/wp-json\/wp\/v2\/types\/page"}],"author":[{"embeddable":true,"href":"https:\/\/awmac.com\/fr\/wp-json\/wp\/v2\/users\/1"}],"replies":[{"embeddable":true,"href":"https:\/\/awmac.com\/fr\/wp-json\/wp\/v2\/comments?post=473"}],"version-history":[{"count":10,"href":"https:\/\/awmac.com\/fr\/wp-json\/wp\/v2\/pages\/473\/revisions"}],"predecessor-version":[{"id":7549,"href":"https:\/\/awmac.com\/fr\/wp-json\/wp\/v2\/pages\/473\/revisions\/7549"}],"wp:attachment":[{"href":"https:\/\/awmac.com\/fr\/wp-json\/wp\/v2\/media?parent=473"}],"curies":[{"name":"wp","href":"https:\/\/api.w.org\/{rel}","templated":true}]}}