{"id":45,"date":"2019-12-17T07:38:55","date_gmt":"2019-12-17T07:38:55","guid":{"rendered":"https:\/\/awmac.com\/?page_id=45"},"modified":"2025-11-12T12:20:44","modified_gmt":"2025-11-12T19:20:44","slug":"quebec","status":"publish","type":"page","link":"https:\/\/awmac.com\/fr\/chapters\/quebec\/","title":{"rendered":"Qu\u00e9bec"},"content":{"rendered":"<div class=\"Atlantic_Styles\">\n<p><a class=\"buttonRed small mt-3\" href=\"\/fr\/membership\/\" rel=\"noopener noreferrer\">Rejoignez l&#039;AWMAC<\/a><\/p>\n<p><a name=\"contact\"><\/a><\/p>\n<p><strong>Mission:<\/strong><\/p>\n<p>\u00c9tablir et promouvoir les normes AWMAC en d\u00e9ployant son programme d&#039;assurance qualit\u00e9 pour la fabrication et l&#039;installation d&#039;armoires et de boiseries architecturales tout en adh\u00e9rant \u00e0 des pratiques \u00e9coresponsables.<\/p>\n<p><strong>Vision:<\/strong><\/p>\n<p>\u00catre la r\u00e9f\u00e9rence dans le domaine de l&#039;\u00e9b\u00e9nisterie et de la menuiserie architecturale.<\/p>\n<p><strong>\u00a0Valeurs:<\/strong><\/p>\n<ul>\n<li>Professionnalisme<\/li>\n<li>Respect<\/li>\n<li>Int\u00e9grit\u00e9<\/li>\n<li>Coop\u00e9ration<\/li>\n<li>D\u00e9vouement<\/li>\n<\/ul>\n<p>&nbsp;<\/p>\n<h2>Contactez-nous<\/h2>\n<p>Bureau de l&#039;AWMAC au Qu\u00e9bec<br \/>\nDirectrice G\u00e9n\u00e9rale<br \/>\nMarie-H\u00e9l\u00e8ne Lafleur<\/p>\n<p>Section Qu\u00e9bec de l&#039;AWMAC<\/p>\n<p>60 6e Rang est<br \/>\nDaveluyville, QC<br \/>\nG0Z 1C0<br \/>\n367-777-0656<br \/>\n<a href=\"mailto:info@awmacquebec.com\">info@awmacquebec.com<\/a><\/p>\n<\/div>","protected":false},"excerpt":{"rendered":"<p>Rejoignez la mission d&#039;AWMAC\u00a0: \u00e9tablir et promouvoir les normes AWMAC en d\u00e9ployant son programme d&#039;assurance qualit\u00e9 pour la fabrication et l&#039;installation\u2026<\/p>","protected":false},"author":1,"featured_media":0,"parent":75,"menu_order":0,"comment_status":"closed","ping_status":"closed","template":"chapters-sub.php","meta":{"_acf_changed":false,"inline_featured_image":false,"_price":"","_stock":"","_tribe_ticket_header":"","_tribe_default_ticket_provider":"TEC\\Tickets\\Commerce\\Module","_tribe_ticket_capacity":"0","_ticket_start_date":"","_ticket_end_date":"","_tribe_ticket_show_description":"","_tribe_ticket_show_not_going":false,"_tribe_ticket_use_global_stock":"","_tribe_ticket_global_stock_level":"","_global_stock_mode":"","_global_stock_cap":"","_tribe_rsvp_for_event":"","_tribe_ticket_going_count":"","_tribe_ticket_not_going_count":"","_tribe_tickets_list":"[]","_tribe_ticket_has_attendee_info_fields":false,"footnotes":"","_tec_slr_enabled":"","_tec_slr_layout":""},"class_list":["post-45","page","type-page","status-publish","hentry"],"acf":[],"ticketed":false,"_links":{"self":[{"href":"https:\/\/awmac.com\/fr\/wp-json\/wp\/v2\/pages\/45","targetHints":{"allow":["GET"]}}],"collection":[{"href":"https:\/\/awmac.com\/fr\/wp-json\/wp\/v2\/pages"}],"about":[{"href":"https:\/\/awmac.com\/fr\/wp-json\/wp\/v2\/types\/page"}],"author":[{"embeddable":true,"href":"https:\/\/awmac.com\/fr\/wp-json\/wp\/v2\/users\/1"}],"replies":[{"embeddable":true,"href":"https:\/\/awmac.com\/fr\/wp-json\/wp\/v2\/comments?post=45"}],"version-history":[{"count":12,"href":"https:\/\/awmac.com\/fr\/wp-json\/wp\/v2\/pages\/45\/revisions"}],"predecessor-version":[{"id":10586,"href":"https:\/\/awmac.com\/fr\/wp-json\/wp\/v2\/pages\/45\/revisions\/10586"}],"up":[{"embeddable":true,"href":"https:\/\/awmac.com\/fr\/wp-json\/wp\/v2\/pages\/75"}],"wp:attachment":[{"href":"https:\/\/awmac.com\/fr\/wp-json\/wp\/v2\/media?parent=45"}],"curies":[{"name":"wp","href":"https:\/\/api.w.org\/{rel}","templated":true}]}}