{"id":4310,"date":"2021-07-02T11:48:42","date_gmt":"2021-07-02T18:48:42","guid":{"rendered":"https:\/\/awmac.com\/registration\/"},"modified":"2025-08-06T06:56:04","modified_gmt":"2025-08-06T13:56:04","slug":"exams","status":"publish","type":"page","link":"https:\/\/awmac.com\/fr\/education\/exams\/","title":{"rendered":"Examens des membres"},"content":{"rendered":"<h1>Examens des membres<\/h1>\n<p>\u00cates-vous membre de l&#039;AWMAC et souhaitez-vous passer un examen\u00a0? Suivez ces \u00e9tapes\u00a0:<\/p>\n<p>1. D\u00e9terminez l\u2019examen que vous devez passer dans la liste ci-dessous.<\/p>\n<ul>\n<li>Examen des normes du fabricant (MSE)<strong><span style=\"color: #c22929;\"> <a style=\"color: #c22929;\" href=\"https:\/\/awmac.com\/wp-content\/uploads\/2020\/02\/AWMAC-MSE-Policy.pdf\" target=\"_blank\" rel=\"noopener\">Anglais<\/a>\u00a0<\/span>|<\/strong><span style=\"color: #c22929;\"><strong> <a style=\"color: #c22929;\" href=\"https:\/\/awmac.com\/wp-content\/uploads\/2020\/02\/AWMAC-MSE-Policy-FR.pdf\" target=\"_blank\" rel=\"noopener\">Fran\u00e7ais<\/a><\/strong><\/span><\/li>\n<li>Examen des normes d&#039;installation (ISE) <strong><span style=\"color: #c22929;\"><a style=\"color: #c22929;\" href=\"https:\/\/awmac.com\/wp-content\/uploads\/2020\/02\/AWMAC-ISE-Policy.pdf\" target=\"_blank\" rel=\"noopener\">Anglais<\/a><\/span><\/strong><span style=\"color: #c42e10;\"><strong>\u00a0<\/strong><\/span><strong>|<span style=\"color: #c22929;\"> <a style=\"color: #c22929;\" href=\"https:\/\/awmac.com\/wp-content\/uploads\/2020\/02\/AWMAC-ISE-Policy-FR.pdf\" target=\"_blank\" rel=\"noopener\">Fran\u00e7ais<\/a><\/span><\/strong><\/li>\n<li>Examen des normes des \u00e9tudiants (SSE) <span style=\"color: #c22929;\"><strong><span style=\"color: #c22929;\"><a style=\"color: #c22929;\" href=\"https:\/\/awmac.com\/wp-content\/uploads\/2025\/07\/AWMAC-SSE-Policy.pdf\" target=\"_blank\" rel=\"noopener\">Anglais<\/a><\/span><\/strong> <\/span><strong>| <\/strong><strong style=\"color: #c22929;\"><a style=\"color: #c22929;\" href=\"https:\/\/awmac.com\/wp-content\/uploads\/2020\/02\/AWMAC-SSE-Policy-FR.pdf\" target=\"_blank\" rel=\"noopener\">Fran\u00e7ais<\/a><\/strong><\/li>\n<\/ul>\n<p>2. Courriel <a href=\"mailto:exams@awmac.com\">exams@awmac.com <\/a>pour demander l&#039;examen.<\/p>\n<p>3. T\u00e9l\u00e9chargez la version actuelle <strong>Manuel de la NAAWS, <\/strong>disponible gratuitement sur\u00a0<a href=\"http:\/\/naaws.com\/\" target=\"_blank\" rel=\"noopener\">naaws.com.<\/a><\/p>\n<p>4. T\u00e9l\u00e9chargez la version actuelle <strong>Manuel des politiques et proc\u00e9dures du SIG<\/strong>\u00a0disponible sur notre <a href=\"https:\/\/awmac.com\/fr\/gis\/gis-policy\/\">Page de politique SIG<\/a>.<\/p>\n<p>5. Recevez votre examen et commencez.<\/p>\n<p>&nbsp;<\/p>\n<p><strong>Des questions ?<\/strong> E-mail <a href=\"mailto:exams@awmac.com\">exams@awmac.com<\/a><\/p>","protected":false},"excerpt":{"rendered":"<p>Examens pour les membres \u00cates-vous membre de l&#039;AWMAC et souhaitez-vous passer un examen\u00a0? Suivez ces \u00e9tapes\u00a0: 1. D\u00e9terminez l&#039;examen que vous souhaitez passer\u2026<\/p>","protected":false},"author":1,"featured_media":0,"parent":226,"menu_order":0,"comment_status":"closed","ping_status":"closed","template":"education.php","meta":{"_acf_changed":false,"inline_featured_image":false,"_price":"","_stock":"","_tribe_ticket_header":"","_tribe_default_ticket_provider":"TEC\\Tickets\\Commerce\\Module","_tribe_ticket_capacity":"0","_ticket_start_date":"","_ticket_end_date":"","_tribe_ticket_show_description":"","_tribe_ticket_show_not_going":false,"_tribe_ticket_use_global_stock":"","_tribe_ticket_global_stock_level":"","_global_stock_mode":"","_global_stock_cap":"","_tribe_rsvp_for_event":"","_tribe_ticket_going_count":"","_tribe_ticket_not_going_count":"","_tribe_tickets_list":"[]","_tribe_ticket_has_attendee_info_fields":false,"footnotes":"","_tec_slr_enabled":"","_tec_slr_layout":""},"class_list":["post-4310","page","type-page","status-publish","hentry"],"acf":[],"ticketed":false,"_links":{"self":[{"href":"https:\/\/awmac.com\/fr\/wp-json\/wp\/v2\/pages\/4310","targetHints":{"allow":["GET"]}}],"collection":[{"href":"https:\/\/awmac.com\/fr\/wp-json\/wp\/v2\/pages"}],"about":[{"href":"https:\/\/awmac.com\/fr\/wp-json\/wp\/v2\/types\/page"}],"author":[{"embeddable":true,"href":"https:\/\/awmac.com\/fr\/wp-json\/wp\/v2\/users\/1"}],"replies":[{"embeddable":true,"href":"https:\/\/awmac.com\/fr\/wp-json\/wp\/v2\/comments?post=4310"}],"version-history":[{"count":11,"href":"https:\/\/awmac.com\/fr\/wp-json\/wp\/v2\/pages\/4310\/revisions"}],"predecessor-version":[{"id":10372,"href":"https:\/\/awmac.com\/fr\/wp-json\/wp\/v2\/pages\/4310\/revisions\/10372"}],"up":[{"embeddable":true,"href":"https:\/\/awmac.com\/fr\/wp-json\/wp\/v2\/pages\/226"}],"wp:attachment":[{"href":"https:\/\/awmac.com\/fr\/wp-json\/wp\/v2\/media?parent=4310"}],"curies":[{"name":"wp","href":"https:\/\/api.w.org\/{rel}","templated":true}]}}