{"id":42,"date":"2019-12-17T07:38:46","date_gmt":"2019-12-17T07:38:46","guid":{"rendered":"https:\/\/awmac.com\/?page_id=42"},"modified":"2025-06-17T10:05:29","modified_gmt":"2025-06-17T17:05:29","slug":"atlantic","status":"publish","type":"page","link":"https:\/\/awmac.com\/fr\/chapters\/atlantic\/","title":{"rendered":"atlantique"},"content":{"rendered":"<div class=\"Atlantic_Styles\">\n<p>Le chapitre Atlantique de l\u2019AWMAC est une association de fabricants, de fournisseurs, d\u2019installateurs, de concepteurs et d\u2019\u00e9ducateurs de menuiseries dans les provinces du Canada atlantique.<\/p>\n<p><a class=\"buttonRed small mt-3\" href=\"\/fr\/membership\/\" rel=\"noopener noreferrer\">Rejoignez l&#039;AWMAC<\/a><\/p>\n<h2>Objectifs<\/h2>\n<ul>\n<li>Promouvoir les int\u00e9r\u00eats des personnes, des entreprises et des soci\u00e9t\u00e9s engag\u00e9es dans la fabrication, la fourniture et l\u2019installation de projets architecturaux en bois dans les provinces de l\u2019Atlantique.<\/li>\n<li>S&#039;efforcer d&#039;\u00e9tablir une relation plus \u00e9troite et une meilleure compr\u00e9hension entre les diff\u00e9rents chapitres de l&#039;industrie et d&#039;am\u00e9liorer et de normaliser autant que possible les m\u00e9thodes de soumission et d&#039;acceptation des offres entre l&#039;architecte et\/ou l&#039;ing\u00e9nieur, l&#039;architecte d&#039;int\u00e9rieur, l&#039;entrepreneur g\u00e9n\u00e9ral, l&#039;entrepreneur sp\u00e9cialis\u00e9 et le propri\u00e9taire.<\/li>\n<li>Recueillir des statistiques et d\u2019autres informations susceptibles d\u2019\u00eatre utiles et utiles aux membres de l\u2019AWMAC.<\/li>\n<li>Contribuer de toutes les mani\u00e8res \u00e0 l\u2019am\u00e9lioration des relations publiques.<\/li>\n<li>Assurer l\u2019uniformit\u00e9 des usages, des coutumes et des conditions commerciales de ceux qui travaillent dans l\u2019industrie du bois architectural.<\/li>\n<li>Formuler et encourager un programme \u00e9ducatif pour la formation des employ\u00e9s du secteur du bois afin que l\u2019industrie puisse b\u00e9n\u00e9ficier de m\u00e9thodes am\u00e9lior\u00e9es et de comp\u00e9tences accrues.<\/li>\n<li>Fournir d\u2019autres services jug\u00e9s opportuns pour la protection ou la promotion des meilleurs int\u00e9r\u00eats des membres.<\/li>\n<li>Repr\u00e9senter les membres de l&#039;AWMAC dans toutes les questions relatives \u00e0 l&#039;industrie du travail du bois architectural.<\/li>\n<\/ul>\n<h2>Histoire<\/h2>\n<p><a href=\"\/wp-content\/uploads\/2020\/03\/history-altantic.pdf\" target=\"_blank\" rel=\"noopener noreferrer\">Une br\u00e8ve histoire de l&#039;AWMAC Atlantique<\/a><\/p>\n<p><a name=\"contact\"><\/a><\/p>\n<h2>Contact<\/h2>\n<p><strong>Bureau du chapitre atlantique de l&#039;AWMAC<\/strong><\/p>\n<\/div>\n<div class=\"Atlantic_Styles\">Bo\u00eete postale 38136<br \/>\nDartmouth (Nouvelle-\u00c9cosse) B3B 1X2<\/div>\n<div class=\"Atlantic_Styles\">902-877-8187<\/div>\n<div><\/div>\n<p class=\"Atlantic_Styles\"><strong>Janice Benoit | Responsable de l&#039;association<\/strong><br \/>\n<a href=\"mailto:manager.atlantic@awmac.com\">manager.atlantic@awmac.com<\/a><\/p>\n<div><\/div>\n<p class=\"Atlantic_Styles\"><strong>Brady Gaudette | Repr\u00e9sentant SIG<\/strong><br \/>\n<a href=\"mailto:gis.atlantic@awmac.com\">gis.atlantic@awmac.com<\/a><\/p>","protected":false},"excerpt":{"rendered":"<p>La section Atlantique de l&#039;AWMAC est une association de fabricants, fournisseurs, installateurs, concepteurs et formateurs en menuiserie des provinces de l&#039;Atlantique\u2026<\/p>","protected":false},"author":1,"featured_media":0,"parent":75,"menu_order":0,"comment_status":"closed","ping_status":"closed","template":"chapters-sub.php","meta":{"_acf_changed":false,"inline_featured_image":false,"_price":"","_stock":"","_tribe_ticket_header":"","_tribe_default_ticket_provider":"TEC\\Tickets\\Commerce\\Module","_tribe_ticket_capacity":"0","_ticket_start_date":"","_ticket_end_date":"","_tribe_ticket_show_description":"","_tribe_ticket_show_not_going":false,"_tribe_ticket_use_global_stock":"","_tribe_ticket_global_stock_level":"","_global_stock_mode":"","_global_stock_cap":"","_tribe_rsvp_for_event":"","_tribe_ticket_going_count":"","_tribe_ticket_not_going_count":"","_tribe_tickets_list":"[]","_tribe_ticket_has_attendee_info_fields":false,"footnotes":"","_tec_slr_enabled":"","_tec_slr_layout":""},"class_list":["post-42","page","type-page","status-publish","hentry"],"acf":[],"ticketed":false,"_links":{"self":[{"href":"https:\/\/awmac.com\/fr\/wp-json\/wp\/v2\/pages\/42","targetHints":{"allow":["GET"]}}],"collection":[{"href":"https:\/\/awmac.com\/fr\/wp-json\/wp\/v2\/pages"}],"about":[{"href":"https:\/\/awmac.com\/fr\/wp-json\/wp\/v2\/types\/page"}],"author":[{"embeddable":true,"href":"https:\/\/awmac.com\/fr\/wp-json\/wp\/v2\/users\/1"}],"replies":[{"embeddable":true,"href":"https:\/\/awmac.com\/fr\/wp-json\/wp\/v2\/comments?post=42"}],"version-history":[{"count":11,"href":"https:\/\/awmac.com\/fr\/wp-json\/wp\/v2\/pages\/42\/revisions"}],"predecessor-version":[{"id":10332,"href":"https:\/\/awmac.com\/fr\/wp-json\/wp\/v2\/pages\/42\/revisions\/10332"}],"up":[{"embeddable":true,"href":"https:\/\/awmac.com\/fr\/wp-json\/wp\/v2\/pages\/75"}],"wp:attachment":[{"href":"https:\/\/awmac.com\/fr\/wp-json\/wp\/v2\/media?parent=42"}],"curies":[{"name":"wp","href":"https:\/\/api.w.org\/{rel}","templated":true}]}}