{"id":3860,"date":"2020-12-31T11:37:51","date_gmt":"2020-12-31T18:37:51","guid":{"rendered":"https:\/\/awmac.com\/?page_id=3860"},"modified":"2025-06-16T06:11:36","modified_gmt":"2025-06-16T13:11:36","slug":"calendar-of-events","status":"publish","type":"page","link":"https:\/\/awmac.com\/fr\/chapters\/british-columbia\/calendar-of-events\/","title":{"rendered":"CALENDRIER DES \u00c9V\u00c9NEMENTS"},"content":{"rendered":"<table style=\"height: 251px;\" width=\"727\">\n<tbody>\n<tr>\n<td width=\"160\">\n<h2><span style=\"text-decoration: underline;\"><strong>Date<\/strong><\/span><\/h2>\n<\/td>\n<td width=\"255\">\n<h2><span style=\"text-decoration: underline;\"><strong>\u00c9v\u00e9nement<\/strong><\/span><\/h2>\n<\/td>\n<td width=\"208\">\n<h2><span style=\"text-decoration: underline;\"><strong>Emplacement<\/strong><\/span><\/h2>\n<\/td>\n<\/tr>\n<tr>\n<td width=\"160\">2 octobre 2025<\/p>\n<p>15 octobre 2025<\/p>\n<p>27 novembre 2025<\/td>\n<td width=\"255\"><strong>Gala annuel des prix d&#039;excellence<\/strong><\/p>\n<p><strong>Assembl\u00e9e g\u00e9n\u00e9rale des membres<\/strong><\/p>\n<p><strong>F\u00eate de No\u00ebl<\/strong><\/td>\n<td width=\"208\"><span data-olk-copy-source=\"MessageBody\">Centre des congr\u00e8s de Vancouver<\/span><\/p>\n<p>\u00c0 d\u00e9terminer<\/p>\n<p>Northview Golf &amp; Country Club<\/td>\n<\/tr>\n<\/tbody>\n<\/table>","protected":false},"excerpt":{"rendered":"<p>Date Event Location October 2, 2025 October 15, 2025 November 27, 2025 Annual Awards of Excellence Gala General Members Meeting&#8230;<\/p>","protected":false},"author":208,"featured_media":0,"parent":63,"menu_order":0,"comment_status":"closed","ping_status":"closed","template":"chapters-sub.php","meta":{"_acf_changed":false,"inline_featured_image":false,"_price":"","_stock":"","_tribe_ticket_header":"","_tribe_default_ticket_provider":"TEC\\Tickets\\Commerce\\Module","_tribe_ticket_capacity":"0","_ticket_start_date":"","_ticket_end_date":"","_tribe_ticket_show_description":"","_tribe_ticket_show_not_going":false,"_tribe_ticket_use_global_stock":"","_tribe_ticket_global_stock_level":"","_global_stock_mode":"","_global_stock_cap":"","_tribe_rsvp_for_event":"","_tribe_ticket_going_count":"","_tribe_ticket_not_going_count":"","_tribe_tickets_list":"[]","_tribe_ticket_has_attendee_info_fields":false,"footnotes":"","_tec_slr_enabled":"","_tec_slr_layout":""},"class_list":["post-3860","page","type-page","status-publish","hentry"],"acf":[],"ticketed":false,"_links":{"self":[{"href":"https:\/\/awmac.com\/fr\/wp-json\/wp\/v2\/pages\/3860","targetHints":{"allow":["GET"]}}],"collection":[{"href":"https:\/\/awmac.com\/fr\/wp-json\/wp\/v2\/pages"}],"about":[{"href":"https:\/\/awmac.com\/fr\/wp-json\/wp\/v2\/types\/page"}],"author":[{"embeddable":true,"href":"https:\/\/awmac.com\/fr\/wp-json\/wp\/v2\/users\/208"}],"replies":[{"embeddable":true,"href":"https:\/\/awmac.com\/fr\/wp-json\/wp\/v2\/comments?post=3860"}],"version-history":[{"count":11,"href":"https:\/\/awmac.com\/fr\/wp-json\/wp\/v2\/pages\/3860\/revisions"}],"predecessor-version":[{"id":10325,"href":"https:\/\/awmac.com\/fr\/wp-json\/wp\/v2\/pages\/3860\/revisions\/10325"}],"up":[{"embeddable":true,"href":"https:\/\/awmac.com\/fr\/wp-json\/wp\/v2\/pages\/63"}],"wp:attachment":[{"href":"https:\/\/awmac.com\/fr\/wp-json\/wp\/v2\/media?parent=3860"}],"curies":[{"name":"wp","href":"https:\/\/api.w.org\/{rel}","templated":true}]}}