{"id":368,"date":"2020-01-16T09:20:53","date_gmt":"2020-01-16T09:20:53","guid":{"rendered":"https:\/\/awmac.com\/?page_id=368"},"modified":"2023-05-20T11:50:17","modified_gmt":"2023-05-20T18:50:17","slug":"about","status":"publish","type":"page","link":"https:\/\/awmac.com\/fr\/about\/","title":{"rendered":"\u00c0 propos"},"content":{"rendered":"<h1>\u00c0 propos d&#039;AWMAC<\/h1>\n<p>L&#039;Association des manufacturiers de boiseries architecturales du Canada (\u201c\u00a0AWMAC\u00a0\u201d) est la voix nationale de l&#039;industrie canadienne de la menuiserie architecturale. Depuis plus de 50\u00a0ans, l&#039;AWMAC favorise la croissance \u00e0 long terme et la stabilit\u00e9 financi\u00e8re du secteur diversifi\u00e9 de la fabrication de boiseries au pays.<\/p>\n<p>L&#039;AWMAC compte plus de 400 membres et professionnels de l&#039;industrie r\u00e9partis dans huit sections r\u00e9gionales \u00e0 travers le Canada, y compris des fabricants de boiseries architecturales, des installateurs, des fournisseurs de mat\u00e9riaux et de services, des professionnels de la conception, des \u00e9tablissements d&#039;enseignement et d&#039;autres filiales de l&#039;industrie.<\/p>\n<p>En collaboration avec nos sections r\u00e9gionales, l&#039;AWMAC partage la mission de :<\/p>\n<ul>\n<li>d\u00e9velopper et promouvoir les normes* de l&#039;AWMAC pour la fabrication et l&#039;installation de boiseries architecturales;<\/li>\n<li>promouvoir l&#039;assurance du respect des normes de l&#039;AWMAC\u00a0; et<\/li>\n<li>promouvoir des pratiques durables dans l\u2019industrie du bois.<\/li>\n<\/ul>\n<p>*Normes nord-am\u00e9ricaines de menuiserie architecturale (NAAWS), que l&#039;AWMAC et le Woodwork Institute d\u00e9veloppent et maintiennent conjointement.<\/p>\n<h2>Vision et mission<\/h2>\n<p><strong>Vision | <\/strong>\u00catre l\u2019autorit\u00e9 de l\u2019industrie de la menuiserie architecturale au Canada.<\/p>\n<p><strong>Mission | <\/strong>D\u00e9velopper et promouvoir l&#039;utilisation des NORMES de l&#039;AWMAC pour la fabrication et l&#039;installation de boiseries architecturales et promouvoir l&#039;assurance du respect de ces normes de qualit\u00e9 et des pratiques durables dans l&#039;industrie du bois.<br \/>\n<a name=\"values\"><\/a><\/p>\n<h2>Valeurs<\/h2>\n<p><strong>Qualit\u00e9 | <\/strong>Qualit\u00e9 et assurance standardis\u00e9es<\/p>\n<p><strong>\u00c9ducation | <\/strong>Promotion et d\u00e9veloppement \u00e9ducatif<\/p>\n<p><strong>Durabilit\u00e9 | <\/strong>Gestion des ressources humaines et des ressources financi\u00e8res<\/p>\n<p><strong>Collaboration | <\/strong>Communication et partenariat avec les parties prenantes et l&#039;industrie<br \/>\n<a name=\"history\"><\/a><\/p>\n<h2>Histoire<\/h2>\n<p>Les origines de l&#039;AWMAC remontent aux ann\u00e9es 1920. Des exploitants de menuiserie de la r\u00e9gion de Vancouver, en Colombie-Britannique, se sont regroup\u00e9s pour am\u00e9liorer les conditions de travail dans l&#039;industrie. Des ann\u00e9es plus tard, leur succ\u00e8s continu a men\u00e9 \u00e0 la fondation de la Mainland Millwork Association en 1948.<\/p>\n<p>\u00c0 la fin des ann\u00e9es 1960, Gary Nikolai, de Vancouver, a parcouru le Canada sans rel\u00e2che pour promouvoir une nouvelle association nationale de menuisiers\u00a0: l\u2019Association canadienne des fabricants de boiseries architecturales. En bref, l\u2019AWMAC.<\/p>\n<p>L&#039;AWMAC a tenu sa premi\u00e8re r\u00e9union officielle \u00e0 Vancouver le 25 septembre 1970, avec des repr\u00e9sentants de la Colombie-Britannique, de l&#039;Alberta, de la Saskatchewan, du Manitoba, de l&#039;Ontario et de la Nouvelle-\u00c9cosse.<\/p>","protected":false},"excerpt":{"rendered":"<p>\u00c0 propos de l\u2019AWMAC L\u2019Association canadienne des fabricants de menuiseries architecturales (\u201c AWMAC \u201d) est le porte-parole national de l\u2019industrie canadienne des menuiseries architecturales. Pour\u2026<\/p>","protected":false},"author":1,"featured_media":0,"parent":0,"menu_order":0,"comment_status":"closed","ping_status":"closed","template":"about.php","meta":{"_acf_changed":false,"inline_featured_image":false,"_price":"","_stock":"","_tribe_ticket_header":"","_tribe_default_ticket_provider":"","_tribe_ticket_capacity":"0","_ticket_start_date":"","_ticket_end_date":"","_tribe_ticket_show_description":"","_tribe_ticket_show_not_going":false,"_tribe_ticket_use_global_stock":"","_tribe_ticket_global_stock_level":"","_global_stock_mode":"","_global_stock_cap":"","_tribe_rsvp_for_event":"","_tribe_ticket_going_count":"","_tribe_ticket_not_going_count":"","_tribe_tickets_list":"[]","_tribe_ticket_has_attendee_info_fields":false,"footnotes":"","_tec_slr_enabled":"","_tec_slr_layout":""},"class_list":["post-368","page","type-page","status-publish","hentry"],"acf":[],"ticketed":false,"_links":{"self":[{"href":"https:\/\/awmac.com\/fr\/wp-json\/wp\/v2\/pages\/368","targetHints":{"allow":["GET"]}}],"collection":[{"href":"https:\/\/awmac.com\/fr\/wp-json\/wp\/v2\/pages"}],"about":[{"href":"https:\/\/awmac.com\/fr\/wp-json\/wp\/v2\/types\/page"}],"author":[{"embeddable":true,"href":"https:\/\/awmac.com\/fr\/wp-json\/wp\/v2\/users\/1"}],"replies":[{"embeddable":true,"href":"https:\/\/awmac.com\/fr\/wp-json\/wp\/v2\/comments?post=368"}],"version-history":[{"count":10,"href":"https:\/\/awmac.com\/fr\/wp-json\/wp\/v2\/pages\/368\/revisions"}],"predecessor-version":[{"id":8195,"href":"https:\/\/awmac.com\/fr\/wp-json\/wp\/v2\/pages\/368\/revisions\/8195"}],"wp:attachment":[{"href":"https:\/\/awmac.com\/fr\/wp-json\/wp\/v2\/media?parent=368"}],"curies":[{"name":"wp","href":"https:\/\/api.w.org\/{rel}","templated":true}]}}