{"id":3168,"date":"2020-03-11T00:37:21","date_gmt":"2020-03-11T00:37:21","guid":{"rendered":"https:\/\/awmac.com\/?page_id=3168"},"modified":"2026-02-18T12:46:18","modified_gmt":"2026-02-18T19:46:18","slug":"scholarships","status":"publish","type":"page","link":"https:\/\/awmac.com\/fr\/chapters\/southern-alberta\/scholarships\/","title":{"rendered":"Bourses d&#039;\u00e9tudes"},"content":{"rendered":"<h2 class=\"Atlantic_Styles\">Bourse d&#039;\u00e9tudes en \u00e9b\u00e9nisterie du sud de l&#039;Alberta<\/h2>\n<div class=\"Atlantic_Styles\">\n<p>$1000 pour les \u00e9tudiants de 1re, 2e, 3e et 4e ann\u00e9e. La bourse est attribu\u00e9e au candidat ayant obtenu les meilleures notes en atelier.<\/p>\n<p><a class=\"buttonRed small mt-3\" href=\"https:\/\/awmac.com\/wp-content\/uploads\/2026\/02\/SCHOLARSHIP-APPLICATION-FORM-2026.pdf\" target=\"_blank\" rel=\"noopener noreferrer\">Postulez d\u00e8s aujourd&#039;hui !<\/a><\/p>\n<h2>Chapitre AWMAC SA et formation en apprentissage et en industrie<\/h2>\n<ul>\n<li>Deux bourses $1000 pour les apprentis \u00e9b\u00e9nistes du sud de l&#039;Alberta<\/li>\n<li>Le prix est d\u00e9cern\u00e9 au candidat ayant obtenu les meilleures notes d&#039;atelier ; vous ne pouvez pas gagner si vous ne postulez pas !<\/li>\n<\/ul>\n<h2>Bourse d&#039;\u00e9tudes en design d&#039;int\u00e9rieur du Mont-Royal<\/h2>\n<p><strong>Application:<\/strong>\u00a0Bourse en cours d&#039;\u00e9tudes, aucune demande requise<\/p>\n<\/div>\n<h2>Bourse d&#039;\u00e9tudes DeWalt Trades<\/h2>\n<ul>\n<li>Valeur : $5 000 USD, disponible pour les \u00e9tudiants aux \u00c9tats-Unis et au Canada<\/li>\n<li>Les candidatures seront disponibles \u00e0 l&#039;automne 2025<\/li>\n<li>Pour en savoir plus, cliquez sur le lien :\u00a0<a id=\"OWA0738e72e-1f55-7f51-a25d-5851e678114d\" class=\"OWAAutoLink\" href=\"https:\/\/learnmore.scholarsapply.org\/dewalttrade\/\" data-auth=\"NotApplicable\">https:\/\/learnmore.scholarsapply.org\/dewalttrade\/<\/a><\/li>\n<\/ul>\n<p>&nbsp;<\/p>","protected":false},"excerpt":{"rendered":"<p>Southern Alberta Cabinetmaking Scholarship $1000 for 1st, 2nd, 3rd &amp; 4th year students. The award goes to the applicant with&#8230;<\/p>","protected":false},"author":1,"featured_media":0,"parent":57,"menu_order":0,"comment_status":"closed","ping_status":"closed","template":"chapters-sub.php","meta":{"_acf_changed":false,"inline_featured_image":false,"_price":"","_stock":"","_tribe_ticket_header":"","_tribe_default_ticket_provider":"TEC\\Tickets\\Commerce\\Module","_tribe_ticket_capacity":"0","_ticket_start_date":"","_ticket_end_date":"","_tribe_ticket_show_description":"","_tribe_ticket_show_not_going":false,"_tribe_ticket_use_global_stock":"","_tribe_ticket_global_stock_level":"","_global_stock_mode":"","_global_stock_cap":"","_tribe_rsvp_for_event":"","_tribe_ticket_going_count":"","_tribe_ticket_not_going_count":"","_tribe_tickets_list":"[]","_tribe_ticket_has_attendee_info_fields":false,"footnotes":"","_tec_slr_enabled":"","_tec_slr_layout":""},"class_list":["post-3168","page","type-page","status-publish","hentry"],"acf":[],"ticketed":false,"_links":{"self":[{"href":"https:\/\/awmac.com\/fr\/wp-json\/wp\/v2\/pages\/3168","targetHints":{"allow":["GET"]}}],"collection":[{"href":"https:\/\/awmac.com\/fr\/wp-json\/wp\/v2\/pages"}],"about":[{"href":"https:\/\/awmac.com\/fr\/wp-json\/wp\/v2\/types\/page"}],"author":[{"embeddable":true,"href":"https:\/\/awmac.com\/fr\/wp-json\/wp\/v2\/users\/1"}],"replies":[{"embeddable":true,"href":"https:\/\/awmac.com\/fr\/wp-json\/wp\/v2\/comments?post=3168"}],"version-history":[{"count":11,"href":"https:\/\/awmac.com\/fr\/wp-json\/wp\/v2\/pages\/3168\/revisions"}],"predecessor-version":[{"id":10747,"href":"https:\/\/awmac.com\/fr\/wp-json\/wp\/v2\/pages\/3168\/revisions\/10747"}],"up":[{"embeddable":true,"href":"https:\/\/awmac.com\/fr\/wp-json\/wp\/v2\/pages\/57"}],"wp:attachment":[{"href":"https:\/\/awmac.com\/fr\/wp-json\/wp\/v2\/media?parent=3168"}],"curies":[{"name":"wp","href":"https:\/\/api.w.org\/{rel}","templated":true}]}}