{"id":3166,"date":"2020-03-11T00:36:54","date_gmt":"2020-03-11T00:36:54","guid":{"rendered":"https:\/\/awmac.com\/?page_id=3166"},"modified":"2024-01-11T15:55:38","modified_gmt":"2024-01-11T22:55:38","slug":"awards-recognition","status":"publish","type":"page","link":"https:\/\/awmac.com\/fr\/chapters\/southern-alberta\/awards-recognition\/","title":{"rendered":"Prix et reconnaissance"},"content":{"rendered":"<div class=\"Atlantic_Styles\">Au fil des ans, AWMAC Southern Alberta a b\u00e2ti sa r\u00e9putation en mati\u00e8re de travail du bois de la plus haute qualit\u00e9.<\/div>\n<div><\/div>\n<div class=\"Atlantic_Styles\">D\u00e9couvrez le meilleur du meilleur : les prix d&#039;excellence de l&#039;AWMAC Southern Alberta.<\/div>\n<div><\/div>\n<div><a class=\"buttonRed small mt-3\" href=\"https:\/\/www.awmacsaawards.com\/\" target=\"_blank\" rel=\"noopener noreferrer\">PRIX AWMAC SA<\/a><\/div>","protected":false},"excerpt":{"rendered":"<p>Over the years, AWMAC\u00a0Southern Alberta\u00a0has been building its reputation for woodworking of the highest quality. See the best of the&#8230;<\/p>","protected":false},"author":1,"featured_media":0,"parent":57,"menu_order":0,"comment_status":"closed","ping_status":"closed","template":"chapters-sub.php","meta":{"_acf_changed":false,"inline_featured_image":false,"_price":"","_stock":"","_tribe_ticket_header":"","_tribe_default_ticket_provider":"","_tribe_ticket_capacity":"0","_ticket_start_date":"","_ticket_end_date":"","_tribe_ticket_show_description":"","_tribe_ticket_show_not_going":false,"_tribe_ticket_use_global_stock":"","_tribe_ticket_global_stock_level":"","_global_stock_mode":"","_global_stock_cap":"","_tribe_rsvp_for_event":"","_tribe_ticket_going_count":"","_tribe_ticket_not_going_count":"","_tribe_tickets_list":"[]","_tribe_ticket_has_attendee_info_fields":false,"footnotes":"","_tec_slr_enabled":"","_tec_slr_layout":""},"class_list":["post-3166","page","type-page","status-publish","hentry"],"acf":[],"ticketed":false,"_links":{"self":[{"href":"https:\/\/awmac.com\/fr\/wp-json\/wp\/v2\/pages\/3166","targetHints":{"allow":["GET"]}}],"collection":[{"href":"https:\/\/awmac.com\/fr\/wp-json\/wp\/v2\/pages"}],"about":[{"href":"https:\/\/awmac.com\/fr\/wp-json\/wp\/v2\/types\/page"}],"author":[{"embeddable":true,"href":"https:\/\/awmac.com\/fr\/wp-json\/wp\/v2\/users\/1"}],"replies":[{"embeddable":true,"href":"https:\/\/awmac.com\/fr\/wp-json\/wp\/v2\/comments?post=3166"}],"version-history":[{"count":11,"href":"https:\/\/awmac.com\/fr\/wp-json\/wp\/v2\/pages\/3166\/revisions"}],"predecessor-version":[{"id":9019,"href":"https:\/\/awmac.com\/fr\/wp-json\/wp\/v2\/pages\/3166\/revisions\/9019"}],"up":[{"embeddable":true,"href":"https:\/\/awmac.com\/fr\/wp-json\/wp\/v2\/pages\/57"}],"wp:attachment":[{"href":"https:\/\/awmac.com\/fr\/wp-json\/wp\/v2\/media?parent=3166"}],"curies":[{"name":"wp","href":"https:\/\/api.w.org\/{rel}","templated":true}]}}