{"id":3099,"date":"2020-03-10T23:08:04","date_gmt":"2020-03-10T23:08:04","guid":{"rendered":"https:\/\/awmac.com\/?page_id=3099"},"modified":"2023-11-09T14:23:21","modified_gmt":"2023-11-09T21:23:21","slug":"advantages-program","status":"publish","type":"page","link":"https:\/\/awmac.com\/fr\/chapters\/ontario\/advantages-program\/","title":{"rendered":"Programme Avantages"},"content":{"rendered":"<p>AWMAC Ontario est fier d&#039;annoncer qu&#039;il s&#039;est associ\u00e9 \u00e0 un certain nombre d&#039;entreprises pour offrir des avantages \u00e0 nos membres.<\/p>\n<p>Consultez ci-dessous la liste des \u00e9conomies dont vous pouvez b\u00e9n\u00e9ficier en tant que membre de l&#039;AWMAC Ontario\u00a0!!<\/p>\n<p>Pour obtenir des renseignements sur la fa\u00e7on de devenir membre de l&#039;AWMAC, veuillez contacter les bureaux de l&#039;AWMAC Ontario au <a href=\"mailto:info.on@awmac.com\">info.on@awmac.com<\/a>.<\/p>\n<p>&nbsp;<\/p>\n<a href=\"https:\/\/www.storwell.com\/\" target=\"_blank\" rel=\"noopener\"><img decoding=\"async\" class=\"aligncenter wp-image-4410\" src=\"https:\/\/awmac.com\/wp-content\/uploads\/2021\/07\/Slide1-1.png\" alt=\"\" width=\"603\" height=\"773\" srcset=\"https:\/\/awmac.com\/wp-content\/uploads\/2021\/07\/Slide1-1.png 546w, https:\/\/awmac.com\/wp-content\/uploads\/2021\/07\/Slide1-1-234x300.png 234w, https:\/\/awmac.com\/wp-content\/uploads\/2021\/07\/Slide1-1-312x400.png 312w\" sizes=\"(max-width: 603px) 100vw, 603px\" \/><\/a>\n<img decoding=\"async\" class=\"size-full wp-image-3104 aligncenter\" src=\"https:\/\/awmac.com\/wp-content\/uploads\/2020\/03\/AWMAC-Advantages-pg01.jpg\" alt=\"\" width=\"600\" height=\"832\" srcset=\"https:\/\/awmac.com\/wp-content\/uploads\/2020\/03\/AWMAC-Advantages-pg01.jpg 600w, https:\/\/awmac.com\/wp-content\/uploads\/2020\/03\/AWMAC-Advantages-pg01-216x300.jpg 216w, https:\/\/awmac.com\/wp-content\/uploads\/2020\/03\/AWMAC-Advantages-pg01-288x400.jpg 288w\" sizes=\"(max-width: 600px) 100vw, 600px\" \/>\n<p style=\"text-align: center;\"><img decoding=\"async\" class=\"alignnone size-full wp-image-3103\" src=\"https:\/\/awmac.com\/wp-content\/uploads\/2020\/03\/AWMAC-Advantages-pg02.jpg\" alt=\"\" width=\"600\" height=\"800\" srcset=\"https:\/\/awmac.com\/wp-content\/uploads\/2020\/03\/AWMAC-Advantages-pg02.jpg 600w, https:\/\/awmac.com\/wp-content\/uploads\/2020\/03\/AWMAC-Advantages-pg02-225x300.jpg 225w, https:\/\/awmac.com\/wp-content\/uploads\/2020\/03\/AWMAC-Advantages-pg02-300x400.jpg 300w\" sizes=\"(max-width: 600px) 100vw, 600px\" \/><\/p>\n<p style=\"text-align: center;\"><img decoding=\"async\" class=\"alignnone size-full wp-image-3102\" src=\"https:\/\/awmac.com\/wp-content\/uploads\/2020\/03\/AWMAC-Advantages-pg03.jpg\" alt=\"\" width=\"600\" height=\"340\" srcset=\"https:\/\/awmac.com\/wp-content\/uploads\/2020\/03\/AWMAC-Advantages-pg03.jpg 600w, https:\/\/awmac.com\/wp-content\/uploads\/2020\/03\/AWMAC-Advantages-pg03-300x170.jpg 300w\" sizes=\"(max-width: 600px) 100vw, 600px\" \/><\/p>","protected":false},"excerpt":{"rendered":"<p>AWMAC Ontario is proud to announce that it has partnered with a number of companies to offer benefits to our&#8230;<\/p>","protected":false},"author":1,"featured_media":0,"parent":48,"menu_order":0,"comment_status":"closed","ping_status":"closed","template":"chapters-sub.php","meta":{"_acf_changed":false,"inline_featured_image":false,"_price":"","_stock":"","_tribe_ticket_header":"","_tribe_default_ticket_provider":"","_tribe_ticket_capacity":"0","_ticket_start_date":"","_ticket_end_date":"","_tribe_ticket_show_description":"","_tribe_ticket_show_not_going":false,"_tribe_ticket_use_global_stock":"","_tribe_ticket_global_stock_level":"","_global_stock_mode":"","_global_stock_cap":"","_tribe_rsvp_for_event":"","_tribe_ticket_going_count":"","_tribe_ticket_not_going_count":"","_tribe_tickets_list":"[]","_tribe_ticket_has_attendee_info_fields":false,"footnotes":"","_tec_slr_enabled":"","_tec_slr_layout":""},"class_list":["post-3099","page","type-page","status-publish","hentry"],"acf":[],"ticketed":false,"_links":{"self":[{"href":"https:\/\/awmac.com\/fr\/wp-json\/wp\/v2\/pages\/3099","targetHints":{"allow":["GET"]}}],"collection":[{"href":"https:\/\/awmac.com\/fr\/wp-json\/wp\/v2\/pages"}],"about":[{"href":"https:\/\/awmac.com\/fr\/wp-json\/wp\/v2\/types\/page"}],"author":[{"embeddable":true,"href":"https:\/\/awmac.com\/fr\/wp-json\/wp\/v2\/users\/1"}],"replies":[{"embeddable":true,"href":"https:\/\/awmac.com\/fr\/wp-json\/wp\/v2\/comments?post=3099"}],"version-history":[{"count":12,"href":"https:\/\/awmac.com\/fr\/wp-json\/wp\/v2\/pages\/3099\/revisions"}],"predecessor-version":[{"id":9128,"href":"https:\/\/awmac.com\/fr\/wp-json\/wp\/v2\/pages\/3099\/revisions\/9128"}],"up":[{"embeddable":true,"href":"https:\/\/awmac.com\/fr\/wp-json\/wp\/v2\/pages\/48"}],"wp:attachment":[{"href":"https:\/\/awmac.com\/fr\/wp-json\/wp\/v2\/media?parent=3099"}],"curies":[{"name":"wp","href":"https:\/\/api.w.org\/{rel}","templated":true}]}}