{"id":2897,"date":"2020-03-05T20:00:01","date_gmt":"2020-03-05T20:00:01","guid":{"rendered":"https:\/\/awmac.com\/?page_id=2897"},"modified":"2025-08-28T07:08:28","modified_gmt":"2025-08-28T14:08:28","slug":"governance","status":"publish","type":"page","link":"https:\/\/awmac.com\/fr\/chapters\/british-columbia\/governance\/","title":{"rendered":"Gouvernance"},"content":{"rendered":"<p>&nbsp;<\/p>\n<p><strong>Constitution et r\u00e8glements :<\/strong><\/p>\n<p><a href=\"https:\/\/awmac.com\/wp-content\/uploads\/2025\/08\/Certified_AWMAC_BC_Constitution_2018_11_22.pdf\" target=\"_blank\" rel=\"noopener\">Constitution de l&#039;AWMAC BC<\/a><br \/>\n<a href=\"https:\/\/awmac.com\/wp-content\/uploads\/2025\/08\/Certified_AWMAC_BC_Chapter_Bylaws_2022_03_11_CURRENT_.pdf\" target=\"_blank\" rel=\"noopener\">R\u00e8glements de l&#039;AWMAC BC<\/a><\/p>\n<p>&nbsp;<\/p>\n<p><strong>Politique et proc\u00e9dures d&#039;adh\u00e9sion \u00e0 l&#039;AWMAC BC :<\/strong><\/p>\n<p><a href=\"https:\/\/awmac.com\/wp-content\/uploads\/2025\/08\/250422-2025-Membership-Application-Manufacturer-PP.pdf\" target=\"_blank\" rel=\"noopener\">Politique et proc\u00e9dures des nouveaux membres fabricants<\/a><br \/>\n<a href=\"https:\/\/awmac.com\/wp-content\/uploads\/2025\/08\/250422-2025-Membership-Application-Supplier-Allied.pdf\" target=\"_blank\" rel=\"noopener\">Politique et proc\u00e9dures relatives aux nouveaux fournisseurs et aux membres alli\u00e9s<\/a><br \/>\n<a href=\"https:\/\/awmac.com\/wp-content\/uploads\/2024\/04\/2024-AWMAC-BC-Member-in-Good-Standing-Policy.pdf\" target=\"_blank\" rel=\"noopener noreferrer\">Politique de membre en r\u00e8gle<\/a><br \/>\n<a href=\"https:\/\/awmac.com\/wp-content\/uploads\/2024\/04\/2023-AWMAC-BC-Policy-Procedures-Reinstating-Former-AWMAC-BC-Members-.pdf\" target=\"_blank\" rel=\"noopener\">Politique et proc\u00e9dures de r\u00e9int\u00e9gration des membres\u00a0<\/a><\/p>\n<p><a href=\"\/wp-content\/uploads\/2020\/03\/2016-AWMAC-BC-Presenter-Vetting-Policy-and-Procedure-Final.pdf\" target=\"_blank\" rel=\"noopener noreferrer\">Politique et proc\u00e9dure de v\u00e9rification des pr\u00e9sentateurs<\/a><br \/>\n<a href=\"\/wp-content\/uploads\/2020\/03\/2017-Social-Media-Policy-Rev.Jan_.17.pdf\" target=\"_blank\" rel=\"noopener noreferrer\">Politique relative aux m\u00e9dias sociaux<\/a><br \/>\n<a href=\"\/wp-content\/uploads\/2020\/03\/AWMAC-BC-Cheque-Signing-Policy-Final.pdf\" target=\"_blank\" rel=\"noopener noreferrer\">Politique de signature de ch\u00e8que<\/a><br \/>\n<a href=\"\/wp-content\/uploads\/2020\/03\/Technical-Committee-Policy-Final.pdf\" target=\"_blank\" rel=\"noopener noreferrer\">Politique du comit\u00e9 technique<\/a><br \/>\n<a href=\"https:\/\/awmac.com\/wp-content\/uploads\/2020\/05\/Whistleblower-Policy-Final-Adopted-May-12-2020.pdf\">Politique de d\u00e9nonciation\u00a0<\/a><br \/>\n<a href=\"https:\/\/awmac.com\/wp-content\/uploads\/2020\/08\/AWMAC-BC-Bullying-and-Harassment-Policy-Final-July-15-2020.pdf\">Politique de l&#039;AWMAC BC sur l&#039;intimidation et le harc\u00e8lement 2020<\/a><\/p>","protected":false},"excerpt":{"rendered":"<p>&nbsp; Constitution and Bylaws: AWMAC BC Constitution AWMAC BC Bylaws &nbsp; AWMAC BC Membership Policy and Procedures: New Manufacturer Member&#8230;<\/p>","protected":false},"author":1,"featured_media":0,"parent":63,"menu_order":0,"comment_status":"closed","ping_status":"closed","template":"chapters-sub.php","meta":{"_acf_changed":false,"inline_featured_image":false,"_price":"","_stock":"","_tribe_ticket_header":"","_tribe_default_ticket_provider":"TEC\\Tickets\\Commerce\\Module","_tribe_ticket_capacity":"0","_ticket_start_date":"","_ticket_end_date":"","_tribe_ticket_show_description":"","_tribe_ticket_show_not_going":false,"_tribe_ticket_use_global_stock":"","_tribe_ticket_global_stock_level":"","_global_stock_mode":"","_global_stock_cap":"","_tribe_rsvp_for_event":"","_tribe_ticket_going_count":"","_tribe_ticket_not_going_count":"","_tribe_tickets_list":"[]","_tribe_ticket_has_attendee_info_fields":false,"footnotes":"","_tec_slr_enabled":"","_tec_slr_layout":""},"class_list":["post-2897","page","type-page","status-publish","hentry"],"acf":[],"ticketed":false,"_links":{"self":[{"href":"https:\/\/awmac.com\/fr\/wp-json\/wp\/v2\/pages\/2897","targetHints":{"allow":["GET"]}}],"collection":[{"href":"https:\/\/awmac.com\/fr\/wp-json\/wp\/v2\/pages"}],"about":[{"href":"https:\/\/awmac.com\/fr\/wp-json\/wp\/v2\/types\/page"}],"author":[{"embeddable":true,"href":"https:\/\/awmac.com\/fr\/wp-json\/wp\/v2\/users\/1"}],"replies":[{"embeddable":true,"href":"https:\/\/awmac.com\/fr\/wp-json\/wp\/v2\/comments?post=2897"}],"version-history":[{"count":12,"href":"https:\/\/awmac.com\/fr\/wp-json\/wp\/v2\/pages\/2897\/revisions"}],"predecessor-version":[{"id":10407,"href":"https:\/\/awmac.com\/fr\/wp-json\/wp\/v2\/pages\/2897\/revisions\/10407"}],"up":[{"embeddable":true,"href":"https:\/\/awmac.com\/fr\/wp-json\/wp\/v2\/pages\/63"}],"wp:attachment":[{"href":"https:\/\/awmac.com\/fr\/wp-json\/wp\/v2\/media?parent=2897"}],"curies":[{"name":"wp","href":"https:\/\/api.w.org\/{rel}","templated":true}]}}