{"id":2559,"date":"2020-02-25T22:46:22","date_gmt":"2020-02-25T22:46:22","guid":{"rendered":"https:\/\/awmac.com\/?page_id=2559"},"modified":"2022-11-04T15:21:35","modified_gmt":"2022-11-04T22:21:35","slug":"services","status":"publish","type":"page","link":"https:\/\/awmac.com\/fr\/services\/","title":{"rendered":"Services"},"content":{"rendered":"<h1>Programmes et services<\/h1>\n<p>Les programmes et services uniques de l&#039;AWMAC \u00e9tablissent les normes de l&#039;industrie de la menuiserie architecturale au Canada. Voici quelques exemples de nos programmes et services\u00a0:<\/p>\n<p><a href=\"https:\/\/awmac.com\/fr\/naaws-manual\/\">MANUEL DES NORMES DE L&#039;AWMAC (NAAWS)<\/a>, une norme industrielle compl\u00e8te et tourn\u00e9e vers l&#039;avenir destin\u00e9e aux professionnels de la conception, aux propri\u00e9taires de b\u00e2timents, aux entrepreneurs, aux fabricants, aux installateurs et aux \u00e9tablissements d&#039;enseignement.<\/p>\n<p><a href=\"https:\/\/awmac.com\/fr\/gis\/\">SERVICE DE GARANTIE ET D&#039;INSPECTION (SIG)<\/a>, garantit que les menuiseries architecturales respectent ou d\u00e9passent les normes de l&#039;AWMAC. Le SIG accompagne vos projets avec des inspecteurs certifi\u00e9s de l&#039;AWMAC, des plans d&#039;atelier initiaux \u00e0 l&#039;installation finale\u2026 et, mieux encore, assure la satisfaction client.<\/p>\n<p><a href=\"https:\/\/awmac.com\/fr\/gis\/expert-opinions\/\">SERVICE D&#039;AVIS D&#039;EXPERTS<\/a>, pour les clients qui ne sont pas satisfaits de la fourniture et de l\u2019installation des menuiseries architecturales sur un projet \u2013 avec un rapport objectif \u00e9mis apr\u00e8s inspection.<\/p>\n<p><a href=\"https:\/\/awmac.com\/fr\/gis\/consultations\/\">SERVICE DE CONSULTATION<\/a> vous fournit un rapport d&#039;inspection \u00e9crit d&#039;un inspecteur certifi\u00e9.<\/p>\n<p><a href=\"https:\/\/awmac.com\/fr\/gis\/lunch-learns\/\">S\u00c9MINAIRES D\u00c9JEUNER ET APPRENTISSAGE<\/a>, con\u00e7u sur mesure pour les cabinets et organisations d&#039;architecture et de design qui sp\u00e9cifient des boiseries architecturales pour tout projet de menuiserie.<\/p>","protected":false},"excerpt":{"rendered":"<p>Programmes et services Les programmes et services uniques d&#039;AWMAC \u00e9tablissent les normes de l&#039;industrie de la menuiserie architecturale au Canada. Certains\u2026<\/p>","protected":false},"author":1,"featured_media":0,"parent":0,"menu_order":0,"comment_status":"closed","ping_status":"closed","template":"services.php","meta":{"_acf_changed":false,"inline_featured_image":false,"_price":"","_stock":"","_tribe_ticket_header":"","_tribe_default_ticket_provider":"","_tribe_ticket_capacity":"0","_ticket_start_date":"","_ticket_end_date":"","_tribe_ticket_show_description":"","_tribe_ticket_show_not_going":false,"_tribe_ticket_use_global_stock":"","_tribe_ticket_global_stock_level":"","_global_stock_mode":"","_global_stock_cap":"","_tribe_rsvp_for_event":"","_tribe_ticket_going_count":"","_tribe_ticket_not_going_count":"","_tribe_tickets_list":"[]","_tribe_ticket_has_attendee_info_fields":false,"footnotes":"","_tec_slr_enabled":"","_tec_slr_layout":""},"class_list":["post-2559","page","type-page","status-publish","hentry"],"acf":[],"ticketed":false,"_links":{"self":[{"href":"https:\/\/awmac.com\/fr\/wp-json\/wp\/v2\/pages\/2559","targetHints":{"allow":["GET"]}}],"collection":[{"href":"https:\/\/awmac.com\/fr\/wp-json\/wp\/v2\/pages"}],"about":[{"href":"https:\/\/awmac.com\/fr\/wp-json\/wp\/v2\/types\/page"}],"author":[{"embeddable":true,"href":"https:\/\/awmac.com\/fr\/wp-json\/wp\/v2\/users\/1"}],"replies":[{"embeddable":true,"href":"https:\/\/awmac.com\/fr\/wp-json\/wp\/v2\/comments?post=2559"}],"version-history":[{"count":4,"href":"https:\/\/awmac.com\/fr\/wp-json\/wp\/v2\/pages\/2559\/revisions"}],"predecessor-version":[{"id":7415,"href":"https:\/\/awmac.com\/fr\/wp-json\/wp\/v2\/pages\/2559\/revisions\/7415"}],"wp:attachment":[{"href":"https:\/\/awmac.com\/fr\/wp-json\/wp\/v2\/media?parent=2559"}],"curies":[{"name":"wp","href":"https:\/\/api.w.org\/{rel}","templated":true}]}}