{"id":2505,"date":"2020-02-25T00:14:02","date_gmt":"2020-02-25T00:14:02","guid":{"rendered":"https:\/\/awmac.com\/?page_id=2505"},"modified":"2022-07-20T13:47:14","modified_gmt":"2022-07-20T20:47:14","slug":"gis-faq","status":"publish","type":"page","link":"https:\/\/awmac.com\/fr\/gis\/gis-faq\/","title":{"rendered":"FAQ SIG"},"content":{"rendered":"<h1>FAQ SIG<\/h1>\n<style id=\"ea_dynamic_css2513\">#sp-ea-2513 .spcollapsing{height: 0; overflow: hidden; transition-property: height; transition-duration: 250ms;}#sp-ea-2513.sp-easy-accordion>.sp-ea-single.eap_inactive>.ea-header a {background-color: #bb0000 !important; color: #fff !important;}#sp-ea-2513.sp-easy-accordion>.sp-ea-single{ margin-bottom: 10px; border: 1px none #e2e2e2; border-radius: 3px;}#sp-ea-2513.sp-easy-accordion>.sp-ea-single.ea-expand{ border-color: #e2e2e2;}#sp-ea-2513.sp-easy-accordion>.sp-ea-single:hover{ border-color: #e2e2e2;}#sp-ea-2513.sp-easy-accordion>.sp-ea-single>.ea-header a {background: ;}#sp-ea-2513.sp-easy-accordion>.sp-ea-single.ea-expand>.ea-header a {background: #eee;}#sp-ea-2513.sp-easy-accordion>.sp-ea-single>.ea-header:hover a {background: ;}#sp-ea-2513.sp-easy-accordion>.sp-ea-single>.ea-header a .eap-title-icon { color: #444;font-size: 20px;} #sp-ea-2513.sp-easy-accordion>.sp-ea-single>.ea-header a .eap-title-custom-icon {max-width: 20px;}#sp-ea-2513.sp-easy-accordion>.sp-ea-single>.ea-header:hover a .eap-title-icon {color: #444;}#sp-ea-2513.sp-easy-accordion>.sp-ea-single.ea-expand>.ea-header a .eap-title-icon {color: #444;}#sp-ea-2513.sp-easy-accordion>.sp-ea-single>.ea-header a {padding: 15px 15px 15px 15px; color: #444; font-size: 20px; line-height: 30px; text-align: left; letter-spacing: 0px; text-transform: none;}#sp-ea-2513.sp-easy-accordion>.sp-ea-single>.ea-header:hover a {color: #444;}#sp-ea-2513.sp-easy-accordion>.sp-ea-single.ea-expand>.ea-header a {color: #444;}#sp-ea-2513.sp-easy-accordion>.sp-ea-single>.sp-collapse>.ea-body p,#sp-ea-2513.sp-easy-accordion>.sp-ea-single>.sp-collapse>.ea-body{background: #fff; padding: 15px 15px 15px 15px; border-radius: 0 0 3px 3px; color: #444; font-size: 16px; text-align: left; letter-spacing: 0px; line-height: 26px; animation-delay: 200ms; text-transform: none;}#sp-ea-2513.sp-easy-accordion>.sp-ea-single>.ea-header a .ea-expand-icon.fa:before {color: ; font-size: 12px; font-style: normal;}#sp-ea-2513.sp-easy-accordion>.sp-ea-single>.ea-header:hover a .ea-expand-icon.fa:before {color: ;}#sp-ea-2513.sp-easy-accordion>.sp-ea-single.ea-expand>.ea-header a .ea-expand-icon.fa:before {color: ;}#sp-ea-2513.sp-easy-accordion>.sp-ea-single{border-radius: 3px; border: 1px none #e2e2e2;}#sp-ea-2513.sp-easy-accordion>.sp-ea-single>.sp-collapse>.ea-body{border-radius: 0 0 3px 3px; border: none;}#sp-ea-2513.sp-easy-accordion>.sp-ea-single>.ea-header a .ea-expand-icon.fa {float: right; margin-right: 10px;}#sp-ea-2513.sp-easy-accordion>.sp-ea-single>.ea-header a .ea-expand-icon.fa {margin-right: 0; margin-left: 10px;}#sp-ea-2513 #eap_faq_search_bar_container {display:none; opacity:0;}#sp-ea-2513 #eap_faq_search_bar_container span::before{content:\"\";}#sp-ea-2513.sp-easy-accordion>.sp-ea-single>.sp-collapse>.ea-body p{ padding:0px}#sp-ea-2513>.sp-ea-single>.sp-collapse>.ea-body .eap-product-price {color: #444;}#sp-ea-2513.sp-easy-accordion>.sp-ea-single>.sp-collapse>.ea-body .eap-product-price del{color: rgba(68,68,68,0.71);}#sp-ea-2513.sp-easy-accordion>.sp-ea-single>.sp-collapse>.ea-body .eap-product-cart-button .woocommerce a { border: 1px solid #DAD6DA;border-radius: 2px;background-color: transparent;color: #444;}#sp-ea-2513.sp-easy-accordion>.sp-ea-single>.sp-collapse>.ea-body .eap-product-cart-button .woocommerce a:hover { border-color: #444;background-color: #444;color: #fff;}#sp-ea-2513.sp-easy-accordion>.sp-ea-single>>.sp-collapse>.ea-body .eap-product-cart-button .eap-product-quantity .eap_input_text {border: 1px solid #DAD6DA;}#sp-ea-2513.sp-easy-accordion>.sp-ea-single>.sp-collapse>.ea-body .eap-product-cart-button a.add_to_cart_button{position: relative;}<\/style><div id=\"sp-eap-accordion-section-2513\" class=\"sp-eap-container\"><div id=\"sp-ea-2513\" class=\"sp-ea-one sp-easy-accordion\" data-ex-icon=\"fa-minus\" data-col-icon=\"fa-plus\" data-ea-active=\"ea-click\" data-ea-mode=\"vertical\" data-ea-multi-column=\"\" data-ea-coll=\"\" data-keep-accordion=\"\" data-autoclose=\"\" data-preloader=\"\" data-scroll-active-item=\"\" data-offset-to-scroll=\"0\" data-autoplaytime=\"3000\" data-expand=\"\" data-post-id=\"2513\" data-accordion_mode=\"ea-all-close\">\t<div class=\"ea-card  sp-ea-single\"  data-accordion-id= \"0\">\n\n\t\t<h3 class=\"ea-header\">\n\t\t\t<a class=\"collapsed\" data-sptoggle=\"spcollapse\" rel=\"nofollow\" data-sptarget=\"#collapse25130\" href=\"#\" data-title=\"efaq-what-does-gis-stand-for\" aria-expanded=\"false\">\n\t\t\t\t<i class=\"ea-expand-icon fa fa-plus\"><\/i>  Que signifie SIG ?\t\t\t<\/a>\n\t\t<\/h3>\n\n\t\t<div class=\"sp-collapse spcollapse spcollapse\" id=\"collapse25130\" data-parent=\"#sp-ea-2513\">\n\t\t<div class=\"ea-body\"> \n<div class=\"ea-content-wrapper\"> \n\t<p>GIS signifie Service de Garantie et d&#039;Inspection.<\/p>\n<\/div>\n<\/div>\n\t\t\t<\/div>\n\t<\/div>\n\t\t<div class=\"ea-card  sp-ea-single\"  data-accordion-id= \"1\">\n\n\t\t<h3 class=\"ea-header\">\n\t\t\t<a class=\"collapsed\" data-sptoggle=\"spcollapse\" rel=\"nofollow\" data-sptarget=\"#collapse25131\" href=\"#\" data-title=\"efaq-who-operates-the-gis-program\" aria-expanded=\"false\">\n\t\t\t\t<i class=\"ea-expand-icon fa fa-plus\"><\/i>  Qui g\u00e8re le programme SIG?\t\t\t<\/a>\n\t\t<\/h3>\n\n\t\t<div class=\"sp-collapse spcollapse spcollapse\" id=\"collapse25131\" data-parent=\"#sp-ea-2513\">\n\t\t<div class=\"ea-body\"> \n<div class=\"ea-content-wrapper\"> \n\t<p>L&#039;AWMAC et les sections r\u00e9gionales de l&#039;AWMAC administrent le programme SIG pour chaque projet.<\/p>\n<\/div>\n<\/div>\n\t\t\t<\/div>\n\t<\/div>\n\t\t<div class=\"ea-card  sp-ea-single\"  data-accordion-id= \"2\">\n\n\t\t<h3 class=\"ea-header\">\n\t\t\t<a class=\"collapsed\" data-sptoggle=\"spcollapse\" rel=\"nofollow\" data-sptarget=\"#collapse25132\" href=\"#\" data-title=\"efaq-what-do-i-have-to-do\" aria-expanded=\"false\">\n\t\t\t\t<i class=\"ea-expand-icon fa fa-plus\"><\/i>  Que dois-je faire ?\t\t\t<\/a>\n\t\t<\/h3>\n\n\t\t<div class=\"sp-collapse spcollapse spcollapse\" id=\"collapse25132\" data-parent=\"#sp-ea-2513\">\n\t\t<div class=\"ea-body\"> \n<div class=\"ea-content-wrapper\"> \n\t<p>Suivez ces quatre \u00e9tapes\u00a0:<\/p>\n<ol>\n<li>Pr\u00e9cisez le service de garantie et d&#039;inspection.<\/li>\n<li>Pr\u00e9cisez la nuance AWMAC souhait\u00e9e. Les nuances sont Personnalis\u00e9e et Premium. Les deux nuances peuvent \u00eatre utilis\u00e9es au sein d&#039;un m\u00eame projet. Si vous ne pr\u00e9cisez pas de nuance, la nuance Personnalis\u00e9e est la nuance par d\u00e9faut. Le fabricant s&#039;engage \u00e0 ce que les mat\u00e9riaux et les proc\u00e9d\u00e9s soient conformes aux normes AWMAC.<\/li>\n<li>Le fabricant transmettra par courriel les d\u00e9tails du projet (nom du projet, entrepreneur g\u00e9n\u00e9ral, concepteur, date de l&#039;appel d&#039;offres, etc.) \u00e0 la section r\u00e9gionale de l&#039;AWMAC. Le co\u00fbt du SIG sera inclus dans le montant forfaitaire de l&#039;appel d&#039;offres et ne constituera pas un poste budg\u00e9taire distinct. Une fois la section r\u00e9gionale inform\u00e9e du projet SIG, le suivi commencera, les inspections et les rapports seront compl\u00e9t\u00e9s, et un suivi de conformit\u00e9 sera effectu\u00e9.<\/li>\n<li>Une fois que la fourniture et l&#039;installation des boiseries architecturales termin\u00e9es sont conformes aux normes de l&#039;AWMAC, une garantie de deux ans sur les boiseries architecturales sera \u00e9mise au membre fabricant de l&#039;AWMAC.<\/li>\n<\/ol>\n<\/div>\n<\/div>\n\t\t\t<\/div>\n\t<\/div>\n\t\t<div class=\"ea-card  sp-ea-single\"  data-accordion-id= \"3\">\n\n\t\t<h3 class=\"ea-header\">\n\t\t\t<a class=\"collapsed\" data-sptoggle=\"spcollapse\" rel=\"nofollow\" data-sptarget=\"#collapse25133\" href=\"#\" data-title=\"efaq-when-does-gis-come-into-effect\" aria-expanded=\"false\">\n\t\t\t\t<i class=\"ea-expand-icon fa fa-plus\"><\/i>  Quand le SIG entre-t-il en vigueur ?\t\t\t<\/a>\n\t\t<\/h3>\n\n\t\t<div class=\"sp-collapse spcollapse spcollapse\" id=\"collapse25133\" data-parent=\"#sp-ea-2513\">\n\t\t<div class=\"ea-body\"> \n<div class=\"ea-content-wrapper\"> \n\t<p>Le programme SIG entre en vigueur d\u00e8s que les documents d&#039;appel d&#039;offres pr\u00e9cisent les exigences relatives au service de garantie et d&#039;inspection.<\/p>\n<\/div>\n<\/div>\n\t\t\t<\/div>\n\t<\/div>\n\t\t<div class=\"ea-card  sp-ea-single\"  data-accordion-id= \"4\">\n\n\t\t<h3 class=\"ea-header\">\n\t\t\t<a class=\"collapsed\" data-sptoggle=\"spcollapse\" rel=\"nofollow\" data-sptarget=\"#collapse25134\" href=\"#\" data-title=\"efaq-what-if-the-architectural-woodwork-manufacturer-is-not-an-awmac-member-can-we-still-get-the-gis-on-this-project\" aria-expanded=\"false\">\n\t\t\t\t<i class=\"ea-expand-icon fa fa-plus\"><\/i>  Que se passe-t-il si le fabricant de menuiseries architecturales n&#039;est pas membre de l&#039;AWMAC\u00a0? Pouvons-nous quand m\u00eame obtenir le SIG pour ce projet\u00a0?\t\t\t<\/a>\n\t\t<\/h3>\n\n\t\t<div class=\"sp-collapse spcollapse spcollapse\" id=\"collapse25134\" data-parent=\"#sp-ea-2513\">\n\t\t<div class=\"ea-body\"> \n<div class=\"ea-content-wrapper\"> \n\t<p>Le SIG est accessible aux membres et aux non-membres\u00a0; toutefois, seuls les membres en r\u00e8gle de l&#039;AWMAC b\u00e9n\u00e9ficieront de la garantie. L&#039;AWMAC recommande aux concepteurs de demander aux non-membres une caution d&#039;entretien de deux ans. Voir <a href=\"https:\/\/awmac.com\/fr\/gis\/gis-wording\/\">Libell\u00e9 pour la sp\u00e9cification des SIG.<\/a><\/p>\n<\/div>\n<\/div>\n\t\t\t<\/div>\n\t<\/div>\n\t\t<div class=\"ea-card  sp-ea-single\"  data-accordion-id= \"5\">\n\n\t\t<h3 class=\"ea-header\">\n\t\t\t<a class=\"collapsed\" data-sptoggle=\"spcollapse\" rel=\"nofollow\" data-sptarget=\"#collapse25135\" href=\"#\" data-title=\"efaq-what-is-involved-in-gis\" aria-expanded=\"false\">\n\t\t\t\t<i class=\"ea-expand-icon fa fa-plus\"><\/i>  En quoi consiste le SIG ?\t\t\t<\/a>\n\t\t<\/h3>\n\n\t\t<div class=\"sp-collapse spcollapse spcollapse\" id=\"collapse25135\" data-parent=\"#sp-ea-2513\">\n\t\t<div class=\"ea-body\"> \n<div class=\"ea-content-wrapper\"> \n\t<p>Une fois sp\u00e9cifi\u00e9, le SIG est un processus en trois \u00e9tapes avec une inspection physique et un rapport \u00e9crit \u00e9mis pour chaque \u00e9tape :<\/p>\n<ol>\n<li><strong>Examen des dessins d&#039;atelier<\/strong> \u2013 Cet examen s&#039;ajoute \u00e0 l&#039;examen habituel de l&#039;architecte. L&#039;inspecteur certifi\u00e9 de l&#039;AWMAC d\u00e9termine si les m\u00e9thodes et les mat\u00e9riaux indiqu\u00e9s dans les dessins d&#039;atelier soumis par le fabricant sont conformes aux NORMES de l&#039;AWMAC et peut \u00e9galement signaler les \u00e9carts par rapport aux dessins et sp\u00e9cifications d&#039;architecture.<\/li>\n<li><strong>Inspection de l&#039;unit\u00e9 d&#039;\u00e9chantillonnage<\/strong> - Si sp\u00e9cifi\u00e9, une unit\u00e9 d&#039;\u00e9chantillon est inspect\u00e9e pour v\u00e9rifier sa conformit\u00e9 aux NORMES de l&#039;AWMAC dans l&#039;usine de fabrication ou sur site.<\/li>\n<li><strong>Inspection finale du site<\/strong> Une fois le projet termin\u00e9, les menuiseries architecturales sont inspect\u00e9es sur place pour v\u00e9rifier leur conformit\u00e9 aux normes de l&#039;AWMAC. S&#039;il s&#039;agit d&#039;un projet d&#039;envergure, plusieurs inspections peuvent \u00eatre n\u00e9cessaires. De plus, si un professionnel de la conception est int\u00e9ress\u00e9, il peut contacter le bureau du chapitre avant l&#039;appel d&#039;offres pour obtenir une r\u00e9ponse. <strong>Examen pr\u00e9alable \u00e0 l&#039;appel d&#039;offres<\/strong>. Un inspecteur certifi\u00e9 AWMAC examinera les sp\u00e9cifications et les dessins d&#039;architecture pour signaler toute erreur, omission ou contradiction pouvant pr\u00eater \u00e0 confusion lors de l&#039;appel d&#039;offres, de la fabrication ou de l&#039;installation.<\/li>\n<\/ol>\n<\/div>\n<\/div>\n\t\t\t<\/div>\n\t<\/div>\n\t\t<div class=\"ea-card  sp-ea-single\"  data-accordion-id= \"6\">\n\n\t\t<h3 class=\"ea-header\">\n\t\t\t<a class=\"collapsed\" data-sptoggle=\"spcollapse\" rel=\"nofollow\" data-sptarget=\"#collapse25136\" href=\"#\" data-title=\"efaq-who-pays-the-inspection-cost\" aria-expanded=\"false\">\n\t\t\t\t<i class=\"ea-expand-icon fa fa-plus\"><\/i>  Qui paie les frais d&#039;inspection ?\t\t\t<\/a>\n\t\t<\/h3>\n\n\t\t<div class=\"sp-collapse spcollapse spcollapse\" id=\"collapse25136\" data-parent=\"#sp-ea-2513\">\n\t\t<div class=\"ea-body\"> \n<div class=\"ea-content-wrapper\"> \n\t<p>Sur la base du contrat de menuiserie architecturale, le co\u00fbt d&#039;inspection est \u00e0 la charge du fabricant mais fait partie de l&#039;appel d&#039;offres du projet.<\/p>\n<\/div>\n<\/div>\n\t\t\t<\/div>\n\t<\/div>\n\t\t<div class=\"ea-card  sp-ea-single\"  data-accordion-id= \"7\">\n\n\t\t<h3 class=\"ea-header\">\n\t\t\t<a class=\"collapsed\" data-sptoggle=\"spcollapse\" rel=\"nofollow\" data-sptarget=\"#collapse25137\" href=\"#\" data-title=\"efaq-how-are-awmac-gis-inspectors-certified\" aria-expanded=\"false\">\n\t\t\t\t<i class=\"ea-expand-icon fa fa-plus\"><\/i>  Comment les inspecteurs SIG de l&#039;AWMAC sont-ils certifi\u00e9s ?\t\t\t<\/a>\n\t\t<\/h3>\n\n\t\t<div class=\"sp-collapse spcollapse spcollapse\" id=\"collapse25137\" data-parent=\"#sp-ea-2513\">\n\t\t<div class=\"ea-body\"> \n<div class=\"ea-content-wrapper\"> \n\t<p>Les inspecteurs SIG de l&#039;AWMAC doivent avoir une exp\u00e9rience et des connaissances significatives dans la construction de b\u00e2timents, en particulier dans la menuiserie architecturale.<\/p>\n<p>Les inspecteurs doivent r\u00e9ussir l&#039;examen de certification d&#039;inspection de l&#039;AWMAC et obtenir la note minimale de 95%. \u00c0 l&#039;issue de cet examen, l&#039;inspecteur effectuera quatre inspections SIG sous la supervision d&#039;un inspecteur SIG de l&#039;AWMAC.<\/p>\n<p>Une fois que l&#039;inspecteur en formation aura effectu\u00e9 quatre inspections, il deviendra un inspecteur SIG certifi\u00e9 AWMAC.<\/p>\n<\/div>\n<\/div>\n\t\t\t<\/div>\n\t<\/div>\n\t\t<div class=\"ea-card  sp-ea-single\"  data-accordion-id= \"8\">\n\n\t\t<h3 class=\"ea-header\">\n\t\t\t<a class=\"collapsed\" data-sptoggle=\"spcollapse\" rel=\"nofollow\" data-sptarget=\"#collapse25138\" href=\"#\" data-title=\"efaq-what-assurance-do-i-have-that-an-awmac-manufacturer-member-has-supplied-and-or-installed-the-architectural-woodwork-in-accordance-with-awmacs-standards\" aria-expanded=\"false\">\n\t\t\t\t<i class=\"ea-expand-icon fa fa-plus\"><\/i>  Quelle assurance ai-je qu&#039;un fabricant membre de l&#039;AWMAC a fourni et\/ou install\u00e9 les boiseries architecturales conform\u00e9ment aux NORMES de l&#039;AWMAC ?\t\t\t<\/a>\n\t\t<\/h3>\n\n\t\t<div class=\"sp-collapse spcollapse spcollapse\" id=\"collapse25138\" data-parent=\"#sp-ea-2513\">\n\t\t<div class=\"ea-body\"> \n<div class=\"ea-content-wrapper\"> \n\t<p>L&#039;AWMAC, par l&#039;interm\u00e9diaire de son chapitre, d\u00e9livrera un certificat de garantie de deux ans pour les projets ayant pass\u00e9 avec succ\u00e8s l&#039;inspection finale du SIG. Cette inspection ne sera valid\u00e9e qu&#039;une fois tous les d\u00e9fauts corrig\u00e9s et le projet remis aux normes pour la cat\u00e9gorie sp\u00e9cifi\u00e9e.<\/p>\n<\/div>\n<\/div>\n\t\t\t<\/div>\n\t<\/div>\n\t\t<div class=\"ea-card  sp-ea-single\"  data-accordion-id= \"9\">\n\n\t\t<h3 class=\"ea-header\">\n\t\t\t<a class=\"collapsed\" data-sptoggle=\"spcollapse\" rel=\"nofollow\" data-sptarget=\"#collapse25139\" href=\"#\" data-title=\"efaq-what-happens-if-the-architectural-woodwork-proves-to-be-defective-during-the-two-year-guarantee\" aria-expanded=\"false\">\n\t\t\t\t<i class=\"ea-expand-icon fa fa-plus\"><\/i>  Que se passe-t-il si la menuiserie architecturale s&#039;av\u00e8re d\u00e9fectueuse pendant la garantie de deux ans ?\t\t\t<\/a>\n\t\t<\/h3>\n\n\t\t<div class=\"sp-collapse spcollapse spcollapse\" id=\"collapse25139\" data-parent=\"#sp-ea-2513\">\n\t\t<div class=\"ea-body\"> \n<div class=\"ea-content-wrapper\"> \n\t<p>Sous r\u00e9serve des exclusions, le cas \u00e9ch\u00e9ant, d\u00e9crites dans la Garantie, le fabricant de boiseries architecturales AWMAC qui a sign\u00e9 en tant que premier garant remplacera toutes les boiseries architecturales d\u00e9fectueuses du projet, \u00e0 condition que les d\u00e9fauts des boiseries architecturales soient enti\u00e8rement caus\u00e9s par une mauvaise ex\u00e9cution ou un mat\u00e9riau d\u00e9fectueux fourni par le fabricant de boiseries architecturales d&#039;AWMAC.<\/p>\n<\/div>\n<\/div>\n\t\t\t<\/div>\n\t<\/div>\n\t\t<div class=\"ea-card  sp-ea-single\"  data-accordion-id= \"10\">\n\n\t\t<h3 class=\"ea-header\">\n\t\t\t<a class=\"collapsed\" data-sptoggle=\"spcollapse\" rel=\"nofollow\" data-sptarget=\"#collapse251310\" href=\"#\" data-title=\"efaq-what-awmac-grade-should-i-specify\" aria-expanded=\"false\">\n\t\t\t\t<i class=\"ea-expand-icon fa fa-plus\"><\/i>  Quelle qualit\u00e9 AWMAC dois-je sp\u00e9cifier ? \t\t\t<\/a>\n\t\t<\/h3>\n\n\t\t<div class=\"sp-collapse spcollapse spcollapse\" id=\"collapse251310\" data-parent=\"#sp-ea-2513\">\n\t\t<div class=\"ea-body\"> \n<div class=\"ea-content-wrapper\"> \n\t<p>Veuillez consulter le <a href=\"https:\/\/awmac.com\/fr\/gis\/awmacs-grades\/\">Page des notes de l&#039;AWMAC<\/a>.<\/p>\n<\/div>\n<\/div>\n\t\t\t<\/div>\n\t<\/div>\n\t\t<div class=\"ea-card  sp-ea-single\"  data-accordion-id= \"11\">\n\n\t\t<h3 class=\"ea-header\">\n\t\t\t<a class=\"collapsed\" data-sptoggle=\"spcollapse\" rel=\"nofollow\" data-sptarget=\"#collapse251311\" href=\"#\" data-title=\"efaq-what-precautions-have-awmac-considered-if-the-awmac-architectural-woodwork-manufacturer-who-signed-as-the-first-guarantor-cannot-remedy-a-defect\" aria-expanded=\"false\">\n\t\t\t\t<i class=\"ea-expand-icon fa fa-plus\"><\/i>  Quelles pr\u00e9cautions AWMAC a-t-elle envisag\u00e9es si le fabricant de menuiseries architecturales AWMAC qui a sign\u00e9 en tant que premier garant ne peut pas rem\u00e9dier \u00e0 un d\u00e9faut ?\t\t\t<\/a>\n\t\t<\/h3>\n\n\t\t<div class=\"sp-collapse spcollapse spcollapse\" id=\"collapse251311\" data-parent=\"#sp-ea-2513\">\n\t\t<div class=\"ea-body\"> \n<div class=\"ea-content-wrapper\"> \n\t<p>L&#039;AWMAC n&#039;\u00e9mettra pas de certificat de garantie \u00e0 moins que la fourniture et l&#039;installation des boiseries architecturales termin\u00e9es sur un projet ne soient conformes aux normes de l&#039;AWMAC.<\/p>\n<p>Le chapitre r\u00e9gional de l\u2019AWMAC qui a effectu\u00e9 les inspections devient le deuxi\u00e8me garant.<\/p>\n<p>Si, pour quelque raison que ce soit, le fabricant ne peut r\u00e9soudre ces probl\u00e8mes, le bureau de la section AWMAC fera appel \u00e0 un autre fabricant membre de l&#039;AWMAC pour effectuer les travaux. Les frais seront \u00e0 la charge du bureau de la section.<\/p>\n<p>AWMAC devient le troisi\u00e8me garant dans le cas peu probable o\u00f9 la fourniture et l&#039;installation des menuiseries architecturales du projet deviendraient d\u00e9fectueuses pendant la p\u00e9riode de garantie de deux ans.<\/p>\n<\/div>\n<\/div>\n\t\t\t<\/div>\n\t<\/div>\n\t<\/div><\/div>","protected":false},"excerpt":{"rendered":"<p>FAQ SIG<\/p>","protected":false},"author":1,"featured_media":0,"parent":101,"menu_order":0,"comment_status":"closed","ping_status":"closed","template":"gaurantee-woodwork.php","meta":{"_acf_changed":false,"inline_featured_image":false,"_price":"","_stock":"","_tribe_ticket_header":"","_tribe_default_ticket_provider":"","_tribe_ticket_capacity":"0","_ticket_start_date":"","_ticket_end_date":"","_tribe_ticket_show_description":"","_tribe_ticket_show_not_going":false,"_tribe_ticket_use_global_stock":"","_tribe_ticket_global_stock_level":"","_global_stock_mode":"","_global_stock_cap":"","_tribe_rsvp_for_event":"","_tribe_ticket_going_count":"","_tribe_ticket_not_going_count":"","_tribe_tickets_list":"[]","_tribe_ticket_has_attendee_info_fields":false,"footnotes":"","_tec_slr_enabled":"","_tec_slr_layout":""},"class_list":["post-2505","page","type-page","status-publish","hentry"],"acf":[],"ticketed":false,"_links":{"self":[{"href":"https:\/\/awmac.com\/fr\/wp-json\/wp\/v2\/pages\/2505","targetHints":{"allow":["GET"]}}],"collection":[{"href":"https:\/\/awmac.com\/fr\/wp-json\/wp\/v2\/pages"}],"about":[{"href":"https:\/\/awmac.com\/fr\/wp-json\/wp\/v2\/types\/page"}],"author":[{"embeddable":true,"href":"https:\/\/awmac.com\/fr\/wp-json\/wp\/v2\/users\/1"}],"replies":[{"embeddable":true,"href":"https:\/\/awmac.com\/fr\/wp-json\/wp\/v2\/comments?post=2505"}],"version-history":[{"count":5,"href":"https:\/\/awmac.com\/fr\/wp-json\/wp\/v2\/pages\/2505\/revisions"}],"predecessor-version":[{"id":7109,"href":"https:\/\/awmac.com\/fr\/wp-json\/wp\/v2\/pages\/2505\/revisions\/7109"}],"up":[{"embeddable":true,"href":"https:\/\/awmac.com\/fr\/wp-json\/wp\/v2\/pages\/101"}],"wp:attachment":[{"href":"https:\/\/awmac.com\/fr\/wp-json\/wp\/v2\/media?parent=2505"}],"curies":[{"name":"wp","href":"https:\/\/api.w.org\/{rel}","templated":true}]}}