{"id":2481,"date":"2020-02-24T23:52:06","date_gmt":"2020-02-24T23:52:06","guid":{"rendered":"https:\/\/awmac.com\/?page_id=2481"},"modified":"2025-10-03T07:58:06","modified_gmt":"2025-10-03T14:58:06","slug":"gis-for-manufacturers","status":"publish","type":"page","link":"https:\/\/awmac.com\/fr\/gis\/gis-for-manufacturers\/","title":{"rendered":"For Manufacturers"},"content":{"rendered":"<h1>SIG pour les fabricants<\/h1>\n<p>Pour obtenir tous les d\u00e9tails sur le r\u00f4le du fabricant dans le processus SIG, consultez le Manuel des politiques et proc\u00e9dures SIG, section 5, Fabricant de boiseries architecturales.<\/p>\n<h2>R\u00e9ussir l&#039;examen des normes du fabricant (MSE)<\/h2>\n<p>Avant de postuler au certificat SIG, les membres fabricants doivent avoir un propri\u00e9taire ou un gestionnaire dans leur entreprise qui a r\u00e9ussi l&#039;examen des normes du fabricant (MSE).<\/p>\n<p><a href=\"https:\/\/awmac.com\/fr\/education\/exams\/\">Apprendre encore plus<\/a><\/p>\n<h2>MOD\u00c8LES DE PROJET<\/h2>\n<p><a href=\"https:\/\/awmac.com\/wp-content\/uploads\/2023\/05\/GIS-Form-Inspection-Request.pdf\">Formulaire SIG \u2013 Demande d&#039;inspection<\/a><\/p>\n<p><a href=\"https:\/\/awmac.com\/wp-content\/uploads\/2023\/05\/GIS-Form-Final-Inspection-Request.pdf\">Formulaire SIG \u2013 Demande d&#039;inspection finale<\/a><\/p>\n<p><a href=\"https:\/\/awmac.com\/wp-content\/uploads\/2023\/05\/GIS-Form-Temperature-and-Humidity.pdf\">Formulaire SIG \u2013 Temp\u00e9rature et humidit\u00e9<\/a><\/p>\n<p>Contrats s\u00e9par\u00e9s pour la fabrication et l&#039;installation\u00a0 \u00a0<span style=\"text-decoration: underline;\"><a href=\"https:\/\/awmac.com\/wp-content\/uploads\/2025\/02\/Separate-Contracts-for-Manufacturing-and-Installation.pdf\">Anglais<\/a><\/span>\u00a0 <span style=\"text-decoration: underline;\"><a href=\"https:\/\/awmac.com\/wp-content\/uploads\/2025\/02\/Separate-Contracts-for-Manufacturing-and-Installation-FR.pdf\">Fran\u00e7ais\u00a0 \u00a0<\/a><\/span>(Lettre au propri\u00e9taire)<\/p>\n<h2>Frais SIG<\/h2>\n<p>Les frais de garantie et d&#039;inspection (\u201c SIG \u201d) de votre projet sont bas\u00e9s sur le montant du contrat de menuiserie architecturale, et le co\u00fbt du SIG fait partie du montant forfaitaire soumissionn\u00e9.<\/p>\n<p><a class=\"buttonRed small mt-3\" href=\"https:\/\/awmac.com\/fr\/gis\/gis-calculator\/\" rel=\"noopener noreferrer\">Estimateur de frais SIG<\/a><\/p>\n<p>Veuillez noter que l&#039;outil d&#039;estimation des frais SIG n&#039;est qu&#039;une estimation. Contactez votre section locale de l&#039;AWMAC pour confirmer si des frais suppl\u00e9mentaires s&#039;appliquent.<\/p>\n<p><strong>Besoin d&#039;aide pour calculer les frais SIG\u00a0? Veuillez nous contacter \u00e0 l&#039;adresse gis@awmac.com.<\/strong><\/p>","protected":false},"excerpt":{"rendered":"<p>GIS For Manufacturers For full details on the role of the Manufacturer in the GIS process, view the GIS Policy&#8230;<\/p>","protected":false},"author":1,"featured_media":0,"parent":101,"menu_order":0,"comment_status":"closed","ping_status":"closed","template":"gaurantee-woodwork.php","meta":{"_acf_changed":false,"inline_featured_image":false,"_price":"","_stock":"","_tribe_ticket_header":"","_tribe_default_ticket_provider":"TEC\\Tickets\\Commerce\\Module","_tribe_ticket_capacity":"0","_ticket_start_date":"","_ticket_end_date":"","_tribe_ticket_show_description":"","_tribe_ticket_show_not_going":false,"_tribe_ticket_use_global_stock":"","_tribe_ticket_global_stock_level":"","_global_stock_mode":"","_global_stock_cap":"","_tribe_rsvp_for_event":"","_tribe_ticket_going_count":"","_tribe_ticket_not_going_count":"","_tribe_tickets_list":"[]","_tribe_ticket_has_attendee_info_fields":false,"footnotes":"","_tec_slr_enabled":"","_tec_slr_layout":""},"class_list":["post-2481","page","type-page","status-publish","hentry"],"acf":[],"ticketed":false,"_links":{"self":[{"href":"https:\/\/awmac.com\/fr\/wp-json\/wp\/v2\/pages\/2481","targetHints":{"allow":["GET"]}}],"collection":[{"href":"https:\/\/awmac.com\/fr\/wp-json\/wp\/v2\/pages"}],"about":[{"href":"https:\/\/awmac.com\/fr\/wp-json\/wp\/v2\/types\/page"}],"author":[{"embeddable":true,"href":"https:\/\/awmac.com\/fr\/wp-json\/wp\/v2\/users\/1"}],"replies":[{"embeddable":true,"href":"https:\/\/awmac.com\/fr\/wp-json\/wp\/v2\/comments?post=2481"}],"version-history":[{"count":11,"href":"https:\/\/awmac.com\/fr\/wp-json\/wp\/v2\/pages\/2481\/revisions"}],"predecessor-version":[{"id":10543,"href":"https:\/\/awmac.com\/fr\/wp-json\/wp\/v2\/pages\/2481\/revisions\/10543"}],"up":[{"embeddable":true,"href":"https:\/\/awmac.com\/fr\/wp-json\/wp\/v2\/pages\/101"}],"wp:attachment":[{"href":"https:\/\/awmac.com\/fr\/wp-json\/wp\/v2\/media?parent=2481"}],"curies":[{"name":"wp","href":"https:\/\/api.w.org\/{rel}","templated":true}]}}