{"id":2473,"date":"2020-02-24T23:42:14","date_gmt":"2020-02-24T23:42:14","guid":{"rendered":"https:\/\/awmac.com\/?page_id=2473"},"modified":"2026-03-13T05:33:58","modified_gmt":"2026-03-13T12:33:58","slug":"guide-specifications","status":"publish","type":"page","link":"https:\/\/awmac.com\/fr\/gis\/guide-specifications\/","title":{"rendered":"Sp\u00e9cifications du guide"},"content":{"rendered":"<h1>Sp\u00e9cifications du guide<\/h1>\n<p>Ces mod\u00e8les sont destin\u00e9s \u00e0 \u00eatre utilis\u00e9s avec le manuel de normes AWMAC (\u00e9dition en vigueur \u00e0 la date de l&#039;appel d&#039;offres) \u2013 ci-apr\u00e8s r\u00e9f\u00e9renc\u00e9 NAAWS (North American Architectural Woodwork Standards).<\/p>\n<p><strong>Il est fortement recommand\u00e9 de lire les sections appropri\u00e9es des NAAWS avant d&#039;utiliser une sp\u00e9cification de guide. De nombreux \u00e9l\u00e9ments que vous sp\u00e9cifiez habituellement sont r\u00e9gis par votre choix de niveau.<\/strong><\/p>\n<p>Remplissez le formulaire ci-dessous pour recevoir les mod\u00e8les suivants au format Word :<\/p>\n<h5>Section 06 40 00 \u2013 Menuiseries architecturales en bois<\/h5>\n<p>&nbsp;<\/p>\n<iframe loading=\"lazy\" style=\"border: none; max-width: 100%; max-height: 100vh;\" src=\"https:\/\/forms.office.com\/r\/ECtcNUEYmd?embed=true\" width=\"640px\" height=\"480px\" frameborder=\"0\" marginwidth=\"0\" marginheight=\"0\" allowfullscreen=\"allowfullscreen\"> <\/iframe>","protected":false},"excerpt":{"rendered":"<p>Guide Specifications These templates are intended to be used with the AWMAC standards manual (current edition at date of tender)&#8230;<\/p>","protected":false},"author":1,"featured_media":0,"parent":101,"menu_order":0,"comment_status":"closed","ping_status":"closed","template":"gaurantee-woodwork.php","meta":{"_acf_changed":false,"inline_featured_image":false,"_price":"","_stock":"","_tribe_ticket_header":"","_tribe_default_ticket_provider":"TEC\\Tickets\\Commerce\\Module","_tribe_ticket_capacity":"0","_ticket_start_date":"","_ticket_end_date":"","_tribe_ticket_show_description":"","_tribe_ticket_show_not_going":false,"_tribe_ticket_use_global_stock":"","_tribe_ticket_global_stock_level":"","_global_stock_mode":"","_global_stock_cap":"","_tribe_rsvp_for_event":"","_tribe_ticket_going_count":"","_tribe_ticket_not_going_count":"","_tribe_tickets_list":"[]","_tribe_ticket_has_attendee_info_fields":false,"footnotes":"","_tec_slr_enabled":"","_tec_slr_layout":""},"class_list":["post-2473","page","type-page","status-publish","hentry"],"acf":[],"ticketed":false,"_links":{"self":[{"href":"https:\/\/awmac.com\/fr\/wp-json\/wp\/v2\/pages\/2473","targetHints":{"allow":["GET"]}}],"collection":[{"href":"https:\/\/awmac.com\/fr\/wp-json\/wp\/v2\/pages"}],"about":[{"href":"https:\/\/awmac.com\/fr\/wp-json\/wp\/v2\/types\/page"}],"author":[{"embeddable":true,"href":"https:\/\/awmac.com\/fr\/wp-json\/wp\/v2\/users\/1"}],"replies":[{"embeddable":true,"href":"https:\/\/awmac.com\/fr\/wp-json\/wp\/v2\/comments?post=2473"}],"version-history":[{"count":11,"href":"https:\/\/awmac.com\/fr\/wp-json\/wp\/v2\/pages\/2473\/revisions"}],"predecessor-version":[{"id":10792,"href":"https:\/\/awmac.com\/fr\/wp-json\/wp\/v2\/pages\/2473\/revisions\/10792"}],"up":[{"embeddable":true,"href":"https:\/\/awmac.com\/fr\/wp-json\/wp\/v2\/pages\/101"}],"wp:attachment":[{"href":"https:\/\/awmac.com\/fr\/wp-json\/wp\/v2\/media?parent=2473"}],"curies":[{"name":"wp","href":"https:\/\/api.w.org\/{rel}","templated":true}]}}