{"id":2470,"date":"2020-02-24T23:40:28","date_gmt":"2020-02-24T23:40:28","guid":{"rendered":"https:\/\/awmac.com\/?page_id=2470"},"modified":"2023-06-16T12:28:15","modified_gmt":"2023-06-16T19:28:15","slug":"awmacs-grades","status":"publish","type":"page","link":"https:\/\/awmac.com\/fr\/gis\/awmacs-grades\/","title":{"rendered":"Notes de l&#039;AWMAC"},"content":{"rendered":"<h1>NOTES DE L&#039;AWMAC<\/h1>\n<p>Il existe deux cat\u00e9gories de boiseries architecturales AWMAC\u00a0:<\/p>\n<p><strong>Coutume<\/strong> \u2013 G\u00e9n\u00e9ralement sp\u00e9cifi\u00e9 pour les menuiseries architecturales de haute qualit\u00e9. Offre un contr\u00f4le pr\u00e9cis sur la qualit\u00e9 des mat\u00e9riaux, de l&#039;ex\u00e9cution et de l&#039;installation d&#039;un projet.<\/p>\n<p><strong>Prime<\/strong> \u2013 Utilis\u00e9 de mani\u00e8re s\u00e9lective dans les zones les plus visibles et les plus en vue d&#039;un projet, comme les comptoirs d&#039;accueil, les salles de r\u00e9union et les espaces de direction. Il offre un niveau de qualit\u00e9 optimal en termes de mat\u00e9riaux, de fabrication et d&#039;installation.<\/p>","protected":false},"excerpt":{"rendered":"<p>AWMAC&#8217;S GRADES There are two AWMAC grades of architectural woodwork: Custom \u2013 typically specified for high quality architectural woodwork. Provides&#8230;<\/p>","protected":false},"author":1,"featured_media":0,"parent":101,"menu_order":0,"comment_status":"closed","ping_status":"closed","template":"gaurantee-woodwork.php","meta":{"_acf_changed":false,"inline_featured_image":false,"_price":"","_stock":"","_tribe_ticket_header":"","_tribe_default_ticket_provider":"","_tribe_ticket_capacity":"0","_ticket_start_date":"","_ticket_end_date":"","_tribe_ticket_show_description":"","_tribe_ticket_show_not_going":false,"_tribe_ticket_use_global_stock":"","_tribe_ticket_global_stock_level":"","_global_stock_mode":"","_global_stock_cap":"","_tribe_rsvp_for_event":"","_tribe_ticket_going_count":"","_tribe_ticket_not_going_count":"","_tribe_tickets_list":"[]","_tribe_ticket_has_attendee_info_fields":false,"footnotes":"","_tec_slr_enabled":"","_tec_slr_layout":""},"class_list":["post-2470","page","type-page","status-publish","hentry"],"acf":[],"ticketed":false,"_links":{"self":[{"href":"https:\/\/awmac.com\/fr\/wp-json\/wp\/v2\/pages\/2470","targetHints":{"allow":["GET"]}}],"collection":[{"href":"https:\/\/awmac.com\/fr\/wp-json\/wp\/v2\/pages"}],"about":[{"href":"https:\/\/awmac.com\/fr\/wp-json\/wp\/v2\/types\/page"}],"author":[{"embeddable":true,"href":"https:\/\/awmac.com\/fr\/wp-json\/wp\/v2\/users\/1"}],"replies":[{"embeddable":true,"href":"https:\/\/awmac.com\/fr\/wp-json\/wp\/v2\/comments?post=2470"}],"version-history":[{"count":6,"href":"https:\/\/awmac.com\/fr\/wp-json\/wp\/v2\/pages\/2470\/revisions"}],"predecessor-version":[{"id":8283,"href":"https:\/\/awmac.com\/fr\/wp-json\/wp\/v2\/pages\/2470\/revisions\/8283"}],"up":[{"embeddable":true,"href":"https:\/\/awmac.com\/fr\/wp-json\/wp\/v2\/pages\/101"}],"wp:attachment":[{"href":"https:\/\/awmac.com\/fr\/wp-json\/wp\/v2\/media?parent=2470"}],"curies":[{"name":"wp","href":"https:\/\/api.w.org\/{rel}","templated":true}]}}