{"id":247,"date":"2019-12-19T11:50:58","date_gmt":"2019-12-19T11:50:58","guid":{"rendered":"https:\/\/awmac.com\/?page_id=247"},"modified":"2023-01-19T16:38:10","modified_gmt":"2023-01-19T23:38:10","slug":"resources","status":"publish","type":"page","link":"https:\/\/awmac.com\/fr\/resources\/","title":{"rendered":"Ressources"},"content":{"rendered":"<h1>Ressources<\/h1>\n<p>L&#039;Association des manufacturiers de boiseries architecturales du Canada (AWMAC) s&#039;engage \u00e0 concevoir, d\u00e9velopper, fabriquer et installer des boiseries architecturales de la plus haute qualit\u00e9. Nos membres regroupent des fabricants, des installateurs, des fournisseurs de mat\u00e9riaux et de services, des professionnels du design, des m\u00e9dias et des \u00e9tablissements d&#039;enseignement.<\/p>\n<p>En tant que voix nationale de l&#039;industrie canadienne de la menuiserie architecturale depuis 50 ans, l&#039;AWMAC s&#039;engage \u00e0 fournir \u00e0 ses membres les ressources dont ils ont besoin pour b\u00e2tir la qualit\u00e9, instaurer la confiance... et d\u00e9velopper leurs entreprises.<\/p>","protected":false},"excerpt":{"rendered":"<p>Ressources L\u2019Association canadienne des fabricants de menuiseries architecturales (AWMAC) s\u2019engage \u00e0 concevoir, fabriquer et installer en permanence des produits de la plus haute qualit\u00e9\u2026<\/p>","protected":false},"author":1,"featured_media":0,"parent":0,"menu_order":0,"comment_status":"closed","ping_status":"closed","template":"resources.php","meta":{"_acf_changed":false,"inline_featured_image":false,"_price":"","_stock":"","_tribe_ticket_header":"","_tribe_default_ticket_provider":"","_tribe_ticket_capacity":"0","_ticket_start_date":"","_ticket_end_date":"","_tribe_ticket_show_description":"","_tribe_ticket_show_not_going":false,"_tribe_ticket_use_global_stock":"","_tribe_ticket_global_stock_level":"","_global_stock_mode":"","_global_stock_cap":"","_tribe_rsvp_for_event":"","_tribe_ticket_going_count":"","_tribe_ticket_not_going_count":"","_tribe_tickets_list":"[]","_tribe_ticket_has_attendee_info_fields":false,"footnotes":"","_tec_slr_enabled":"","_tec_slr_layout":""},"class_list":["post-247","page","type-page","status-publish","hentry"],"acf":[],"ticketed":false,"_links":{"self":[{"href":"https:\/\/awmac.com\/fr\/wp-json\/wp\/v2\/pages\/247","targetHints":{"allow":["GET"]}}],"collection":[{"href":"https:\/\/awmac.com\/fr\/wp-json\/wp\/v2\/pages"}],"about":[{"href":"https:\/\/awmac.com\/fr\/wp-json\/wp\/v2\/types\/page"}],"author":[{"embeddable":true,"href":"https:\/\/awmac.com\/fr\/wp-json\/wp\/v2\/users\/1"}],"replies":[{"embeddable":true,"href":"https:\/\/awmac.com\/fr\/wp-json\/wp\/v2\/comments?post=247"}],"version-history":[{"count":9,"href":"https:\/\/awmac.com\/fr\/wp-json\/wp\/v2\/pages\/247\/revisions"}],"predecessor-version":[{"id":7534,"href":"https:\/\/awmac.com\/fr\/wp-json\/wp\/v2\/pages\/247\/revisions\/7534"}],"wp:attachment":[{"href":"https:\/\/awmac.com\/fr\/wp-json\/wp\/v2\/media?parent=247"}],"curies":[{"name":"wp","href":"https:\/\/api.w.org\/{rel}","templated":true}]}}