{"id":2467,"date":"2020-02-24T23:38:12","date_gmt":"2020-02-24T23:38:12","guid":{"rendered":"https:\/\/awmac.com\/?page_id=2467"},"modified":"2025-05-14T06:56:45","modified_gmt":"2025-05-14T13:56:45","slug":"gis-wording","status":"publish","type":"page","link":"https:\/\/awmac.com\/fr\/gis\/gis-wording\/","title":{"rendered":"Libell\u00e9 pour la sp\u00e9cification des SIG"},"content":{"rendered":"<h1>Libell\u00e9 pour la sp\u00e9cification des SIG<\/h1>\n<p>Les menuiseries architecturales doivent \u00eatre fabriqu\u00e9es et install\u00e9es conform\u00e9ment au manuel des normes AWMAC (version en vigueur au moment de l&#039;appel d&#039;offres) et soumises \u00e0 une inspection par un inspecteur certifi\u00e9 AWMAC, conform\u00e9ment aux conditions du Service de garantie et d&#039;inspection (SGI) de l&#039;AWMAC. Le fabricant de menuiseries architecturales est responsable de la r\u00e9alisation de toutes les \u00e9tapes du SGI. Les frais d&#039;inspection sont inclus dans le prix de l&#039;appel d&#039;offres. <a href=\"https:\/\/awmac.com\/fr\/chapters\/\" target=\"_blank\" rel=\"noopener\">Contactez votre section r\u00e9gionale de l&#039;AWMAC pour plus de d\u00e9tails<\/a>.<\/p>\n<p>Tout travail identifi\u00e9 lors de l&#039;ex\u00e9cution qui n&#039;est pas conforme aux normes AWMAC (\u00e9dition actuelle en vigueur au moment de l&#039;appel d&#039;offres) sera remplac\u00e9, retravaill\u00e9 et\/ou remis \u00e0 neuf par le fabricant, sans frais suppl\u00e9mentaires pour le propri\u00e9taire.<\/p>\n<p>Si le fabricant est membre en r\u00e8gle de l&#039;AWMAC, un certificat de garantie AWMAC sera d\u00e9livr\u00e9, valable deux (2) ans \u00e0 compter de sa date d&#039;\u00e9mission. La garantie AWMAC couvrira le remplacement, la remise en \u00e9tat et\/ou la r\u00e9novation des boiseries architecturales d\u00e9fectueuses dues \u00e0 une malfa\u00e7on ou \u00e0 des mat\u00e9riaux d\u00e9fectueux fournis et install\u00e9s par le fabricant. En cas de manquement du fabricant \u00e0 ses obligations, la garantie sera honor\u00e9e par la section r\u00e9gionale et nationale de l&#039;AWMAC.<\/p>\n<p>Si le fabricant n&#039;est pas membre en r\u00e8gle de l&#039;AWMAC, il doit fournir au ma\u00eetre d&#039;ouvrage une caution d&#039;entretien de deux (2) ans, correspondant \u00e0 la valeur totale du contrat de menuiserie architecturale. Cette caution doit \u00eatre \u00e9mise par une caution agr\u00e9\u00e9e par le ma\u00eetre d&#039;ouvrage et remise avant le d\u00e9but des travaux. Les fabricants qui ne sont pas membres en r\u00e8gle de l&#039;AWMAC ne sont pas admissibles au certificat de garantie de l&#039;AWMAC.<\/p>","protected":false},"excerpt":{"rendered":"<p>Wording for Specifying GIS Architectural woodwork shall be manufactured and installed in accordance with the AWMAC Standards manual (current edition&#8230;<\/p>","protected":false},"author":1,"featured_media":0,"parent":101,"menu_order":0,"comment_status":"closed","ping_status":"closed","template":"gaurantee-woodwork.php","meta":{"_acf_changed":false,"inline_featured_image":false,"_price":"","_stock":"","_tribe_ticket_header":"","_tribe_default_ticket_provider":"TEC\\Tickets\\Commerce\\Module","_tribe_ticket_capacity":"0","_ticket_start_date":"","_ticket_end_date":"","_tribe_ticket_show_description":"","_tribe_ticket_show_not_going":false,"_tribe_ticket_use_global_stock":"","_tribe_ticket_global_stock_level":"","_global_stock_mode":"","_global_stock_cap":"","_tribe_rsvp_for_event":"","_tribe_ticket_going_count":"","_tribe_ticket_not_going_count":"","_tribe_tickets_list":"[]","_tribe_ticket_has_attendee_info_fields":false,"footnotes":"","_tec_slr_enabled":"","_tec_slr_layout":""},"class_list":["post-2467","page","type-page","status-publish","hentry"],"acf":[],"ticketed":false,"_links":{"self":[{"href":"https:\/\/awmac.com\/fr\/wp-json\/wp\/v2\/pages\/2467","targetHints":{"allow":["GET"]}}],"collection":[{"href":"https:\/\/awmac.com\/fr\/wp-json\/wp\/v2\/pages"}],"about":[{"href":"https:\/\/awmac.com\/fr\/wp-json\/wp\/v2\/types\/page"}],"author":[{"embeddable":true,"href":"https:\/\/awmac.com\/fr\/wp-json\/wp\/v2\/users\/1"}],"replies":[{"embeddable":true,"href":"https:\/\/awmac.com\/fr\/wp-json\/wp\/v2\/comments?post=2467"}],"version-history":[{"count":5,"href":"https:\/\/awmac.com\/fr\/wp-json\/wp\/v2\/pages\/2467\/revisions"}],"predecessor-version":[{"id":10287,"href":"https:\/\/awmac.com\/fr\/wp-json\/wp\/v2\/pages\/2467\/revisions\/10287"}],"up":[{"embeddable":true,"href":"https:\/\/awmac.com\/fr\/wp-json\/wp\/v2\/pages\/101"}],"wp:attachment":[{"href":"https:\/\/awmac.com\/fr\/wp-json\/wp\/v2\/media?parent=2467"}],"curies":[{"name":"wp","href":"https:\/\/api.w.org\/{rel}","templated":true}]}}