{"id":2460,"date":"2020-02-24T23:33:14","date_gmt":"2020-02-24T23:33:14","guid":{"rendered":"https:\/\/awmac.com\/?page_id=2460"},"modified":"2025-05-01T05:11:44","modified_gmt":"2025-05-01T12:11:44","slug":"gis-policy","status":"publish","type":"page","link":"https:\/\/awmac.com\/fr\/gis\/gis-policy\/","title":{"rendered":"Manuel des politiques et proc\u00e9dures du SIG"},"content":{"rendered":"<h1>Manuel des politiques et proc\u00e9dures du SIG<\/h1>\n<p>Ce manuel des politiques et proc\u00e9dures SIG a \u00e9t\u00e9 \u00e9labor\u00e9 pour conseiller et soutenir l&#039;AWMAC, ses sections, ses membres, les inspecteurs, les professionnels de la conception et les autres parties prenantes du programme. Il d\u00e9crit les politiques et proc\u00e9dures normalis\u00e9es du programme SIG \u00e0 l&#039;\u00e9chelle du Canada.<\/p>\n<h2>Conseils pour lire et comprendre ce manuel de politiques et de proc\u00e9dures<\/h2>\n<ol>\n<li>Les participants au SIG sont identifi\u00e9s de la section 1 \u00ab\u00a0Propri\u00e9taire et professionnel de la conception\u00a0\u00bb \u00e0 la section 6 \u00ab\u00a0Inspecteur\u00a0\u00bb. Chaque section d\u00e9crit les relations et les responsabilit\u00e9s entre le SIG et les autres entreprises, associations, comit\u00e9s, membres et entrepreneurs associ\u00e9s, et est num\u00e9rot\u00e9e de mani\u00e8re identique. Chacune de ces sections peut \u00eatre utilis\u00e9e comme un document ind\u00e9pendant et d\u00e9crit les proc\u00e9dures applicables \u00e0 chaque participant.<\/li>\n<li>La section 7 Finances, jusqu&#039;\u00e0 la section 9 Conformit\u00e9, \u00e9nonce les politiques et proc\u00e9dures relatives \u00e0 ces composants SIG.<\/li>\n<\/ol>\n<p><a class=\"buttonRed small mt-3\" href=\"https:\/\/awmac.com\/wp-content\/uploads\/2025\/04\/GIS-Policy-and-Procedures-Edition-3.1.pdf\" target=\"_blank\" rel=\"noopener noreferrer\">Manuel des politiques et proc\u00e9dures SIG 3.1<\/a> \u2013 Anglais (Nouvelle version, en vigueur \u00e0 compter du 1er mai 2025)<\/p>\n<p><a class=\"buttonRed small mt-3\" href=\"https:\/\/awmac.com\/wp-content\/uploads\/2025\/04\/GIS-Policy-and-Procedures-Edition-3.1-FR.pdf\" target=\"_blank\" rel=\"noopener noreferrer\">Manuel des politiques et proc\u00e9dures SIG 3.1<\/a> \u2013 Fran\u00e7ais (Nouvelle version, en vigueur le 1er mai 2025)<\/p>\n<p>&nbsp;<\/p>\n<p>&nbsp;<\/p>","protected":false},"excerpt":{"rendered":"<p>GIS Policy and Procedures Manual This GIS Policy and Procedures Manual has been produced to advise and support AWMAC, AWMAC&#8230;<\/p>","protected":false},"author":1,"featured_media":0,"parent":101,"menu_order":0,"comment_status":"closed","ping_status":"closed","template":"gaurantee-woodwork.php","meta":{"_acf_changed":false,"inline_featured_image":false,"_price":"","_stock":"","_tribe_ticket_header":"","_tribe_default_ticket_provider":"TEC\\Tickets\\Commerce\\Module","_tribe_ticket_capacity":"0","_ticket_start_date":"","_ticket_end_date":"","_tribe_ticket_show_description":"","_tribe_ticket_show_not_going":false,"_tribe_ticket_use_global_stock":"","_tribe_ticket_global_stock_level":"","_global_stock_mode":"","_global_stock_cap":"","_tribe_rsvp_for_event":"","_tribe_ticket_going_count":"","_tribe_ticket_not_going_count":"","_tribe_tickets_list":"[]","_tribe_ticket_has_attendee_info_fields":false,"footnotes":"","_tec_slr_enabled":"","_tec_slr_layout":""},"class_list":["post-2460","page","type-page","status-publish","hentry"],"acf":[],"ticketed":false,"_links":{"self":[{"href":"https:\/\/awmac.com\/fr\/wp-json\/wp\/v2\/pages\/2460","targetHints":{"allow":["GET"]}}],"collection":[{"href":"https:\/\/awmac.com\/fr\/wp-json\/wp\/v2\/pages"}],"about":[{"href":"https:\/\/awmac.com\/fr\/wp-json\/wp\/v2\/types\/page"}],"author":[{"embeddable":true,"href":"https:\/\/awmac.com\/fr\/wp-json\/wp\/v2\/users\/1"}],"replies":[{"embeddable":true,"href":"https:\/\/awmac.com\/fr\/wp-json\/wp\/v2\/comments?post=2460"}],"version-history":[{"count":13,"href":"https:\/\/awmac.com\/fr\/wp-json\/wp\/v2\/pages\/2460\/revisions"}],"predecessor-version":[{"id":10265,"href":"https:\/\/awmac.com\/fr\/wp-json\/wp\/v2\/pages\/2460\/revisions\/10265"}],"up":[{"embeddable":true,"href":"https:\/\/awmac.com\/fr\/wp-json\/wp\/v2\/pages\/101"}],"wp:attachment":[{"href":"https:\/\/awmac.com\/fr\/wp-json\/wp\/v2\/media?parent=2460"}],"curies":[{"name":"wp","href":"https:\/\/api.w.org\/{rel}","templated":true}]}}