{"id":2442,"date":"2020-02-24T20:51:23","date_gmt":"2020-02-24T20:51:23","guid":{"rendered":"https:\/\/awmac.com\/?page_id=2442"},"modified":"2020-02-25T23:32:37","modified_gmt":"2020-02-25T23:32:37","slug":"woodworking-schools","status":"publish","type":"page","link":"https:\/\/awmac.com\/fr\/education\/woodworking-schools\/","title":{"rendered":"\u00c9coles de menuiserie"},"content":{"rendered":"<h1>Woodworking Schools<\/h1>\n<div class=\"smls-main-logo-outer-694456314 smls-main-logo-wrapper\">\r\n      <div class=\"smls-grid-container-template-1 smls-grid smls-grid-column-6 smls-tablet-column-3 smls-mobile-column-2  smls-overlay-effect clearfix\r\n     \">\r\n            <div class=\"smls-grid-image-wrap  smls-overlay-title-center smls-external-link-wrapper main-div-1\" >\r\n       <div class=\"smls-grid-pad-container\">\r\n                <img decoding=\"async\" src=\"https:\/\/awmac.com\/wp-content\/uploads\/2020\/02\/humber.jpg\" alt=\"\">\r\n       <div class=\"smls-overlay-all-wrap\">\r\n                  <a class=\"smls-link-style\" href=\"https:\/\/humber.ca\/\" target=\"_blank\"><span><i class=\"fa fa-link\" aria-hidden=\"true\"><\/i><\/span><\/a>\r\n                <\/div>\r\n      <div class=\"smls-overlay-wrap\"><\/div>\r\n        <\/div>\r\n<\/div>\r\n<div class=\"popup-contact contact-div-1\" id=\"contact-div-1\">\r\n  <div class=\"smls-overlay-contact-info\">\r\n\r\n    <!--Creates the popup content-->\r\n    \r\n\r\n    <!--Content shown when popup is not displayed-->\r\n\r\n\r\n  <\/div>\r\n<\/div>\r\n       <div class=\"smls-grid-image-wrap  smls-overlay-title-center smls-external-link-wrapper main-div-2\" >\r\n       <div class=\"smls-grid-pad-container\">\r\n                <img decoding=\"async\" src=\"https:\/\/awmac.com\/wp-content\/uploads\/2020\/02\/redriver.jpg\" alt=\"\">\r\n       <div class=\"smls-overlay-all-wrap\">\r\n                  <a class=\"smls-link-style\" href=\"https:\/\/www.rrc.ca%20\" target=\"_blank\"><span><i class=\"fa fa-link\" aria-hidden=\"true\"><\/i><\/span><\/a>\r\n                <\/div>\r\n      <div class=\"smls-overlay-wrap\"><\/div>\r\n        <\/div>\r\n<\/div>\r\n<div class=\"popup-contact contact-div-2\" id=\"contact-div-2\">\r\n  <div class=\"smls-overlay-contact-info\">\r\n\r\n    <!--Creates the popup content-->\r\n    \r\n\r\n    <!--Content shown when popup is not displayed-->\r\n\r\n\r\n  <\/div>\r\n<\/div>\r\n       <div class=\"smls-grid-image-wrap  smls-overlay-title-center smls-external-link-wrapper main-div-3\" >\r\n       <div class=\"smls-grid-pad-container\">\r\n                <img decoding=\"async\" src=\"https:\/\/awmac.com\/wp-content\/uploads\/2020\/02\/bcit.jpg\" alt=\"\">\r\n       <div class=\"smls-overlay-all-wrap\">\r\n                  <a class=\"smls-link-style\" href=\"https:\/\/www.bcit.ca\/\" target=\"_blank\"><span><i class=\"fa fa-link\" aria-hidden=\"true\"><\/i><\/span><\/a>\r\n                <\/div>\r\n      <div class=\"smls-overlay-wrap\"><\/div>\r\n        <\/div>\r\n<\/div>\r\n<div class=\"popup-contact contact-div-3\" id=\"contact-div-3\">\r\n  <div class=\"smls-overlay-contact-info\">\r\n\r\n    <!--Creates the popup content-->\r\n    \r\n\r\n    <!--Content shown when popup is not displayed-->\r\n\r\n\r\n  <\/div>\r\n<\/div>\r\n       <div class=\"smls-grid-image-wrap  smls-overlay-title-center smls-external-link-wrapper main-div-4\" >\r\n       <div class=\"smls-grid-pad-container\">\r\n                <img decoding=\"async\" src=\"https:\/\/awmac.com\/wp-content\/uploads\/2020\/02\/holland.jpg\" alt=\"\">\r\n       <div class=\"smls-overlay-all-wrap\">\r\n                  <a class=\"smls-link-style\" href=\"https:\/\/www.hollandcollege.com\/...\/%20Cabinetmaking%20Wood%20Manufacturing.html\" target=\"_blank\"><span><i class=\"fa fa-link\" aria-hidden=\"true\"><\/i><\/span><\/a>\r\n                <\/div>\r\n      <div class=\"smls-overlay-wrap\"><\/div>\r\n        <\/div>\r\n<\/div>\r\n<div class=\"popup-contact contact-div-4\" id=\"contact-div-4\">\r\n  <div class=\"smls-overlay-contact-info\">\r\n\r\n    <!--Creates the popup content-->\r\n    \r\n\r\n    <!--Content shown when popup is not displayed-->\r\n\r\n\r\n  <\/div>\r\n<\/div>\r\n       <div class=\"smls-grid-image-wrap  smls-overlay-title-center smls-external-link-wrapper main-div-5\" >\r\n       <div class=\"smls-grid-pad-container\">\r\n                <img decoding=\"async\" src=\"https:\/\/awmac.com\/wp-content\/uploads\/2020\/02\/ufv.jpg\" alt=\"\">\r\n       <div class=\"smls-overlay-all-wrap\">\r\n                  <a class=\"smls-link-style\" href=\"https:\/\/www.ufv.ca\/\" target=\"_blank\"><span><i class=\"fa fa-link\" aria-hidden=\"true\"><\/i><\/span><\/a>\r\n                <\/div>\r\n      <div class=\"smls-overlay-wrap\"><\/div>\r\n        <\/div>\r\n<\/div>\r\n<div class=\"popup-contact contact-div-5\" id=\"contact-div-5\">\r\n  <div class=\"smls-overlay-contact-info\">\r\n\r\n    <!--Creates the popup content-->\r\n    \r\n\r\n    <!--Content shown when popup is not displayed-->\r\n\r\n\r\n  <\/div>\r\n<\/div>\r\n       <div class=\"smls-grid-image-wrap  smls-overlay-title-center smls-external-link-wrapper main-div-6\" >\r\n       <div class=\"smls-grid-pad-container\">\r\n                <img decoding=\"async\" src=\"https:\/\/awmac.com\/wp-content\/uploads\/2020\/02\/nscc.jpg\" alt=\"\">\r\n       <div class=\"smls-overlay-all-wrap\">\r\n                  <a class=\"smls-link-style\" href=\"https:\/\/www.nscc.ca\/learning_programs\/programs\/PlanDescr.aspx?prg=CABC&#038;pln=CABCARP%20\" target=\"_blank\"><span><i class=\"fa fa-link\" aria-hidden=\"true\"><\/i><\/span><\/a>\r\n                <\/div>\r\n      <div class=\"smls-overlay-wrap\"><\/div>\r\n        <\/div>\r\n<\/div>\r\n<div class=\"popup-contact contact-div-6\" id=\"contact-div-6\">\r\n  <div class=\"smls-overlay-contact-info\">\r\n\r\n    <!--Creates the popup content-->\r\n    \r\n\r\n    <!--Content shown when popup is not displayed-->\r\n\r\n\r\n  <\/div>\r\n<\/div>\r\n       <div class=\"smls-grid-image-wrap  smls-overlay-title-center smls-external-link-wrapper main-div-7\" >\r\n       <div class=\"smls-grid-pad-container\">\r\n                <img decoding=\"async\" src=\"https:\/\/awmac.com\/wp-content\/uploads\/2020\/02\/saskpoly.jpg\" alt=\"\">\r\n       <div class=\"smls-overlay-all-wrap\">\r\n                  <a class=\"smls-link-style\" href=\"https:\/\/saskpolytech.ca\/\" target=\"_blank\"><span><i class=\"fa fa-link\" aria-hidden=\"true\"><\/i><\/span><\/a>\r\n                <\/div>\r\n      <div class=\"smls-overlay-wrap\"><\/div>\r\n        <\/div>\r\n<\/div>\r\n<div class=\"popup-contact contact-div-7\" id=\"contact-div-7\">\r\n  <div class=\"smls-overlay-contact-info\">\r\n\r\n    <!--Creates the popup content-->\r\n    \r\n\r\n    <!--Content shown when popup is not displayed-->\r\n\r\n\r\n  <\/div>\r\n<\/div>\r\n       <div class=\"smls-grid-image-wrap  smls-overlay-title-center smls-external-link-wrapper main-div-8\" >\r\n       <div class=\"smls-grid-pad-container\">\r\n                <img decoding=\"async\" src=\"https:\/\/awmac.com\/wp-content\/uploads\/2020\/02\/georgian.jpg\" alt=\"\">\r\n       <div class=\"smls-overlay-all-wrap\">\r\n                  <a class=\"smls-link-style\" href=\"https:\/\/www.georgiancollege.ca\/\" target=\"_blank\"><span><i class=\"fa fa-link\" aria-hidden=\"true\"><\/i><\/span><\/a>\r\n                <\/div>\r\n      <div class=\"smls-overlay-wrap\"><\/div>\r\n        <\/div>\r\n<\/div>\r\n<div class=\"popup-contact contact-div-8\" id=\"contact-div-8\">\r\n  <div class=\"smls-overlay-contact-info\">\r\n\r\n    <!--Creates the popup content-->\r\n    \r\n\r\n    <!--Content shown when popup is not displayed-->\r\n\r\n\r\n  <\/div>\r\n<\/div>\r\n       <div class=\"smls-grid-image-wrap  smls-overlay-title-center smls-external-link-wrapper main-div-9\" >\r\n       <div class=\"smls-grid-pad-container\">\r\n                <img decoding=\"async\" src=\"https:\/\/awmac.com\/wp-content\/uploads\/2020\/02\/kpu.jpg\" alt=\"\">\r\n       <div class=\"smls-overlay-all-wrap\">\r\n                  <a class=\"smls-link-style\" href=\"https:\/\/www.kpu.ca\/\" target=\"_blank\"><span><i class=\"fa fa-link\" aria-hidden=\"true\"><\/i><\/span><\/a>\r\n                <\/div>\r\n      <div class=\"smls-overlay-wrap\"><\/div>\r\n        <\/div>\r\n<\/div>\r\n<div class=\"popup-contact contact-div-9\" id=\"contact-div-9\">\r\n  <div class=\"smls-overlay-contact-info\">\r\n\r\n    <!--Creates the popup content-->\r\n    \r\n\r\n    <!--Content shown when popup is not displayed-->\r\n\r\n\r\n  <\/div>\r\n<\/div>\r\n       <div class=\"smls-grid-image-wrap  smls-overlay-title-center smls-external-link-wrapper main-div-10\" >\r\n       <div class=\"smls-grid-pad-container\">\r\n                <img decoding=\"async\" src=\"https:\/\/awmac.com\/wp-content\/uploads\/2020\/02\/conestoga.jpg\" alt=\"\">\r\n       <div class=\"smls-overlay-all-wrap\">\r\n                  <a class=\"smls-link-style\" href=\"https:\/\/www.conestogac.on.ca\/%20\" target=\"_blank\"><span><i class=\"fa fa-link\" aria-hidden=\"true\"><\/i><\/span><\/a>\r\n                <\/div>\r\n      <div class=\"smls-overlay-wrap\"><\/div>\r\n        <\/div>\r\n<\/div>\r\n<div class=\"popup-contact contact-div-10\" id=\"contact-div-10\">\r\n  <div class=\"smls-overlay-contact-info\">\r\n\r\n    <!--Creates the popup content-->\r\n    \r\n\r\n    <!--Content shown when popup is not displayed-->\r\n\r\n\r\n  <\/div>\r\n<\/div>\r\n       <div class=\"smls-grid-image-wrap  smls-overlay-title-center smls-external-link-wrapper main-div-11\" >\r\n       <div class=\"smls-grid-pad-container\">\r\n                <img decoding=\"async\" src=\"https:\/\/awmac.com\/wp-content\/uploads\/2020\/02\/nait.gif\" alt=\"\">\r\n       <div class=\"smls-overlay-all-wrap\">\r\n                  <a class=\"smls-link-style\" href=\"https:\/\/www.nait.ca\/programs\/millwork-and-carpentry\" target=\"_blank\"><span><i class=\"fa fa-link\" aria-hidden=\"true\"><\/i><\/span><\/a>\r\n                <\/div>\r\n      <div class=\"smls-overlay-wrap\"><\/div>\r\n        <\/div>\r\n<\/div>\r\n<div class=\"popup-contact contact-div-11\" id=\"contact-div-11\">\r\n  <div class=\"smls-overlay-contact-info\">\r\n\r\n    <!--Creates the popup content-->\r\n    \r\n\r\n    <!--Content shown when popup is not displayed-->\r\n\r\n\r\n  <\/div>\r\n<\/div>\r\n       <div class=\"smls-grid-image-wrap  smls-overlay-title-center smls-external-link-wrapper main-div-12\" >\r\n       <div class=\"smls-grid-pad-container\">\r\n                <img decoding=\"async\" src=\"https:\/\/awmac.com\/wp-content\/uploads\/2020\/02\/SAIT-e1656367228444.jpg\" alt=\"\">\r\n       <div class=\"smls-overlay-all-wrap\">\r\n                  <a class=\"smls-link-style\" href=\"https:\/\/www.sait.ca\/\" target=\"_blank\"><span><i class=\"fa fa-link\" aria-hidden=\"true\"><\/i><\/span><\/a>\r\n                <\/div>\r\n      <div class=\"smls-overlay-wrap\"><\/div>\r\n        <\/div>\r\n<\/div>\r\n<div class=\"popup-contact contact-div-12\" id=\"contact-div-12\">\r\n  <div class=\"smls-overlay-contact-info\">\r\n\r\n    <!--Creates the popup content-->\r\n    \r\n\r\n    <!--Content shown when popup is not displayed-->\r\n\r\n\r\n  <\/div>\r\n<\/div>\r\n          <\/div>\r\n          <style type=\"text\/css\">\r\n            .popup-contact .smls-overlay-contact-info {\r\n              display: none;\r\n            }\r\n            .popup-contact .smls-overlay-contact-info.active {\r\n              display: block;\r\n              position: fixed;\r\n              width: 30%;\r\n              height: 37%;\r\n              background: #000000a6;\r\n              color: #fff;\r\n              left: 30%;\r\n              right: 0;\r\n              top: 30%;\r\n              z-index: 999;\r\n              text-align: center;\r\n            }\r\n            .popup-contact .smls-overlay-contact-info.active .smls-popup-open {\r\n              display: none;\r\n            }\r\n            .popup-contact .smls-overlay-contact-info.active .popup-content {\r\n              visibility: visible;\r\n              \r\n            }\r\n            .popup-content h4, .popup-content h5 {\r\n              color: #FFF;\r\n            }\r\n\r\n\r\n          <\/style>\r\n            <\/div>\r\n  <style>\n    .smls-main-logo-outer-694456314.smls-main-logo-wrapper {\n        width: 100%;\n        margin:0 auto;\n    }\n    .smls-main-logo-outer-694456314 .smls-grid-container-template-1 .smls-grid-each-item:before,\n    .smls-main-logo-outer-694456314 .smls-grid-container-template-1 .smls-grid-image-wrap:before,\n    .smls-main-logo-outer-694456314 .smls-grid-container-template-2 .smls-grid-each-item:before,\n    .smls-main-logo-outer-694456314 .smls-grid-container-template-2 .smls-grid-image-wrap:before {\n\n        border-left: 1px solid #e9e9e9;\n    }\n    .smls-main-logo-outer-694456314 .smls-grid-container-template-1 .smls-grid-each-item:after,\n    .smls-main-logo-outer-694456314 .smls-grid-container-template-1 .smls-grid-image-wrap:after,\n    .smls-main-logo-outer-694456314 .smls-grid-container-template-2 .smls-grid-each-item:after,\n    .smls-main-logo-outer-694456314 .smls-grid-container-template-2 .smls-grid-image-wrap:after {\n        border-bottom: 1px solid #e9e9e9;\n    }\n    .smls-main-logo-outer-694456314 .smls-grid-container-template-2 {\n        border: 1px solid #e9e9e9;\n    }\n\n    .smls-main-logo-outer-694456314 .smls-carousel-pager-template-2.owl-theme .owl-dots .owl-dot span:before\n    {\n        background-color:  #0d98dc;\n\n    }\n    .smls-main-logo-outer-694456314 .smls-carousel-pager-template-2.owl-theme .owl-dots .owl-dot span {\n        background:  #7c7c7c;\n    }\n\n    .smls-main-logo-outer-694456314 .smls-carousel-arrow-type-1.owl-theme .owl-controls .owl-nav [class*=owl-]:hover {\n        background-color: rgba(71, 71, 71, 0.7);\n    }\n    .smls-main-logo-outer-694456314 .smls-carousel-arrow-type-1.owl-theme .owl-controls .owl-nav [class*=owl-] {\n        background-color: #474747;\n    }\n    .smls-main-logo-outer-694456314 .smls-carousel-arrow-type-2.owl-theme .owl-controls .owl-nav [class*=owl-] {\n        background-color:  #474747;\n    }\n    .smls-main-logo-outer-694456314 .smls-carousel-arrow-type-2.owl-theme .owl-controls .owl-nav [class*=owl-]:hover {\n        background-color: rgba(71, 71, 71, 0.7);\n    }\n    .smls-main-logo-outer-694456314 .smls-carousel-arrow-type-3.owl-theme .owl-controls .owl-nav [class*=owl-] {\n        border: 2px solid #474747;\n\n    }\n    .smls-main-logo-outer-694456314 .smls-carousel-arrow-type-3.owl-theme .owl-controls .owl-nav [class*=owl-]:before {\n        background-color: rgba(71, 71, 71, 0.7);\n    }\n    .smls-main-logo-outer-694456314 .smls-carousel-arrow-type-3.owl-theme .owl-controls .owl-nav [class*=owl-]:hover {\n        border-color: rgba(71, 71, 71, 0.7);\n    }\n    .smls-main-logo-outer-694456314 .smls-carousel-arrow-type-4.owl-theme .owl-controls .owl-nav [class*=owl-] {\n        border: 2px solid #474747;\n        color: #474747;\n    }\n    .smls-main-logo-outer-694456314 .smls-carousel-arrow-type-4.owl-carousel .owl-controls .owl-nav [class*=owl-]:hover {\n        background-color: rgba(71, 71, 71, 0.7);\n        color: #333333;\n    }\n    .smls-main-logo-outer-694456314 .smls-carousel-arrow-type-5.owl-theme .owl-controls .owl-nav [class*=owl-] {\n        background-color:  #474747;\n\n    }\n\n    .smls-main-logo-outer-694456314 .smls-carousel-template-2.owl-carousel .smls-carousel-four-items {\n        border: 1px solid  #eee;\n    }\n\n<\/style>\n<h2>WHY CONSIDER A CAREER IN SKILLED TRADES?<\/h2>\n<p>Research shows that apprenticeship completers fare better than their counterparts when it comes to wages, job security and employment satisfaction.\u00a0When compared to non-completers and graduates of other technical programs, those who complete an apprenticeship have:<\/p>\n<ul>\n<li>Better employment outcomes, both immediately and several years after being certified<\/li>\n<li>Better earning potential \u2013 in the short and longer term<\/li>\n<li>Higher levels of job satisfaction and job security<\/li>\n<\/ul>\n<p>People in skilled trades are rewarded for their efforts with good pay. Between 2000 and 2011, the average weekly wages of full-time workers aged 25 to 34 with trades certificates grew by 14%, while bachelor\u2019s degree holders saw their wage growth slow to 1%. \u00a0And, apprentices begin to make money right away, earning a wage from their first day at work. An apprenticeship is a great way to enter the trades. Learn more about apprenticeship and check out how to become an apprentice by visiting the <a href=\"https:\/\/careersintrades.ca\/\" target=\"_blank\" rel=\"noopener noreferrer\">Careers in Trades website<\/a>.<\/p>\n<h2>OPPORTUNITY<\/h2>\n<p>Skilled trades play an important role in our economy and our society. Think about it \u2026 skilled trades workers touch almost every aspect of our lives. Canada depends on skilled tradespeople to keep our country running.\u00a0By combining on-the-job training and in-school learning, apprentices get the best of both worlds \u2013 certification that comes with real world experience, providing the skills to work virtually anywhere.\u00a0Skilled tradespeople are in demand and, as the baby-boom generation retires, that demand is only going to increase. Shortages of skilled trades workers are being reported across sectors and across Canada.<\/p>\n<h2>Try the Cabinetmaking Trade in highschool!<\/h2>\n<ul>\n<li>Earn Credits<\/li>\n<li>Earn Wages<\/li>\n<li>Gain Work Experience<\/li>\n<\/ul>\n<p>Contact your Registered Apprenticeship Program (RAP) Counselor\/Student Counselor to coordinate your appreticeship with one of our Manufacturer Member shops.<\/p>\n<p>You can also visit <a href=\"https:\/\/www.careersnextgen.ca\/\" target=\"_blank\" rel=\"noopener noreferrer\">Careers NextGen<\/a>\u00a0for more RAP Program information<\/p>\n","protected":false},"excerpt":{"rendered":"<p>\u00c9coles de menuiserie\u00a0: POURQUOI ENVISAGER UNE CARRI\u00c8RE DANS LES M\u00c9TIERS SP\u00c9CIALIS\u00c9S\u00a0? Les recherches montrent que les personnes ayant termin\u00e9 un apprentissage r\u00e9ussissent mieux que les autres\u2026<\/p>","protected":false},"author":1,"featured_media":0,"parent":226,"menu_order":0,"comment_status":"closed","ping_status":"closed","template":"education.php","meta":{"_acf_changed":false,"inline_featured_image":false,"_price":"","_stock":"","_tribe_ticket_header":"","_tribe_default_ticket_provider":"","_tribe_ticket_capacity":"0","_ticket_start_date":"","_ticket_end_date":"","_tribe_ticket_show_description":"","_tribe_ticket_show_not_going":false,"_tribe_ticket_use_global_stock":"","_tribe_ticket_global_stock_level":"","_global_stock_mode":"","_global_stock_cap":"","_tribe_rsvp_for_event":"","_tribe_ticket_going_count":"","_tribe_ticket_not_going_count":"","_tribe_tickets_list":"[]","_tribe_ticket_has_attendee_info_fields":false,"footnotes":"","_tec_slr_enabled":"","_tec_slr_layout":""},"class_list":["post-2442","page","type-page","status-publish","hentry"],"acf":[],"ticketed":false,"_links":{"self":[{"href":"https:\/\/awmac.com\/fr\/wp-json\/wp\/v2\/pages\/2442","targetHints":{"allow":["GET"]}}],"collection":[{"href":"https:\/\/awmac.com\/fr\/wp-json\/wp\/v2\/pages"}],"about":[{"href":"https:\/\/awmac.com\/fr\/wp-json\/wp\/v2\/types\/page"}],"author":[{"embeddable":true,"href":"https:\/\/awmac.com\/fr\/wp-json\/wp\/v2\/users\/1"}],"replies":[{"embeddable":true,"href":"https:\/\/awmac.com\/fr\/wp-json\/wp\/v2\/comments?post=2442"}],"version-history":[{"count":5,"href":"https:\/\/awmac.com\/fr\/wp-json\/wp\/v2\/pages\/2442\/revisions"}],"predecessor-version":[{"id":2578,"href":"https:\/\/awmac.com\/fr\/wp-json\/wp\/v2\/pages\/2442\/revisions\/2578"}],"up":[{"embeddable":true,"href":"https:\/\/awmac.com\/fr\/wp-json\/wp\/v2\/pages\/226"}],"wp:attachment":[{"href":"https:\/\/awmac.com\/fr\/wp-json\/wp\/v2\/media?parent=2442"}],"curies":[{"name":"wp","href":"https:\/\/api.w.org\/{rel}","templated":true}]}}