{"id":2417,"date":"2020-02-24T20:06:38","date_gmt":"2020-02-24T20:06:38","guid":{"rendered":"https:\/\/awmac.com\/?page_id=2417"},"modified":"2023-07-06T09:28:11","modified_gmt":"2023-07-06T16:28:11","slug":"registration-fees","status":"publish","type":"page","link":"https:\/\/awmac.com\/fr\/convention2025\/registration-fees\/","title":{"rendered":"Registration 2022"},"content":{"rendered":"<h1>Registre<\/h1>\n<p>Les inscriptions sont d\u00e9sormais closes.<\/p>\n<p><a class=\"buttonRed small mt-3\" href=\"https:\/\/convention.awmac.com\/register\" target=\"_blank\" rel=\"noopener noreferrer\">Registre<\/a> <a class=\"buttonRed small mt-3\" href=\"https:\/\/convention.awmac.com\/login\" target=\"_blank\" rel=\"noopener noreferrer\">Se connecter<\/a> <a class=\"buttonRed small mt-3\" href=\"https:\/\/youtu.be\/9Qnm-GrYuHM\" target=\"_blank\" rel=\"noopener noreferrer\">Comment utiliser le syst\u00e8me<\/a><\/p>\n<p><strong><a class=\"buttonRed small mt-3\" href=\"https:\/\/book.passkey.com\/event\/50103458\/owner\/5615\/home\" target=\"_blank\" rel=\"noopener noreferrer\">R\u00e9servez votre chambre d&#039;h\u00f4tel<\/a><\/strong><\/p>\n<h1>Tarifs<\/h1>\n<h2 class=\"p1\"><span class=\"s1\">INSCRIPTIONS COMPL\u00c8TES DES D\u00c9L\u00c9GU\u00c9S \u00c0 LA CONVENTION<\/span><\/h2>\n<ul class=\"ul1\">\n<li class=\"li1\">D\u00e9l\u00e9gu\u00e9 membre de l&#039;AWMAC (toutes cat\u00e9gories sauf membre \u00e0 vie) <strong>$775<\/strong><\/li>\n<li class=\"li1\">D\u00e9l\u00e9gu\u00e9 membre \u00e0 vie de l&#039;AWMAC\u00a0 <strong>$650<\/strong><\/li>\n<li class=\"li1\">Administrateur\/Inspecteur d\u00e9l\u00e9gu\u00e9 de l&#039;AWMAC\u00a0 <strong>$700<\/strong><\/li>\n<li class=\"li1\">D\u00e9l\u00e9gu\u00e9 non membre <strong>$1,050<\/strong><\/li>\n<\/ul>\n<h2 class=\"p1\"><span class=\"s1\">INSCRIPTIONS COMPL\u00c8TES DES ACCOMPAGNATEURS \u00c0 LA CONVENTION<\/span><\/h2>\n<ul class=\"ul1\">\n<li class=\"li1\">Compagnon AWMAC <strong>$650<\/strong><\/li>\n<li class=\"li1\">Compagnon non membre <strong>$800<span class=\"Apple-converted-space\">\u00a0<\/span><\/strong><\/li>\n<\/ul>\n<h2 class=\"p1\"><span class=\"s1\">INSCRIPTIONS \u00c0 UN \u00c9V\u00c9NEMENT UNIQUE<span class=\"Apple-converted-space\">\u00a0<\/span><\/span><\/h2>\n<p class=\"p1\">Vous souhaitez assister \u00e0 un ou deux \u00e9v\u00e9nements seulement\u00a0? Inscrivez-vous \u00e0 un ou plusieurs des \u00e9v\u00e9nements ci-dessous.<\/p>\n<ul>\n<li class=\"p1\">Golf au Mickelson National Golf Club \u2013 Jeudi 9 juin 2022<span class=\"Apple-converted-space\">\u00a0 <\/span><strong>$200<\/strong><\/li>\n<li class=\"p1\">Tourn\u00e9e des Badlands canadiens \u2013 Jeudi 9 juin 2022 <strong>$180\u00a0<\/strong><\/li>\n<li class=\"p1\">R\u00e9ception de bienvenue et pr\u00e9sentation de l&#039;industrie \u2013 Jeudi 9 juin 2022 <strong>$75<\/strong><\/li>\n<li class=\"p1\">D\u00e9jeuner de remise des prix \u2013 vendredi 10 juin 2022 <strong>$65\u00a0<\/strong><\/li>\n<li>Soir\u00e9e festive (Ann\u00e9es folles) <strong>$125<\/strong><\/li>\n<li class=\"p1\">Gala du Pr\u00e9sident \u2013 Samedi 11 juin 2022 <strong>$150<\/strong><\/li>\n<\/ul>\n<h1>Politiques et informations<\/h1>\n<p><a href=\"https:\/\/awmac.com\/fr\/22-convention-housing-policy\/\">Politique du logement<\/a><\/p>\n<p><a href=\"https:\/\/awmac.com\/fr\/2022-convention-liability-waiver\/\">Accord de renonciation \u00e0 la responsabilit\u00e9 et de bien-\u00eatre<\/a><\/p>\n<p><a href=\"https:\/\/awmac.com\/fr\/2022-convention-privacy-policy\/\">politique de confidentialit\u00e9<\/a><\/p>\n<p><a href=\"https:\/\/awmac.com\/fr\/2022-convention-code-of-conduct\/\">Code de conduite<\/a><\/p>\n<p><a href=\"https:\/\/awmac.com\/fr\/2022-convention-media-waiver\/\">Renonciation aux m\u00e9dias<\/a><\/p>\n<p><a href=\"https:\/\/awmac.com\/fr\/2022-convention-registration-information\/\">Informations d&#039;inscription<\/a><\/p>\n<p><a href=\"https:\/\/awmac.com\/fr\/2022-convention-cancellation-refunds\/\">Annulations et remboursements<\/a><\/p>\n<div class=\"page\" title=\"Page 5\">\n<div class=\"layoutArea\">\n<div class=\"column\">\n<h1><\/h1>\n<h1><a href=\"https:\/\/awmac.com\/fr\/national-convention\/sponsorship-opportunities\/\" target=\"_blank\" rel=\"noopener\">Nos sponsors<\/a><\/h1>\n<img decoding=\"async\" class=\"wp-image-6396 alignleft\" src=\"https:\/\/awmac.com\/wp-content\/uploads\/2022\/04\/12.png\" alt=\"\" width=\"144\" height=\"144\" \/>\n<a href=\"https:\/\/www.hardwoods-inc.com\/\" target=\"_blank\" rel=\"noopener\"><img decoding=\"async\" class=\"wp-image-6390 alignnone\" src=\"https:\/\/awmac.com\/wp-content\/uploads\/2022\/02\/hardwoods-300x67.png\" alt=\"\" width=\"251\" height=\"56\" srcset=\"https:\/\/awmac.com\/wp-content\/uploads\/2022\/02\/hardwoods-300x67.png 300w, https:\/\/awmac.com\/wp-content\/uploads\/2022\/02\/hardwoods.png 385w\" sizes=\"(max-width: 251px) 100vw, 251px\" \/><\/a> <a href=\"http:\/\/www.cncautomation.com\/\" target=\"_blank\" rel=\"noopener\"><img decoding=\"async\" class=\"alignnone wp-image-6563\" src=\"https:\/\/awmac.com\/wp-content\/uploads\/2022\/05\/cncautomation.jpeg\" alt=\"\" width=\"218\" height=\"71\" \/><\/a><a href=\"https:\/\/www.ucfp.com\/\" target=\"_blank\" rel=\"noopener\"><img decoding=\"async\" class=\"alignnone wp-image-6519\" src=\"https:\/\/awmac.com\/wp-content\/uploads\/2022\/05\/uppercanada-e1651539269735.jpeg\" alt=\"\" width=\"201\" height=\"106\" \/><\/a><a href=\"https:\/\/www.richelieu.com\/ca\/en\/\" target=\"_blank\" rel=\"noopener\"><img decoding=\"async\" class=\"alignnone wp-image-6514\" src=\"https:\/\/awmac.com\/wp-content\/uploads\/2022\/05\/richelieu-e1651538974822-150x150.png\" alt=\"\" width=\"119\" height=\"119\" \/> <\/a><a href=\"https:\/\/formationswood.com\/\" target=\"_blank\" rel=\"noopener\"><img decoding=\"async\" class=\"alignnone wp-image-6515\" src=\"https:\/\/awmac.com\/wp-content\/uploads\/2022\/05\/Formations.jpg\" alt=\"\" width=\"83\" height=\"103\" \/><\/a>\n<p>&nbsp;<\/p>\n<img decoding=\"async\" class=\"wp-image-6128 alignleft\" src=\"https:\/\/awmac.com\/wp-content\/uploads\/2022\/03\/PLATINUM.jpeg\" alt=\"\" width=\"158\" height=\"124\" \/>\n<p>&nbsp;<\/p>\n<a href=\"https:\/\/planitcanada.ca\" target=\"_blank\" rel=\"noopener\"><img decoding=\"async\" class=\"wp-image-6130 alignleft\" src=\"https:\/\/awmac.com\/wp-content\/uploads\/2022\/03\/Planit_Logo_Regular_Horizontal_Final_crop.png\" alt=\"\" width=\"188\" height=\"75\" srcset=\"https:\/\/awmac.com\/wp-content\/uploads\/2022\/03\/Planit_Logo_Regular_Horizontal_Final_crop.png 1920w, https:\/\/awmac.com\/wp-content\/uploads\/2022\/03\/Planit_Logo_Regular_Horizontal_Final_crop-300x120.png 300w, https:\/\/awmac.com\/wp-content\/uploads\/2022\/03\/Planit_Logo_Regular_Horizontal_Final_crop-1024x410.png 1024w, https:\/\/awmac.com\/wp-content\/uploads\/2022\/03\/Planit_Logo_Regular_Horizontal_Final_crop-768x307.png 768w, https:\/\/awmac.com\/wp-content\/uploads\/2022\/03\/Planit_Logo_Regular_Horizontal_Final_crop-1536x614.png 1536w, https:\/\/awmac.com\/wp-content\/uploads\/2022\/03\/Planit_Logo_Regular_Horizontal_Final_crop-2048x819.png 2048w, https:\/\/awmac.com\/wp-content\/uploads\/2022\/03\/Planit_Logo_Regular_Horizontal_Final_crop-1000x400.png 1000w\" sizes=\"(max-width: 188px) 100vw, 188px\" \/><\/a>\n<p>&nbsp;<\/p>\n<p>&nbsp;<\/p>\n<p>&nbsp;<\/p>\n<p>&nbsp;<\/p>\n<img decoding=\"async\" class=\"wp-image-6589 alignleft\" src=\"https:\/\/awmac.com\/wp-content\/uploads\/2022\/05\/Gold-1-300x240.png\" alt=\"\" width=\"145\" height=\"116\" srcset=\"https:\/\/awmac.com\/wp-content\/uploads\/2022\/05\/Gold-1-300x240.png 300w, https:\/\/awmac.com\/wp-content\/uploads\/2022\/05\/Gold-1.png 455w\" sizes=\"(max-width: 145px) 100vw, 145px\" \/>\n<p>&nbsp;<\/p>\n<a href=\"https:\/\/seradex.com\/\" target=\"_blank\" rel=\"noopener\"><img decoding=\"async\" class=\"alignnone wp-image-6592\" src=\"https:\/\/awmac.com\/wp-content\/uploads\/2022\/02\/seradex-logo-NEW-300x78.jpg\" alt=\"\" width=\"196\" height=\"51\" srcset=\"https:\/\/awmac.com\/wp-content\/uploads\/2022\/02\/seradex-logo-NEW-300x78.jpg 300w, https:\/\/awmac.com\/wp-content\/uploads\/2022\/02\/seradex-logo-NEW.jpg 600w\" sizes=\"(max-width: 196px) 100vw, 196px\" \/> <\/a><a href=\"https:\/\/www.mckillican.com\/\" target=\"_blank\" rel=\"noopener\"><img decoding=\"async\" class=\"alignnone wp-image-6701\" src=\"https:\/\/awmac.com\/wp-content\/uploads\/2022\/05\/McK-Green-Bar-300x55.png\" alt=\"\" width=\"224\" height=\"41\" srcset=\"https:\/\/awmac.com\/wp-content\/uploads\/2022\/05\/McK-Green-Bar-300x55.png 300w, https:\/\/awmac.com\/wp-content\/uploads\/2022\/05\/McK-Green-Bar-1024x186.png 1024w, https:\/\/awmac.com\/wp-content\/uploads\/2022\/05\/McK-Green-Bar-768x140.png 768w, https:\/\/awmac.com\/wp-content\/uploads\/2022\/05\/McK-Green-Bar-1095x199.png 1095w, https:\/\/awmac.com\/wp-content\/uploads\/2022\/05\/McK-Green-Bar.png 1264w\" sizes=\"(max-width: 224px) 100vw, 224px\" \/> <\/a><a href=\"https:\/\/hettich.com\/\" target=\"_blank\" rel=\"noopener\"><img decoding=\"async\" class=\"alignnone wp-image-6521\" src=\"https:\/\/awmac.com\/wp-content\/uploads\/2022\/05\/hettich-1.png\" alt=\"\" width=\"181\" height=\"101\" \/><\/a>\n<p>&nbsp;<\/p>\n<p>&nbsp;<\/p>\n<img decoding=\"async\" class=\"wp-image-6034 alignleft\" src=\"https:\/\/awmac.com\/wp-content\/uploads\/2022\/03\/SILVER.jpeg\" alt=\"\" width=\"145\" height=\"119\" \/>\n<a href=\"https:\/\/www.blum.com\/ca\/en\/\" target=\"_blank\" rel=\"noopener\"><img decoding=\"async\" class=\"alignnone wp-image-6393\" src=\"https:\/\/awmac.com\/wp-content\/uploads\/2022\/04\/2-2-e1651540339294-300x88.png\" alt=\"\" width=\"177\" height=\"52\" srcset=\"https:\/\/awmac.com\/wp-content\/uploads\/2022\/04\/2-2-e1651540339294-300x88.png 300w, https:\/\/awmac.com\/wp-content\/uploads\/2022\/04\/2-2-e1651540339294.png 500w\" sizes=\"(max-width: 177px) 100vw, 177px\" \/>\u00a0\u00a0\u00a0<\/a> <a href=\"https:\/\/www.scmgroup.com\/en_CA\/scmwood\" target=\"_blank\" rel=\"noopener\"><img decoding=\"async\" class=\"wp-image-6517 alignnone\" src=\"https:\/\/awmac.com\/wp-content\/uploads\/2022\/05\/scm-300x123.png\" alt=\"\" width=\"139\" height=\"57\" srcset=\"https:\/\/awmac.com\/wp-content\/uploads\/2022\/05\/scm-300x123.png 300w, https:\/\/awmac.com\/wp-content\/uploads\/2022\/05\/scm.png 335w\" sizes=\"(max-width: 139px) 100vw, 139px\" \/> \u00a0 \u00a0 <\/a><a href=\"https:\/\/www.grass.at\/\" target=\"_blank\" rel=\"noopener\"><img decoding=\"async\" class=\"alignnone wp-image-6394\" src=\"https:\/\/awmac.com\/wp-content\/uploads\/2022\/04\/10-e1651540314637-300x116.png\" alt=\"\" width=\"179\" height=\"69\" srcset=\"https:\/\/awmac.com\/wp-content\/uploads\/2022\/04\/10-e1651540314637-300x116.png 300w, https:\/\/awmac.com\/wp-content\/uploads\/2022\/04\/10-e1651540314637.png 500w\" sizes=\"(max-width: 179px) 100vw, 179px\" \/> <\/a><a href=\"https:\/\/www.marathonhardware.com\/\" target=\"_blank\" rel=\"noopener\"><img decoding=\"async\" class=\"alignnone wp-image-6700\" src=\"https:\/\/awmac.com\/wp-content\/uploads\/2022\/05\/marathon-logo-colour-black-transparent-bg-300x133.png\" alt=\"\" width=\"144\" height=\"64\" srcset=\"https:\/\/awmac.com\/wp-content\/uploads\/2022\/05\/marathon-logo-colour-black-transparent-bg-300x133.png 300w, https:\/\/awmac.com\/wp-content\/uploads\/2022\/05\/marathon-logo-colour-black-transparent-bg.png 586w\" sizes=\"(max-width: 144px) 100vw, 144px\" \/><\/a>\n<p>&nbsp;<\/p>\n<p>&nbsp;<\/p>\n<img decoding=\"async\" class=\"wp-image-6610 alignleft\" src=\"https:\/\/awmac.com\/wp-content\/uploads\/2022\/05\/Bronze-300x249.png\" alt=\"\" width=\"145\" height=\"120\" srcset=\"https:\/\/awmac.com\/wp-content\/uploads\/2022\/05\/Bronze-300x249.png 300w, https:\/\/awmac.com\/wp-content\/uploads\/2022\/05\/Bronze.png 452w\" sizes=\"(max-width: 145px) 100vw, 145px\" \/>\n<a href=\"https:\/\/www.formica.com\/en-ca\" target=\"_blank\" rel=\"noopener\"><img decoding=\"async\" class=\"wp-image-6620 alignnone\" src=\"https:\/\/awmac.com\/wp-content\/uploads\/2022\/05\/Formica.png\" alt=\"\" width=\"91\" height=\"47\" \/><\/a>\u00a0 \u00a0 <a href=\"https:\/\/pfcustomcountertops.com\/\" target=\"_blank\" rel=\"noopener\"><img decoding=\"async\" class=\"alignnone wp-image-6621\" src=\"https:\/\/awmac.com\/wp-content\/uploads\/2022\/05\/PF-Custom-Countertops-300x73.jpg\" alt=\"\" width=\"222\" height=\"54\" srcset=\"https:\/\/awmac.com\/wp-content\/uploads\/2022\/05\/PF-Custom-Countertops-300x73.jpg 300w, https:\/\/awmac.com\/wp-content\/uploads\/2022\/05\/PF-Custom-Countertops-1024x250.jpg 1024w, https:\/\/awmac.com\/wp-content\/uploads\/2022\/05\/PF-Custom-Countertops-768x187.jpg 768w, https:\/\/awmac.com\/wp-content\/uploads\/2022\/05\/PF-Custom-Countertops.jpg 1041w\" sizes=\"(max-width: 222px) 100vw, 222px\" \/>\u00a0 <\/a><a href=\"https:\/\/www.linnmillwork.com\/\" target=\"_blank\" rel=\"noopener\"><img decoding=\"async\" class=\"alignnone wp-image-6622\" src=\"https:\/\/awmac.com\/wp-content\/uploads\/2022\/05\/LINN-300x130.jpg\" alt=\"\" width=\"101\" height=\"44\" srcset=\"https:\/\/awmac.com\/wp-content\/uploads\/2022\/05\/LINN-300x130.jpg 300w, https:\/\/awmac.com\/wp-content\/uploads\/2022\/05\/LINN-1024x445.jpg 1024w, https:\/\/awmac.com\/wp-content\/uploads\/2022\/05\/LINN-768x334.jpg 768w, https:\/\/awmac.com\/wp-content\/uploads\/2022\/05\/LINN-920x400.jpg 920w, https:\/\/awmac.com\/wp-content\/uploads\/2022\/05\/LINN.jpg 1371w\" sizes=\"(max-width: 101px) 100vw, 101px\" \/> \u00a0<\/a> <a href=\"https:\/\/www.akhurst.com\/\" target=\"_blank\" rel=\"noopener\"><img decoding=\"async\" class=\"alignnone wp-image-6623\" src=\"https:\/\/awmac.com\/wp-content\/uploads\/2022\/05\/akhurst.jpeg\" alt=\"\" width=\"188\" height=\"47\" \/> <\/a><a href=\"https:\/\/specialtyveneers.com\/\" target=\"_blank\" rel=\"noopener\"><img decoding=\"async\" class=\"alignnone wp-image-6730\" src=\"https:\/\/awmac.com\/wp-content\/uploads\/2022\/05\/SWV_Logo_Outlines-300x251.jpg\" alt=\"\" width=\"95\" height=\"79\" srcset=\"https:\/\/awmac.com\/wp-content\/uploads\/2022\/05\/SWV_Logo_Outlines-300x251.jpg 300w, https:\/\/awmac.com\/wp-content\/uploads\/2022\/05\/SWV_Logo_Outlines.jpg 440w\" sizes=\"(max-width: 95px) 100vw, 95px\" \/><\/a>\u00a0 <a href=\"https:\/\/hy-grade.net\/\" target=\"_blank\" rel=\"noopener\"><img decoding=\"async\" class=\"wp-image-6625 alignnone\" src=\"https:\/\/awmac.com\/wp-content\/uploads\/2022\/05\/HyGrade.jpg\" alt=\"\" width=\"137\" height=\"48\" \/> <\/a><a href=\"https:\/\/hy-grade.net\/\" target=\"_blank\" rel=\"noopener\"> <img decoding=\"async\" class=\"alignnone wp-image-6698\" src=\"https:\/\/awmac.com\/wp-content\/uploads\/2022\/05\/SHORT-new-Marcs-spray-shop-front-business-card-21-04-2015-235-copy-300x108.jpg\" alt=\"\" width=\"133\" height=\"48\" srcset=\"https:\/\/awmac.com\/wp-content\/uploads\/2022\/05\/SHORT-new-Marcs-spray-shop-front-business-card-21-04-2015-235-copy-300x108.jpg 300w, https:\/\/awmac.com\/wp-content\/uploads\/2022\/05\/SHORT-new-Marcs-spray-shop-front-business-card-21-04-2015-235-copy.jpg 667w\" sizes=\"(max-width: 133px) 100vw, 133px\" \/> <\/a><a href=\"http:\/\/provinciallabsystems.com\/home\/\" target=\"_blank\" rel=\"noopener\"><img decoding=\"async\" class=\"alignnone wp-image-6697\" src=\"https:\/\/awmac.com\/wp-content\/uploads\/2022\/05\/ProvLabSys-300x113.jpg\" alt=\"\" width=\"135\" height=\"51\" srcset=\"https:\/\/awmac.com\/wp-content\/uploads\/2022\/05\/ProvLabSys-300x113.jpg 300w, https:\/\/awmac.com\/wp-content\/uploads\/2022\/05\/ProvLabSys.jpg 506w\" sizes=\"(max-width: 135px) 100vw, 135px\" \/>\u00a0 <\/a><a href=\"https:\/\/paceconsulting.com\/\" target=\"_blank\" rel=\"noopener\"><img decoding=\"async\" class=\"alignnone wp-image-6699\" src=\"https:\/\/awmac.com\/wp-content\/uploads\/2022\/05\/Pace-Consulting-Logo-300x177.jpg\" alt=\"\" width=\"129\" height=\"76\" srcset=\"https:\/\/awmac.com\/wp-content\/uploads\/2022\/05\/Pace-Consulting-Logo-300x177.jpg 300w, https:\/\/awmac.com\/wp-content\/uploads\/2022\/05\/Pace-Consulting-Logo-1024x604.jpg 1024w, https:\/\/awmac.com\/wp-content\/uploads\/2022\/05\/Pace-Consulting-Logo-768x453.jpg 768w, https:\/\/awmac.com\/wp-content\/uploads\/2022\/05\/Pace-Consulting-Logo-678x400.jpg 678w, https:\/\/awmac.com\/wp-content\/uploads\/2022\/05\/Pace-Consulting-Logo.jpg 1407w\" sizes=\"(max-width: 129px) 100vw, 129px\" \/> <\/a><a href=\"https:\/\/www.rainbowcontractors.ca\/\" target=\"_blank\" rel=\"noopener\"><img decoding=\"async\" class=\"alignnone wp-image-6711\" src=\"https:\/\/awmac.com\/wp-content\/uploads\/2022\/05\/RC-50-Horizontal-300x94.png\" alt=\"\" width=\"185\" height=\"58\" srcset=\"https:\/\/awmac.com\/wp-content\/uploads\/2022\/05\/RC-50-Horizontal-300x94.png 300w, https:\/\/awmac.com\/wp-content\/uploads\/2022\/05\/RC-50-Horizontal.png 500w\" sizes=\"(max-width: 185px) 100vw, 185px\" \/> <\/a><a href=\"https:\/\/jecofinishing.com\/\" target=\"_blank\" rel=\"noopener\"><img decoding=\"async\" class=\"wp-image-6748 aligncenter\" src=\"https:\/\/awmac.com\/wp-content\/uploads\/2022\/05\/JECO-Finishing-300x88.png\" alt=\"\" width=\"156\" height=\"46\" srcset=\"https:\/\/awmac.com\/wp-content\/uploads\/2022\/05\/JECO-Finishing-300x88.png 300w, https:\/\/awmac.com\/wp-content\/uploads\/2022\/05\/JECO-Finishing.png 463w\" sizes=\"(max-width: 156px) 100vw, 156px\" \/><\/a>\n<p>&nbsp;<\/p>\n<p>&nbsp;<\/p>\n<p>Des questions\u00a0? Contactez-nous \u00e0 <a href=\"mailto:convention@awmac.com\">convention@awmac.com<\/a>.<\/p>\n<\/div>\n<\/div>\n<\/div>","protected":false},"excerpt":{"rendered":"<p>Register Registration is now Closed. Register Login How to Use the System Book Your Hotel Room Pricing FULL CONVENTION DELEGATE&#8230;<\/p>","protected":false},"author":1,"featured_media":0,"parent":80,"menu_order":0,"comment_status":"closed","ping_status":"closed","template":"convention-inner.php","meta":{"_acf_changed":false,"inline_featured_image":false,"_price":"","_stock":"","_tribe_ticket_header":"","_tribe_default_ticket_provider":"","_tribe_ticket_capacity":"0","_ticket_start_date":"","_ticket_end_date":"","_tribe_ticket_show_description":"","_tribe_ticket_show_not_going":false,"_tribe_ticket_use_global_stock":"","_tribe_ticket_global_stock_level":"","_global_stock_mode":"","_global_stock_cap":"","_tribe_rsvp_for_event":"","_tribe_ticket_going_count":"","_tribe_ticket_not_going_count":"","_tribe_tickets_list":"[]","_tribe_ticket_has_attendee_info_fields":false,"footnotes":"","_tec_slr_enabled":"","_tec_slr_layout":""},"class_list":["post-2417","page","type-page","status-publish","hentry"],"acf":[],"ticketed":false,"_links":{"self":[{"href":"https:\/\/awmac.com\/fr\/wp-json\/wp\/v2\/pages\/2417","targetHints":{"allow":["GET"]}}],"collection":[{"href":"https:\/\/awmac.com\/fr\/wp-json\/wp\/v2\/pages"}],"about":[{"href":"https:\/\/awmac.com\/fr\/wp-json\/wp\/v2\/types\/page"}],"author":[{"embeddable":true,"href":"https:\/\/awmac.com\/fr\/wp-json\/wp\/v2\/users\/1"}],"replies":[{"embeddable":true,"href":"https:\/\/awmac.com\/fr\/wp-json\/wp\/v2\/comments?post=2417"}],"version-history":[{"count":12,"href":"https:\/\/awmac.com\/fr\/wp-json\/wp\/v2\/pages\/2417\/revisions"}],"predecessor-version":[{"id":8498,"href":"https:\/\/awmac.com\/fr\/wp-json\/wp\/v2\/pages\/2417\/revisions\/8498"}],"up":[{"embeddable":true,"href":"https:\/\/awmac.com\/fr\/wp-json\/wp\/v2\/pages\/80"}],"wp:attachment":[{"href":"https:\/\/awmac.com\/fr\/wp-json\/wp\/v2\/media?parent=2417"}],"curies":[{"name":"wp","href":"https:\/\/api.w.org\/{rel}","templated":true}]}}