{"id":2326,"date":"2020-02-20T18:00:40","date_gmt":"2020-02-20T18:00:40","guid":{"rendered":"https:\/\/awmac.com\/?page_id=2326"},"modified":"2023-07-14T09:12:35","modified_gmt":"2023-07-14T16:12:35","slug":"education","status":"publish","type":"page","link":"https:\/\/awmac.com\/fr\/gis\/education\/","title":{"rendered":"Pr\u00e9sentations et s\u00e9minaires"},"content":{"rendered":"<h1>Pr\u00e9sentations et s\u00e9minaires<\/h1>\n<h2>D\u00e9jeuners et apprentissages<\/h2>\n<p>La pr\u00e9sentation d\u00e9jeuner-apprentissage GRATUITE d&#039;AWMAC est con\u00e7ue sur mesure pour les cabinets et organisations d&#039;architecture et de conception qui sp\u00e9cifient des boiseries architecturales pour tout projet de menuiserie.<\/p>\n<p>Cette pr\u00e9sentation d&#039;une heure vous donne, \u00e0 vous et \u00e0 vos coll\u00e8gues, l&#039;occasion d&#039;en apprendre davantage sur le service de garantie et d&#039;inspection (GIS) de l&#039;AWMAC et sur le manuel des normes de l&#039;AWMAC - les normes nord-am\u00e9ricaines de menuiserie architecturale (NAAWS), les deux ressources les plus utiles que vous utiliserez lors de la planification de vos projets de menuiserie !<\/p>\n<p>L&#039;AWMAC peut organiser un d\u00e9jeuner-conf\u00e9rence dans votre bureau ou dans l&#039;un des ateliers de nos membres fabricants.<\/p>\n<p><a href=\"\/fr\/chapters\/\">Contactez votre section r\u00e9gionale de l&#039;AWMAC pour en savoir plus<\/a>.<\/p>\n<p><strong>Ce que vous obtenez : <\/strong><\/p>\n<ul>\n<li>Un d\u00e9jeuner GRATUIT comprenant nourriture et boissons.<\/li>\n<li>Une pr\u00e9sentation de 60 minutes qui compte comme une unit\u00e9 d\u2019apprentissage (confirmez les d\u00e9tails avec votre chapitre).<\/li>\n<li>Une \u00e9dition gratuite du manuel NAAWS (\u00e0 confirmer aupr\u00e8s de votre chapitre).<\/li>\n<\/ul>\n<p><strong>Objectifs d&#039;apprentissage : <\/strong><\/p>\n<ol>\n<li>Mieux comprendre la d\u00e9finition de la qualit\u00e9.<\/li>\n<li>Comment simplifier le processus de v\u00e9rification de la qualit\u00e9.<\/li>\n<li>Comprendre et s\u00e9lectionner la note de r\u00e9f\u00e9rence appropri\u00e9e.<\/li>\n<li>Clart\u00e9 dans vos sp\u00e9cifications de menuiserie architecturale.<\/li>\n<\/ol>\n<p><strong>Nous sommes \u00e9galement ouverts \u00e0 la discussion d\u2019autres sujets, notamment les suivants\u00a0: <\/strong><\/p>\n<ol>\n<li>Quels outils ou m\u00e9thodes utilisez-vous lors de l\u2019inspection d\u2019un projet de menuiserie architecturale termin\u00e9 ?<\/li>\n<li>Avez-vous d\u00e9j\u00e0 \u00e9t\u00e9 d\u00e9\u00e7u du r\u00e9sultat d\u2019un projet de menuiserie architecturale ?<\/li>\n<li>Sur quel aspect de la menuiserie architecturale aimeriez-vous en savoir plus ?<\/li>\n<\/ol>","protected":false},"excerpt":{"rendered":"<p>Pr\u00e9sentations et s\u00e9minaires D\u00e9jeuners-conf\u00e9rences La pr\u00e9sentation gratuite D\u00e9jeuner-conf\u00e9rence d&#039;AWMAC est con\u00e7ue sur mesure pour les cabinets d&#039;architecture et de design et\u2026<\/p>","protected":false},"author":1,"featured_media":0,"parent":101,"menu_order":0,"comment_status":"closed","ping_status":"closed","template":"lunch.php","meta":{"_acf_changed":false,"inline_featured_image":false,"_price":"","_stock":"","_tribe_ticket_header":"","_tribe_default_ticket_provider":"","_tribe_ticket_capacity":"0","_ticket_start_date":"","_ticket_end_date":"","_tribe_ticket_show_description":"","_tribe_ticket_show_not_going":false,"_tribe_ticket_use_global_stock":"","_tribe_ticket_global_stock_level":"","_global_stock_mode":"","_global_stock_cap":"","_tribe_rsvp_for_event":"","_tribe_ticket_going_count":"","_tribe_ticket_not_going_count":"","_tribe_tickets_list":"[]","_tribe_ticket_has_attendee_info_fields":false,"footnotes":"","_tec_slr_enabled":"","_tec_slr_layout":""},"class_list":["post-2326","page","type-page","status-publish","hentry"],"acf":[],"ticketed":false,"_links":{"self":[{"href":"https:\/\/awmac.com\/fr\/wp-json\/wp\/v2\/pages\/2326","targetHints":{"allow":["GET"]}}],"collection":[{"href":"https:\/\/awmac.com\/fr\/wp-json\/wp\/v2\/pages"}],"about":[{"href":"https:\/\/awmac.com\/fr\/wp-json\/wp\/v2\/types\/page"}],"author":[{"embeddable":true,"href":"https:\/\/awmac.com\/fr\/wp-json\/wp\/v2\/users\/1"}],"replies":[{"embeddable":true,"href":"https:\/\/awmac.com\/fr\/wp-json\/wp\/v2\/comments?post=2326"}],"version-history":[{"count":11,"href":"https:\/\/awmac.com\/fr\/wp-json\/wp\/v2\/pages\/2326\/revisions"}],"predecessor-version":[{"id":8569,"href":"https:\/\/awmac.com\/fr\/wp-json\/wp\/v2\/pages\/2326\/revisions\/8569"}],"up":[{"embeddable":true,"href":"https:\/\/awmac.com\/fr\/wp-json\/wp\/v2\/pages\/101"}],"wp:attachment":[{"href":"https:\/\/awmac.com\/fr\/wp-json\/wp\/v2\/media?parent=2326"}],"curies":[{"name":"wp","href":"https:\/\/api.w.org\/{rel}","templated":true}]}}