{"id":2302,"date":"2020-02-20T17:04:04","date_gmt":"2020-02-20T17:04:04","guid":{"rendered":"https:\/\/awmac.com\/?page_id=2302"},"modified":"2025-09-15T08:30:04","modified_gmt":"2025-09-15T15:30:04","slug":"program","status":"publish","type":"page","link":"https:\/\/awmac.com\/fr\/partner\/program\/","title":{"rendered":"Partenaires de l&#039;industrie"},"content":{"rendered":"<h1>Partenaires de l&#039;industrie<\/h1>\n<p>L&#039;AWMAC s&#039;associe \u00e0 des organisations qui \u0153uvrent \u00e0 l&#039;avancement de la menuiserie architecturale au Canada. Les partenaires de l&#039;AWMAC sont reconnus pour leur soutien \u00e0 l&#039;industrie et pour l&#039;alignement de leur organisation avec d&#039;autres organisations reconnues pour leur assurance qualit\u00e9 et leur innovation.<\/p>\n<h2>REJOIGNEZ LE PROGRAMME PARTENAIRE<\/h2>\n<p>Positionnez votre entreprise comme l&#039;une des meilleures. Si vous recherchez un avantage concurrentiel (et \u00eates actuellement membre fournisseur d&#039;au moins un chapitre de l&#039;AWMAC), rejoignez le programme de partenariat de l&#039;AWMAC.<\/p>\n<p>Cela vous met en contact avec votre meilleur client\u00a0: les membres de l&#039;AWMAC. Ils dirigent les plus grands ateliers et r\u00e9alisent les plus gros travaux.<\/p>\n<h2>CONSTRUIRE LA CONFIANCE. CONSTRUIRE LA VISIBILIT\u00c9.<\/h2>\n<p>Le programme de partenariat d&#039;AWMAC vous donne acc\u00e8s au r\u00e9seau d&#039;AWMAC de 400 entreprises de fabrication de menuiseries architecturales, aux clients du fabricant et \u00e0 la communaut\u00e9 de design influente.<\/p>\n<p>Faites partie de notre r\u00e9seau en pleine croissance !<\/p>\n<h1>ANNUAIRE DES PARTENAIRES<\/h1>\n<h2>Partenaires nationaux<\/h2>\n<hr \/>\n<a href=\"https:\/\/hardwoods-inc.com\/\"><img decoding=\"async\" class=\"alignnone wp-image-9343 size-medium\" src=\"https:\/\/awmac.com\/wp-content\/uploads\/2024\/08\/Hardwoods_Logo_2022_PMS_300_C_Large-300x67.png\" alt=\"\" width=\"300\" height=\"67\" srcset=\"https:\/\/awmac.com\/wp-content\/uploads\/2024\/08\/Hardwoods_Logo_2022_PMS_300_C_Large-300x67.png 300w, https:\/\/awmac.com\/wp-content\/uploads\/2024\/08\/Hardwoods_Logo_2022_PMS_300_C_Large-1024x228.png 1024w, https:\/\/awmac.com\/wp-content\/uploads\/2024\/08\/Hardwoods_Logo_2022_PMS_300_C_Large-768x171.png 768w, https:\/\/awmac.com\/wp-content\/uploads\/2024\/08\/Hardwoods_Logo_2022_PMS_300_C_Large-1536x342.png 1536w, https:\/\/awmac.com\/wp-content\/uploads\/2024\/08\/Hardwoods_Logo_2022_PMS_300_C_Large-2048x455.png 2048w, https:\/\/awmac.com\/wp-content\/uploads\/2024\/08\/Hardwoods_Logo_2022_PMS_300_C_Large-1095x244.png 1095w\" sizes=\"(max-width: 300px) 100vw, 300px\" \/><\/a>\n<h3>Produits sp\u00e9cialis\u00e9s en bois durs<\/h3>\n<p><span data-olk-copy-source=\"MessageBody\">Hardwoods est l&#039;un des plus importants fournisseurs de mat\u00e9riaux de d\u00e9coration architecturale en Am\u00e9rique du Nord. Notre gamme de produits de classe mondiale comprend du bois d&#039;ing\u00e9nierie de haute qualit\u00e9, des mat\u00e9riaux synth\u00e9tiques, des panneaux de bois pr\u00e9finis, des panneaux brillants et mats, des placages d\u00e9coratifs, du TFL et du HPL. Huit de nos 32 centres de service \u00e0 la client\u00e8le r\u00e9gionaux sont situ\u00e9s au Canada\u00a0: Brampton (C.-B.), Calgary (Alb.), Edmonton (Alb.), Kelowna (C.-B.), Langley (C.-B.), Nanaimo (C.-B.), Saskatoon (Saskatchewan) et Winnipeg (Manitoba). Hardwoods est l&#039;une des six marques phares d&#039;ADENTRA Inc., qui dessert une client\u00e8le nord-am\u00e9ricaine des secteurs de l&#039;architecture, de l&#039;industrie, des centres de r\u00e9novation et des d\u00e9taillants professionnels.<\/span><\/p>\n<p><em>Gord Clough<br \/>\n<\/em>Directeur du marketing<br \/>\n<a href=\"\/fr\/GordClough@ADENTRAgroup.com\/\"><span data-olk-copy-source=\"MessageBody\">GordClough@ADENTRAgroup.com<\/span><\/a><br \/>\n647-504-3467<\/p>\n<p><i class=\"fal fa-globe\"><\/i><br \/>\n<a href=\"https:\/\/www.hardwoods-inc.com\/sites\/default\/files\/documents\/Brochures\/Hardwoods\/2019\/hw_alberta_and_saskatchewan_2019_web.pdf\" target=\"_blank\" rel=\"noopener noreferrer\">Brochure sur les produits de feuillus de l&#039;Alberta et de la Saskatchewan<\/a><br \/>\n<a href=\"https:\/\/www.hardwoods-inc.com\/sites\/default\/files\/documents\/Brochures\/Hardwoods\/2019\/hw_bc_2019_web.pdf\" target=\"_blank\" rel=\"noopener noreferrer\">Brochure sur les produits de feuillus de la Colombie-Britannique<\/a><br \/>\n<a href=\"https:\/\/www.hardwoods-inc.com\/sites\/default\/files\/documents\/Brochures\/Hardwoods\/2019\/hw_manitoba_2019_web.pdf\" target=\"_blank\" rel=\"noopener noreferrer\">Brochure sur les produits de bois dur du Manitoba<\/a><br \/>\n<a href=\"https:\/\/www.hardwoods-inc.com\/sites\/default\/files\/documents\/Brochures\/Hardwoods\/2019\/hw_ontario_2019_web.pdf\" target=\"_blank\" rel=\"noopener noreferrer\">Brochure sur les produits de feuillus de l&#039;Ontario<\/a><br \/>\n<a href=\"https:\/\/hdidist.com\/hdi\/brochures\/HDI-Brochure-Web.pdf\" target=\"_blank\" rel=\"noopener noreferrer\">Brochure de Hardwoods Distribution Inc.<\/a><\/p>\n<hr \/>\n<a href=\"https:\/\/web.hettich.com\/en-ca\/home.jsp\" target=\"_blank\" rel=\"noopener noreferrer\"><img decoding=\"async\" class=\"alignnone\" src=\"\/wp-content\/uploads\/2020\/02\/hettich-logo-rgb-40.jpg\" alt=\"\" width=\"294\" height=\"184\" \/><\/a>\n<h3>Hettich<\/h3>\n<p>Hettich est l&#039;un des plus grands fabricants mondiaux de ferrures de meubles. Chaque jour, 6\u00a0600 collaborateurs rel\u00e8vent le d\u00e9fi de d\u00e9velopper des technologies de meubles intelligentes, notamment <a href=\"https:\/\/web.hettich.com\/en-ca\/products-shop\/drawer-systems.jsp\">syst\u00e8mes de tiroirs<\/a>\u00a0et\u00a0<a href=\"https:\/\/web.hettich.com\/en-ca\/products-shop\/drawer-runners.jsp\">syst\u00e8mes de coureurs<\/a>\u00a0au-dessus de\u00a0<a href=\"https:\/\/web.hettich.com\/en-ca\/products-shop\/hinges.jsp\">Charni\u00e8res<\/a>\u00a0ainsi que\u00a0<a href=\"https:\/\/web.hettich.com\/en-ca\/products-shop\/sliding-and-folding-door-systems.jsp\">Syst\u00e8mes de portes coulissantes et pliantes<\/a>. Entreprise familiale, Hettich est situ\u00e9e \u00e0 Kirchlengern, en Allemagne. C&#039;est ici que naissent les id\u00e9es d&#039;am\u00e9nagement de meubles qui fa\u00e7onnent aujourd&#039;hui et demain. Au Canada, Hettich a son si\u00e8ge social \u00e0 Montr\u00e9al et poss\u00e8de plusieurs entrep\u00f4ts et bureaux \u00e0 travers le pays. De plus, Hettich Canada emploie une \u00e9quipe compl\u00e8te de repr\u00e9sentants commerciaux et de gestionnaires de comptes qui se consacrent \u00e0 mieux servir ses clients.<\/p>\n<p>Contact Hettich Canada :<\/p>\n<p><em>Christophe Huston<\/em><br \/>\nVentes et support technique<br \/>\n519-575-1667<br \/>\n<a href=\"mailto:chris.huston@hettich.com\" target=\"_blank\" rel=\"noopener noreferrer\" data-auth=\"NotApplicable\"><u>chris.huston@hettich.com<\/u><\/a><\/p>\n<a href=\"https:\/\/www.facebook.com\/HettichCanada\/?modal=admin_todo_tour\" target=\"_blank\" rel=\"noopener noreferrer\"><img decoding=\"async\" class=\"alignleft wp-image-3431\" src=\"https:\/\/awmac.com\/wp-content\/uploads\/2020\/06\/facebook-icon-150x150.png\" alt=\"\" width=\"44\" height=\"44\" srcset=\"https:\/\/awmac.com\/wp-content\/uploads\/2020\/06\/facebook-icon-150x150.png 150w, https:\/\/awmac.com\/wp-content\/uploads\/2020\/06\/facebook-icon-300x300.png 300w, https:\/\/awmac.com\/wp-content\/uploads\/2020\/06\/facebook-icon-400x400.png 400w, https:\/\/awmac.com\/wp-content\/uploads\/2020\/06\/facebook-icon.png 512w\" sizes=\"(max-width: 44px) 100vw, 44px\" \/><\/a>\n<a href=\"https:\/\/www.instagram.com\/hettich_canada\/\" target=\"_blank\" rel=\"noopener noreferrer\"><img decoding=\"async\" class=\"alignleft wp-image-3435\" src=\"https:\/\/awmac.com\/wp-content\/uploads\/2020\/06\/Instagram-Icon.jpg\" alt=\"\" width=\"50\" height=\"50\" srcset=\"https:\/\/awmac.com\/wp-content\/uploads\/2020\/06\/Instagram-Icon.jpg 225w, https:\/\/awmac.com\/wp-content\/uploads\/2020\/06\/Instagram-Icon-150x150.jpg 150w\" sizes=\"(max-width: 50px) 100vw, 50px\" \/><\/a>\n<a href=\"https:\/\/www.linkedin.com\/company\/hettichcanada\" target=\"_blank\" rel=\"noopener noreferrer\"><img decoding=\"async\" class=\"alignleft wp-image-3433\" src=\"https:\/\/awmac.com\/wp-content\/uploads\/2020\/06\/Linkedin-Icon.png\" alt=\"\" width=\"40\" height=\"40\" srcset=\"https:\/\/awmac.com\/wp-content\/uploads\/2020\/06\/Linkedin-Icon.png 225w, https:\/\/awmac.com\/wp-content\/uploads\/2020\/06\/Linkedin-Icon-150x150.png 150w\" sizes=\"(max-width: 40px) 100vw, 40px\" \/><\/a>\n<a href=\"https:\/\/www.youtube.com\/user\/HettichEnglish\" target=\"_blank\" rel=\"noopener noreferrer\"><img decoding=\"async\" class=\"alignleft wp-image-3434\" src=\"https:\/\/awmac.com\/wp-content\/uploads\/2020\/06\/YouTube_logo_2005-300x119.png\" alt=\"\" width=\"96\" height=\"38\" srcset=\"https:\/\/awmac.com\/wp-content\/uploads\/2020\/06\/YouTube_logo_2005-300x119.png 300w, https:\/\/awmac.com\/wp-content\/uploads\/2020\/06\/YouTube_logo_2005.png 340w\" sizes=\"(max-width: 96px) 100vw, 96px\" \/><\/a>\n<p>&nbsp;<\/p>\n<p>&nbsp;<\/p>\n<hr \/>\n<p>&nbsp;<\/p>\n<a href=\"https:\/\/www.richelieu.com\/ca\/en\/\"><img decoding=\"async\" class=\"alignleft wp-image-3922\" src=\"https:\/\/awmac.com\/wp-content\/uploads\/2021\/01\/richelieu_logo_555x370.298x0.jpg\" alt=\"\" width=\"418\" height=\"279\" \/><\/a>\n<p>&nbsp;<\/p>\n<p>&nbsp;<\/p>\n<p>&nbsp;<\/p>\n<p>&nbsp;<\/p>\n<p>&nbsp;<\/p>\n<p>&nbsp;<\/p>\n<p>&nbsp;<\/p>\n<h3><\/h3>\n<h3>Richelieu<\/h3>\n<p>Richelieu est un important importateur et distributeur de quincaillerie sp\u00e9cialis\u00e9e et de produits compl\u00e9mentaires destin\u00e9s aux fabricants d&#039;armoires de cuisine et de salle de bain, ainsi qu&#039;aux \u00e9b\u00e9nistes r\u00e9sidentiels et commerciaux. Avec cr\u00e9ativit\u00e9 et dynamisme, nous contribuons \u00e0 l&#039;\u00e9volution du march\u00e9 de la quincaillerie sp\u00e9cialis\u00e9e en proposant plus de 110\u00a0000 produits dans une grande vari\u00e9t\u00e9 de cat\u00e9gories, notamment\u00a0: quincaillerie d\u00e9corative et fonctionnelle, panneaux d\u00e9coratifs et fonctionnels, quincaillerie pour le verre et le b\u00e2timent, syst\u00e8mes d&#039;\u00e9clairage, produits de finition, postes de travail ergonomiques et syst\u00e8mes de portes coulissantes.<\/p>\n<p><em>Marcel Mathieu<\/em><br \/>\n<a href=\"mailto:mmathieu@richelieu.com\">mmathieu@richelieu.com<\/a><br \/>\n450-687-5716<\/p>\n<p><i class=\"fal fa-globe\"><\/i><a href=\"https:\/\/youtu.be\/bMdeZ7U4Wqs\" target=\"_blank\" rel=\"noopener noreferrer\">Vid\u00e9o d&#039;entreprise du 50e anniversaire<\/a><br \/>\n<a href=\"https:\/\/youtu.be\/Z6Aiem2iK6s\" target=\"_blank\" rel=\"noopener noreferrer\">Smart Living \u2013 Accessoires de cuisine<\/a><\/p>\n<h2 style=\"margin-top: 70px;\">Partenaires de soutien<\/h2>\n<hr \/>\n<p>&nbsp;<\/p>\n<a href=\"https:\/\/www.grass.at\/1404.html?L=1\"><img decoding=\"async\" class=\"alignnone size-medium wp-image-4757\" src=\"https:\/\/awmac.com\/wp-content\/uploads\/2021\/10\/Grass2021-logo-300x112.jpg\" alt=\"\" width=\"300\" height=\"112\" srcset=\"https:\/\/awmac.com\/wp-content\/uploads\/2021\/10\/Grass2021-logo-300x112.jpg 300w, https:\/\/awmac.com\/wp-content\/uploads\/2021\/10\/Grass2021-logo-1024x383.jpg 1024w, https:\/\/awmac.com\/wp-content\/uploads\/2021\/10\/Grass2021-logo-768x287.jpg 768w, https:\/\/awmac.com\/wp-content\/uploads\/2021\/10\/Grass2021-logo-1069x400.jpg 1069w, https:\/\/awmac.com\/wp-content\/uploads\/2021\/10\/Grass2021-logo.jpg 1358w\" sizes=\"(max-width: 300px) 100vw, 300px\" \/><\/a>\n<h3>Grass Canada Inc.<\/h3>\n<p>Depuis plus de 70 ans, GRASS est le pionnier de la quincaillerie d&#039;ameublement innovante, comme les coulisses, les tiroirs, les leviers et les charni\u00e8res. GRASS s&#039;efforce d&#039;offrir le meilleur en mati\u00e8re de syst\u00e8mes fonctionnels, innovants et design pour les cuisines et les salles de bains. Ses usines sont situ\u00e9es en Autriche et en Allemagne. Les produits GRASS sont soumis \u00e0 des tests rigoureux pour en garantir l&#039;int\u00e9grit\u00e9 et la long\u00e9vit\u00e9. GRASS Canada est situ\u00e9e \u00e0 Toronto et dessert tous les distributeurs et fabricants canadiens depuis 30 ans.<\/p>\n<p><em>Nadja Mann<\/em><br \/>\n<a href=\"mailto:nmann@grasscanada.com\">nmann@grasscanada.com<\/a><br \/>\n416-335-7132<\/p>\n<p>&nbsp;<\/p>\n<hr \/>\n<p>&nbsp;<\/p>\n<p>&nbsp;<\/p>\n<img decoding=\"async\" class=\"alignnone wp-image-10452 size-medium\" src=\"https:\/\/awmac.com\/wp-content\/uploads\/2025\/09\/UCFP-logo-300x99.png\" alt=\"\" width=\"300\" height=\"99\" srcset=\"https:\/\/awmac.com\/wp-content\/uploads\/2025\/09\/UCFP-logo-300x99.png 300w, https:\/\/awmac.com\/wp-content\/uploads\/2025\/09\/UCFP-logo-1024x339.png 1024w, https:\/\/awmac.com\/wp-content\/uploads\/2025\/09\/UCFP-logo-768x254.png 768w, https:\/\/awmac.com\/wp-content\/uploads\/2025\/09\/UCFP-logo-1536x508.png 1536w, https:\/\/awmac.com\/wp-content\/uploads\/2025\/09\/UCFP-logo-1095x362.png 1095w, https:\/\/awmac.com\/wp-content\/uploads\/2025\/09\/UCFP-logo.png 1724w\" sizes=\"(max-width: 300px) 100vw, 300px\" \/>\n<p>&nbsp;<\/p>\n<h3><strong>Produits forestiers du Haut-Canada<\/strong><\/h3>\n<p><span data-olk-copy-source=\"MessageBody\">Produits Forestiers Upper Canada est le principal distributeur canadien de bois d&#039;\u0153uvre feuillus, de r\u00e9sineux sp\u00e9cialis\u00e9s, de panneaux, de stratifi\u00e9s et de produits d&#039;ext\u00e9rieur de haute qualit\u00e9, au service d&#039;une client\u00e8le exigeante du secteur de la menuiserie architecturale. Gr\u00e2ce \u00e0 de solides partenariats avec l&#039;industrie et \u00e0 son engagement envers le d\u00e9veloppement durable, Upper Canada vise \u00e0 am\u00e9liorer votre entreprise et la sant\u00e9 de la plan\u00e8te, en collaborant fi\u00e8rement avec vous pour cr\u00e9er des solutions uniques pour le march\u00e9.<\/span><\/p>\n<div data-olk-copy-source=\"MessageBody\"><em>Mark Warne<\/em><\/div>\n<div>Vice-pr\u00e9sident marketing<\/div>\n<div><u><a id=\"OWA7849869f-1bf4-0e80-3f45-1e2d2f94f154\" title=\"mailto:mwarne@ucsforestgroup.com\" href=\"mailto:mwarne@ucsforestgroup.com\" target=\"_blank\" rel=\"noopener\" data-linkindex=\"1\">mwarne@ucsforestgroup.com<\/a><\/u><\/div>\n<div><a href=\"https:\/\/www.ucfp.com\/\" target=\"_blank\" rel=\"noopener\">www.ucfp.com<\/a><\/div>\n<p><a href=\"https:\/\/www.instagram.com\/uppercanada_forestproducts\/\" target=\"_blank\" rel=\"noopener\"><img decoding=\"async\" class=\"alignleft\" src=\"https:\/\/awmac.com\/wp-content\/uploads\/2020\/06\/Instagram-Icon.jpg\" alt=\"\" width=\"50\" height=\"50\" \/><u><\/u><\/a><u><a id=\"OWAc4faf1a6-a15c-de99-18a2-38f3265d77e7\" title=\"http:\/\/www.ucfp.com\/\" href=\"https:\/\/www.linkedin.com\/company\/uppercanadaforestproducts\/\" target=\"_blank\" rel=\"noopener noreferrer\" data-linkindex=\"2\" data-auth=\"NotApplicable\" data-olk-copy-source=\"MessageBody\"><img decoding=\"async\" class=\"alignleft\" src=\"https:\/\/awmac.com\/wp-content\/uploads\/2020\/06\/Linkedin-Icon.png\" alt=\"\" width=\"40\" height=\"40\" \/><\/a><\/u><\/p>","protected":false},"excerpt":{"rendered":"<p>Partenaires industriels L\u2019AWMAC collabore avec des organisations qui souhaitent promouvoir la menuiserie architecturale au Canada. Les partenaires de l\u2019AWMAC b\u00e9n\u00e9ficient de\u2026<\/p>","protected":false},"author":1,"featured_media":0,"parent":219,"menu_order":0,"comment_status":"closed","ping_status":"closed","template":"partner-inner.php","meta":{"_acf_changed":false,"inline_featured_image":false,"_price":"","_stock":"","_tribe_ticket_header":"","_tribe_default_ticket_provider":"TEC\\Tickets\\Commerce\\Module","_tribe_ticket_capacity":"0","_ticket_start_date":"","_ticket_end_date":"","_tribe_ticket_show_description":"","_tribe_ticket_show_not_going":false,"_tribe_ticket_use_global_stock":"","_tribe_ticket_global_stock_level":"","_global_stock_mode":"","_global_stock_cap":"","_tribe_rsvp_for_event":"","_tribe_ticket_going_count":"","_tribe_ticket_not_going_count":"","_tribe_tickets_list":"[]","_tribe_ticket_has_attendee_info_fields":false,"footnotes":"","_tec_slr_enabled":"","_tec_slr_layout":""},"class_list":["post-2302","page","type-page","status-publish","hentry"],"acf":[],"ticketed":false,"_links":{"self":[{"href":"https:\/\/awmac.com\/fr\/wp-json\/wp\/v2\/pages\/2302","targetHints":{"allow":["GET"]}}],"collection":[{"href":"https:\/\/awmac.com\/fr\/wp-json\/wp\/v2\/pages"}],"about":[{"href":"https:\/\/awmac.com\/fr\/wp-json\/wp\/v2\/types\/page"}],"author":[{"embeddable":true,"href":"https:\/\/awmac.com\/fr\/wp-json\/wp\/v2\/users\/1"}],"replies":[{"embeddable":true,"href":"https:\/\/awmac.com\/fr\/wp-json\/wp\/v2\/comments?post=2302"}],"version-history":[{"count":14,"href":"https:\/\/awmac.com\/fr\/wp-json\/wp\/v2\/pages\/2302\/revisions"}],"predecessor-version":[{"id":10453,"href":"https:\/\/awmac.com\/fr\/wp-json\/wp\/v2\/pages\/2302\/revisions\/10453"}],"up":[{"embeddable":true,"href":"https:\/\/awmac.com\/fr\/wp-json\/wp\/v2\/pages\/219"}],"wp:attachment":[{"href":"https:\/\/awmac.com\/fr\/wp-json\/wp\/v2\/media?parent=2302"}],"curies":[{"name":"wp","href":"https:\/\/api.w.org\/{rel}","templated":true}]}}