{"id":226,"date":"2019-12-19T10:07:58","date_gmt":"2019-12-19T10:07:58","guid":{"rendered":"https:\/\/awmac.com\/?page_id=226"},"modified":"2022-11-04T13:10:58","modified_gmt":"2022-11-04T20:10:58","slug":"education","status":"publish","type":"page","link":"https:\/\/awmac.com\/fr\/education\/","title":{"rendered":"\u00c9ducation"},"content":{"rendered":"<h1>\u00c9ducation<\/h1>\n<p>Depuis 50 ans, l&#039;Association des manufacturiers de boiseries architecturales du Canada (AWMAC) est la voix nationale de l&#039;industrie canadienne de la menuiserie architecturale. Nos membres comprennent des fabricants, des installateurs, des fournisseurs de mat\u00e9riaux et de services, des professionnels du design, des m\u00e9dias et des \u00e9tablissements d&#039;enseignement.<\/p>\n<p>En fournissant aux membres de l\u2019AWMAC le mat\u00e9riel p\u00e9dagogique dont ils ont besoin, nous contribuons \u00e0 garantir qu\u2019ensemble, nous continuons \u00e0 d\u00e9velopper nos connaissances\u2026 et, par cons\u00e9quent, \u00e0 b\u00e2tir l\u2019excellence.<a name=\"tool-bag\"><\/a><a name=\"ssq\"><\/a><\/p>\n<h2>EXAMENS des membres de l&#039;AWMAC<\/h2>\n<p>Renseignez-vous sur les examens de l&#039;AWMAC.<\/p>\n<p><a href=\"https:\/\/awmac.com\/wp-content\/uploads\/2020\/02\/awmac-mse-policy-1.pdf\">Examen des normes du fabricant (MSE)<\/a><\/p>\n<p><a href=\"https:\/\/awmac.com\/wp-content\/uploads\/2020\/02\/awmac-ise-policy-1.pdf\">Examen des normes d&#039;installation (ISE)<\/a><\/p>\n<p><a href=\"https:\/\/awmac.com\/wp-content\/uploads\/2020\/02\/awmac-student-standards-exam-sse.pdf\">Examen des normes des \u00e9tudiants (SSE)<\/a><\/p>\n<p><a name=\"naaws-schools\"><\/a><\/p>\n<p>&nbsp;<\/p>","protected":false},"excerpt":{"rendered":"<p>\u00c9ducation Depuis 50 ans, l&#039;Association canadienne des fabricants de menuiseries architecturales (AWMAC) est la voix nationale de l&#039;industrie architecturale canadienne\u2026<\/p>","protected":false},"author":1,"featured_media":0,"parent":0,"menu_order":0,"comment_status":"closed","ping_status":"closed","template":"education.php","meta":{"_acf_changed":false,"inline_featured_image":false,"_price":"","_stock":"","_tribe_ticket_header":"","_tribe_default_ticket_provider":"","_tribe_ticket_capacity":"0","_ticket_start_date":"","_ticket_end_date":"","_tribe_ticket_show_description":"","_tribe_ticket_show_not_going":false,"_tribe_ticket_use_global_stock":"","_tribe_ticket_global_stock_level":"","_global_stock_mode":"","_global_stock_cap":"","_tribe_rsvp_for_event":"","_tribe_ticket_going_count":"","_tribe_ticket_not_going_count":"","_tribe_tickets_list":"[]","_tribe_ticket_has_attendee_info_fields":false,"footnotes":"","_tec_slr_enabled":"","_tec_slr_layout":""},"class_list":["post-226","page","type-page","status-publish","hentry"],"acf":[],"ticketed":false,"_links":{"self":[{"href":"https:\/\/awmac.com\/fr\/wp-json\/wp\/v2\/pages\/226","targetHints":{"allow":["GET"]}}],"collection":[{"href":"https:\/\/awmac.com\/fr\/wp-json\/wp\/v2\/pages"}],"about":[{"href":"https:\/\/awmac.com\/fr\/wp-json\/wp\/v2\/types\/page"}],"author":[{"embeddable":true,"href":"https:\/\/awmac.com\/fr\/wp-json\/wp\/v2\/users\/1"}],"replies":[{"embeddable":true,"href":"https:\/\/awmac.com\/fr\/wp-json\/wp\/v2\/comments?post=226"}],"version-history":[{"count":11,"href":"https:\/\/awmac.com\/fr\/wp-json\/wp\/v2\/pages\/226\/revisions"}],"predecessor-version":[{"id":7346,"href":"https:\/\/awmac.com\/fr\/wp-json\/wp\/v2\/pages\/226\/revisions\/7346"}],"wp:attachment":[{"href":"https:\/\/awmac.com\/fr\/wp-json\/wp\/v2\/media?parent=226"}],"curies":[{"name":"wp","href":"https:\/\/api.w.org\/{rel}","templated":true}]}}