{"id":219,"date":"2019-12-19T09:47:48","date_gmt":"2019-12-19T09:47:48","guid":{"rendered":"https:\/\/awmac.com\/?page_id=219"},"modified":"2020-02-20T17:50:34","modified_gmt":"2020-02-20T17:50:34","slug":"partner","status":"publish","type":"page","link":"https:\/\/awmac.com\/fr\/partner\/","title":{"rendered":"Partenaire"},"content":{"rendered":"<h1>PROGRAMME DE PARTENARIAT<\/h1>\n<h2>NOS PARTENAIRES<\/h2>\n<p>L&#039;AWMAC s&#039;associe \u00e0 des organisations qui \u0153uvrent \u00e0 l&#039;avancement de la menuiserie architecturale au Canada. Les partenaires de l&#039;AWMAC sont reconnus pour leur soutien \u00e0 l&#039;industrie et pour l&#039;alignement de leur organisation avec d&#039;autres organisations reconnues pour leur assurance qualit\u00e9 et leur innovation.<\/p>\n<h2>REJOIGNEZ LE PROGRAMME PARTENAIRE<\/h2>\n<p>Positionnez votre entreprise comme l&#039;une des meilleures. Si vous recherchez un avantage concurrentiel (et \u00eates actuellement membre associ\u00e9 d&#039;au moins un chapitre de l&#039;AWMAC), rejoignez le programme Partenaires de l&#039;AWMAC.<\/p>\n<p>Cela vous met en contact avec votre meilleur client\u00a0: les membres de l&#039;AWMAC. Ils dirigent les plus grands ateliers et r\u00e9alisent les plus gros travaux.<\/p>\n<h2>CONSTRUIRE LA CONFIANCE. CONSTRUIRE LA VISIBILIT\u00c9.<\/h2>\n<p>Le programme de partenariat d&#039;AWMAC vous donne acc\u00e8s au r\u00e9seau d&#039;AWMAC de 400 entreprises de fabrication de menuiseries architecturales, aux clients du fabricant et \u00e0 la communaut\u00e9 de design influente.<\/p>\n<p>Faites partie de notre r\u00e9seau en pleine croissance !<\/p>","protected":false},"excerpt":{"rendered":"<p>PROGRAMME DE PARTENARIAT NOS PARTENAIRES L&#039;AWMAC collabore avec des organisations qui souhaitent promouvoir la menuiserie architecturale au Canada. Les partenaires de l&#039;AWMAC\u2026<\/p>","protected":false},"author":1,"featured_media":0,"parent":0,"menu_order":0,"comment_status":"closed","ping_status":"closed","template":"partner.php","meta":{"_acf_changed":false,"inline_featured_image":false,"_price":"","_stock":"","_tribe_ticket_header":"","_tribe_default_ticket_provider":"","_tribe_ticket_capacity":"0","_ticket_start_date":"","_ticket_end_date":"","_tribe_ticket_show_description":"","_tribe_ticket_show_not_going":false,"_tribe_ticket_use_global_stock":"","_tribe_ticket_global_stock_level":"","_global_stock_mode":"","_global_stock_cap":"","_tribe_rsvp_for_event":"","_tribe_ticket_going_count":"","_tribe_ticket_not_going_count":"","_tribe_tickets_list":"[]","_tribe_ticket_has_attendee_info_fields":false,"footnotes":"","_tec_slr_enabled":"","_tec_slr_layout":""},"class_list":["post-219","page","type-page","status-publish","hentry"],"acf":[],"ticketed":false,"_links":{"self":[{"href":"https:\/\/awmac.com\/fr\/wp-json\/wp\/v2\/pages\/219","targetHints":{"allow":["GET"]}}],"collection":[{"href":"https:\/\/awmac.com\/fr\/wp-json\/wp\/v2\/pages"}],"about":[{"href":"https:\/\/awmac.com\/fr\/wp-json\/wp\/v2\/types\/page"}],"author":[{"embeddable":true,"href":"https:\/\/awmac.com\/fr\/wp-json\/wp\/v2\/users\/1"}],"replies":[{"embeddable":true,"href":"https:\/\/awmac.com\/fr\/wp-json\/wp\/v2\/comments?post=219"}],"version-history":[{"count":10,"href":"https:\/\/awmac.com\/fr\/wp-json\/wp\/v2\/pages\/219\/revisions"}],"predecessor-version":[{"id":2324,"href":"https:\/\/awmac.com\/fr\/wp-json\/wp\/v2\/pages\/219\/revisions\/2324"}],"wp:attachment":[{"href":"https:\/\/awmac.com\/fr\/wp-json\/wp\/v2\/media?parent=219"}],"curies":[{"name":"wp","href":"https:\/\/api.w.org\/{rel}","templated":true}]}}