{"id":116,"date":"2019-12-18T07:52:57","date_gmt":"2019-12-18T07:52:57","guid":{"rendered":"https:\/\/awmac.com\/?page_id=116"},"modified":"2020-01-06T12:48:11","modified_gmt":"2020-01-06T12:48:11","slug":"join-awmac","status":"publish","type":"page","link":"https:\/\/awmac.com\/fr\/join-awmac\/","title":{"rendered":"Rejoignez l&#039;AWMAC"},"content":{"rendered":"<h1>REJOIGNEZ L&#039;AWMAC<\/h1>\n<p>Sed faucibus imperdiet sem ac porta. Duis bibendum tempo sapien. Nunc rutrum laoreet eleifend. Entier interdum faucibus justo, id tincidunt libero tincidunt ut. Nulla aliquet id sapien non ultricies. Vivamus aliquam velit eu nisi ornare, quis hendrerit urna euismod.<\/p>\n<h1>\u00c9TAPE 1 : T\u00c9L\u00c9CHARGER LE FORMULAIRE DE DEMANDE<\/h1>\n<h2>S\u00e9lectionnez LE CHAPITRE DE VOTRE R\u00c9GION\u00a0:<\/h2>\n<h2>\u00c9TAPE 2\u00a0: REMPLISSEZ LE FORMULAIRE ET T\u00c9L\u00c9CHARGEZ VOTRE DEMANDE<\/h2>","protected":false},"excerpt":{"rendered":"<p>JOIN AWMAC Sed faucibus imperdiet sem ac porta. Duis bibendum tempor sapien. Nunc rutrum laoreet eleifend. Integer interdum faucibus justo,&#8230;<\/p>","protected":false},"author":1,"featured_media":0,"parent":0,"menu_order":0,"comment_status":"closed","ping_status":"closed","template":"join-awmac.php","meta":{"_acf_changed":false,"inline_featured_image":false,"_price":"","_stock":"","_tribe_ticket_header":"","_tribe_default_ticket_provider":"","_tribe_ticket_capacity":"0","_ticket_start_date":"","_ticket_end_date":"","_tribe_ticket_show_description":"","_tribe_ticket_show_not_going":false,"_tribe_ticket_use_global_stock":"","_tribe_ticket_global_stock_level":"","_global_stock_mode":"","_global_stock_cap":"","_tribe_rsvp_for_event":"","_tribe_ticket_going_count":"","_tribe_ticket_not_going_count":"","_tribe_tickets_list":"[]","_tribe_ticket_has_attendee_info_fields":false,"footnotes":"","_tec_slr_enabled":"","_tec_slr_layout":""},"class_list":["post-116","page","type-page","status-publish","hentry"],"acf":[],"ticketed":false,"_links":{"self":[{"href":"https:\/\/awmac.com\/fr\/wp-json\/wp\/v2\/pages\/116","targetHints":{"allow":["GET"]}}],"collection":[{"href":"https:\/\/awmac.com\/fr\/wp-json\/wp\/v2\/pages"}],"about":[{"href":"https:\/\/awmac.com\/fr\/wp-json\/wp\/v2\/types\/page"}],"author":[{"embeddable":true,"href":"https:\/\/awmac.com\/fr\/wp-json\/wp\/v2\/users\/1"}],"replies":[{"embeddable":true,"href":"https:\/\/awmac.com\/fr\/wp-json\/wp\/v2\/comments?post=116"}],"version-history":[{"count":6,"href":"https:\/\/awmac.com\/fr\/wp-json\/wp\/v2\/pages\/116\/revisions"}],"predecessor-version":[{"id":186,"href":"https:\/\/awmac.com\/fr\/wp-json\/wp\/v2\/pages\/116\/revisions\/186"}],"wp:attachment":[{"href":"https:\/\/awmac.com\/fr\/wp-json\/wp\/v2\/media?parent=116"}],"curies":[{"name":"wp","href":"https:\/\/api.w.org\/{rel}","templated":true}]}}