{"id":10723,"date":"2026-02-11T08:22:28","date_gmt":"2026-02-11T15:22:28","guid":{"rendered":"https:\/\/awmac.com\/?page_id=10723"},"modified":"2026-03-06T09:53:39","modified_gmt":"2026-03-06T16:53:39","slug":"convention-golf-tournament","status":"publish","type":"page","link":"https:\/\/awmac.com\/fr\/convention-golf-tournament\/","title":{"rendered":"Tournoi de golf de la Convention"},"content":{"rendered":"<h2 data-start=\"453\" data-end=\"480\">Tournoi de golf annuel<\/h2>\n<h3 data-start=\"481\" data-end=\"519\">Organis\u00e9 par la section qu\u00e9b\u00e9coise de l&#039;AWMAC<\/h3>\n<p data-start=\"521\" data-end=\"729\">Le tournoi de golf annuel, organis\u00e9 par la section qu\u00e9b\u00e9coise de l&#039;AWMAC, est une tradition de longue date du congr\u00e8s et une occasion conviviale pour les d\u00e9l\u00e9gu\u00e9s, les partenaires et les invit\u00e9s de se rencontrer en dehors du cadre de la r\u00e9union.<\/p>\n<p data-start=\"731\" data-end=\"1116\">Tenue le jeudi 11 juin 2026 \u00e0 <strong data-start=\"739\" data-end=\"780\"><span class=\"hover:entity-accent entity-underline inline cursor-pointer align-baseline\"><span class=\"whitespace-normal\">Golf de La Faune<\/span><\/span><\/strong>, \u00c0 quelques minutes du centre-ville de Qu\u00e9bec, le tournoi se d\u00e9roule sur l&#039;un des plus beaux parcours de championnat de la r\u00e9gion. R\u00e9put\u00e9 pour son ambiance chaleureuse et son am\u00e9nagement soigneusement pens\u00e9, ce parcours offre une exp\u00e9rience agr\u00e9able aux golfeurs de tous niveaux, dans un cadre pittoresque propice aux \u00e9changes et aux rencontres.<\/p>\n<p data-start=\"1118\" data-end=\"1314\">Ce tournoi allie comp\u00e9tition amicale et r\u00e9seautage informel, ce qui en fait un moyen id\u00e9al de renforcer les liens au sein de la communaut\u00e9 des menuisiers architecturaux tout en profitant d&#039;une journ\u00e9e en plein air.<\/p>\n<p data-start=\"1316\" data-end=\"1515\">La participation inclut les droits de jeu, la location d&#039;une voiturette, les d\u00e9parts r\u00e9serv\u00e9s et un moment convivial apr\u00e8s la partie. Le tournoi de golf est une activit\u00e9 facultative du congr\u00e8s et n\u00e9cessite une inscription pr\u00e9alable. Le nombre de places est limit\u00e9.<\/p>\n<p data-start=\"1316\" data-end=\"1515\">L\u2019inscription et le parrainage sont g\u00e9r\u00e9s directement par la section qu\u00e9b\u00e9coise de l\u2019AWMAC. Veuillez les soutenir en cliquant directement sur les liens suivants et inscrivez-vous avant le 21 mai.<\/p>\n<ul>\n<li data-start=\"1316\" data-end=\"1515\"><a href=\"https:\/\/form.jotform.com\/253553771348262\">Inscription des joueurs au tournoi<\/a><\/li>\n<li data-start=\"1316\" data-end=\"1515\"><a href=\"https:\/\/form.jotform.com\/252964708632263\">Programme de parrainage de tournois<\/a><\/li>\n<\/ul>","protected":false},"excerpt":{"rendered":"<p>Tournoi de golf annuel organis\u00e9 par la section qu\u00e9b\u00e9coise de l&#039;AWMAC Le tournoi de golf annuel, organis\u00e9 par la section qu\u00e9b\u00e9coise de l&#039;AWMAC, est\u2026<\/p>","protected":false},"author":4,"featured_media":0,"parent":0,"menu_order":0,"comment_status":"closed","ping_status":"closed","template":"convention-inner.php","meta":{"_acf_changed":false,"inline_featured_image":false,"_price":"","_stock":"","_tribe_ticket_header":"","_tribe_default_ticket_provider":"TEC\\Tickets\\Commerce\\Module","_tribe_ticket_capacity":"0","_ticket_start_date":"","_ticket_end_date":"","_tribe_ticket_show_description":"","_tribe_ticket_show_not_going":false,"_tribe_ticket_use_global_stock":"","_tribe_ticket_global_stock_level":"","_global_stock_mode":"","_global_stock_cap":"","_tribe_rsvp_for_event":"","_tribe_ticket_going_count":"","_tribe_ticket_not_going_count":"","_tribe_tickets_list":"[]","_tribe_ticket_has_attendee_info_fields":false,"footnotes":"","_tec_slr_enabled":"","_tec_slr_layout":""},"class_list":["post-10723","page","type-page","status-publish","hentry"],"acf":[],"ticketed":false,"_links":{"self":[{"href":"https:\/\/awmac.com\/fr\/wp-json\/wp\/v2\/pages\/10723","targetHints":{"allow":["GET"]}}],"collection":[{"href":"https:\/\/awmac.com\/fr\/wp-json\/wp\/v2\/pages"}],"about":[{"href":"https:\/\/awmac.com\/fr\/wp-json\/wp\/v2\/types\/page"}],"author":[{"embeddable":true,"href":"https:\/\/awmac.com\/fr\/wp-json\/wp\/v2\/users\/4"}],"replies":[{"embeddable":true,"href":"https:\/\/awmac.com\/fr\/wp-json\/wp\/v2\/comments?post=10723"}],"version-history":[{"count":4,"href":"https:\/\/awmac.com\/fr\/wp-json\/wp\/v2\/pages\/10723\/revisions"}],"predecessor-version":[{"id":10782,"href":"https:\/\/awmac.com\/fr\/wp-json\/wp\/v2\/pages\/10723\/revisions\/10782"}],"wp:attachment":[{"href":"https:\/\/awmac.com\/fr\/wp-json\/wp\/v2\/media?parent=10723"}],"curies":[{"name":"wp","href":"https:\/\/api.w.org\/{rel}","templated":true}]}}