{"id":101,"date":"2019-12-18T07:29:56","date_gmt":"2019-12-18T07:29:56","guid":{"rendered":"https:\/\/awmac.com\/?page_id=101"},"modified":"2023-09-06T16:05:56","modified_gmt":"2023-09-06T23:05:56","slug":"gis","status":"publish","type":"page","link":"https:\/\/awmac.com\/fr\/gis\/","title":{"rendered":"SIG"},"content":{"rendered":"<h1>Garantissez vos boiseries<\/h1>\n<div class=\"d-flex align-items-center\">Pour chaque projet que vous entreprenez, petit ou grand, vous connaissez les risques. Ce dont vous avez besoin, c&#039;est d&#039;avoir l&#039;assurance que ce qui est sp\u00e9cifi\u00e9 est bien ce qui sera r\u00e9alis\u00e9.<\/div>\n<div class=\"d-flex align-items-center\">\n<p>Le Service de Garantie et d&#039;Inspection (SGI) d&#039;AWMAC est un programme national qui a \u00e9volu\u00e9 au cours des 18 derni\u00e8res ann\u00e9es et qui vise \u00e0 garantir la qualit\u00e9 des menuiseries architecturales pour chaque projet. Gr\u00e2ce \u00e0 des conseils d&#039;experts et \u00e0 des inspections r\u00e9alis\u00e9es par des sp\u00e9cialistes qualifi\u00e9s, le SGI d&#039;AWMAC garantit que les menuiseries architecturales respectent ou d\u00e9passent les normes de l&#039;industrie. Votre projet sera suivi, examin\u00e9 et approuv\u00e9 par un inspecteur certifi\u00e9 AWMAC, des plans d&#039;atelier initiaux \u00e0 l&#039;installation finale.<\/p>\n<\/div>\n<h2>Voici comment cela fonctionne :<\/h2>\n<p><strong>\u00c9TAPE 1 :<\/strong> <a href=\"\/fr\/gis\/gis-wording\/\">Sp\u00e9cifiez le service de garantie et d&#039;inspection<\/a>.<\/p>\n<p><strong>\u00c9TAPE 2 : <\/strong>Sp\u00e9cifier <a href=\"\/fr\/gis\/gis-faq\/\">la note AWMAC requise<\/a>. Les qualit\u00e9s AWMAC sont \u00ab\u00a0Personnalis\u00e9\u00a0\u00bb et \u00ab\u00a0Premium\u00a0\u00bb. Ces deux qualit\u00e9s peuvent \u00eatre utilis\u00e9es dans un m\u00eame projet. Si vous ne sp\u00e9cifiez pas de qualit\u00e9, la qualit\u00e9 \u00ab\u00a0Personnalis\u00e9\u00a0\u00bb est la qualit\u00e9 par d\u00e9faut. Le fabricant garantit que les mat\u00e9riaux et les proc\u00e9d\u00e9s sont conformes aux normes AWMAC.<\/p>\n<p><strong>\u00c9TAPE 3 : <\/strong>Le fabricant transmettra le projet par courriel \u00e0 la section r\u00e9gionale de l&#039;AWMAC. Le co\u00fbt du SIG sera inclus dans le montant forfaitaire de l&#039;appel d&#039;offres. Une fois la section inform\u00e9e, le suivi commencera, les inspections et les rapports seront compl\u00e9t\u00e9s, et un suivi de conformit\u00e9 sera effectu\u00e9.<\/p>\n<p><strong>\u00c9TAPE 4 : <\/strong>Une fois que la fourniture et\/ou l&#039;installation des boiseries architecturales termin\u00e9es sur un projet est conforme aux NORMES de l&#039;AWMAC, une garantie de deux ans sur les boiseries architecturales sera \u00e9mise au membre fabricant de l&#039;AWMAC.<\/p>\n<h1>En quoi consiste le SIG ?<\/h1>\n<p>Une fois sp\u00e9cifi\u00e9, le service de garantie et d&#039;inspection d&#039;AWMAC est un processus en trois \u00e9tapes avec un rapport \u00e9crit \u00e9mis pour chaque \u00e9tape :<\/p>\n<h2>1. Examen des dessins d&#039;atelier<\/h2>\n<p>Cet examen s&#039;ajoute \u00e0 l&#039;examen habituel de l&#039;architecte. L&#039;inspecteur SIG certifi\u00e9 AWMAC d\u00e9termine si les m\u00e9thodes et les mat\u00e9riaux indiqu\u00e9s dans les dessins d&#039;atelier soumis par le fabricant sont conformes aux normes AWMAC sp\u00e9cifi\u00e9es et signale \u00e9galement les \u00e9carts par rapport aux plans et sp\u00e9cifications d&#039;architecture.<\/p>\n<h2>2. Inspection de l&#039;unit\u00e9 d&#039;\u00e9chantillonnage<\/h2>\n<p>Si sp\u00e9cifi\u00e9, une unit\u00e9 d&#039;\u00e9chantillon est inspect\u00e9e pour v\u00e9rifier sa conformit\u00e9 aux NORMES de l&#039;AWMAC dans l&#039;usine de fabrication ou sur site.<\/p>\n<h2>3. Inspection finale du site<\/h2>\n<p>Une fois le projet termin\u00e9, les menuiseries architecturales sont inspect\u00e9es sur place pour v\u00e9rifier leur conformit\u00e9 aux normes de l&#039;AWMAC. S&#039;il s&#039;agit d&#039;un projet d&#039;envergure, plusieurs inspections peuvent \u00eatre n\u00e9cessaires.<\/p>\n<p>De plus, si un professionnel de la conception est int\u00e9ress\u00e9, il peut contacter le bureau du chapitre avant l&#039;appel d&#039;offres pour obtenir un <strong>Examen pr\u00e9alable \u00e0 l&#039;appel d&#039;offres<\/strong>. Un inspecteur SIG certifi\u00e9 AWMAC examinera les sp\u00e9cifications et les dessins d&#039;architecture pour signaler toute erreur, omission ou contradiction entra\u00eenant une confusion lors de l&#039;appel d&#039;offres, de la fabrication ou de l&#039;installation.<\/p>\n<h2>R\u00c9USSIR L&#039;INSPECTION FINALE<\/h2>\n<p>Avant de passer l&#039;inspection finale, les exigences suivantes doivent \u00eatre remplies :<\/p>\n<ol>\n<li>Les membres fabricants de l&#039;AWMAC doivent \u00eatre en r\u00e8gle et au moins une personne de l&#039;entreprise du membre doit avoir r\u00e9ussi l&#039;examen des normes du fabricant (MSE).<\/li>\n<li>Le rapport de temp\u00e9rature et d&#039;humidit\u00e9 doit \u00eatre soumis et inclure les relev\u00e9s quotidiens effectu\u00e9s par le fabricant et le ou les installateurs, \u00e0 compter du jour o\u00f9 les boiseries architecturales quittent l&#039;usine et chaque jour o\u00f9 les employ\u00e9s et les installateurs sont sur place. (Si les boiseries architecturales sont entrepos\u00e9es ailleurs que sur place, la temp\u00e9rature et l&#039;humidit\u00e9 doivent \u00eatre enregistr\u00e9es quotidiennement.)<\/li>\n<\/ol>\n<h2>CONSTRUIRE LA CONFIANCE. CONSTRUIRE LA R\u00c9PUTATION.<\/h2>\n<p>Une inspection AWMAC n&#039;est pas qu&#039;une simple validation. Consid\u00e9rez-la comme le moyen id\u00e9al de garantir la tranquillit\u00e9 d&#039;esprit de ceux qui comptent le plus pour vous\u00a0: vos clients. Le SIG d&#039;AWMAC garantit aux ma\u00eetres d&#039;ouvrage un retour sur investissement optimal gr\u00e2ce \u00e0\u00a0:<\/p>\n<ol>\n<li><strong>Justificatif<\/strong> propri\u00e9taires de projets, entrepreneurs g\u00e9n\u00e9raux, professionnels de la conception et fabricants de menuiserie pour r\u00e9aliser les plans et sp\u00e9cifications des projets.<\/li>\n<li><strong>Fournir<\/strong> les propri\u00e9taires de projets, les entrepreneurs g\u00e9n\u00e9raux, les professionnels de la conception et les fabricants de boiseries avec l&#039;assurance qu&#039;une surveillance stricte des exigences en mati\u00e8re de boiseries architecturales r\u00e9pond aux normes de boiseries architecturales de l&#039;AWMAC.<\/li>\n<\/ol>\n<p>\u00c9vitez les risques inutiles. Prot\u00e9gez-vous des probl\u00e8mes tels que les d\u00e9passements de co\u00fbts et les retards. Garantissez la qualit\u00e9. Choisissez un SIG d\u00e8s aujourd&#039;hui.<\/p>\n<p>Au final, vos clients obtiennent ce qu\u2019ils veulent \u2013 et vous \u00eates reconnu comme un leader du secteur devant les meilleurs clients.<\/p>\n<p><a class=\"buttonRed small mt-3\" href=\"https:\/\/awmac.com\/fr\/gis-faq\/\" rel=\"noopener noreferrer\">FAQ SIG<\/a><\/p>\n<p><a class=\"buttonRed small mt-3\" href=\"https:\/\/awmac.com\/fr\/gis-policy\/\" rel=\"noopener noreferrer\">MANUEL DE POLITIQUES ET DE PROC\u00c9DURES SIG <\/a><\/p>","protected":false},"excerpt":{"rendered":"<p>Garantissez vos travaux de menuiserie. Chaque projet que vous entreprenez, petit ou grand, comporte des risques. Ce que vous\u2026<\/p>","protected":false},"author":1,"featured_media":0,"parent":0,"menu_order":0,"comment_status":"closed","ping_status":"closed","template":"gaurantee-woodwork.php","meta":{"_acf_changed":false,"inline_featured_image":false,"_price":"","_stock":"","_tribe_ticket_header":"","_tribe_default_ticket_provider":"","_tribe_ticket_capacity":"0","_ticket_start_date":"","_ticket_end_date":"","_tribe_ticket_show_description":"","_tribe_ticket_show_not_going":false,"_tribe_ticket_use_global_stock":"","_tribe_ticket_global_stock_level":"","_global_stock_mode":"","_global_stock_cap":"","_tribe_rsvp_for_event":"","_tribe_ticket_going_count":"","_tribe_ticket_not_going_count":"","_tribe_tickets_list":"[]","_tribe_ticket_has_attendee_info_fields":false,"footnotes":"","_tec_slr_enabled":"","_tec_slr_layout":""},"class_list":["post-101","page","type-page","status-publish","hentry"],"acf":[],"ticketed":false,"_links":{"self":[{"href":"https:\/\/awmac.com\/fr\/wp-json\/wp\/v2\/pages\/101","targetHints":{"allow":["GET"]}}],"collection":[{"href":"https:\/\/awmac.com\/fr\/wp-json\/wp\/v2\/pages"}],"about":[{"href":"https:\/\/awmac.com\/fr\/wp-json\/wp\/v2\/types\/page"}],"author":[{"embeddable":true,"href":"https:\/\/awmac.com\/fr\/wp-json\/wp\/v2\/users\/1"}],"replies":[{"embeddable":true,"href":"https:\/\/awmac.com\/fr\/wp-json\/wp\/v2\/comments?post=101"}],"version-history":[{"count":10,"href":"https:\/\/awmac.com\/fr\/wp-json\/wp\/v2\/pages\/101\/revisions"}],"predecessor-version":[{"id":7443,"href":"https:\/\/awmac.com\/fr\/wp-json\/wp\/v2\/pages\/101\/revisions\/7443"}],"wp:attachment":[{"href":"https:\/\/awmac.com\/fr\/wp-json\/wp\/v2\/media?parent=101"}],"curies":[{"name":"wp","href":"https:\/\/api.w.org\/{rel}","templated":true}]}}