{"id":10033,"date":"2025-02-27T12:29:55","date_gmt":"2025-02-27T19:29:55","guid":{"rendered":"https:\/\/awmac.com\/?page_id=10033"},"modified":"2026-03-26T12:13:04","modified_gmt":"2026-03-26T19:13:04","slug":"quebec-companion-experience","status":"publish","type":"page","link":"https:\/\/awmac.com\/fr\/quebec-companion-experience\/","title":{"rendered":"Exp\u00e9rience en compagnie"},"content":{"rendered":"<h2 data-start=\"180\" data-end=\"214\"><a href=\"https:\/\/awmac.com\/wp-content\/uploads\/2026\/03\/Companion-Program-Quebec-2026-.pdf\">Exp\u00e9riences des accompagnateurs et des invit\u00e9s<\/a><\/h2>\n<p data-start=\"369\" data-end=\"442\">Le congr\u00e8s national de l&#039;AWMAC 2026 s&#039;\u00e9tend bien au-del\u00e0 des salles de r\u00e9union.<\/p>\n<p data-start=\"444\" data-end=\"600\">Cette s\u00e9rie d&#039;exp\u00e9riences locales soigneusement s\u00e9lectionn\u00e9es invite les visiteurs et leurs accompagnateurs \u00e0 d\u00e9couvrir la culture, les saveurs et l&#039;histoire de la ville de Qu\u00e9bec dans des cadres inoubliables.<\/p>\n<h3 data-start=\"654\" data-end=\"715\">Choisissez votre aventure \u2013 Visite du Vieux-Qu\u00e9bec en bus \u00e0 imp\u00e9riale<\/h3>\n<p data-start=\"397\" data-end=\"618\">Le jeudi 11 juin, nous proposons une exp\u00e9rience optionnelle pour les accompagnateurs qui se d\u00e9roule en parall\u00e8le du tournoi de golf \u2014 une alternative conviviale et d\u00e9tendue pour les invit\u00e9s et leurs accompagnateurs qui souhaitent explorer la ville de Qu\u00e9bec ensemble.<\/p>\n<p data-start=\"620\" data-end=\"872\">D\u00e9couvrez Qu\u00e9bec sous un nouvel angle \u00e0 bord d&#039;un autobus \u00e0 imp\u00e9riale qui vous emm\u00e8ne \u00e0 la d\u00e9couverte du Vieux-Qu\u00e9bec et de ses principaux sites d&#039;int\u00e9r\u00eat. Gr\u00e2ce \u00e0 la formule \u00e0 arr\u00eats multiples, explorez la ville \u00e0 votre rythme et profitez de la visite guid\u00e9e compl\u00e8te, en vous arr\u00eatant aux endroits incontournables ou en suivant le parcours. C&#039;est une fa\u00e7on simple et agr\u00e9able de d\u00e9couvrir l&#039;histoire, l&#039;architecture et le charme de Qu\u00e9bec, tout en profitant de superbes points de vue pour prendre des photos. <a href=\"https:\/\/www.eventbrite.ca\/e\/awmac-2026-national-convention-tickets-1980419423808?aff=oddtdtcreator\">L&#039;inscription pr\u00e9alable est requise.<\/a>. L&#039;espace est limit\u00e9.<\/p>\n<h3 data-start=\"866\" data-end=\"895\"><strong data-start=\"870\" data-end=\"895\">Au-del\u00e0 de la Convention<\/strong><\/h3>\n<p data-start=\"896\" data-end=\"943\"><strong data-start=\"896\" data-end=\"943\">Des exp\u00e9riences soigneusement s\u00e9lectionn\u00e9es, inspir\u00e9es par la ville de Qu\u00e9bec<\/strong><\/p>\n<p data-start=\"602\" data-end=\"940\">En parall\u00e8le du programme du congr\u00e8s, les accompagnateurs et les invit\u00e9s sont convi\u00e9s \u00e0 d\u00e9couvrir la ville de Qu\u00e9bec gr\u00e2ce \u00e0 une s\u00e9rie d&#039;exp\u00e9riences culturelles et culinaires soigneusement s\u00e9lectionn\u00e9es pour refl\u00e9ter le caract\u00e8re, l&#039;histoire et l&#039;hospitalit\u00e9 de la r\u00e9gion.<\/p>\n<p data-start=\"602\" data-end=\"940\">D\u00e9butez par un voyage culinaire guid\u00e9 le long de l&#039;\u00eele d&#039;Orl\u00e9ans, en d\u00e9gustant cidres, vins, chocolats et produits artisanaux locaux tout en admirant le paysage du fleuve Saint-Laurent. Poursuivez avec une r\u00e9ception de vins et fromages qu\u00e9b\u00e9cois, puis remontez le temps lors d&#039;une promenade en cal\u00e8che dans les rues pav\u00e9es du Vieux-Qu\u00e9bec.<\/p>\n<p data-start=\"942\" data-end=\"1070\">Dimanche matin, retrouvez-vous pour un brunch d\u00e9contract\u00e9 et raffin\u00e9 en plein c\u0153ur de la ville \u2014 la conclusion parfaite d&#039;un week-end m\u00e9morable.<\/p>\n<p data-start=\"1072\" data-end=\"1204\">Chaque \u00e9l\u00e9ment est con\u00e7u pour mettre en valeur le meilleur du Qu\u00e9bec tout en cr\u00e9ant un espace propice \u00e0 la conversation, aux \u00e9changes et au partage de souvenirs.<\/p>\n<p data-start=\"1072\" data-end=\"1204\"><a href=\"https:\/\/www.eventbrite.ca\/e\/1980419423808?aff=oddtdtcreator\">Cliquez ici pour vous inscrire<\/a>.<\/p>\n<img decoding=\"async\" class=\"alignnone wp-image-10664\" src=\"https:\/\/awmac.com\/wp-content\/uploads\/2026\/02\/ChatGPT-Image-Feb-2-2026-01_25_13-PM-300x200.jpg\" alt=\"\" width=\"695\" height=\"463\" srcset=\"https:\/\/awmac.com\/wp-content\/uploads\/2026\/02\/ChatGPT-Image-Feb-2-2026-01_25_13-PM-300x200.jpg 300w, https:\/\/awmac.com\/wp-content\/uploads\/2026\/02\/ChatGPT-Image-Feb-2-2026-01_25_13-PM-1024x683.jpg 1024w, https:\/\/awmac.com\/wp-content\/uploads\/2026\/02\/ChatGPT-Image-Feb-2-2026-01_25_13-PM-768x512.jpg 768w, https:\/\/awmac.com\/wp-content\/uploads\/2026\/02\/ChatGPT-Image-Feb-2-2026-01_25_13-PM-18x12.jpg 18w, https:\/\/awmac.com\/wp-content\/uploads\/2026\/02\/ChatGPT-Image-Feb-2-2026-01_25_13-PM-600x400.jpg 600w, https:\/\/awmac.com\/wp-content\/uploads\/2026\/02\/ChatGPT-Image-Feb-2-2026-01_25_13-PM.jpg 1536w\" sizes=\"(max-width: 695px) 100vw, 695px\" \/>\n<h6>Remarque : Les activit\u00e9s et leur s\u00e9quence sont susceptibles d&#039;\u00eatre modifi\u00e9es.<\/h6>","protected":false},"excerpt":{"rendered":"<p>Exp\u00e9riences pour les accompagnateurs et les invit\u00e9s\u00a0: Le congr\u00e8s national AWMAC 2026 s\u2019\u00e9tend bien au-del\u00e0 des salles de r\u00e9union. Cette s\u00e9rie d\u2019activit\u00e9s locales soigneusement s\u00e9lectionn\u00e9es\u2026<\/p>","protected":false},"author":210,"featured_media":0,"parent":0,"menu_order":0,"comment_status":"closed","ping_status":"closed","template":"convention-inner.php","meta":{"_acf_changed":false,"inline_featured_image":false,"_price":"","_stock":"","_tribe_ticket_header":"","_tribe_default_ticket_provider":"TEC\\Tickets\\Commerce\\Module","_tribe_ticket_capacity":"0","_ticket_start_date":"","_ticket_end_date":"","_tribe_ticket_show_description":"","_tribe_ticket_show_not_going":false,"_tribe_ticket_use_global_stock":"","_tribe_ticket_global_stock_level":"","_global_stock_mode":"","_global_stock_cap":"","_tribe_rsvp_for_event":"","_tribe_ticket_going_count":"","_tribe_ticket_not_going_count":"","_tribe_tickets_list":"[]","_tribe_ticket_has_attendee_info_fields":false,"footnotes":"","_tec_slr_enabled":"","_tec_slr_layout":""},"class_list":["post-10033","page","type-page","status-publish","hentry"],"acf":[],"ticketed":false,"_links":{"self":[{"href":"https:\/\/awmac.com\/fr\/wp-json\/wp\/v2\/pages\/10033","targetHints":{"allow":["GET"]}}],"collection":[{"href":"https:\/\/awmac.com\/fr\/wp-json\/wp\/v2\/pages"}],"about":[{"href":"https:\/\/awmac.com\/fr\/wp-json\/wp\/v2\/types\/page"}],"author":[{"embeddable":true,"href":"https:\/\/awmac.com\/fr\/wp-json\/wp\/v2\/users\/210"}],"replies":[{"embeddable":true,"href":"https:\/\/awmac.com\/fr\/wp-json\/wp\/v2\/comments?post=10033"}],"version-history":[{"count":11,"href":"https:\/\/awmac.com\/fr\/wp-json\/wp\/v2\/pages\/10033\/revisions"}],"predecessor-version":[{"id":10663,"href":"https:\/\/awmac.com\/fr\/wp-json\/wp\/v2\/pages\/10033\/revisions\/10663"}],"wp:attachment":[{"href":"https:\/\/awmac.com\/fr\/wp-json\/wp\/v2\/media?parent=10033"}],"curies":[{"name":"wp","href":"https:\/\/api.w.org\/{rel}","templated":true}]}}