{"id":890,"date":"2020-02-09T18:57:03","date_gmt":"2020-02-09T18:57:03","guid":{"rendered":"https:\/\/awmac.com\/?page_id=890"},"modified":"2022-11-04T14:22:09","modified_gmt":"2022-11-04T21:22:09","slug":"consultations-2","status":"publish","type":"page","link":"http:\/\/awmac.com\/fr\/gis\/consultations-2\/","title":{"rendered":"Consultations et avis d&#039;experts"},"content":{"rendered":"<h1>Consultations<\/h1>\n<h2><strong>\u00c9valuation de la qualit\u00e9 des menuiseries architecturales sur un projet.<\/strong><\/h2>\n<p>La partie suivante faisait-elle partie de votre derni\u00e8re sp\u00e9cification\u00a0?<\/p>\n<p>\u201c Fournir et\/ou installer des boiseries architecturales conform\u00e9ment aux normes de menuiserie architecturale de l&#039;AWMAC, \u00e9dition actuelle. \u201d<\/p>\n<p>Et maintenant vous percevez que la menuiserie architecturale du projet n&#039;est pas correcte ?<\/p>\n<p>Peut-\u00eatre celui de l&#039;AWMAC\u00a0<strong><a href=\"https:\/\/awmac.com\/fr\/gis\/\">Service de garantie et d&#039;inspection (SGI)<\/a><\/strong> a \u00e9t\u00e9 sp\u00e9cifi\u00e9 \u00e0 l&#039;origine mais a \u00e9t\u00e9 supprim\u00e9 ult\u00e9rieurement pour des raisons d&#039;\u00e9conomies.<\/p>\n<p>Vous pouvez toujours v\u00e9rifier si les boiseries du projet sont conformes <a href=\"https:\/\/awmac.com\/fr\/naaws-manual\/\"><strong>NORMES DE L&#039;AWMAC <\/strong><strong>(Normes nord-am\u00e9ricaines de menuiserie architecturale)<\/strong><\/a>.<\/p>\n<p>Contactez votre section r\u00e9gionale de l&#039;AWMAC et renseignez-vous sur notre\u00a0<em>Service de consultation<\/em>.<\/p>\n<p>Nous enverrons l&#039;un de nos inspecteurs qualifi\u00e9s pour effectuer une inspection du site et vous fournir un rapport d&#039;inspection \u00e9crit.<\/p>\n<h1>Avis d&#039;experts<\/h1>\n<h2><strong>Obtenez une \u00e9valuation des boiseries architecturales d&#039;un projet.<\/strong><\/h2>\n<p>Un avis d&#039;expert est disponible pour ceux qui ne sont pas satisfaits de la fourniture et de l&#039;installation des boiseries architecturales sur un projet et qui souhaitent une \u00e9valuation pour l&#039;une des raisons suivantes :<\/p>\n<ul>\n<li>Une partie ou la totalit\u00e9 du travail a \u00e9chou\u00e9<\/li>\n<li>Vous pensez que le travail ne r\u00e9pond pas aux normes de l\u2019industrie<\/li>\n<li>Les sp\u00e9cifications et\/ou les documents contractuels n&#039;ont pas \u00e9t\u00e9 respect\u00e9s<\/li>\n<\/ul>\n<p>Ce service est disponible m\u00eame si l&#039;AWMAC <strong><a href=\"https:\/\/awmac.com\/fr\/gis\/\">Service de garantie et d&#039;inspection (SGI)<\/a><\/strong> et\/ou l&#039;\u00e9dition actuelle de <strong><a href=\"https:\/\/awmac.com\/fr\/naaws-manual\/\">NORMES de l&#039;AWMAC (normes nord-am\u00e9ricaines de menuiserie architecturale)<\/a><\/strong> n&#039;ont pas \u00e9t\u00e9 pr\u00e9cis\u00e9s.<\/p>\n<p>Demandez \u00e0 un expert d&#039;examiner le cahier des charges, les plans d&#039;atelier et les documents contractuels de votre projet, puis d&#039;effectuer une inspection des boiseries architecturales sur place. Un rapport objectif sera remis \u00e0 l&#039;issue de l&#039;inspection.<\/p>\n<p>Ce service est payant. Une avance de fonds doit \u00eatre vers\u00e9e int\u00e9gralement avant l&#039;inspection.<\/p>\n<p>Contactez votre section r\u00e9gionale de l&#039;AWMAC pour plus d&#039;informations ou pour r\u00e9server un avis d&#039;expert.<\/p>","protected":false},"excerpt":{"rendered":"<p>Consultations\u00a0: \u00c9valuation de la qualit\u00e9 des \u00e9l\u00e9ments architecturaux en menuiserie sur un projet. L\u2019\u00e9l\u00e9ment suivant faisait-il partie de votre dernier cahier des charges\u00a0? \u201c\u00a0Fourniture et\/ou pose d\u2019\u00e9l\u00e9ments architecturaux\u2026\u00a0\u00bb<\/p>","protected":false},"author":1,"featured_media":0,"parent":101,"menu_order":0,"comment_status":"closed","ping_status":"closed","template":"additional-services.php","meta":{"_acf_changed":false,"inline_featured_image":false,"_price":"","_stock":"","_tribe_ticket_header":"","_tribe_default_ticket_provider":"","_tribe_ticket_capacity":"0","_ticket_start_date":"","_ticket_end_date":"","_tribe_ticket_show_description":"","_tribe_ticket_show_not_going":false,"_tribe_ticket_use_global_stock":"","_tribe_ticket_global_stock_level":"","_global_stock_mode":"","_global_stock_cap":"","_tribe_rsvp_for_event":"","_tribe_ticket_going_count":"","_tribe_ticket_not_going_count":"","_tribe_tickets_list":"[]","_tribe_ticket_has_attendee_info_fields":false,"footnotes":"","_tec_slr_enabled":"","_tec_slr_layout":""},"class_list":["post-890","page","type-page","status-publish","hentry"],"acf":[],"ticketed":false,"_links":{"self":[{"href":"http:\/\/awmac.com\/fr\/wp-json\/wp\/v2\/pages\/890","targetHints":{"allow":["GET"]}}],"collection":[{"href":"http:\/\/awmac.com\/fr\/wp-json\/wp\/v2\/pages"}],"about":[{"href":"http:\/\/awmac.com\/fr\/wp-json\/wp\/v2\/types\/page"}],"author":[{"embeddable":true,"href":"http:\/\/awmac.com\/fr\/wp-json\/wp\/v2\/users\/1"}],"replies":[{"embeddable":true,"href":"http:\/\/awmac.com\/fr\/wp-json\/wp\/v2\/comments?post=890"}],"version-history":[{"count":9,"href":"http:\/\/awmac.com\/fr\/wp-json\/wp\/v2\/pages\/890\/revisions"}],"predecessor-version":[{"id":7377,"href":"http:\/\/awmac.com\/fr\/wp-json\/wp\/v2\/pages\/890\/revisions\/7377"}],"up":[{"embeddable":true,"href":"http:\/\/awmac.com\/fr\/wp-json\/wp\/v2\/pages\/101"}],"wp:attachment":[{"href":"http:\/\/awmac.com\/fr\/wp-json\/wp\/v2\/media?parent=890"}],"curies":[{"name":"wp","href":"https:\/\/api.w.org\/{rel}","templated":true}]}}