{"id":855,"date":"2020-02-08T22:07:10","date_gmt":"2020-02-08T22:07:10","guid":{"rendered":"https:\/\/awmac.com\/?page_id=855"},"modified":"2022-11-04T13:36:54","modified_gmt":"2022-11-04T20:36:54","slug":"benefits","status":"publish","type":"page","link":"http:\/\/awmac.com\/fr\/membership\/benefits\/","title":{"rendered":"Avantages membres"},"content":{"rendered":"<h1><strong>Avantages membres<\/strong><\/h1>\n<p><em><strong>Devenir membre de l\u2019AWMAC vous met en conformit\u00e9 avec les normes nationales.<\/strong><\/em><\/p>\n<p><em><strong>C&#039;est le meilleur moyen d&#039;instaurer la confiance et de g\u00e9n\u00e9rer des profits.<\/strong><\/em><\/p>\n<p>Les membres de l&#039;AWMAC b\u00e9n\u00e9ficient des avantages suivants :<\/p>\n<ul>\n<li>Promotion de votre entreprise par une inscription sur le site Internet de l&#039;AWMAC.<\/li>\n<li>Utilisation du logo AWMAC \u00e0 des fins de marketing.<\/li>\n<li>Copie des normes nord-am\u00e9ricaines actuelles en mati\u00e8re de menuiserie architecturale (NAAWS).<\/li>\n<li>R\u00e9seautage lors des r\u00e9unions des membres.<\/li>\n<li>Abonnement au magazine semestriel de l&#039;AWMAC AWMAC&#039;s Industry Magazine (AIM).<\/li>\n<li>L&#039;opportunit\u00e9 de :\n<ul>\n<li>Votez aux niveaux de l\u2019AWMAC et du chapitre AWMAC.<\/li>\n<li>Devenez b\u00e9n\u00e9vole. Rejoignez un comit\u00e9 ou un conseil d&#039;administration.<\/li>\n<li>Participer \u00e0 des s\u00e9minaires et ateliers \u00e9ducatifs.<\/li>\n<li>\u00c9coutez des conf\u00e9renciers pertinents lors d\u2019assembl\u00e9es g\u00e9n\u00e9rales et d\u2019\u00e9v\u00e9nements.<\/li>\n<li>Sponsorisez des \u00e9v\u00e9nements.<\/li>\n<li>Assistez \u00e0 la convention nationale annuelle de l&#039;AWMAC.<\/li>\n<li>Participez aux concours de r\u00e9compenses de l&#039;AWMAC et du chapitre AWMAC.<\/li>\n<li>Avoir un forum pour exprimer des id\u00e9es, des diff\u00e9rends, des difficult\u00e9s, des visions, etc.<\/li>\n<\/ul>\n<\/li>\n<\/ul>\n<ul>\n<li>En plus de ce qui pr\u00e9c\u00e8de, les membres fabricants de l&#039;AWMAC ont acc\u00e8s au service de garantie et d&#039;inspection (GIS) de l&#039;AWMAC.<\/li>\n<\/ul>\n<p>Pour en savoir plus sur la fa\u00e7on de devenir membre et ses avantages, contactez votre section r\u00e9gionale de l&#039;AWMAC ou envoyez un e-mail \u00e0 <a href=\"mailto:info@awmac.com\">info@awmac.com<\/a>.<\/p>","protected":false},"excerpt":{"rendered":"<p>Avantages pour les membres Devenir membre de l&#039;AWMAC vous assure une conformit\u00e9 aux normes nationales. C&#039;est le meilleur moyen de b\u00e2tir la confiance\u2026.<\/p>","protected":false},"author":1,"featured_media":0,"parent":473,"menu_order":0,"comment_status":"closed","ping_status":"closed","template":"membership.php","meta":{"_acf_changed":false,"inline_featured_image":false,"_price":"","_stock":"","_tribe_ticket_header":"","_tribe_default_ticket_provider":"","_tribe_ticket_capacity":"0","_ticket_start_date":"","_ticket_end_date":"","_tribe_ticket_show_description":"","_tribe_ticket_show_not_going":false,"_tribe_ticket_use_global_stock":"","_tribe_ticket_global_stock_level":"","_global_stock_mode":"","_global_stock_cap":"","_tribe_rsvp_for_event":"","_tribe_ticket_going_count":"","_tribe_ticket_not_going_count":"","_tribe_tickets_list":"[]","_tribe_ticket_has_attendee_info_fields":false,"footnotes":"","_tec_slr_enabled":"","_tec_slr_layout":""},"class_list":["post-855","page","type-page","status-publish","hentry"],"acf":[],"ticketed":false,"_links":{"self":[{"href":"http:\/\/awmac.com\/fr\/wp-json\/wp\/v2\/pages\/855","targetHints":{"allow":["GET"]}}],"collection":[{"href":"http:\/\/awmac.com\/fr\/wp-json\/wp\/v2\/pages"}],"about":[{"href":"http:\/\/awmac.com\/fr\/wp-json\/wp\/v2\/types\/page"}],"author":[{"embeddable":true,"href":"http:\/\/awmac.com\/fr\/wp-json\/wp\/v2\/users\/1"}],"replies":[{"embeddable":true,"href":"http:\/\/awmac.com\/fr\/wp-json\/wp\/v2\/comments?post=855"}],"version-history":[{"count":7,"href":"http:\/\/awmac.com\/fr\/wp-json\/wp\/v2\/pages\/855\/revisions"}],"predecessor-version":[{"id":7355,"href":"http:\/\/awmac.com\/fr\/wp-json\/wp\/v2\/pages\/855\/revisions\/7355"}],"up":[{"embeddable":true,"href":"http:\/\/awmac.com\/fr\/wp-json\/wp\/v2\/pages\/473"}],"wp:attachment":[{"href":"http:\/\/awmac.com\/fr\/wp-json\/wp\/v2\/media?parent=855"}],"curies":[{"name":"wp","href":"https:\/\/api.w.org\/{rel}","templated":true}]}}