{"id":8306,"date":"2023-06-28T13:34:48","date_gmt":"2023-06-28T20:34:48","guid":{"rendered":"https:\/\/awmac.com\/?page_id=8306"},"modified":"2026-02-13T14:12:15","modified_gmt":"2026-02-13T21:12:15","slug":"convention","status":"publish","type":"page","link":"http:\/\/awmac.com\/fr\/convention\/","title":{"rendered":"Bienvenue et aper\u00e7u"},"content":{"rendered":"<h2 data-start=\"612\" data-end=\"647\">Convention nationale de l&#039;AWMAC 2026<\/h2>\n<h3 data-start=\"648\" data-end=\"713\">Construit pour diriger : fa\u00e7onner l&#039;avenir de la menuiserie architecturale<\/h3>\n<p data-start=\"714\" data-end=\"785\"><strong data-start=\"714\" data-end=\"758\">L\u00e0 o\u00f9 l&#039;avenir du travail du bois prend forme<\/strong><br data-start=\"758\" data-end=\"761\" \/><strong data-start=\"761\" data-end=\"785\">Pr\u00e9sent\u00e9 par INNERGY<\/strong><\/p>\n<p data-start=\"787\" data-end=\"1175\">Du 11 au 13 juin 2026, le c\u0153ur de l&#039;industrie canadienne de la menuiserie architecturale se r\u00e9unit \u00e0 Qu\u00e9bec pour trois jours d&#039;apprentissage, de rencontres et de leadership sectoriel. Le congr\u00e8s national de l&#039;AWMAC rassemble fabricants, fournisseurs et partenaires de partout au pays afin d&#039;\u00e9changer des id\u00e9es, de consolider leurs relations et d&#039;explorer les perspectives d&#039;avenir de notre industrie.<\/p>\n<p>Le programme du congr\u00e8s 2026 est maintenant complet et propose une exp\u00e9rience \u00e9quilibr\u00e9e alliant perfectionnement professionnel et r\u00e9seautage de qualit\u00e9. De l&#039;atelier \u00e0 la salle du conseil, AWMAC 2026 offre les connaissances, les perspectives et les \u00e9changes essentiels pour aborder sereinement un march\u00e9 en constante \u00e9volution.<\/p>\n<h3 data-start=\"1486\" data-end=\"1504\">\u00c0 quoi s&#039;attendre<\/h3>\n<p data-start=\"1506\" data-end=\"1679\"><strong data-start=\"1506\" data-end=\"1536\">Des discours qui suscitent des id\u00e9es<\/strong> \u2014 \u00c9coutez les chefs de file de l\u2019industrie et les experts du secteur aborder les d\u00e9fis et les opportunit\u00e9s auxquels sont confront\u00e9s le secteur manufacturier et la menuiserie architecturale canadiens.<\/p>\n<p data-start=\"1681\" data-end=\"1870\"><strong data-start=\"1681\" data-end=\"1725\">Des s\u00e9ances d&#039;apprentissage ayant un impact concret<\/strong> \u2014 Discussions pratiques ax\u00e9es sur la performance de l&#039;entreprise, l&#039;\u00e9volution de la main-d&#039;\u0153uvre, les attentes des clients et les technologies qui influencent notre fa\u00e7on de travailler.<\/p>\n<p data-start=\"1872\" data-end=\"2046\"><strong data-start=\"1872\" data-end=\"1896\">Le r\u00e9seautage red\u00e9fini<\/strong> \u2014 \u00c9tablir des relations durables gr\u00e2ce \u00e0 un programme con\u00e7u intentionnellement pour encourager la conversation et les \u00e9changes tout au long du congr\u00e8s.<\/p>\n<p data-start=\"2048\" data-end=\"2203\"><strong data-start=\"2048\" data-end=\"2080\">Exp\u00e9riences sociales embl\u00e9matiques<\/strong> \u2014 Des soir\u00e9es inspir\u00e9es par le caract\u00e8re et l&#039;atmosph\u00e8re de la ville de Qu\u00e9bec, alliant c\u00e9l\u00e9bration, hospitalit\u00e9 et liens avec l&#039;industrie.<\/p>\n<h3 data-start=\"2205\" data-end=\"2220\">Pourquoi participer?<\/h3>\n<p data-start=\"2222\" data-end=\"2555\">L\u2019avenir de notre industrie se construit gr\u00e2ce \u00e0 celles et ceux qui participent, partagent leurs id\u00e9es et tissent des liens. Que votre objectif soit de d\u00e9velopper votre entreprise, de renforcer votre \u00e9quipe ou de renouer avec vos pairs partout au Canada, le congr\u00e8s national de l\u2019AWMAC 2026 offre un environnement propice \u00e0 la collaboration et \u00e0 la concentration, con\u00e7u pour les chefs de file de l\u2019industrie.<\/p>\n<p data-start=\"2557\" data-end=\"2619\">Planifiez d\u00e8s maintenant pour <a href=\"https:\/\/awmac.com\/fr\/registration-2026\/\">Rejoignez-nous<\/a> \u00e0 Qu\u00e9bec, du 11 au 13 juin 2026.<\/p>","protected":false},"excerpt":{"rendered":"<p>Congr\u00e8s national AWMAC 2026\u00a0: B\u00e2tir pour diriger\u00a0: Fa\u00e7onner l\u2019avenir de la menuiserie architecturale L\u00e0 o\u00f9 l\u2019avenir de la menuiserie prend forme Pr\u00e9sent\u00e9\u2026<\/p>","protected":false},"author":208,"featured_media":0,"parent":0,"menu_order":0,"comment_status":"closed","ping_status":"closed","template":"convention.php","meta":{"_acf_changed":false,"inline_featured_image":false,"_price":"","_stock":"","_tribe_ticket_header":"","_tribe_default_ticket_provider":"TEC\\Tickets\\Commerce\\Module","_tribe_ticket_capacity":"0","_ticket_start_date":"","_ticket_end_date":"","_tribe_ticket_show_description":"","_tribe_ticket_show_not_going":false,"_tribe_ticket_use_global_stock":"","_tribe_ticket_global_stock_level":"","_global_stock_mode":"","_global_stock_cap":"","_tribe_rsvp_for_event":"","_tribe_ticket_going_count":"","_tribe_ticket_not_going_count":"","_tribe_tickets_list":"[]","_tribe_ticket_has_attendee_info_fields":false,"footnotes":"","_tec_slr_enabled":"","_tec_slr_layout":""},"class_list":["post-8306","page","type-page","status-publish","hentry"],"acf":[],"ticketed":false,"_links":{"self":[{"href":"http:\/\/awmac.com\/fr\/wp-json\/wp\/v2\/pages\/8306","targetHints":{"allow":["GET"]}}],"collection":[{"href":"http:\/\/awmac.com\/fr\/wp-json\/wp\/v2\/pages"}],"about":[{"href":"http:\/\/awmac.com\/fr\/wp-json\/wp\/v2\/types\/page"}],"author":[{"embeddable":true,"href":"http:\/\/awmac.com\/fr\/wp-json\/wp\/v2\/users\/208"}],"replies":[{"embeddable":true,"href":"http:\/\/awmac.com\/fr\/wp-json\/wp\/v2\/comments?post=8306"}],"version-history":[{"count":11,"href":"http:\/\/awmac.com\/fr\/wp-json\/wp\/v2\/pages\/8306\/revisions"}],"predecessor-version":[{"id":10743,"href":"http:\/\/awmac.com\/fr\/wp-json\/wp\/v2\/pages\/8306\/revisions\/10743"}],"wp:attachment":[{"href":"http:\/\/awmac.com\/fr\/wp-json\/wp\/v2\/media?parent=8306"}],"curies":[{"name":"wp","href":"https:\/\/api.w.org\/{rel}","templated":true}]}}